{"id":67,"date":"2018-04-04T08:38:28","date_gmt":"2018-04-04T11:38:28","guid":{"rendered":"https:\/\/www.ufsm.br\/orgaos-executivos\/demapa\/?page_id=67"},"modified":"2019-02-28T14:26:17","modified_gmt":"2019-02-28T17:26:17","slug":"direcao","status":"publish","type":"page","link":"https:\/\/www.ufsm.br\/orgaos-executivos\/demapa\/direcao","title":{"rendered":"Dire\u00e7\u00e3o"},"content":{"rendered":"<p>\u00c9 compet\u00eancia da Dire\u00e7\u00e3o do <strong>Departamento de Material e Patrim\u00f4nio<\/strong> (<strong>DEMAPA<\/strong>), analisar conferir e aprovar as Solicita\u00e7\u00f5es de Dispensa de Licita\u00e7\u00e3o e os casos que se enquadrem na Inexigibilidade de Licita\u00e7\u00e3o, com base na legisla\u00e7\u00e3o vigente. Tamb\u00e9m tem a fun\u00e7\u00e3o de auxiliar os setores do DEMAPA nas atividades administrativas pertinentes do Departamento.<br \/>\nA Dire\u00e7\u00e3o do DEMAPA \u00e9 respons\u00e1vel hierarquicamente pelo Setor de Importa\u00e7\u00e3o (SETIMP), Divis\u00e3o de Patrim\u00f4nio (DIPAT), Almoxarifado Central (ALMOX), Divis\u00e3o de Materiais, Editais e Contratos (DIMECI), Coordena\u00e7\u00e3o de Licita\u00e7\u00f5es, Central de Aquisi\u00e7\u00f5es e Setor Assistente.<br \/>\nA Dire\u00e7\u00e3o constitui-se do Setor Assistente para desempenhar as atividades relacionadas ao fluxo administrativo do Departamento.<\/p>\n","protected":false},"excerpt":{"rendered":"<p>\u00c9 compet\u00eancia da Dire\u00e7\u00e3o do Departamento de Material e Patrim\u00f4nio (DEMAPA), analisar conferir e aprovar as Solicita\u00e7\u00f5es de Dispensa de Licita\u00e7\u00e3o e os casos que se enquadrem na Inexigibilidade de Licita\u00e7\u00e3o, com base na legisla\u00e7\u00e3o vigente. Tamb\u00e9m tem a fun\u00e7\u00e3o de auxiliar os setores do DEMAPA nas atividades administrativas pertinentes do Departamento. A Dire\u00e7\u00e3o do [&hellip;]<\/p>\n","protected":false},"author":100,"featured_media":0,"parent":0,"menu_order":0,"comment_status":"closed","ping_status":"closed","template":"","meta":{"footnotes":""},"categories":[],"tags":[],"class_list":["post-67","page","type-page","status-publish","hentry"],"acf":[],"_links":{"self":[{"href":"https:\/\/www.ufsm.br\/orgaos-executivos\/demapa\/wp-json\/wp\/v2\/pages\/67","targetHints":{"allow":["GET"]}}],"collection":[{"href":"https:\/\/www.ufsm.br\/orgaos-executivos\/demapa\/wp-json\/wp\/v2\/pages"}],"about":[{"href":"https:\/\/www.ufsm.br\/orgaos-executivos\/demapa\/wp-json\/wp\/v2\/types\/page"}],"author":[{"embeddable":true,"href":"https:\/\/www.ufsm.br\/orgaos-executivos\/demapa\/wp-json\/wp\/v2\/users\/100"}],"replies":[{"embeddable":true,"href":"https:\/\/www.ufsm.br\/orgaos-executivos\/demapa\/wp-json\/wp\/v2\/comments?post=67"}],"version-history":[{"count":0,"href":"https:\/\/www.ufsm.br\/orgaos-executivos\/demapa\/wp-json\/wp\/v2\/pages\/67\/revisions"}],"wp:attachment":[{"href":"https:\/\/www.ufsm.br\/orgaos-executivos\/demapa\/wp-json\/wp\/v2\/media?parent=67"}],"wp:term":[{"taxonomy":"category","embeddable":true,"href":"https:\/\/www.ufsm.br\/orgaos-executivos\/demapa\/wp-json\/wp\/v2\/categories?post=67"},{"taxonomy":"post_tag","embeddable":true,"href":"https:\/\/www.ufsm.br\/orgaos-executivos\/demapa\/wp-json\/wp\/v2\/tags?post=67"}],"curies":[{"name":"wp","href":"https:\/\/api.w.org\/{rel}","templated":true}]}}