{"id":1060,"date":"2019-06-11T15:58:17","date_gmt":"2019-06-11T18:58:17","guid":{"rendered":"https:\/\/www.ufsm.br\/orgaos-suplementares\/biblioteca\/?page_id=1060"},"modified":"2022-10-20T14:34:21","modified_gmt":"2022-10-20T17:34:21","slug":"documentos-bscp","status":"publish","type":"page","link":"https:\/\/www.ufsm.br\/orgaos-suplementares\/biblioteca\/documentos-bscp","title":{"rendered":"Documentos BSCP"},"content":{"rendered":"\n<h3 class=\"wp-block-heading\">Acervo Geral<\/h3>\n\n\n\n<p>O acervo da Biblioteca Central est\u00e1 \u00e0 disposi\u00e7\u00e3o da comunidade em geral, com livre acesso \u00e0s estantes. Os dados bibliogr\u00e1ficos da cole\u00e7\u00e3o do Sistema de Bibliotecas da UFSM est\u00e3o inseridos na Base de dados SIE e dispon\u00edveis para consulta pela <a href=\"https:\/\/portal.ufsm.br\/biblioteca\/pesquisa\/index.html\">Internet<\/a>.<\/p>\n\n\n\n<h3 class=\"wp-block-heading\">Livros<\/h3>\n\n\n\n<p>Os livros est\u00e3o organizados nas\nestantes pelo n\u00famero de chamada. Este n\u00famero de chamada corresponde ao assunto\n(sendo utilizado atualmente o sistema de Classifica\u00e7\u00e3o Decimal Universal \u2013\nCDU), autoria e t\u00edtulo do material.<\/p>\n\n\n\n<h3 class=\"wp-block-heading\">Cole\u00e7\u00e3o geral<\/h3>\n\n\n\n<p>Os livros da cole\u00e7\u00e3o geral podem ser emprestados \u00e0 comunidade universit\u00e1ria.<\/p>\n\n\n\n<h3 class=\"wp-block-heading\">Obras de Refer\u00eancia<\/h3>\n\n\n\n<p>Dicion\u00e1rios, enciclop\u00e9dias, atlas, bibliografias, resumos, \u00edndices, etc. Est\u00e3o organizados nas estantes em ordem de n\u00famero de chamada. Possuem um \u201cR\u201d antes do n\u00famero de chamada e localizam-se fisicamente separados dos demais livros t\u00e9cnicos e cient\u00edficos.<\/p>\n\n\n\n<p>S\u00e3o emprestados para os professores\ntrabalharem em sala. Exce\u00e7\u00e3o para os dicion\u00e1rios de l\u00ednguas que podem ser\nemprestados durante o hor\u00e1rio de realiza\u00e7\u00e3o das provas de sufici\u00eancia em l\u00edngua\nestrangeira.<\/p>\n\n\n\n<h3 class=\"wp-block-heading\">Peri\u00f3dicos<\/h3>\n\n\n\n<p>Os peri\u00f3dicos est\u00e3o organizados nas estantes em ordem alfab\u00e9tica de t\u00edtulo. A organiza\u00e7\u00e3o de cada t\u00edtulo \u00e9 em ordem cronol\u00f3gica de publica\u00e7\u00e3o: ano, volume e fasc\u00edculo (n\u00famero). Os peri\u00f3dicos n\u00e3o s\u00e3o emprestados, possuem somente consulta local. <\/p>\n","protected":false},"excerpt":{"rendered":"<p>Acervo Geral O acervo da Biblioteca Central est\u00e1 \u00e0 disposi\u00e7\u00e3o da comunidade em geral, com livre acesso \u00e0s estantes. Os dados bibliogr\u00e1ficos da cole\u00e7\u00e3o do Sistema de Bibliotecas da UFSM est\u00e3o inseridos na Base de dados SIE e dispon\u00edveis para consulta pela Internet. Livros Os livros est\u00e3o organizados nas estantes pelo n\u00famero de chamada. Este [&hellip;]<\/p>\n","protected":false},"author":736,"featured_media":0,"parent":0,"menu_order":0,"comment_status":"closed","ping_status":"closed","template":"","meta":{"footnotes":""},"categories":[],"tags":[],"class_list":["post-1060","page","type-page","status-publish","hentry"],"acf":[],"_links":{"self":[{"href":"https:\/\/www.ufsm.br\/orgaos-suplementares\/biblioteca\/wp-json\/wp\/v2\/pages\/1060","targetHints":{"allow":["GET"]}}],"collection":[{"href":"https:\/\/www.ufsm.br\/orgaos-suplementares\/biblioteca\/wp-json\/wp\/v2\/pages"}],"about":[{"href":"https:\/\/www.ufsm.br\/orgaos-suplementares\/biblioteca\/wp-json\/wp\/v2\/types\/page"}],"author":[{"embeddable":true,"href":"https:\/\/www.ufsm.br\/orgaos-suplementares\/biblioteca\/wp-json\/wp\/v2\/users\/736"}],"replies":[{"embeddable":true,"href":"https:\/\/www.ufsm.br\/orgaos-suplementares\/biblioteca\/wp-json\/wp\/v2\/comments?post=1060"}],"version-history":[{"count":0,"href":"https:\/\/www.ufsm.br\/orgaos-suplementares\/biblioteca\/wp-json\/wp\/v2\/pages\/1060\/revisions"}],"wp:attachment":[{"href":"https:\/\/www.ufsm.br\/orgaos-suplementares\/biblioteca\/wp-json\/wp\/v2\/media?parent=1060"}],"wp:term":[{"taxonomy":"category","embeddable":true,"href":"https:\/\/www.ufsm.br\/orgaos-suplementares\/biblioteca\/wp-json\/wp\/v2\/categories?post=1060"},{"taxonomy":"post_tag","embeddable":true,"href":"https:\/\/www.ufsm.br\/orgaos-suplementares\/biblioteca\/wp-json\/wp\/v2\/tags?post=1060"}],"curies":[{"name":"wp","href":"https:\/\/api.w.org\/{rel}","templated":true}]}}