{"id":1575,"date":"2020-05-12T14:38:22","date_gmt":"2020-05-12T17:38:22","guid":{"rendered":"https:\/\/www.ufsm.br\/orgaos-suplementares\/biblioteca\/?page_id=1575"},"modified":"2024-10-09T13:02:45","modified_gmt":"2024-10-09T16:02:45","slug":"gerencia-da-biblioteca-central","status":"publish","type":"page","link":"https:\/\/www.ufsm.br\/orgaos-suplementares\/biblioteca\/biblioteca-central\/gerencia-da-biblioteca-central","title":{"rendered":"Ger\u00eancia"},"content":{"rendered":"\n<p>Administra\u00e7\u00e3o da Biblioteca Central e coordena\u00e7\u00e3o do Sistema de Bibliotecas da UFSM.<\/p>\n\n\n\n<p>Gerente: Paula Schoenfeldt Patta (Bibliotec\u00e1ria)<\/p>\n\n\n\n<p><strong>Apoio Administrativo da Ger\u00eancia<\/strong><\/p>\n\n\n\n<p>Realiza atividades de apoio administrativo, encaminhamentos de quest\u00f5es de infraestrutura e funcionamento do pr\u00e9dio (solicita\u00e7\u00f5es, fiscaliza\u00e7\u00e3o de servi\u00e7os, instala\u00e7\u00f5es e manuten\u00e7\u00f5es),  controle de patrimonial,  controle de estoque e pedido de materiais, fiscaliza\u00e7\u00e3o de servi\u00e7os terceirizados, fiscaliza\u00e7\u00e3o predial quanto \u00e0 seguran\u00e7a predial e das pessoas, acompanhando e promovendo solicita\u00e7\u00f5es aos \u00f3rg\u00e3os da UFSM, quanto aos itens de seguran\u00e7a e prote\u00e7\u00e3o e preven\u00e7\u00e3o \u00e0 inc\u00eandios. <\/p>\n\n\n\n<p>Atendimento geral \u00e0 comunidade na modalidade presencial e por meio remoto atrav\u00e9s de telefone, e-mail e whatsappBC. <\/p>\n\n\n\n<p>Equipe:<\/p>\n\n\n\n<p>Diego Dariva Eltz (Assistente em Administra\u00e7\u00e3o)<\/p>\n\n\n\n<p>Diogo Ferreira de Souza (Assistente em Administra\u00e7\u00e3o)<\/p>\n\n\n\n<p><\/p>\n\n\n\n<p>Hor\u00e1rios de Atendimento: de segunda \u00e0 Sexta das 8:30 \u00e0s 17h (com intervalo de almo\u00e7o).<\/p>\n\n\n\n<p>WhatsAppBC: (55) 99142-3362 Segunda \u00e0 Sexta das 8h \u00e0s 17h.<br>Telefone: (55) 3220-8651<br>E-mail: atendimento.sib@ufsm.br<\/p>\n\n\n","protected":false},"excerpt":{"rendered":"<p>Administra\u00e7\u00e3o da Biblioteca Central e coordena\u00e7\u00e3o do Sistema de Bibliotecas da UFSM. Gerente: Paula Schoenfeldt Patta (Bibliotec\u00e1ria) Apoio Administrativo da Ger\u00eancia Realiza atividades de apoio administrativo, encaminhamentos de quest\u00f5es de infraestrutura e funcionamento do pr\u00e9dio (solicita\u00e7\u00f5es, fiscaliza\u00e7\u00e3o de servi\u00e7os, instala\u00e7\u00f5es e manuten\u00e7\u00f5es), controle de patrimonial, controle de estoque e pedido de materiais, fiscaliza\u00e7\u00e3o de servi\u00e7os [&hellip;]<\/p>\n","protected":false},"author":1334,"featured_media":0,"parent":186,"menu_order":0,"comment_status":"closed","ping_status":"closed","template":"","meta":{"footnotes":""},"categories":[],"tags":[],"class_list":["post-1575","page","type-page","status-publish","hentry"],"acf":[],"_links":{"self":[{"href":"https:\/\/www.ufsm.br\/orgaos-suplementares\/biblioteca\/wp-json\/wp\/v2\/pages\/1575","targetHints":{"allow":["GET"]}}],"collection":[{"href":"https:\/\/www.ufsm.br\/orgaos-suplementares\/biblioteca\/wp-json\/wp\/v2\/pages"}],"about":[{"href":"https:\/\/www.ufsm.br\/orgaos-suplementares\/biblioteca\/wp-json\/wp\/v2\/types\/page"}],"author":[{"embeddable":true,"href":"https:\/\/www.ufsm.br\/orgaos-suplementares\/biblioteca\/wp-json\/wp\/v2\/users\/1334"}],"replies":[{"embeddable":true,"href":"https:\/\/www.ufsm.br\/orgaos-suplementares\/biblioteca\/wp-json\/wp\/v2\/comments?post=1575"}],"version-history":[{"count":0,"href":"https:\/\/www.ufsm.br\/orgaos-suplementares\/biblioteca\/wp-json\/wp\/v2\/pages\/1575\/revisions"}],"up":[{"embeddable":true,"href":"https:\/\/www.ufsm.br\/orgaos-suplementares\/biblioteca\/wp-json\/wp\/v2\/pages\/186"}],"wp:attachment":[{"href":"https:\/\/www.ufsm.br\/orgaos-suplementares\/biblioteca\/wp-json\/wp\/v2\/media?parent=1575"}],"wp:term":[{"taxonomy":"category","embeddable":true,"href":"https:\/\/www.ufsm.br\/orgaos-suplementares\/biblioteca\/wp-json\/wp\/v2\/categories?post=1575"},{"taxonomy":"post_tag","embeddable":true,"href":"https:\/\/www.ufsm.br\/orgaos-suplementares\/biblioteca\/wp-json\/wp\/v2\/tags?post=1575"}],"curies":[{"name":"wp","href":"https:\/\/api.w.org\/{rel}","templated":true}]}}