{"id":1800,"date":"2021-03-30T20:26:14","date_gmt":"2021-03-30T23:26:14","guid":{"rendered":"https:\/\/www.ufsm.br\/orgaos-suplementares\/biblioteca\/?page_id=1800"},"modified":"2021-04-05T00:28:41","modified_gmt":"2021-04-05T03:28:41","slug":"estrutura-fisica-bsccsh","status":"publish","type":"page","link":"https:\/\/www.ufsm.br\/orgaos-suplementares\/biblioteca\/bsccsh\/estrutura-fisica-bsccsh","title":{"rendered":"Estrutura f\u00edsica BSCCSH"},"content":{"rendered":"\t\t<div data-elementor-type=\"wp-page\" data-elementor-id=\"1800\" class=\"elementor elementor-1800\">\n\t\t\t\t\t\t<section class=\"elementor-section elementor-top-section elementor-element elementor-element-452d1fd elementor-section-boxed elementor-section-height-default elementor-section-height-default\" data-id=\"452d1fd\" data-element_type=\"section\">\n\t\t\t\t\t\t<div class=\"elementor-container elementor-column-gap-default\">\n\t\t\t\t\t<div class=\"elementor-column elementor-col-100 elementor-top-column elementor-element elementor-element-38b7d85\" data-id=\"38b7d85\" data-element_type=\"column\">\n\t\t\t<div class=\"elementor-widget-wrap elementor-element-populated\">\n\t\t\t\t\t\t<div class=\"elementor-element elementor-element-bcf2f58 elementor-widget elementor-widget-text-editor\" data-id=\"bcf2f58\" data-element_type=\"widget\" data-widget_type=\"text-editor.default\">\n\t\t\t\t<div class=\"elementor-widget-container\">\n\t\t\t\t\t\t\t<p>O pr\u00e9dio da Biblioteca setorial do CCSH possui 1.507,16 m\u00b2, distribu\u00eddos da seguinte forma:<br><b>Andar t\u00e9rreo:<\/b> Neste pavimento est\u00e3o o setor de movimenta\u00e7\u00e3o de materiais e presta\u00e7\u00e3o de demais servi\u00e7os, 3 \u00e1reas de estudos, 04 computadores de pesquisa livre e pesquisa ao acervo, \u00e1rea do acervo, espa\u00e7o Pegue&amp;Leve (espa\u00e7o de livre troca e doa\u00e7\u00e3o de livros), expositor para novos livros e peri\u00f3dicos, arm\u00e1rios de uso individual, banheiros (feminino e masculino) e bebedouro acess\u00edveis. A maior parte do acervo est\u00e1 localizado neste pavimento <strong>(\u00e1reas 0 a 658).<\/strong><br><b>Andar 2<\/b>: 01 Sal\u00e3o de estudos; 06 salas de estudos em grupo; 01 expositor de arte; 01 \u00e1rea de estudos individuais; 06 computadores de pesquisa livre e pesquisa ao acervo, \u00e1rea de acervo<strong> (659 a 9).<\/strong> <br><b>Andar 3<\/b>: \u00c1rea n\u00e3o aberta ao p\u00fablico. <br><b>Pavimento Subsolo:<\/b> \u00c1rea voltada ao processamento t\u00e9cnico e atendimento ao p\u00fablico, \u00e1rea de conv\u00edvio da equipe e dire\u00e7\u00e3o. <br>A biblioteca possui climatiza\u00e7\u00e3o em todos os espa\u00e7os.<\/p><p>1 \u00c1rea de atendimento&nbsp;<br>1 \u00c1rea de doa\u00e7\u00e3o e troca de materiais bibliogr\u00e1ficos: Pegue&amp;Leve<br>1 Sala de dire\u00e7\u00e3o<br>1 Sala processos t\u00e9cnicos e atendimento ao p\u00fablico<br>1 Salas anexo (utilizada como dep\u00f3sito e onde se localiza a caixa d\u2019\u00e1gua)<br>1 Sala anexo (utilizada para atividades do Arquivo Geral do CCSH)<br>3 \u00c1reas de estudos no pavimento t\u00e9rreo<br>1 Sal\u00e3o de estudos no pavimento 2<br>1 \u00c1rea de estudos individuais e acesso a computadores<br>06 Cabines de estudos individuais distribu\u00eddos no pavimentos 2. (com capacidade de at\u00e9 seis pessoas cada)<br>05 Cabines de estudo individual distribu\u00eddos no pavimento 3. (n\u00e3o aberto ao p\u00fablico)<br>5 \u00c1reas de distribui\u00e7\u00e3o do acervo<br>1 Cozinha e espa\u00e7o de conv\u00edvio da equipe<\/p>\t\t\t\t\t\t<\/div>\n\t\t\t\t<\/div>\n\t\t\t\t\t<\/div>\n\t\t<\/div>\n\t\t\t\t\t<\/div>\n\t\t<\/section>\n\t\t\t\t<\/div>\n\t\t","protected":false},"excerpt":{"rendered":"<p>O pr\u00e9dio da Biblioteca setorial do CCSH possui 1.507,16 m\u00b2, distribu\u00eddos da seguinte forma:Andar t\u00e9rreo: Neste pavimento est\u00e3o o setor de movimenta\u00e7\u00e3o de materiais e presta\u00e7\u00e3o de demais servi\u00e7os, 3 \u00e1reas de estudos, 04 computadores de pesquisa livre e pesquisa ao acervo, \u00e1rea do acervo, espa\u00e7o Pegue&amp;Leve (espa\u00e7o de livre troca e doa\u00e7\u00e3o de livros), [&hellip;]<\/p>\n","protected":false},"author":87,"featured_media":0,"parent":79,"menu_order":0,"comment_status":"closed","ping_status":"closed","template":"","meta":{"footnotes":""},"categories":[46],"tags":[],"class_list":["post-1800","page","type-page","status-publish","hentry","category-bsccsh"],"acf":[],"_links":{"self":[{"href":"https:\/\/www.ufsm.br\/orgaos-suplementares\/biblioteca\/wp-json\/wp\/v2\/pages\/1800","targetHints":{"allow":["GET"]}}],"collection":[{"href":"https:\/\/www.ufsm.br\/orgaos-suplementares\/biblioteca\/wp-json\/wp\/v2\/pages"}],"about":[{"href":"https:\/\/www.ufsm.br\/orgaos-suplementares\/biblioteca\/wp-json\/wp\/v2\/types\/page"}],"author":[{"embeddable":true,"href":"https:\/\/www.ufsm.br\/orgaos-suplementares\/biblioteca\/wp-json\/wp\/v2\/users\/87"}],"replies":[{"embeddable":true,"href":"https:\/\/www.ufsm.br\/orgaos-suplementares\/biblioteca\/wp-json\/wp\/v2\/comments?post=1800"}],"version-history":[{"count":0,"href":"https:\/\/www.ufsm.br\/orgaos-suplementares\/biblioteca\/wp-json\/wp\/v2\/pages\/1800\/revisions"}],"up":[{"embeddable":true,"href":"https:\/\/www.ufsm.br\/orgaos-suplementares\/biblioteca\/wp-json\/wp\/v2\/pages\/79"}],"wp:attachment":[{"href":"https:\/\/www.ufsm.br\/orgaos-suplementares\/biblioteca\/wp-json\/wp\/v2\/media?parent=1800"}],"wp:term":[{"taxonomy":"category","embeddable":true,"href":"https:\/\/www.ufsm.br\/orgaos-suplementares\/biblioteca\/wp-json\/wp\/v2\/categories?post=1800"},{"taxonomy":"post_tag","embeddable":true,"href":"https:\/\/www.ufsm.br\/orgaos-suplementares\/biblioteca\/wp-json\/wp\/v2\/tags?post=1800"}],"curies":[{"name":"wp","href":"https:\/\/api.w.org\/{rel}","templated":true}]}}