{"id":1801,"date":"2021-03-30T20:41:56","date_gmt":"2021-03-30T23:41:56","guid":{"rendered":"https:\/\/www.ufsm.br\/orgaos-suplementares\/biblioteca\/?page_id=1801"},"modified":"2021-04-07T17:14:38","modified_gmt":"2021-04-07T20:14:38","slug":"condicoes-de-acessibilidade-bsccsh","status":"publish","type":"page","link":"https:\/\/www.ufsm.br\/orgaos-suplementares\/biblioteca\/bsccsh\/condicoes-de-acessibilidade-bsccsh","title":{"rendered":"Condi\u00e7\u00f5es de Acessibilidade BSCCSH"},"content":{"rendered":"\t\t<div data-elementor-type=\"wp-page\" data-elementor-id=\"1801\" class=\"elementor elementor-1801\">\n\t\t\t\t\t\t<section class=\"elementor-section elementor-top-section elementor-element elementor-element-8df99be elementor-section-boxed elementor-section-height-default elementor-section-height-default\" data-id=\"8df99be\" data-element_type=\"section\">\n\t\t\t\t\t\t<div class=\"elementor-container elementor-column-gap-default\">\n\t\t\t\t\t<div class=\"elementor-column elementor-col-100 elementor-top-column elementor-element elementor-element-10f700a\" data-id=\"10f700a\" data-element_type=\"column\">\n\t\t\t<div class=\"elementor-widget-wrap elementor-element-populated\">\n\t\t\t\t\t\t<div class=\"elementor-element elementor-element-d61d6a9 elementor-widget elementor-widget-text-editor\" data-id=\"d61d6a9\" data-element_type=\"widget\" data-widget_type=\"text-editor.default\">\n\t\t\t\t<div class=\"elementor-widget-container\">\n\t\t\t\t\t\t\t<p><strong>Edifica\u00e7\u00e3o e espa\u00e7os da Biblioteca<\/strong><br>O pr\u00e9dio da biblioteca do CCSH oferece condi\u00e7\u00f5es de acesso para utiliza\u00e7\u00e3o com seguran\u00e7a e autonomia para pessoas com defici\u00eancia ou com mobilidade reduzida. A biblioteca possui espa\u00e7os, mobili\u00e1rios, equipamentos e comunica\u00e7\u00e3o dentre outros, ampla rampa de acesso com leve inclina\u00e7\u00e3o, elevador que d\u00e1 acesso a todos os pavimentos da biblioteca, banheiros feminino e masculino e lavat\u00f3rios e bebedouro acess\u00edveis. <br>No espa\u00e7o reservado \u00e0 guarda do acervo foram aplicados o espa\u00e7o de largura livre, nos corredores entre estantes de livros, de no m\u00ednimo 0,90 m. permitindo a circula\u00e7\u00e3o e manobra de cadeira de rodas. O terminal de atendimento possui altura rebaixada, assim como o terminal de consulta ao acervo que \u00e9 adaptado com tecnologias acess\u00edveis.<br>As quest\u00f5es de acessibilidade s\u00e3o avaliadas e atualizadas conforme as necessidades e demandas emergentes, a serem, inicialmente percebidas pelas estat\u00edsticas de ingresso de acad\u00eamicos com defici\u00eancia na UFSM, para que as a\u00e7\u00f5es sejam direcionadas ao apoio e a perman\u00eancia dos mesmos. <br>Importante salientar que a equipe de trabalho \u00e9 estimulada a formalizar a capacita\u00e7\u00e3o nos cursos de LIBRAS oferecidos pela UFSM e em demais tem\u00e1ticas que visem manter o ambiente da biblioteca mais acolhedor e acess\u00edvel.<\/p>\n<p><strong>Quanto ao acesso a t\u00edtulos virtuais (E-books)<\/strong><br>Nos casos dos t\u00edtulos virtuais acessados atrav\u00e9s de bases assinadas e que oferecem ferramentas de acessibilidade e de solu\u00e7\u00f5es de apoio \u00e0 leitura, estudo e aprendizagem, seguem algumas delas: Minha Biblioteca: a plataforma \u00e9 naveg\u00e1vel com software leitor de tela e conta com leitura em voz alta em v\u00e1rios idiomas atrav\u00e9s da ferramenta interna Labs. E-Volution : acesso simult\u00e2neo e ilimitado, a plataforma segue as diretrizes internacionais de acessibilidade para conte\u00fado da Web WCAG 2.0 (Web Content Accessibility Guidelines) e pode ser navegada por comandos de voz, atrav\u00e9s da utiliza\u00e7\u00e3o de teclas de atalho, com personaliza\u00e7\u00e3o de fonte, margem, contraste\/fundo, e \u00e9 compat\u00edvel com softwares de leitura como Jaws, Dos Vox e NVDL e o plug-in Chrome Vox. EBSCOhost: acesso atrav\u00e9s do Portal da biblioteca ou Servi\u00e7o de Descoberta, t\u00edtulos adquiridos por compra perp\u00e9tua (podem ser indicados em bibliografias de curso).O acesso simult\u00e2neo varia de acordo com o t\u00edtulo (1, 2, 3 usu\u00e1rios simult\u00e2neos ou acessos simult\u00e2neos ilimitados).<\/p>\n<p><span style=\"font-weight: bolder;color: #000000;font-size: 16px\">Links Relacionados<\/span><\/p>\n<ul style=\"margin-right: 0px;margin-bottom: 0px;margin-left: 0px;padding: 0px;border: 0px;font-size: 16px;line-height: inherit;font-family: 'Open Sans', sans-serif;vertical-align: baseline;column-gap: 20px;color: #333333\">\n<li style=\"margin: 0px 0px 5px;padding: 0px;border: 0px;font-style: inherit;font-variant: inherit;font-weight: inherit;line-height: inherit;font-family: inherit;vertical-align: baseline\"><a style=\"margin: 0px;padding: 0px;border: 0px;font-style: inherit;font-variant: inherit;font-weight: inherit;line-height: inherit;font-family: inherit;vertical-align: baseline;color: #333333\" href=\"http:\/\/www.acessobrasil.org.br\/\" target=\"_blank\" rel=\"noopener\">Acessibilidade Brasil<\/a><\/li>\n<li style=\"margin: 0px 0px 5px;padding: 0px;border: 0px;font-style: inherit;font-variant: inherit;font-weight: inherit;line-height: inherit;font-family: inherit;vertical-align: baseline\"><a style=\"margin: 0px;padding: 0px;border: 0px;font-style: inherit;font-variant: inherit;font-weight: inherit;line-height: inherit;font-family: inherit;vertical-align: baseline;color: #333333\" href=\"http:\/\/www.portaldeacessibilidade.rs.gov.br\/uploads\/1309442549Cartilha_Dicas_de_Convivencia_PCD_Faders_e_AL_RS.pdf\" target=\"_blank\" rel=\"noopener\">Dicas de conviv\u00eancia com pessoas com defici\u00eancia<\/a><\/li>\n<li style=\"margin: 0px 0px 5px;padding: 0px;border: 0px;font-style: inherit;font-variant: inherit;font-weight: inherit;line-height: inherit;font-family: inherit;vertical-align: baseline\"><a style=\"margin: 0px;padding: 0px;border: 0px;font-style: inherit;font-variant: inherit;font-weight: inherit;line-height: inherit;font-family: inherit;vertical-align: baseline;color: #333333\" href=\"http:\/\/www.acessobrasil.org.br\/libras\/\" target=\"_blank\" rel=\"noopener\">Dicion\u00e1rio da L\u00edngua Brasileira de Sinais<\/a><\/li>\n<li style=\"margin: 0px 0px 5px;padding: 0px;border: 0px;font-style: inherit;font-variant: inherit;font-weight: inherit;line-height: inherit;font-family: inherit;vertical-align: baseline\"><a style=\"margin: 0px;padding: 0px;border: 0px;font-style: inherit;font-variant: inherit;font-weight: inherit;line-height: inherit;font-family: inherit;vertical-align: baseline;color: #333333\" href=\"http:\/\/www.faders.rs.gov.br\/uploads\/Dicionario_Libras_CAS_FADERS1.pdf\" target=\"_blank\" rel=\"noopener\">Dicion\u00e1rio Ga\u00facho de Libras<\/a><\/li>\n<\/ul>\t\t\t\t\t\t<\/div>\n\t\t\t\t<\/div>\n\t\t\t\t\t<\/div>\n\t\t<\/div>\n\t\t\t\t\t<\/div>\n\t\t<\/section>\n\t\t\t\t<\/div>\n\t\t","protected":false},"excerpt":{"rendered":"<p>Edifica\u00e7\u00e3o e espa\u00e7os da BibliotecaO pr\u00e9dio da biblioteca do CCSH oferece condi\u00e7\u00f5es de acesso para utiliza\u00e7\u00e3o com seguran\u00e7a e autonomia para pessoas com defici\u00eancia ou com mobilidade reduzida. A biblioteca possui espa\u00e7os, mobili\u00e1rios, equipamentos e comunica\u00e7\u00e3o dentre outros, ampla rampa de acesso com leve inclina\u00e7\u00e3o, elevador que d\u00e1 acesso a todos os pavimentos da biblioteca, [&hellip;]<\/p>\n","protected":false},"author":87,"featured_media":0,"parent":79,"menu_order":0,"comment_status":"closed","ping_status":"closed","template":"","meta":{"footnotes":""},"categories":[46],"tags":[],"class_list":["post-1801","page","type-page","status-publish","hentry","category-bsccsh"],"acf":[],"_links":{"self":[{"href":"https:\/\/www.ufsm.br\/orgaos-suplementares\/biblioteca\/wp-json\/wp\/v2\/pages\/1801","targetHints":{"allow":["GET"]}}],"collection":[{"href":"https:\/\/www.ufsm.br\/orgaos-suplementares\/biblioteca\/wp-json\/wp\/v2\/pages"}],"about":[{"href":"https:\/\/www.ufsm.br\/orgaos-suplementares\/biblioteca\/wp-json\/wp\/v2\/types\/page"}],"author":[{"embeddable":true,"href":"https:\/\/www.ufsm.br\/orgaos-suplementares\/biblioteca\/wp-json\/wp\/v2\/users\/87"}],"replies":[{"embeddable":true,"href":"https:\/\/www.ufsm.br\/orgaos-suplementares\/biblioteca\/wp-json\/wp\/v2\/comments?post=1801"}],"version-history":[{"count":0,"href":"https:\/\/www.ufsm.br\/orgaos-suplementares\/biblioteca\/wp-json\/wp\/v2\/pages\/1801\/revisions"}],"up":[{"embeddable":true,"href":"https:\/\/www.ufsm.br\/orgaos-suplementares\/biblioteca\/wp-json\/wp\/v2\/pages\/79"}],"wp:attachment":[{"href":"https:\/\/www.ufsm.br\/orgaos-suplementares\/biblioteca\/wp-json\/wp\/v2\/media?parent=1801"}],"wp:term":[{"taxonomy":"category","embeddable":true,"href":"https:\/\/www.ufsm.br\/orgaos-suplementares\/biblioteca\/wp-json\/wp\/v2\/categories?post=1801"},{"taxonomy":"post_tag","embeddable":true,"href":"https:\/\/www.ufsm.br\/orgaos-suplementares\/biblioteca\/wp-json\/wp\/v2\/tags?post=1801"}],"curies":[{"name":"wp","href":"https:\/\/api.w.org\/{rel}","templated":true}]}}