{"id":188,"date":"2018-12-11T08:44:43","date_gmt":"2018-12-11T10:44:43","guid":{"rendered":"https:\/\/www.ufsm.br\/orgaos-suplementares\/biblioteca\/?page_id=188"},"modified":"2026-01-16T08:54:10","modified_gmt":"2026-01-16T11:54:10","slug":"equipe-bc","status":"publish","type":"page","link":"https:\/\/www.ufsm.br\/orgaos-suplementares\/biblioteca\/equipe-bc","title":{"rendered":"Equipe BC"},"content":{"rendered":"<h2>Ger\u00eancia<\/h2>\n<table style=\"border-collapse: collapse;width: 100%;height: 115px\">\n<tbody>\n<tr style=\"height: 23px\">\n<td style=\"width: 50%;text-align: center;height: 23px\"><strong>Nome<\/strong><\/td>\n<td style=\"width: 50%;text-align: center;height: 23px\"><strong>Cargo<\/strong><\/td>\n<\/tr>\n<tr style=\"height: 23px\">\n<td style=\"width: 50%;text-align: center;height: 23px\">Lizandra Veleda Arabidian<\/td>\n<td style=\"width: 50%;text-align: center;height: 23px\">Gerente \/ Bibliotec\u00e1ria-Documentalista<\/td>\n<\/tr>\n<tr style=\"height: 23px\">\n<td style=\"width: 50%;text-align: center;height: 23px\">Diego Dariva Eltz<\/td>\n<td style=\"width: 50%;text-align: center;height: 23px\">Assistente em Administra\u00e7\u00e3o<\/td>\n<\/tr>\n<tr>\n<td style=\"width: 50%;text-align: center\">Diogo Ferreira de Souza<\/td>\n<td style=\"width: 50%;text-align: center\">Assistente em Administra\u00e7\u00e3o<\/td>\n<\/tr>\n<tr style=\"height: 24px\">\n<td style=\"width: 50%;height: 24px;text-align: center\"><\/td>\n<td style=\"width: 50%;height: 24px;text-align: center\"><\/td>\n<\/tr>\n<\/tbody>\n<\/table>\n<h2>N\u00facleo de Aquisi\u00e7\u00e3o<\/h2>\n<table style=\"border-collapse: collapse;width: 100%;height: 168px\">\n<tbody>\n<tr style=\"height: 24px\">\n<td style=\"width: 50%;text-align: center;height: 24px\"><strong>Nome<\/strong><\/td>\n<td style=\"width: 50%;text-align: center;height: 24px\"><strong>Cargo<\/strong><\/td>\n<\/tr>\n<tr style=\"height: 24px\">\n<td style=\"width: 50%;height: 24px;text-align: center\">Carlos Alberto Deconto<\/td>\n<td style=\"width: 50%;height: 24px;text-align: center\">Assistente em Administra\u00e7\u00e3o<\/td>\n<\/tr>\n<tr style=\"height: 24px\">\n<td style=\"width: 50%;height: 24px;text-align: center\">Denise Elena Fagan Zanon<\/td>\n<td style=\"width: 50%;height: 24px;text-align: center\">Recepcionista<\/td>\n<\/tr>\n<tr style=\"height: 24px\">\n<td style=\"width: 50%;height: 24px;text-align: center\">Fernando Paganella Pires<\/td>\n<td style=\"width: 50%;height: 24px;text-align: center\">Bibliotec\u00e1rio-Documentalista<\/td>\n<\/tr>\n<tr style=\"height: 24px\">\n<td style=\"width: 50%;height: 24px;text-align: center\">Flaiane de Souza Serpa<\/td>\n<td style=\"width: 50%;height: 24px;text-align: center\">Bibliotec\u00e1ria-Documentalista<\/td>\n<\/tr>\n<tr style=\"height: 24px\">\n<td style=\"width: 50%;height: 24px;text-align: center\">Marco Antonio Zanini<\/td>\n<td style=\"width: 50%;height: 24px;text-align: center\">Assistente em Administra\u00e7\u00e3o<\/td>\n<\/tr>\n<\/tbody>\n<\/table>\n<h2>Subdivis\u00e3o de Processos T\u00e9cnicos<\/h2>\n<table style=\"border-collapse: collapse;width: 100%;height: 216px\">\n<tbody>\n<tr style=\"height: 24px\">\n<td style=\"width: 50%;height: 24px;text-align: center\"><strong>Nome\u00a0<\/strong><\/td>\n<td style=\"width: 50%;height: 24px;text-align: center\"><strong>Cargo<\/strong><\/td>\n<\/tr>\n<tr style=\"height: 24px\">\n<td style=\"width: 50%;height: 24px;text-align: center\">Alenir In\u00e1cio Goularte<\/td>\n<td style=\"width: 50%;height: 24px;text-align: center\">Bibliotec\u00e1ria-Documentalista<\/td>\n<\/tr>\n<tr style=\"height: 24px\">\n<td style=\"width: 50%;height: 24px;text-align: center\">Cl\u00e1udia Terezinha Branco Gallotti<\/td>\n<td style=\"width: 50%;height: 24px;text-align: center\">Bibliotec\u00e1ria-Documentalista<\/td>\n<\/tr>\n<tr style=\"height: 24px\">\n<td style=\"width: 50%;height: 24px;text-align: center\">Fernanda da Silva Santos<\/td>\n<td style=\"width: 50%;height: 24px;text-align: center\">Bibliotec\u00e1ria-Documentalista<\/td>\n<\/tr>\n<tr style=\"height: 24px\">\n<td style=\"width: 50%;height: 24px;text-align: center\">Mari Angela Forgiarini<\/td>\n<td style=\"width: 50%;height: 24px;text-align: center\">Assistente em Administra\u00e7\u00e3o<\/td>\n<\/tr>\n<tr style=\"height: 24px\">\n<td style=\"width: 50%;height: 24px;text-align: center\">Maria Helena de Gouveia<\/td>\n<td style=\"width: 50%;height: 24px;text-align: center\">Bibliotec\u00e1ria-Documentalista<\/td>\n<\/tr>\n<tr style=\"height: 24px\">\n<td style=\"width: 50%;height: 24px;text-align: center\">Paula Schoenfeldt Patta<\/td>\n<td style=\"width: 50%;height: 24px;text-align: center\">Bibliotec\u00e1ria-Documentalista<\/td>\n<\/tr>\n<tr style=\"height: 24px\">\n<td style=\"width: 50%;height: 24px;text-align: center\"><\/td>\n<td style=\"width: 50%;height: 24px;text-align: center\"><\/td>\n<\/tr>\n<\/tbody>\n<\/table>\n<h2>Setor de Refer\u00eancia<\/h2>\n<table style=\"border-collapse: collapse;width: 100%;height: 304px\">\n<tbody>\n<tr style=\"height: 24px\">\n<td style=\"width: 50%;height: 24px;text-align: center\"><strong>Nome<\/strong><\/td>\n<td style=\"width: 50%;height: 24px;text-align: center\"><strong>Cargo<\/strong><\/td>\n<\/tr>\n<tr style=\"height: 24px\">\n<td style=\"width: 50%;height: 24px;text-align: center\">Caroline Schutz<\/td>\n<td style=\"width: 50%;height: 24px;text-align: center\">Assistente em Administra\u00e7\u00e3o<\/td>\n<\/tr>\n<tr style=\"height: 24px\">\n<td style=\"width: 50%;height: 24px;text-align: center\">Deisir\u00e9 Amaral Lobo<\/td>\n<td style=\"width: 50%;height: 24px;text-align: center\">Bibliotec\u00e1ria-Documentalista<\/td>\n<\/tr>\n<tr style=\"height: 23px\">\n<td style=\"width: 50%;text-align: center;height: 23px\">Felipe Daniel Bess<\/td>\n<td style=\"width: 50%;text-align: center;height: 23px\">Assistente em Administra\u00e7\u00e3o<\/td>\n<\/tr>\n<tr style=\"height: 23px\">\n<td style=\"width: 50%;text-align: center;height: 23px\">Gustavo Balin de Abreu<\/td>\n<td style=\"width: 50%;text-align: center;height: 23px\">Assistente em Administra\u00e7\u00e3o<\/td>\n<\/tr>\n<tr style=\"height: 23px\">\n<td style=\"width: 50%;text-align: center;height: 23px\">Joshias Hannyel Freitas Garcia<\/td>\n<td style=\"width: 50%;text-align: center;height: 23px\">Assistente em Administra\u00e7\u00e3o<\/td>\n<\/tr>\n<tr style=\"height: 24px\">\n<td style=\"width: 50%;height: 24px;text-align: center\">Luciano Rapetti<\/td>\n<td style=\"width: 50%;height: 24px;text-align: center\">Bibliotec\u00e1rio-Documentalista<\/td>\n<\/tr>\n<tr style=\"height: 24px\">\n<td style=\"width: 50%;height: 24px;text-align: center\">Olga Etelvina da Costa Rhode<\/td>\n<td style=\"width: 50%;height: 24px;text-align: center\">Recepcionista<\/td>\n<\/tr>\n<tr style=\"height: 23px\">\n<td style=\"width: 50%;text-align: center;height: 23px\">Pablo de Carvalho Pereira<\/td>\n<td style=\"width: 50%;text-align: center;height: 23px\">Assistente em Administra\u00e7\u00e3o<\/td>\n<\/tr>\n<tr style=\"height: 23px\">\n<td style=\"width: 50%;text-align: center;height: 23px\">Paulo Renato Kruger<\/td>\n<td style=\"width: 50%;text-align: center;height: 23px\">Assistente em Administra\u00e7\u00e3o<\/td>\n<\/tr>\n<tr style=\"height: 23px\">\n<td style=\"width: 50%;text-align: center;height: 23px\">Paulo Roberto da Silva Vogt<\/td>\n<td style=\"width: 50%;text-align: center;height: 23px\">Auxiliar em Administra\u00e7\u00e3o<\/td>\n<\/tr>\n<tr style=\"height: 23px\">\n<td style=\"width: 50%;text-align: center;height: 23px\">Rafael Rodrigo do Carmo Batista<\/td>\n<td style=\"width: 50%;text-align: center;height: 23px\">Bibliotec\u00e1rio-Documentalista<\/td>\n<\/tr>\n<tr style=\"height: 23px\">\n<td style=\"width: 50%;text-align: center;height: 23px\">Rosane Scheffer Evaldt<\/td>\n<td style=\"width: 50%;text-align: center;height: 23px\">Bibliotec\u00e1ria-Documentalista<\/td>\n<\/tr>\n<\/tbody>\n<\/table>\n<h2>Subdivis\u00e3o de Peri\u00f3dicos<\/h2>\n<table style=\"border-collapse: collapse;width: 100%;height: 72px\">\n<tbody>\n<tr style=\"height: 24px\">\n<td style=\"width: 50%;height: 24px;text-align: center\"><strong>Nome\u00a0<\/strong><\/td>\n<td style=\"width: 50%;height: 24px;text-align: center\"><strong>Cargo<\/strong><\/td>\n<\/tr>\n<tr style=\"height: 24px\">\n<td style=\"width: 50%;height: 24px;text-align: center\">Debora Floriano Dimussio<\/td>\n<td style=\"width: 50%;height: 24px;text-align: center\">Bibliotec\u00e1ria-Documentalista<\/td>\n<\/tr>\n<tr style=\"height: 24px\">\n<td style=\"width: 50%;height: 24px;text-align: center\">Roberto Lima Bordin<\/td>\n<td style=\"width: 50%;height: 24px;text-align: center\">Programador Visual<\/td>\n<\/tr>\n<\/tbody>\n<\/table>\n<h2>Subdivis\u00e3o de Servi\u00e7os \u00e0 Pesquisa e Produ\u00e7\u00e3o Institucional<\/h2>\n<table style=\"border-collapse: collapse;width: 100%;height: 144px\">\n<tbody>\n<tr style=\"height: 24px\">\n<td style=\"width: 50%;height: 24px;text-align: center\"><strong>Nome<\/strong><\/td>\n<td style=\"width: 50%;height: 24px;text-align: center\"><strong>Cargo<\/strong><\/td>\n<\/tr>\n<tr style=\"height: 24px\">\n<td style=\"width: 50%;height: 24px;text-align: center\">Claudiane Weber<\/td>\n<td style=\"width: 50%;height: 24px;text-align: center\">Bibliotec\u00e1ria-Documentalista<\/td>\n<\/tr>\n<tr style=\"height: 24px\">\n<td style=\"width: 50%;height: 24px;text-align: center\">Marcia Santos da Silva<\/td>\n<td style=\"width: 50%;height: 24px;text-align: center\">Assistente em Administra\u00e7\u00e3o<\/td>\n<\/tr>\n<tr style=\"height: 24px\">\n<td style=\"width: 50%;height: 24px;text-align: center\">Viviane Patricia Pires Schiar<\/td>\n<td style=\"width: 50%;height: 24px;text-align: center\">Recepcionista<\/td>\n<\/tr>\n<\/tbody>\n<\/table>\n","protected":false},"excerpt":{"rendered":"<p>Ger\u00eancia Nome Cargo Lizandra Veleda Arabidian Gerente \/ Bibliotec\u00e1ria-Documentalista Diego Dariva Eltz Assistente em Administra\u00e7\u00e3o Diogo Ferreira de Souza Assistente em Administra\u00e7\u00e3o N\u00facleo de Aquisi\u00e7\u00e3o Nome Cargo Carlos Alberto Deconto Assistente em Administra\u00e7\u00e3o Denise Elena Fagan Zanon Recepcionista Fernando Paganella Pires Bibliotec\u00e1rio-Documentalista Flaiane de Souza Serpa Bibliotec\u00e1ria-Documentalista Marco Antonio Zanini Assistente em Administra\u00e7\u00e3o Subdivis\u00e3o de [&hellip;]<\/p>\n","protected":false},"author":115,"featured_media":0,"parent":0,"menu_order":0,"comment_status":"closed","ping_status":"closed","template":"","meta":{"footnotes":""},"categories":[],"tags":[],"class_list":["post-188","page","type-page","status-publish","hentry"],"acf":[],"_links":{"self":[{"href":"https:\/\/www.ufsm.br\/orgaos-suplementares\/biblioteca\/wp-json\/wp\/v2\/pages\/188","targetHints":{"allow":["GET"]}}],"collection":[{"href":"https:\/\/www.ufsm.br\/orgaos-suplementares\/biblioteca\/wp-json\/wp\/v2\/pages"}],"about":[{"href":"https:\/\/www.ufsm.br\/orgaos-suplementares\/biblioteca\/wp-json\/wp\/v2\/types\/page"}],"author":[{"embeddable":true,"href":"https:\/\/www.ufsm.br\/orgaos-suplementares\/biblioteca\/wp-json\/wp\/v2\/users\/115"}],"replies":[{"embeddable":true,"href":"https:\/\/www.ufsm.br\/orgaos-suplementares\/biblioteca\/wp-json\/wp\/v2\/comments?post=188"}],"version-history":[{"count":0,"href":"https:\/\/www.ufsm.br\/orgaos-suplementares\/biblioteca\/wp-json\/wp\/v2\/pages\/188\/revisions"}],"wp:attachment":[{"href":"https:\/\/www.ufsm.br\/orgaos-suplementares\/biblioteca\/wp-json\/wp\/v2\/media?parent=188"}],"wp:term":[{"taxonomy":"category","embeddable":true,"href":"https:\/\/www.ufsm.br\/orgaos-suplementares\/biblioteca\/wp-json\/wp\/v2\/categories?post=188"},{"taxonomy":"post_tag","embeddable":true,"href":"https:\/\/www.ufsm.br\/orgaos-suplementares\/biblioteca\/wp-json\/wp\/v2\/tags?post=188"}],"curies":[{"name":"wp","href":"https:\/\/api.w.org\/{rel}","templated":true}]}}