{"id":193,"date":"2018-12-11T08:54:01","date_gmt":"2018-12-11T10:54:01","guid":{"rendered":"https:\/\/www.ufsm.br\/orgaos-suplementares\/biblioteca\/?page_id=193"},"modified":"2018-12-11T09:03:04","modified_gmt":"2018-12-11T11:03:04","slug":"estrutura-fisica","status":"publish","type":"page","link":"https:\/\/www.ufsm.br\/orgaos-suplementares\/biblioteca\/estrutura-fisica","title":{"rendered":"Estrutura F\u00edsica"},"content":{"rendered":"\t\t<div data-elementor-type=\"wp-post\" data-elementor-id=\"193\" class=\"elementor elementor-193 elementor-bc-flex-widget\">\n\t\t\t\t\t\t<section class=\"elementor-section elementor-top-section elementor-element elementor-element-c6e13fe elementor-section-boxed elementor-section-height-default elementor-section-height-default\" data-id=\"c6e13fe\" data-element_type=\"section\">\n\t\t\t\t\t\t<div class=\"elementor-container elementor-column-gap-default\">\n\t\t\t\t\t<div class=\"elementor-column elementor-col-100 elementor-top-column elementor-element elementor-element-f64d631\" data-id=\"f64d631\" data-element_type=\"column\">\n\t\t\t<div class=\"elementor-widget-wrap elementor-element-populated\">\n\t\t\t\t\t\t<div class=\"elementor-element elementor-element-7a11aed elementor-widget elementor-widget-text-editor\" data-id=\"7a11aed\" data-element_type=\"widget\" data-widget_type=\"text-editor.default\">\n\t\t\t\t<div class=\"elementor-widget-container\">\n\t\t\t\t\t\t\t<h5><strong>Subsolo<\/strong><\/h5><h5><span style=\"color: #000000;\">Mapoteca<\/span><\/h5><p><span style=\"color: #000000;\">\u2013 Cole\u00e7\u00e3o de mapas nacionais e internacionais, cartas topogr\u00e1ficas do Rio Grande do Sul e imagens orbitais da regi\u00e3o central do Estado.<\/span><\/p><h3><span style=\"color: #000000;\">Leitura de Jornais di\u00e1rios e revistas semanais<\/span><\/h3><p><span style=\"color: #000000;\">\u2013 Capacidade para 18 pessoas.<\/span><\/p><h3><span style=\"color: #000000;\">Mesas de estudo pr\u00f3ximas ao acervo<\/span><\/h3><p><span style=\"color: #000000;\">\u2013 Capacidade para 33 pessoas.<\/span><\/p><h3><span style=\"color: #000000;\">Sala de consulta aos Di\u00e1rios Oficiais<\/span><\/h3><p>\u2013 Capacidade para 9 pessoas. A cole\u00e7\u00e3o \u00e9 composta de Di\u00e1rios Oficiais da Uni\u00e3o (1943 \u2013 2005) e Di\u00e1rios Oficiais do Estado (1982 \u2013 2004).<\/p><p><span style=\"color: #000000;\"><strong>Setores no Subsolo<\/strong><\/span><\/p><p><span style=\"color: #000000;\">\u2013 Refer\u00eancia, Peri\u00f3dicos,\u00a0COMUT,\u00a0Reparo e Reprografia<\/span>.<\/p>\t\t\t\t\t\t<\/div>\n\t\t\t\t<\/div>\n\t\t\t\t\t<\/div>\n\t\t<\/div>\n\t\t\t\t\t<\/div>\n\t\t<\/section>\n\t\t\t\t<section class=\"elementor-section elementor-top-section elementor-element elementor-element-0db6f6e elementor-section-boxed elementor-section-height-default elementor-section-height-default\" data-id=\"0db6f6e\" data-element_type=\"section\">\n\t\t\t\t\t\t<div class=\"elementor-container elementor-column-gap-default\">\n\t\t\t\t\t<div class=\"elementor-column elementor-col-100 elementor-top-column elementor-element elementor-element-5d7d025\" data-id=\"5d7d025\" data-element_type=\"column\">\n\t\t\t<div class=\"elementor-widget-wrap elementor-element-populated\">\n\t\t\t\t\t\t<div class=\"elementor-element elementor-element-a51bd40 elementor-widget elementor-widget-heading\" data-id=\"a51bd40\" data-element_type=\"widget\" data-widget_type=\"heading.default\">\n\t\t\t\t<div class=\"elementor-widget-container\">\n\t\t\t<h5 class=\"elementor-heading-title elementor-size-default\">T\u00e9rreo<\/h5>\t\t<\/div>\n\t\t\t\t<\/div>\n\t\t\t\t<div class=\"elementor-element elementor-element-61dfec2 elementor-widget elementor-widget-text-editor\" data-id=\"61dfec2\" data-element_type=\"widget\" data-widget_type=\"text-editor.default\">\n\t\t\t\t<div class=\"elementor-widget-container\">\n\t\t\t\t\t\t\t<h3><span style=\"color: #000000;\">Sala de Multim\u00eddia<\/span><\/h3><p><span style=\"color: #000000;\">\u2013 Capacidade para 30 pessoas, inclui: TVs, DVD Player, videocassete, data show com tel\u00e3o, computador, retroprojetor e quadro branco. O agendamento \u00e9 no Setor de Refer\u00eancia.\u00a0<\/span><\/p><h3><span style=\"color: #000000;\">Sal\u00e3o de estudo em grupo<\/span><\/h3><p><span style=\"color: #000000;\">\u2013 Capacidade para 90 pessoas. Recomend\u00e1vel para grupos de 6 a 8 pessoas.<\/span><\/p><p><span style=\"color: #000000;\"><strong>Setores no T\u00e9rreo<\/strong><\/span><\/p><p><span style=\"color: #000000;\">\u00a0\u2013 Portaria, Guarda-volumes, Empr\u00e9stimo, Aquisi\u00e7\u00e3o, Secretaria, Dire\u00e7\u00e3o, Processos T\u00e9cnicos e Manancial &#8211; Reposit\u00f3rio Digital da UFSM.<\/span><\/p>\t\t\t\t\t\t<\/div>\n\t\t\t\t<\/div>\n\t\t\t\t\t<\/div>\n\t\t<\/div>\n\t\t\t\t\t<\/div>\n\t\t<\/section>\n\t\t\t\t<section class=\"elementor-section elementor-top-section elementor-element elementor-element-0e53da0 elementor-section-boxed elementor-section-height-default elementor-section-height-default\" data-id=\"0e53da0\" data-element_type=\"section\">\n\t\t\t\t\t\t<div class=\"elementor-container elementor-column-gap-default\">\n\t\t\t\t\t<div class=\"elementor-column elementor-col-100 elementor-top-column elementor-element elementor-element-46e5a99\" data-id=\"46e5a99\" data-element_type=\"column\">\n\t\t\t<div class=\"elementor-widget-wrap elementor-element-populated\">\n\t\t\t\t\t\t<div class=\"elementor-element elementor-element-21b00ec elementor-widget elementor-widget-heading\" data-id=\"21b00ec\" data-element_type=\"widget\" data-widget_type=\"heading.default\">\n\t\t\t\t<div class=\"elementor-widget-container\">\n\t\t\t<h5 class=\"elementor-heading-title elementor-size-default\">1\u00ba Piso<\/h5>\t\t<\/div>\n\t\t\t\t<\/div>\n\t\t\t\t<div class=\"elementor-element elementor-element-d36a178 elementor-widget elementor-widget-text-editor\" data-id=\"d36a178\" data-element_type=\"widget\" data-widget_type=\"text-editor.default\">\n\t\t\t\t<div class=\"elementor-widget-container\">\n\t\t\t\t\t\t\t<h3><span style=\"color: #000000;\">Sala de estudo individual<\/span><\/h3><p><span style=\"color: #000000;\">\u2013 Capacidade para 58 pessoas.<\/span><\/p><h3><span style=\"color: #000000;\">Sal\u00e3o de estudo em grupo<\/span><\/h3><p><span style=\"color: #000000;\">\u2013 Capacidade para 122 pessoas. Recomend\u00e1vel para grupos de 2 ou 3 pessoas.<\/span><\/p><p><span style=\"color: #000000;\"><strong>Setores no T\u00e9rreo<\/strong><\/span><\/p><p><span style=\"color: #000000;\">\u2013\u00a0Central de Peri\u00f3dicos Eletr\u00f4nicos<\/span>.<\/p>\t\t\t\t\t\t<\/div>\n\t\t\t\t<\/div>\n\t\t\t\t\t<\/div>\n\t\t<\/div>\n\t\t\t\t\t<\/div>\n\t\t<\/section>\n\t\t\t\t<section class=\"elementor-section elementor-top-section elementor-element elementor-element-85b4711 elementor-section-boxed elementor-section-height-default elementor-section-height-default\" data-id=\"85b4711\" data-element_type=\"section\">\n\t\t\t\t\t\t<div class=\"elementor-container elementor-column-gap-default\">\n\t\t\t\t\t<div class=\"elementor-column elementor-col-100 elementor-top-column elementor-element elementor-element-e206f4a\" data-id=\"e206f4a\" data-element_type=\"column\">\n\t\t\t<div class=\"elementor-widget-wrap elementor-element-populated\">\n\t\t\t\t\t\t<div class=\"elementor-element elementor-element-02e8b53 elementor-widget elementor-widget-heading\" data-id=\"02e8b53\" data-element_type=\"widget\" data-widget_type=\"heading.default\">\n\t\t\t\t<div class=\"elementor-widget-container\">\n\t\t\t<h5 class=\"elementor-heading-title elementor-size-default\">Mezanino<\/h5>\t\t<\/div>\n\t\t\t\t<\/div>\n\t\t\t\t<div class=\"elementor-element elementor-element-7107801 elementor-widget elementor-widget-text-editor\" data-id=\"7107801\" data-element_type=\"widget\" data-widget_type=\"text-editor.default\">\n\t\t\t\t<div class=\"elementor-widget-container\">\n\t\t\t\t\t\t\t<h3><span style=\"color: #000000;\">Cabines<\/span><\/h3><p><span style=\"color: #000000;\">\u2013 A Biblioteca oferece 17 cabines para estudo individual.<\/span><\/p>\t\t\t\t\t\t<\/div>\n\t\t\t\t<\/div>\n\t\t\t\t\t<\/div>\n\t\t<\/div>\n\t\t\t\t\t<\/div>\n\t\t<\/section>\n\t\t\t\t<\/div>\n\t\t","protected":false},"excerpt":{"rendered":"<p>Subsolo Mapoteca \u2013 Cole\u00e7\u00e3o de mapas nacionais e internacionais, cartas topogr\u00e1ficas do Rio Grande do Sul e imagens orbitais da regi\u00e3o central do Estado. Leitura de Jornais di\u00e1rios e revistas semanais \u2013 Capacidade para 18 pessoas. Mesas de estudo pr\u00f3ximas ao acervo \u2013 Capacidade para 33 pessoas. Sala de consulta aos Di\u00e1rios Oficiais \u2013 Capacidade [&hellip;]<\/p>\n","protected":false},"author":115,"featured_media":0,"parent":0,"menu_order":0,"comment_status":"closed","ping_status":"closed","template":"","meta":{"footnotes":""},"categories":[],"tags":[],"class_list":["post-193","page","type-page","status-publish","hentry"],"acf":[],"_links":{"self":[{"href":"https:\/\/www.ufsm.br\/orgaos-suplementares\/biblioteca\/wp-json\/wp\/v2\/pages\/193","targetHints":{"allow":["GET"]}}],"collection":[{"href":"https:\/\/www.ufsm.br\/orgaos-suplementares\/biblioteca\/wp-json\/wp\/v2\/pages"}],"about":[{"href":"https:\/\/www.ufsm.br\/orgaos-suplementares\/biblioteca\/wp-json\/wp\/v2\/types\/page"}],"author":[{"embeddable":true,"href":"https:\/\/www.ufsm.br\/orgaos-suplementares\/biblioteca\/wp-json\/wp\/v2\/users\/115"}],"replies":[{"embeddable":true,"href":"https:\/\/www.ufsm.br\/orgaos-suplementares\/biblioteca\/wp-json\/wp\/v2\/comments?post=193"}],"version-history":[{"count":0,"href":"https:\/\/www.ufsm.br\/orgaos-suplementares\/biblioteca\/wp-json\/wp\/v2\/pages\/193\/revisions"}],"wp:attachment":[{"href":"https:\/\/www.ufsm.br\/orgaos-suplementares\/biblioteca\/wp-json\/wp\/v2\/media?parent=193"}],"wp:term":[{"taxonomy":"category","embeddable":true,"href":"https:\/\/www.ufsm.br\/orgaos-suplementares\/biblioteca\/wp-json\/wp\/v2\/categories?post=193"},{"taxonomy":"post_tag","embeddable":true,"href":"https:\/\/www.ufsm.br\/orgaos-suplementares\/biblioteca\/wp-json\/wp\/v2\/tags?post=193"}],"curies":[{"name":"wp","href":"https:\/\/api.w.org\/{rel}","templated":true}]}}