{"id":196,"date":"2018-12-11T09:09:06","date_gmt":"2018-12-11T11:09:06","guid":{"rendered":"https:\/\/www.ufsm.br\/orgaos-suplementares\/biblioteca\/?page_id=196"},"modified":"2024-07-16T17:20:30","modified_gmt":"2024-07-16T20:20:30","slug":"normas-da-biblioteca","status":"publish","type":"page","link":"https:\/\/www.ufsm.br\/orgaos-suplementares\/biblioteca\/normas-da-biblioteca","title":{"rendered":"Normas da Biblioteca"},"content":{"rendered":"<p>\u2013\u00a0A consulta local \u00e9 aberta a toda comunidade com livre acesso \u00e0s estantes.<\/p>\n<p>\u2013\u00a0A consulta ao cat\u00e1logo \u00e9 feita atrav\u00e9s de terminais de computadores.<\/p>\n<p>\u2013\u00a0Os usu\u00e1rios n\u00e3o podem ingressar na biblioteca portando bolsas, sacolas, pastas, fich\u00e1rios e mochilas; tais objetos devem ser colocados nos guarda-volumes situados na entrada da biblioteca.<\/p>\n<p>\u2013\u00a0Os usu\u00e1rios n\u00e3o podem sair da biblioteca com as chaves dos guarda-volumes.<\/p>\n<p>\u2013\u00a0A perda da chave acarretar\u00e1 taxa de reposi\u00e7\u00e3o da mesma.<\/p>\n<p>\u2013\u00a0\u00c9 proibido fumar.<\/p>\n<p>\u2013\u00a0O uso do celular somente \u00e9 permitido se estiver no silencioso e se a conversa for discreta, r\u00e1pida e em tom de voz baixo.<\/p>\n<p>\u2013 \u00c9 proibida a reprodu\u00e7\u00e3o de livros por inteiro (Direitos Autorais &#8211; <a href=\"https:\/\/www.planalto.gov.br\/ccivil_03\/leis\/l9610.htm\">Lei n.9610\/98<\/a>).<\/p>\n<p>\u2013\u00a0Os livros falados s\u00e3o emprestados exclusivamente para deficientes visuais vinculados \u00e0 universidade.<\/p>\n<p>\u2013\u00a0A leitura dos jornais deve ser feita no lugar reservado para este fim, para que mais usu\u00e1rios possam usufruir deste servi\u00e7o.<\/p>\n<p>\u2013\u00a0\u00c9 vedado o empr\u00e9stimo domiciliar de obras de refer\u00eancia (enciclop\u00e9dias, dicion\u00e1rios, bibliografias, anais, apostilas, cat\u00e1logos, atlas, mapas e globo) e cole\u00e7\u00f5es especiais, exceto os dicion\u00e1rios, nos dias de provas de sufici\u00eancia em l\u00ednguas para usu\u00e1rios com v\u00ednculo na universidade.<\/p>\n<p>\u2013\u00a0\u00c9 vedado alterar as configura\u00e7\u00f5es dos computadores e\/ou programas, bem como instalar qualquer tipo de software.<\/p>\n<p>\u2013\u00a0\u00c9 vedado consultar sites de conte\u00fado impr\u00f3prio, ofensivo, discriminat\u00f3rio e similares.<\/p>\n<p>\u2013\u00a0\u00c9 proibido o consumo de alimentos e bebidas pr\u00f3ximo ao acervo.<\/p>\n<p>\u2013\u00a0Quando necess\u00e1rio o conserto de uma obra, comunique o problema no momento da devolu\u00e7\u00e3o.<\/p>\n<p>\u2013\u00a0Fazer anota\u00e7\u00f5es em material pr\u00f3prio e n\u00e3o sublinhar o texto dos livros, mesmo que a l\u00e1pis. As anota\u00e7\u00f5es importantes para uns podem n\u00e3o ser importantes para outros usu\u00e1rios, evitar a polui\u00e7\u00e3o visual.<\/p>\n<p>\u2013\u00a0\u00c9 proibido fazer apontamentos nas mesas. Caso aconte\u00e7a, apagar antes de sair e recolher os \u00a0res\u00edduos de borracha.<\/p>\n<p>\u2013\u00a0\u00c9 vedado colocar os p\u00e9s sobre as cadeiras, mesas e sobre os sof\u00e1s.<\/p>\n<p>\u2013\u00a0Quando necess\u00e1rio algum material para os banheiros, comunicar \u00e0 secretaria para reposi\u00e7\u00e3o.<\/p>\n","protected":false},"excerpt":{"rendered":"<p>\u2013\u00a0A consulta local \u00e9 aberta a toda comunidade com livre acesso \u00e0s estantes. \u2013\u00a0A consulta ao cat\u00e1logo \u00e9 feita atrav\u00e9s de terminais de computadores. \u2013\u00a0Os usu\u00e1rios n\u00e3o podem ingressar na biblioteca portando bolsas, sacolas, pastas, fich\u00e1rios e mochilas; tais objetos devem ser colocados nos guarda-volumes situados na entrada da biblioteca. \u2013\u00a0Os usu\u00e1rios n\u00e3o podem sair [&hellip;]<\/p>\n","protected":false},"author":115,"featured_media":0,"parent":0,"menu_order":0,"comment_status":"closed","ping_status":"closed","template":"","meta":{"footnotes":""},"categories":[],"tags":[],"class_list":["post-196","page","type-page","status-publish","hentry"],"acf":[],"_links":{"self":[{"href":"https:\/\/www.ufsm.br\/orgaos-suplementares\/biblioteca\/wp-json\/wp\/v2\/pages\/196","targetHints":{"allow":["GET"]}}],"collection":[{"href":"https:\/\/www.ufsm.br\/orgaos-suplementares\/biblioteca\/wp-json\/wp\/v2\/pages"}],"about":[{"href":"https:\/\/www.ufsm.br\/orgaos-suplementares\/biblioteca\/wp-json\/wp\/v2\/types\/page"}],"author":[{"embeddable":true,"href":"https:\/\/www.ufsm.br\/orgaos-suplementares\/biblioteca\/wp-json\/wp\/v2\/users\/115"}],"replies":[{"embeddable":true,"href":"https:\/\/www.ufsm.br\/orgaos-suplementares\/biblioteca\/wp-json\/wp\/v2\/comments?post=196"}],"version-history":[{"count":0,"href":"https:\/\/www.ufsm.br\/orgaos-suplementares\/biblioteca\/wp-json\/wp\/v2\/pages\/196\/revisions"}],"wp:attachment":[{"href":"https:\/\/www.ufsm.br\/orgaos-suplementares\/biblioteca\/wp-json\/wp\/v2\/media?parent=196"}],"wp:term":[{"taxonomy":"category","embeddable":true,"href":"https:\/\/www.ufsm.br\/orgaos-suplementares\/biblioteca\/wp-json\/wp\/v2\/categories?post=196"},{"taxonomy":"post_tag","embeddable":true,"href":"https:\/\/www.ufsm.br\/orgaos-suplementares\/biblioteca\/wp-json\/wp\/v2\/tags?post=196"}],"curies":[{"name":"wp","href":"https:\/\/api.w.org\/{rel}","templated":true}]}}