{"id":199,"date":"2018-12-11T13:06:27","date_gmt":"2018-12-11T15:06:27","guid":{"rendered":"https:\/\/www.ufsm.br\/orgaos-suplementares\/biblioteca\/?page_id=199"},"modified":"2023-04-20T11:58:11","modified_gmt":"2023-04-20T14:58:11","slug":"equipe-2","status":"publish","type":"page","link":"https:\/\/www.ufsm.br\/orgaos-suplementares\/biblioteca\/equipe-2","title":{"rendered":"Equipe"},"content":{"rendered":"\t\t<div data-elementor-type=\"wp-post\" data-elementor-id=\"199\" class=\"elementor elementor-199\">\n\t\t\t\t\t\t<section class=\"elementor-section elementor-top-section elementor-element elementor-element-6ab11e1 elementor-section-boxed elementor-section-height-default elementor-section-height-default\" data-id=\"6ab11e1\" data-element_type=\"section\">\n\t\t\t\t\t\t<div class=\"elementor-container elementor-column-gap-default\">\n\t\t\t\t\t<div class=\"elementor-column elementor-col-100 elementor-top-column elementor-element elementor-element-d90d0ba\" data-id=\"d90d0ba\" data-element_type=\"column\">\n\t\t\t<div class=\"elementor-widget-wrap elementor-element-populated\">\n\t\t\t\t\t\t<div class=\"elementor-element elementor-element-3aecd55 elementor-widget elementor-widget-wp-widget-ufsm_pessoas_unidade_widget\" data-id=\"3aecd55\" data-element_type=\"widget\" data-widget_type=\"wp-widget-ufsm_pessoas_unidade_widget.default\">\n\t\t\t\t<div class=\"elementor-widget-container\">\n\t\t\t    <ul class=\"list-unstyled\">\n            <\/ul>\n\t\t<\/div>\n\t\t\t\t<\/div>\n\t\t\t\t\t<\/div>\n\t\t<\/div>\n\t\t\t\t\t<\/div>\n\t\t<\/section>\n\t\t\t\t<section class=\"elementor-section elementor-top-section elementor-element elementor-element-e3d021a elementor-section-boxed elementor-section-height-default elementor-section-height-default\" data-id=\"e3d021a\" data-element_type=\"section\">\n\t\t\t\t\t\t<div class=\"elementor-container elementor-column-gap-default\">\n\t\t\t\t\t<div class=\"elementor-column elementor-col-100 elementor-top-column elementor-element elementor-element-59edeb5\" data-id=\"59edeb5\" data-element_type=\"column\">\n\t\t\t<div class=\"elementor-widget-wrap elementor-element-populated\">\n\t\t\t\t\t\t<div class=\"elementor-element elementor-element-661163b elementor-widget elementor-widget-text-editor\" data-id=\"661163b\" data-element_type=\"widget\" data-widget_type=\"text-editor.default\">\n\t\t\t\t<div class=\"elementor-widget-container\">\n\t\t\t\t\t\t\t<ul class=\"unstyled-list\"><li class=\"mb-3\"><h5>BIBLIOTECA SETORIAL &#8211; CCNE<\/h5><ul class=\"unstyled-list\"><li class=\"my-3\"><strong class=\"h5 mb-2 text-capitalize font-weight-600\">pablo siqueira terres<\/strong><br \/><ul class=\"unstyled-list\"><li>Diretor de Departamento Administrativo<\/li><li class=\"text-capitalize\">bibliotec\u00e1rio-documentalista<\/li><\/ul><\/li><li class=\"my-3\"><strong class=\"h5 mb-2 text-capitalize font-weight-600\">james laurence ibaldo cantarelli da silva<\/strong><br \/><ul class=\"unstyled-list\"><li class=\"text-capitalize\">assistente em administra\u00e7\u00e3o<\/li><\/ul><\/li><li class=\"my-3\"><strong class=\"h5 mb-2 text-capitalize font-weight-600\">neimar dos santos vargas<\/strong><br \/><ul class=\"unstyled-list\"><li class=\"text-capitalize\">caixa<\/li><\/ul><\/li><li class=\"my-3\"><strong class=\"h5 mb-2 text-capitalize font-weight-600\">sandra elizabeth ribas da rocha<\/strong><br \/><ul class=\"unstyled-list\"><li class=\"text-capitalize\">assistente em administra\u00e7\u00e3o<\/li><\/ul><\/li><li class=\"my-3\"><strong class=\"h5 mb-2 text-capitalize font-weight-600\">tiago bartz schneider<\/strong><br \/><ul class=\"unstyled-list\"><li class=\"text-capitalize\">assistente em administra\u00e7\u00e3o<\/li><\/ul><\/li><\/ul><\/li><\/ul>\t\t\t\t\t\t<\/div>\n\t\t\t\t<\/div>\n\t\t\t\t\t<\/div>\n\t\t<\/div>\n\t\t\t\t\t<\/div>\n\t\t<\/section>\n\t\t\t\t<\/div>\n\t\t","protected":false},"excerpt":{"rendered":"<p>BIBLIOTECA SETORIAL &#8211; CCNE pablo siqueira terres Diretor de Departamento Administrativo bibliotec\u00e1rio-documentalista james laurence ibaldo cantarelli da silva assistente em administra\u00e7\u00e3o neimar dos santos vargas caixa sandra elizabeth ribas da rocha assistente em administra\u00e7\u00e3o tiago bartz schneider assistente em administra\u00e7\u00e3o<\/p>\n","protected":false},"author":115,"featured_media":0,"parent":0,"menu_order":0,"comment_status":"closed","ping_status":"closed","template":"","meta":{"footnotes":""},"categories":[],"tags":[],"class_list":["post-199","page","type-page","status-publish","hentry"],"acf":[],"_links":{"self":[{"href":"https:\/\/www.ufsm.br\/orgaos-suplementares\/biblioteca\/wp-json\/wp\/v2\/pages\/199","targetHints":{"allow":["GET"]}}],"collection":[{"href":"https:\/\/www.ufsm.br\/orgaos-suplementares\/biblioteca\/wp-json\/wp\/v2\/pages"}],"about":[{"href":"https:\/\/www.ufsm.br\/orgaos-suplementares\/biblioteca\/wp-json\/wp\/v2\/types\/page"}],"author":[{"embeddable":true,"href":"https:\/\/www.ufsm.br\/orgaos-suplementares\/biblioteca\/wp-json\/wp\/v2\/users\/115"}],"replies":[{"embeddable":true,"href":"https:\/\/www.ufsm.br\/orgaos-suplementares\/biblioteca\/wp-json\/wp\/v2\/comments?post=199"}],"version-history":[{"count":0,"href":"https:\/\/www.ufsm.br\/orgaos-suplementares\/biblioteca\/wp-json\/wp\/v2\/pages\/199\/revisions"}],"wp:attachment":[{"href":"https:\/\/www.ufsm.br\/orgaos-suplementares\/biblioteca\/wp-json\/wp\/v2\/media?parent=199"}],"wp:term":[{"taxonomy":"category","embeddable":true,"href":"https:\/\/www.ufsm.br\/orgaos-suplementares\/biblioteca\/wp-json\/wp\/v2\/categories?post=199"},{"taxonomy":"post_tag","embeddable":true,"href":"https:\/\/www.ufsm.br\/orgaos-suplementares\/biblioteca\/wp-json\/wp\/v2\/tags?post=199"}],"curies":[{"name":"wp","href":"https:\/\/api.w.org\/{rel}","templated":true}]}}