{"id":200,"date":"2018-12-11T14:09:08","date_gmt":"2018-12-11T16:09:08","guid":{"rendered":"https:\/\/www.ufsm.br\/orgaos-suplementares\/biblioteca\/?page_id=200"},"modified":"2024-11-18T19:39:26","modified_gmt":"2024-11-18T22:39:26","slug":"guia-de-recolhimento-da-uniao","status":"publish","type":"page","link":"https:\/\/www.ufsm.br\/orgaos-suplementares\/biblioteca\/guia-de-recolhimento-da-uniao","title":{"rendered":"Pagamento de taxa de atraso (GRU)"},"content":{"rendered":"\t\t<div data-elementor-type=\"wp-page\" data-elementor-id=\"200\" class=\"elementor elementor-200\">\n\t\t\t\t\t\t<section class=\"elementor-section elementor-top-section elementor-element elementor-element-144171b8 elementor-section-boxed elementor-section-height-default elementor-section-height-default\" data-id=\"144171b8\" data-element_type=\"section\">\n\t\t\t\t\t\t<div class=\"elementor-container elementor-column-gap-default\">\n\t\t\t\t\t<div class=\"elementor-column elementor-col-100 elementor-top-column elementor-element elementor-element-50ef11f\" data-id=\"50ef11f\" data-element_type=\"column\">\n\t\t\t<div class=\"elementor-widget-wrap elementor-element-populated\">\n\t\t\t\t\t\t<div class=\"elementor-element elementor-element-751e9ac4 elementor-widget elementor-widget-text-editor\" data-id=\"751e9ac4\" data-element_type=\"widget\" data-widget_type=\"text-editor.default\">\n\t\t\t\t<div class=\"elementor-widget-container\">\n\t\t\t\t\t\t\t<p><strong>Importante!<\/strong><\/p>\n<ul>\n<li>A GRU pode ser emitida <strong>apenas ap\u00f3s<\/strong> <strong>a devolu\u00e7\u00e3o do material<\/strong>. Com os itens entregues, o valor gerado poder\u00e1 ser acessado. Para saber o valor da taxa de atraso e a biblioteca correspondente, entrar com login e senha no <a href=\"https:\/\/portal.ufsm.br\/biblioteca\/pesquisa\/index.html\" target=\"_blank\" rel=\"noopener noreferrer\"><u>Portal Biblioteca<\/u><\/a>, no menu \u201cMeus Empr\u00e9stimos\u201d na aba \u201cMultas\u201d<u>.<\/u><\/li>\n<\/ul>\n<p><img fetchpriority=\"high\" decoding=\"async\" class=\"alignnone size-full wp-image-1714\" src=\"https:\/\/www.ufsm.br\/app\/uploads\/sites\/362\/2020\/10\/taxa-1024x440-1.jpg\" alt=\"\" width=\"1024\" height=\"440\" srcset=\"https:\/\/www.ufsm.br\/app\/uploads\/sites\/362\/2020\/10\/taxa-1024x440-1.jpg 1024w, https:\/\/www.ufsm.br\/app\/uploads\/sites\/362\/2020\/10\/taxa-1024x440-1-300x129.jpg 300w, https:\/\/www.ufsm.br\/app\/uploads\/sites\/362\/2020\/10\/taxa-1024x440-1-768x330.jpg 768w\" sizes=\"(max-width: 1024px) 100vw, 1024px\" \/><\/p>\n<ul>\n<li>Aten\u00e7\u00e3o ao gerar a GRU quanto as informa\u00e7\u00f5es a serem inseridas, no caso de erros o comprovante de pagamento poder\u00e1 n\u00e3o ser aceito. Caso tenha d\u00favidas solicite a GRU na biblioteca em que consta a pend\u00eancia. Verifique os <a href=\"https:\/\/www.ufsm.br\/orgaos-suplementares\/biblioteca\/contato\/\" target=\"_blank\" rel=\"noopener noreferrer\"><u>contatos<\/u><\/a>.<\/li>\n<li>O pagamento poder\u00e1 ser realizado somente nas ag\u00eancias ou terminais e aplicativos de autoatendimento do Banco do Brasil.<\/li>\n<li>Ap\u00f3s o pagamento, n\u00e3o esque\u00e7a de apresentar ou enviar o comprovante para a biblioteca. Para baixa imediata, n\u00e3o ser\u00e1 aceito recibo de agendamento de pagamento. \u00c9 imprescind\u00edvel que o usu\u00e1rio apresente o <strong>comprovante e boleto (GRU),<\/strong> na biblioteca correspondente, para ter sua taxa quitada.<\/li>\n<li>Caso o <strong>pagamento seja realizado pela Internet<\/strong>, por meio do c\u00f3digo de barras ou n\u00famero respectivo, enviar o comprovante de pagamento e boleto em formato .pdf para o e-mail da biblioteca e solicitar a baixa da taxa. <strong>A baixa na taxa de atraso no sistema ser\u00e1 realizada em at\u00e9 3 dias \u00fateis nesta modalidade de pagamento.<\/strong><\/li>\n<\/ul>\n<p><strong>Passos para emiss\u00e3o da Guia de Recolhimento da Uni\u00e3o &#8211; GRU<\/strong><\/p>\n<p><img decoding=\"async\" class=\"size-full wp-image-1716 alignnone\" src=\"https:\/\/www.ufsm.br\/app\/uploads\/sites\/362\/2020\/10\/resumo.jpg\" alt=\"\" width=\"1060\" height=\"804\" srcset=\"https:\/\/www.ufsm.br\/app\/uploads\/sites\/362\/2020\/10\/resumo.jpg 1060w, https:\/\/www.ufsm.br\/app\/uploads\/sites\/362\/2020\/10\/resumo-300x228.jpg 300w, https:\/\/www.ufsm.br\/app\/uploads\/sites\/362\/2020\/10\/resumo-1024x777.jpg 1024w, https:\/\/www.ufsm.br\/app\/uploads\/sites\/362\/2020\/10\/resumo-768x583.jpg 768w\" sizes=\"(max-width: 1060px) 100vw, 1060px\" \/><\/p>\n<p><strong>1.<\/strong>\u00a0Acessar o link\u00a0<a href=\"https:\/\/consulta.tesouro.fazenda.gov.br\/gru\/gru_simples.asp\" target=\"_blank\" rel=\"noopener noreferrer\">https:\/\/consulta.tesouro.fazenda.gov.br\/gru\/gru_simples.asp<\/a><\/p>\n<p><img decoding=\"async\" class=\"size-full wp-image-1706 alignnone\" src=\"https:\/\/www.ufsm.br\/app\/uploads\/sites\/362\/2020\/10\/pagina-2.jpg\" alt=\"\" width=\"1200\" height=\"742\" srcset=\"https:\/\/www.ufsm.br\/app\/uploads\/sites\/362\/2020\/10\/pagina-2.jpg 1200w, https:\/\/www.ufsm.br\/app\/uploads\/sites\/362\/2020\/10\/pagina-2-300x186.jpg 300w, https:\/\/www.ufsm.br\/app\/uploads\/sites\/362\/2020\/10\/pagina-2-1024x633.jpg 1024w, https:\/\/www.ufsm.br\/app\/uploads\/sites\/362\/2020\/10\/pagina-2-768x475.jpg 768w\" sizes=\"(max-width: 1200px) 100vw, 1200px\" \/><\/p>\n<p><img loading=\"lazy\" decoding=\"async\" class=\"size-full wp-image-1704 alignnone\" src=\"https:\/\/www.ufsm.br\/app\/uploads\/sites\/362\/2020\/10\/pagina-3.jpg\" alt=\"\" width=\"1200\" height=\"742\" srcset=\"https:\/\/www.ufsm.br\/app\/uploads\/sites\/362\/2020\/10\/pagina-3.jpg 1200w, https:\/\/www.ufsm.br\/app\/uploads\/sites\/362\/2020\/10\/pagina-3-300x186.jpg 300w, https:\/\/www.ufsm.br\/app\/uploads\/sites\/362\/2020\/10\/pagina-3-1024x633.jpg 1024w, https:\/\/www.ufsm.br\/app\/uploads\/sites\/362\/2020\/10\/pagina-3-768x475.jpg 768w\" sizes=\"(max-width: 1200px) 100vw, 1200px\" \/><\/p>\n<!-- wp:tadv\/classic-paragraph \/-->\t\t\t\t\t\t<\/div>\n\t\t\t\t<\/div>\n\t\t\t\t\t<\/div>\n\t\t<\/div>\n\t\t\t\t\t<\/div>\n\t\t<\/section>\n\t\t\t\t<\/div>\n\t\t","protected":false},"excerpt":{"rendered":"<p>Importante! A GRU pode ser emitida apenas ap\u00f3s a devolu\u00e7\u00e3o do material. Com os itens entregues, o valor gerado poder\u00e1 ser acessado. Para saber o valor da taxa de atraso e a biblioteca correspondente, entrar com login e senha no Portal Biblioteca, no menu \u201cMeus Empr\u00e9stimos\u201d na aba \u201cMultas\u201d. Aten\u00e7\u00e3o ao gerar a GRU quanto [&hellip;]<\/p>\n","protected":false},"author":115,"featured_media":0,"parent":0,"menu_order":0,"comment_status":"closed","ping_status":"closed","template":"","meta":{"footnotes":""},"categories":[],"tags":[],"class_list":["post-200","page","type-page","status-publish","hentry"],"acf":[],"_links":{"self":[{"href":"https:\/\/www.ufsm.br\/orgaos-suplementares\/biblioteca\/wp-json\/wp\/v2\/pages\/200","targetHints":{"allow":["GET"]}}],"collection":[{"href":"https:\/\/www.ufsm.br\/orgaos-suplementares\/biblioteca\/wp-json\/wp\/v2\/pages"}],"about":[{"href":"https:\/\/www.ufsm.br\/orgaos-suplementares\/biblioteca\/wp-json\/wp\/v2\/types\/page"}],"author":[{"embeddable":true,"href":"https:\/\/www.ufsm.br\/orgaos-suplementares\/biblioteca\/wp-json\/wp\/v2\/users\/115"}],"replies":[{"embeddable":true,"href":"https:\/\/www.ufsm.br\/orgaos-suplementares\/biblioteca\/wp-json\/wp\/v2\/comments?post=200"}],"version-history":[{"count":0,"href":"https:\/\/www.ufsm.br\/orgaos-suplementares\/biblioteca\/wp-json\/wp\/v2\/pages\/200\/revisions"}],"wp:attachment":[{"href":"https:\/\/www.ufsm.br\/orgaos-suplementares\/biblioteca\/wp-json\/wp\/v2\/media?parent=200"}],"wp:term":[{"taxonomy":"category","embeddable":true,"href":"https:\/\/www.ufsm.br\/orgaos-suplementares\/biblioteca\/wp-json\/wp\/v2\/categories?post=200"},{"taxonomy":"post_tag","embeddable":true,"href":"https:\/\/www.ufsm.br\/orgaos-suplementares\/biblioteca\/wp-json\/wp\/v2\/tags?post=200"}],"curies":[{"name":"wp","href":"https:\/\/api.w.org\/{rel}","templated":true}]}}