{"id":2160,"date":"2021-11-30T14:07:14","date_gmt":"2021-11-30T17:07:14","guid":{"rendered":"https:\/\/www.ufsm.br\/orgaos-suplementares\/biblioteca\/?page_id=2160"},"modified":"2021-11-30T14:53:43","modified_gmt":"2021-11-30T17:53:43","slug":"doacoes-e-sugestoes-de-aquisicao-para-a-bsccne","status":"publish","type":"page","link":"https:\/\/www.ufsm.br\/orgaos-suplementares\/biblioteca\/doacoes-e-sugestoes-de-aquisicao-para-a-bsccne","title":{"rendered":"Doa\u00e7\u00f5es e sugest\u00f5es de aquisi\u00e7\u00e3o para a BSCCNE"},"content":{"rendered":"\n<header>\n<p>Al\u00e9m da compra de livros, o acervo da biblioteca cresce por doa\u00e7\u00f5es.<\/p>\n<\/header>\n<div class=\"entry-content\">\n<div class=\"elementor elementor-298 elementor-bc-flex-widget\" data-elementor-type=\"wp-post\" data-elementor-id=\"298\" data-elementor-settings=\"[]\">\n<div class=\"elementor-inner\">\n<div class=\"elementor-section-wrap\">\n<section class=\"elementor-section elementor-top-section elementor-element elementor-element-1e95207 elementor-section-boxed elementor-section-height-default elementor-section-height-default\" data-id=\"1e95207\" data-element_type=\"section\">\n<div class=\"elementor-container elementor-column-gap-default\">\n<div class=\"elementor-row\">\n<div class=\"elementor-column elementor-col-100 elementor-top-column elementor-element elementor-element-2641e98\" data-id=\"2641e98\" data-element_type=\"column\">\n<div class=\"elementor-column-wrap elementor-element-populated\">\n<div class=\"elementor-widget-wrap\">\n<div class=\"elementor-element elementor-element-b9d28d0 elementor-widget elementor-widget-text-editor\" data-id=\"b9d28d0\" data-element_type=\"widget\" data-widget_type=\"text-editor.default\">\n<div class=\"elementor-widget-container\">\n<div class=\"elementor-text-editor elementor-clearfix\">\n<p>Qualquer pessoa vinculada \u00e0 UFSM pode sugerir obras para serem adquiridas. Pessoas sem v\u00ednculo devem fazer a solicita\u00e7\u00e3o\u00a0<span id=\"cloak71a5b03de53f149f7ae6bdca9f3484ea\"><a href=\"mailto:biblioteca.ccne@ufsm.br\">por e-mail<\/a><\/span>.<\/p>\n<p>Estes servi\u00e7os s\u00e3o abertos para toda a comunidade externa \u00e0 UFSM.<\/p>\n<p><strong>Como doar<\/strong><\/p>\n<p>Basta trazer as obras para a biblioteca. Elas passar\u00e3o por uma avalia\u00e7\u00e3o t\u00e9cnica dos bibliotec\u00e1rios e poder\u00e3o, ou n\u00e3o, ser adicionadas ao acervo. Tenha em mente que a partir do momento da doa\u00e7\u00e3o, voc\u00ea dar\u00e1 \u00e0 BSCCNE o direito de dispor dos itens como melhor lhe aprouver.<\/p>\n<p>Leve em considera\u00e7\u00e3o os seguintes crit\u00e9rios se quiser fazer uma doa\u00e7\u00e3o:<\/p>\n<ul>\n<li>O assunto \u00e9 adequado: a BSCCNE tem foco relacionado aos cursos de Meteorologia, Geografia, Matem\u00e1tica, F\u00edsica, Qu\u00edmica, Biologia, Estat\u00edstica e \u00e1reas afins. Obras de outros assuntos podem ser doados a outras bibliotecas da UFSM, de outras institui\u00e7\u00f5es ou at\u00e9 mesmo \u00e0 <a href=\"http:\/\/www.santamaria.rs.gov.br\/cultura\/49-biblioteca-publica-municipal\">Biblioteca P\u00fablica Municipal<\/a>;<\/li>\n<li>O item est\u00e1 em bom estado: livros rasgados, riscados ou com infesta\u00e7\u00f5es de pragas (brocas, tra\u00e7as, fungos, entre outros) n\u00e3o ser\u00e3o absorvidos \u00e0 cole\u00e7\u00e3o, pois trazem riscos ao resto do acervo;<\/li>\n<li>Quantidade: doa\u00e7\u00f5es muito volumosas devem ser agendadas, para que se organize o recebimento e o armazenamento das caixas.<\/li>\n<\/ul>\n<p><strong>Doa\u00e7\u00f5es para quitamento de d\u00e9bitos<\/strong><\/p>\n<p>A multa por atraso tem finalidade pedag\u00f3gica para que os usu\u00e1rios das bibliotecas atentem ao prazo de devolu\u00e7\u00e3o das obras em sua posse. Leia mais sobre as regras para empr\u00e9stimo na se\u00e7\u00e3o\u00a0Empr\u00e9stimo*.<\/p>\n<p>As multas altas podem ser negociadas e quitadas atrav\u00e9s da doa\u00e7\u00e3o de obras para a biblioteca. Em geral, se calcula a doa\u00e7\u00e3o de uma obra para cada R$ 30,00 de multa acumulada. Casos excepcionais podem ser avaliados pelo bibliotec\u00e1rio.<\/p>\n<p>Alguns crit\u00e9rios utilizados para avalia\u00e7\u00e3o das obras doadas para quitamento de d\u00e9bitos:<\/p>\n<ul>\n<li>O assunto \u00e9 adequado: somente s\u00e3o aceitas obras relacionadas aos cursos de Meteorologia, Geografia, Matem\u00e1tica, F\u00edsica, Qu\u00edmica, Biologia, Estat\u00edstica e \u00e1reas afins para quitamento de d\u00e9bitos;<\/li>\n<li>O item \u00e9 novo e\/ou est\u00e1 atualizado: obras desatualizadas, mesmo que em bom estado e da tem\u00e1tica adequada, n\u00e3o ser\u00e3o aceitas para quitamento de d\u00e9bitos;<\/li>\n<li>O item est\u00e1 em perfeito estado de conserva\u00e7\u00e3o: livros usados podem ser doados para quitamento de d\u00e9bitos desde que estejam em \u00f3timo estado de conserva\u00e7\u00e3o (sem rasuras, rasgos, manchas ou outros danos).<\/li>\n<\/ul>\n<p><strong>Sugira t\u00edtulos para compra<\/strong><\/p>\n<p>Ajude a qualificar o acervo fazendo sugest\u00f5es de compra.<\/p>\n<p>Visite a p\u00e1gina de\u00a0<a href=\"https:\/\/portal.ufsm.br\/biblioteca\/pesquisa\/index.html\" target=\"_blank\" rel=\"noopener\">pesquisa no cat\u00e1logo<\/a>.\u00a0No menu superior, selecione \u201cAquisi\u00e7\u00f5es\u201d e depois \u201cNova solicita\u00e7\u00e3o.\u201d<br \/>Identifique-se e preencha todos dados poss\u00edveis, para agilizar a avalia\u00e7\u00e3o.<br \/>Repita o processo para cada t\u00edtulo que desejar sugerir.<\/p>\n<p><img fetchpriority=\"high\" decoding=\"async\" class=\"wp-image-2161 size-full alignnone\" src=\"https:\/\/www.ufsm.br\/app\/uploads\/sites\/362\/2021\/11\/portalbiblio-1024x278-1.png\" alt=\"\" width=\"1024\" height=\"278\" srcset=\"https:\/\/www.ufsm.br\/app\/uploads\/sites\/362\/2021\/11\/portalbiblio-1024x278-1.png 1024w, https:\/\/www.ufsm.br\/app\/uploads\/sites\/362\/2021\/11\/portalbiblio-1024x278-1-300x81.png 300w, https:\/\/www.ufsm.br\/app\/uploads\/sites\/362\/2021\/11\/portalbiblio-1024x278-1-768x209.png 768w\" sizes=\"(max-width: 1024px) 100vw, 1024px\" \/><\/p>\n<\/div>\n<p><strong>Livros mais desejados (t\u00edtulos mais retirados)<\/strong><\/p>\n<p>Ajude fazendo doa\u00e7\u00f5es dos seguintes livros:<\/p>\n<p><img decoding=\"async\" class=\"wp-image-2163 size-full alignnone\" src=\"https:\/\/www.ufsm.br\/app\/uploads\/sites\/362\/2021\/11\/Livros-mais-desejados.png\" alt=\"\" width=\"1348\" height=\"916\" srcset=\"https:\/\/www.ufsm.br\/app\/uploads\/sites\/362\/2021\/11\/Livros-mais-desejados.png 1348w, https:\/\/www.ufsm.br\/app\/uploads\/sites\/362\/2021\/11\/Livros-mais-desejados-300x204.png 300w, https:\/\/www.ufsm.br\/app\/uploads\/sites\/362\/2021\/11\/Livros-mais-desejados-1024x696.png 1024w, https:\/\/www.ufsm.br\/app\/uploads\/sites\/362\/2021\/11\/Livros-mais-desejados-768x522.png 768w\" sizes=\"(max-width: 1348px) 100vw, 1348px\" \/><\/p>\n<\/div>\n<\/div>\n<\/div>\n<\/div>\n<\/div>\n<\/div>\n<\/div>\n<\/section>\n<\/div>\n<\/div>\n<\/div>\n<\/div>\n","protected":false},"excerpt":{"rendered":"<p>Al\u00e9m da compra de livros, o acervo da biblioteca cresce por doa\u00e7\u00f5es. Qualquer pessoa vinculada \u00e0 UFSM pode sugerir obras para serem adquiridas. Pessoas sem v\u00ednculo devem fazer a solicita\u00e7\u00e3o\u00a0por e-mail. Estes servi\u00e7os s\u00e3o abertos para toda a comunidade externa \u00e0 UFSM. Como doar Basta trazer as obras para a biblioteca. Elas passar\u00e3o por uma [&hellip;]<\/p>\n","protected":false},"author":4995,"featured_media":0,"parent":0,"menu_order":0,"comment_status":"closed","ping_status":"closed","template":"","meta":{"footnotes":""},"categories":[],"tags":[],"class_list":["post-2160","page","type-page","status-publish","hentry"],"acf":[],"_links":{"self":[{"href":"https:\/\/www.ufsm.br\/orgaos-suplementares\/biblioteca\/wp-json\/wp\/v2\/pages\/2160","targetHints":{"allow":["GET"]}}],"collection":[{"href":"https:\/\/www.ufsm.br\/orgaos-suplementares\/biblioteca\/wp-json\/wp\/v2\/pages"}],"about":[{"href":"https:\/\/www.ufsm.br\/orgaos-suplementares\/biblioteca\/wp-json\/wp\/v2\/types\/page"}],"author":[{"embeddable":true,"href":"https:\/\/www.ufsm.br\/orgaos-suplementares\/biblioteca\/wp-json\/wp\/v2\/users\/4995"}],"replies":[{"embeddable":true,"href":"https:\/\/www.ufsm.br\/orgaos-suplementares\/biblioteca\/wp-json\/wp\/v2\/comments?post=2160"}],"version-history":[{"count":0,"href":"https:\/\/www.ufsm.br\/orgaos-suplementares\/biblioteca\/wp-json\/wp\/v2\/pages\/2160\/revisions"}],"wp:attachment":[{"href":"https:\/\/www.ufsm.br\/orgaos-suplementares\/biblioteca\/wp-json\/wp\/v2\/media?parent=2160"}],"wp:term":[{"taxonomy":"category","embeddable":true,"href":"https:\/\/www.ufsm.br\/orgaos-suplementares\/biblioteca\/wp-json\/wp\/v2\/categories?post=2160"},{"taxonomy":"post_tag","embeddable":true,"href":"https:\/\/www.ufsm.br\/orgaos-suplementares\/biblioteca\/wp-json\/wp\/v2\/tags?post=2160"}],"curies":[{"name":"wp","href":"https:\/\/api.w.org\/{rel}","templated":true}]}}