{"id":228,"date":"2018-12-12T10:32:36","date_gmt":"2018-12-12T12:32:36","guid":{"rendered":"https:\/\/www.ufsm.br\/orgaos-suplementares\/biblioteca\/?page_id=228"},"modified":"2025-08-29T11:21:15","modified_gmt":"2025-08-29T14:21:15","slug":"sobre","status":"publish","type":"page","link":"https:\/\/www.ufsm.br\/orgaos-suplementares\/biblioteca\/sobre","title":{"rendered":"Sobre"},"content":{"rendered":"<p><img fetchpriority=\"high\" decoding=\"async\" class=\"wp-image-2577 alignright\" src=\"https:\/\/www.ufsm.br\/app\/uploads\/sites\/362\/2022\/08\/20220418_131208-2-300x189.jpg\" alt=\"\" width=\"797\" height=\"502\" srcset=\"https:\/\/www.ufsm.br\/app\/uploads\/sites\/362\/2022\/08\/20220418_131208-2-300x189.jpg 300w, https:\/\/www.ufsm.br\/app\/uploads\/sites\/362\/2022\/08\/20220418_131208-2-1024x646.jpg 1024w, https:\/\/www.ufsm.br\/app\/uploads\/sites\/362\/2022\/08\/20220418_131208-2-768x485.jpg 768w, https:\/\/www.ufsm.br\/app\/uploads\/sites\/362\/2022\/08\/20220418_131208-2-1536x970.jpg 1536w, https:\/\/www.ufsm.br\/app\/uploads\/sites\/362\/2022\/08\/20220418_131208-2.jpg 1920w\" sizes=\"(max-width: 797px) 100vw, 797px\" \/><\/p>\n<p>A Biblioteca Setorial do Centro de Ci\u00eancias Rurais (BSCCR) foi fundada em 1992, organizada inicialmente por um bibliotec\u00e1rio cedido pela Biblioteca Central, e foi pioneira na implanta\u00e7\u00e3o do sistema SIE, utilizado por todas as bibliotecas da UFSM. Ela subsidia o apoio ao ensino, \u00e0 pesquisa e \u00e0 extens\u00e3o. Visa atender prioritariamente alunos e professores dos cursos de gradua\u00e7\u00e3o (Agroneg\u00f3cio, Agronomia, Engenharia Florestal, Medicina Veterin\u00e1ria, Tecnologia de Alimentos e Zootecnia) e de p\u00f3s-gradua\u00e7\u00e3o (lato sensu e stricto sensu) da UFSM.<\/p>\n<p>Ela \u00e9 aberta a toda comunidade acad\u00eamica (discentes, docentes e servidores t\u00e9cnico-administrativos da UFSM), sendo que alguns de seus servi\u00e7os tamb\u00e9m s\u00e3o abertos \u00e0 comunidade em geral, sem v\u00ednculo com a universidade.<\/p>\n<p>O local possui amplos espa\u00e7os de estudo, com mesas de estudo individual ou em grupo, ambientes climatizados e com acesso \u00e0 internet por wifi, al\u00e9m de uma sala de reuni\u00f5es para video confer\u00eancias e grupos.<\/p>\n<p>A equipe da biblioteca \u00e9 composta por um bibliotec\u00e1rio, tr\u00eas servidores t\u00e9cnico-administrativos e tr\u00eas bolsistas.<\/p>\n<p>O hor\u00e1rio de atendimento \u00e9 de segunda a sexta-feira, das 8h \u00e0s 17h.<\/p>\n","protected":false},"excerpt":{"rendered":"<p>A Biblioteca Setorial do Centro de Ci\u00eancias Rurais (BSCCR) foi fundada em 1992, organizada inicialmente por um bibliotec\u00e1rio cedido pela Biblioteca Central, e foi pioneira na implanta\u00e7\u00e3o do sistema SIE, utilizado por todas as bibliotecas da UFSM. Ela subsidia o apoio ao ensino, \u00e0 pesquisa e \u00e0 extens\u00e3o. Visa atender prioritariamente alunos e professores dos [&hellip;]<\/p>\n","protected":false},"author":115,"featured_media":0,"parent":0,"menu_order":0,"comment_status":"closed","ping_status":"closed","template":"","meta":{"footnotes":""},"categories":[],"tags":[],"class_list":["post-228","page","type-page","status-publish","hentry"],"acf":[],"_links":{"self":[{"href":"https:\/\/www.ufsm.br\/orgaos-suplementares\/biblioteca\/wp-json\/wp\/v2\/pages\/228","targetHints":{"allow":["GET"]}}],"collection":[{"href":"https:\/\/www.ufsm.br\/orgaos-suplementares\/biblioteca\/wp-json\/wp\/v2\/pages"}],"about":[{"href":"https:\/\/www.ufsm.br\/orgaos-suplementares\/biblioteca\/wp-json\/wp\/v2\/types\/page"}],"author":[{"embeddable":true,"href":"https:\/\/www.ufsm.br\/orgaos-suplementares\/biblioteca\/wp-json\/wp\/v2\/users\/115"}],"replies":[{"embeddable":true,"href":"https:\/\/www.ufsm.br\/orgaos-suplementares\/biblioteca\/wp-json\/wp\/v2\/comments?post=228"}],"version-history":[{"count":0,"href":"https:\/\/www.ufsm.br\/orgaos-suplementares\/biblioteca\/wp-json\/wp\/v2\/pages\/228\/revisions"}],"wp:attachment":[{"href":"https:\/\/www.ufsm.br\/orgaos-suplementares\/biblioteca\/wp-json\/wp\/v2\/media?parent=228"}],"wp:term":[{"taxonomy":"category","embeddable":true,"href":"https:\/\/www.ufsm.br\/orgaos-suplementares\/biblioteca\/wp-json\/wp\/v2\/categories?post=228"},{"taxonomy":"post_tag","embeddable":true,"href":"https:\/\/www.ufsm.br\/orgaos-suplementares\/biblioteca\/wp-json\/wp\/v2\/tags?post=228"}],"curies":[{"name":"wp","href":"https:\/\/api.w.org\/{rel}","templated":true}]}}