{"id":229,"date":"2018-12-12T10:33:15","date_gmt":"2018-12-12T12:33:15","guid":{"rendered":"https:\/\/www.ufsm.br\/orgaos-suplementares\/biblioteca\/?page_id=229"},"modified":"2023-03-21T12:37:26","modified_gmt":"2023-03-21T15:37:26","slug":"equipe-3","status":"publish","type":"page","link":"https:\/\/www.ufsm.br\/orgaos-suplementares\/biblioteca\/equipe-3","title":{"rendered":"Equipe"},"content":{"rendered":"\t\t<div data-elementor-type=\"wp-post\" data-elementor-id=\"229\" class=\"elementor elementor-229\">\n\t\t\t\t\t\t<section class=\"elementor-section elementor-top-section elementor-element elementor-element-40c1086 elementor-section-boxed elementor-section-height-default elementor-section-height-default\" data-id=\"40c1086\" data-element_type=\"section\">\n\t\t\t\t\t\t<div class=\"elementor-container elementor-column-gap-default\">\n\t\t\t\t\t<div class=\"elementor-column elementor-col-100 elementor-top-column elementor-element elementor-element-fa0a778\" data-id=\"fa0a778\" data-element_type=\"column\">\n\t\t\t<div class=\"elementor-widget-wrap elementor-element-populated\">\n\t\t\t\t\t\t<div class=\"elementor-element elementor-element-3a71465 elementor-widget elementor-widget-text-editor\" data-id=\"3a71465\" data-element_type=\"widget\" data-widget_type=\"text-editor.default\">\n\t\t\t\t<div class=\"elementor-widget-container\">\n\t\t\t\t\t\t\t<div class=\"gmail_default\">Bibliotec\u00e1rio-documentalista &#8211; Fernando Leipnitz<\/div><div class=\"gmail_default\">Assistente em Administra\u00e7\u00e3o &#8211; Luis\u00a0Felipe Telles Guterres\u00a0<\/div><div class=\"gmail_default\">Assistente em Administra\u00e7\u00e3o &#8211; M\u00e1rcia Cristina Gon\u00e7alves<\/div><div class=\"gmail_default\">Auxiliar em Administra\u00e7\u00e3o &#8211; Caroline Miozzo Cavalcante<\/div>\t\t\t\t\t\t<\/div>\n\t\t\t\t<\/div>\n\t\t\t\t\t<\/div>\n\t\t<\/div>\n\t\t\t\t\t<\/div>\n\t\t<\/section>\n\t\t\t\t<\/div>\n\t\t","protected":false},"excerpt":{"rendered":"<p>Bibliotec\u00e1rio-documentalista &#8211; Fernando LeipnitzAssistente em Administra\u00e7\u00e3o &#8211; Luis\u00a0Felipe Telles Guterres\u00a0Assistente em Administra\u00e7\u00e3o &#8211; M\u00e1rcia Cristina Gon\u00e7alvesAuxiliar em Administra\u00e7\u00e3o &#8211; Caroline Miozzo Cavalcante<\/p>\n","protected":false},"author":115,"featured_media":0,"parent":0,"menu_order":0,"comment_status":"closed","ping_status":"closed","template":"","meta":{"footnotes":""},"categories":[],"tags":[],"class_list":["post-229","page","type-page","status-publish","hentry"],"acf":[],"_links":{"self":[{"href":"https:\/\/www.ufsm.br\/orgaos-suplementares\/biblioteca\/wp-json\/wp\/v2\/pages\/229","targetHints":{"allow":["GET"]}}],"collection":[{"href":"https:\/\/www.ufsm.br\/orgaos-suplementares\/biblioteca\/wp-json\/wp\/v2\/pages"}],"about":[{"href":"https:\/\/www.ufsm.br\/orgaos-suplementares\/biblioteca\/wp-json\/wp\/v2\/types\/page"}],"author":[{"embeddable":true,"href":"https:\/\/www.ufsm.br\/orgaos-suplementares\/biblioteca\/wp-json\/wp\/v2\/users\/115"}],"replies":[{"embeddable":true,"href":"https:\/\/www.ufsm.br\/orgaos-suplementares\/biblioteca\/wp-json\/wp\/v2\/comments?post=229"}],"version-history":[{"count":0,"href":"https:\/\/www.ufsm.br\/orgaos-suplementares\/biblioteca\/wp-json\/wp\/v2\/pages\/229\/revisions"}],"wp:attachment":[{"href":"https:\/\/www.ufsm.br\/orgaos-suplementares\/biblioteca\/wp-json\/wp\/v2\/media?parent=229"}],"wp:term":[{"taxonomy":"category","embeddable":true,"href":"https:\/\/www.ufsm.br\/orgaos-suplementares\/biblioteca\/wp-json\/wp\/v2\/categories?post=229"},{"taxonomy":"post_tag","embeddable":true,"href":"https:\/\/www.ufsm.br\/orgaos-suplementares\/biblioteca\/wp-json\/wp\/v2\/tags?post=229"}],"curies":[{"name":"wp","href":"https:\/\/api.w.org\/{rel}","templated":true}]}}