{"id":230,"date":"2018-12-12T10:38:42","date_gmt":"2018-12-12T12:38:42","guid":{"rendered":"https:\/\/www.ufsm.br\/orgaos-suplementares\/biblioteca\/?page_id=230"},"modified":"2025-08-29T11:17:25","modified_gmt":"2025-08-29T14:17:25","slug":"contato-2","status":"publish","type":"page","link":"https:\/\/www.ufsm.br\/orgaos-suplementares\/biblioteca\/contato-2","title":{"rendered":"Contato"},"content":{"rendered":"\t\t<div data-elementor-type=\"wp-post\" data-elementor-id=\"230\" class=\"elementor elementor-230\">\n\t\t\t\t\t\t<section class=\"elementor-section elementor-top-section elementor-element elementor-element-4d2df926 elementor-section-boxed elementor-section-height-default elementor-section-height-default\" data-id=\"4d2df926\" data-element_type=\"section\">\n\t\t\t\t\t\t<div class=\"elementor-container elementor-column-gap-default\">\n\t\t\t\t\t<div class=\"elementor-column elementor-col-100 elementor-top-column elementor-element elementor-element-62fb2b7d\" data-id=\"62fb2b7d\" data-element_type=\"column\">\n\t\t\t<div class=\"elementor-widget-wrap elementor-element-populated\">\n\t\t\t\t\t\t<div class=\"elementor-element elementor-element-61dc7917 elementor-drop-cap-yes elementor-drop-cap-view-default elementor-widget elementor-widget-text-editor\" data-id=\"61dc7917\" data-element_type=\"widget\" data-settings=\"{&quot;drop_cap&quot;:&quot;yes&quot;}\" data-widget_type=\"text-editor.default\">\n\t\t\t\t<div class=\"elementor-widget-container\">\n\t\t\t\t\t\t\t<p><strong>E-mail da Dire\u00e7\u00e3o:<\/strong>\u00a0<a href=\"mailto:bsscr@ufsm.br\"><span style=\"font-size: 11pt;font-family: Arial;color: #1155cc;background-color: transparent\">bsccr@ufsm.br<\/span><\/a>\u00a0<\/p><p><strong><span style=\"font-size: 1.1em\">E-mail do Empr\u00e9stimo:\u00a0<\/span><\/strong><a style=\"font-size: 1.1em;background-color: white\" href=\"mailto:emprestimobsccr@ufsm.br\"><span style=\"font-size: 11pt;font-family: Arial;color: #1155cc;background-color: transparent\">emprestimobsccr@ufsm.br<\/span><\/a><\/p><p><strong>Telefone:<\/strong> (55) 3220-8894<br \/><strong style=\"font-size: 1rem;background-color: var(--bs-body-bg);text-align: var(--bs-body-text-align)\">Hor\u00e1rio de atendimento:<\/strong><span style=\"font-size: 1rem;background-color: var(--bs-body-bg);text-align: var(--bs-body-text-align)\">\u00a0 de segunda a sexta-feira, das 8h \u00e0s 17h<\/span><\/p><p><strong>Endere\u00e7o:<\/strong> Pr\u00e9dio 43-B <strong>Sala:<\/strong> BSCCR<br \/>UFSM, Cidade Universit\u00e1ria, Campus Sede.<\/p><p><span style=\"color: #000000;font-size: 16px;background-color: var(--bs-body-bg);text-align: var(--bs-body-text-align);font-weight: bolder\">Redes sociais:<\/span><\/p><p><a style=\"font-size: 16px;background-color: var(--bs-body-bg);text-align: var(--bs-body-text-align);color: #204c90\" href=\"http:\/\/www.fb.com\/BibliotecaSetorialdoCCR\" target=\"_blank\" rel=\"noopener\">Facebook: fb.com\/BibliotecaSetorialdoCCR<\/a><span style=\"color: #000000;font-size: 16px;background-color: var(--bs-body-bg);text-align: var(--bs-body-text-align)\"> \/<\/span><\/p><p><span style=\"color: #000000;font-size: 16px;background-color: var(--bs-body-bg);text-align: var(--bs-body-text-align)\">Instagram: <a href=\"https:\/\/www.instagram.com\/biblioccr\/\">https:\/\/www.instagram.com\/biblioccr\/<\/a><\/span><\/p><p>\u00a0<\/p>\t\t\t\t\t\t<\/div>\n\t\t\t\t<\/div>\n\t\t\t\t\t<\/div>\n\t\t<\/div>\n\t\t\t\t\t<\/div>\n\t\t<\/section>\n\t\t\t\t<section class=\"elementor-section elementor-top-section elementor-element elementor-element-012fb0b elementor-section-boxed elementor-section-height-default elementor-section-height-default\" data-id=\"012fb0b\" data-element_type=\"section\">\n\t\t\t\t\t\t<div class=\"elementor-container elementor-column-gap-default\">\n\t\t\t\t\t<div class=\"elementor-column elementor-col-100 elementor-top-column elementor-element elementor-element-fb6a5a8\" data-id=\"fb6a5a8\" data-element_type=\"column\">\n\t\t\t<div class=\"elementor-widget-wrap elementor-element-populated\">\n\t\t\t\t\t\t<div class=\"elementor-element elementor-element-f8d8621 elementor-widget elementor-widget-google_maps\" data-id=\"f8d8621\" data-element_type=\"widget\" data-widget_type=\"google_maps.default\">\n\t\t\t\t<div class=\"elementor-widget-container\">\n\t\t\t\t\t<div class=\"elementor-custom-embed\">\n\t\t\t<iframe loading=\"lazy\"\n\t\t\t\t\tsrc=\"https:\/\/maps.google.com\/maps?q=universidade%20federal%20de%20santa%20maria%2C%20centro%20de%20ciencias%20rurais&#038;t=m&#038;z=10&#038;output=embed&#038;iwloc=near\"\n\t\t\t\t\ttitle=\"universidade federal de santa maria, centro de ciencias rurais\"\n\t\t\t\t\taria-label=\"universidade federal de santa maria, centro de ciencias rurais\"\n\t\t\t><\/iframe>\n\t\t<\/div>\n\t\t\t\t<\/div>\n\t\t\t\t<\/div>\n\t\t\t\t\t<\/div>\n\t\t<\/div>\n\t\t\t\t\t<\/div>\n\t\t<\/section>\n\t\t\t\t<\/div>\n\t\t","protected":false},"excerpt":{"rendered":"<p>E-mail da Dire\u00e7\u00e3o:\u00a0bsccr@ufsm.br\u00a0 E-mail do Empr\u00e9stimo:\u00a0emprestimobsccr@ufsm.br Telefone: (55) 3220-8894Hor\u00e1rio de atendimento:\u00a0 de segunda a sexta-feira, das 8h \u00e0s 17h Endere\u00e7o: Pr\u00e9dio 43-B Sala: BSCCRUFSM, Cidade Universit\u00e1ria, Campus Sede. Redes sociais: Facebook: fb.com\/BibliotecaSetorialdoCCR \/ Instagram: https:\/\/www.instagram.com\/biblioccr\/ \u00a0<\/p>\n","protected":false},"author":115,"featured_media":0,"parent":0,"menu_order":0,"comment_status":"closed","ping_status":"closed","template":"","meta":{"footnotes":""},"categories":[],"tags":[],"class_list":["post-230","page","type-page","status-publish","hentry"],"acf":[],"_links":{"self":[{"href":"https:\/\/www.ufsm.br\/orgaos-suplementares\/biblioteca\/wp-json\/wp\/v2\/pages\/230","targetHints":{"allow":["GET"]}}],"collection":[{"href":"https:\/\/www.ufsm.br\/orgaos-suplementares\/biblioteca\/wp-json\/wp\/v2\/pages"}],"about":[{"href":"https:\/\/www.ufsm.br\/orgaos-suplementares\/biblioteca\/wp-json\/wp\/v2\/types\/page"}],"author":[{"embeddable":true,"href":"https:\/\/www.ufsm.br\/orgaos-suplementares\/biblioteca\/wp-json\/wp\/v2\/users\/115"}],"replies":[{"embeddable":true,"href":"https:\/\/www.ufsm.br\/orgaos-suplementares\/biblioteca\/wp-json\/wp\/v2\/comments?post=230"}],"version-history":[{"count":0,"href":"https:\/\/www.ufsm.br\/orgaos-suplementares\/biblioteca\/wp-json\/wp\/v2\/pages\/230\/revisions"}],"wp:attachment":[{"href":"https:\/\/www.ufsm.br\/orgaos-suplementares\/biblioteca\/wp-json\/wp\/v2\/media?parent=230"}],"wp:term":[{"taxonomy":"category","embeddable":true,"href":"https:\/\/www.ufsm.br\/orgaos-suplementares\/biblioteca\/wp-json\/wp\/v2\/categories?post=230"},{"taxonomy":"post_tag","embeddable":true,"href":"https:\/\/www.ufsm.br\/orgaos-suplementares\/biblioteca\/wp-json\/wp\/v2\/tags?post=230"}],"curies":[{"name":"wp","href":"https:\/\/api.w.org\/{rel}","templated":true}]}}