{"id":2312,"date":"2022-04-25T15:31:45","date_gmt":"2022-04-25T18:31:45","guid":{"rendered":"https:\/\/www.ufsm.br\/orgaos-suplementares\/biblioteca\/?page_id=2312"},"modified":"2022-04-25T15:48:43","modified_gmt":"2022-04-25T18:48:43","slug":"aquisicoes-de-marco-de-2022","status":"publish","type":"page","link":"https:\/\/www.ufsm.br\/orgaos-suplementares\/biblioteca\/aquisicoes-de-marco-de-2022","title":{"rendered":"Aquisi\u00e7\u00f5es de Mar\u00e7o de 2022"},"content":{"rendered":"\t\t<div data-elementor-type=\"wp-page\" data-elementor-id=\"2312\" class=\"elementor elementor-2312\">\n\t\t\t\t\t\t<section class=\"elementor-section elementor-top-section elementor-element elementor-element-1f106861 elementor-section-boxed elementor-section-height-default elementor-section-height-default\" data-id=\"1f106861\" data-element_type=\"section\">\n\t\t\t\t\t\t<div class=\"elementor-container elementor-column-gap-default\">\n\t\t\t\t\t<div class=\"elementor-column elementor-col-100 elementor-top-column elementor-element elementor-element-51ab6008\" data-id=\"51ab6008\" data-element_type=\"column\">\n\t\t\t<div class=\"elementor-widget-wrap elementor-element-populated\">\n\t\t\t\t\t\t<div class=\"elementor-element elementor-element-420938e0 elementor-widget elementor-widget-text-editor\" data-id=\"420938e0\" data-element_type=\"widget\" data-widget_type=\"text-editor.default\">\n\t\t\t\t<div class=\"elementor-widget-container\">\n\t\t\t\t\t\t\t<!-- wp:tadv\/classic-paragraph \/-->\t\t\t\t\t\t<\/div>\n\t\t\t\t<\/div>\n\t\t\t\t\t<\/div>\n\t\t<\/div>\n\t\t\t\t\t<\/div>\n\t\t<\/section>\n\t\t\t\t<section class=\"elementor-section elementor-top-section elementor-element elementor-element-73f30c5 elementor-section-boxed elementor-section-height-default elementor-section-height-default\" data-id=\"73f30c5\" data-element_type=\"section\">\n\t\t\t\t\t\t<div class=\"elementor-container elementor-column-gap-default\">\n\t\t\t\t\t<div class=\"elementor-column elementor-col-100 elementor-top-column elementor-element elementor-element-09afd69\" data-id=\"09afd69\" data-element_type=\"column\">\n\t\t\t<div class=\"elementor-widget-wrap elementor-element-populated\">\n\t\t\t\t\t\t<div class=\"elementor-element elementor-element-f0c46f1 elementor-widget elementor-widget-image-gallery\" data-id=\"f0c46f1\" data-element_type=\"widget\" data-widget_type=\"image-gallery.default\">\n\t\t\t\t<div class=\"elementor-widget-container\">\n\t\t\t\t\t<div class=\"elementor-image-gallery\">\n\t\t\t<div id='gallery-1' class='gallery galleryid-2312 gallery-columns-2 gallery-size-large'><figure class='gallery-item'>\n\t\t\t<div class='gallery-icon landscape'>\n\t\t\t\t<a data-elementor-open-lightbox=\"yes\" data-elementor-lightbox-slideshow=\"f0c46f1\" data-elementor-lightbox-title=\"mar\u00e7o9\" data-e-action-hash=\"#elementor-action%3Aaction%3Dlightbox%26settings%3DeyJpZCI6MjMxNSwidXJsIjoiaHR0cHM6XC9cL3d3dy51ZnNtLmJyXC9hcHBcL3VwbG9hZHNcL3NpdGVzXC8zNjJcLzIwMjJcLzA0XC9tYXJjbzktMS5qcGciLCJzbGlkZXNob3ciOiJmMGM0NmYxIn0%3D\" href='https:\/\/www.ufsm.br\/app\/uploads\/sites\/362\/2022\/04\/marco9-1.jpg'><img fetchpriority=\"high\" decoding=\"async\" width=\"940\" height=\"788\" src=\"https:\/\/www.ufsm.br\/app\/uploads\/sites\/362\/2022\/04\/marco9-1.jpg\" class=\"attachment-large size-large\" alt=\"\" srcset=\"https:\/\/www.ufsm.br\/app\/uploads\/sites\/362\/2022\/04\/marco9-1.jpg 940w, https:\/\/www.ufsm.br\/app\/uploads\/sites\/362\/2022\/04\/marco9-1-300x251.jpg 300w, https:\/\/www.ufsm.br\/app\/uploads\/sites\/362\/2022\/04\/marco9-1-768x644.jpg 768w\" sizes=\"(max-width: 940px) 100vw, 940px\" \/><\/a>\n\t\t\t<\/div><\/figure><figure class='gallery-item'>\n\t\t\t<div class='gallery-icon landscape'>\n\t\t\t\t<a data-elementor-open-lightbox=\"yes\" data-elementor-lightbox-slideshow=\"f0c46f1\" data-elementor-lightbox-title=\"mar\u00e7o8\" data-e-action-hash=\"#elementor-action%3Aaction%3Dlightbox%26settings%3DeyJpZCI6MjMxNiwidXJsIjoiaHR0cHM6XC9cL3d3dy51ZnNtLmJyXC9hcHBcL3VwbG9hZHNcL3NpdGVzXC8zNjJcLzIwMjJcLzA0XC9tYXJjbzguanBnIiwic2xpZGVzaG93IjoiZjBjNDZmMSJ9\" href='https:\/\/www.ufsm.br\/app\/uploads\/sites\/362\/2022\/04\/marco8.jpg'><img decoding=\"async\" width=\"940\" height=\"788\" src=\"https:\/\/www.ufsm.br\/app\/uploads\/sites\/362\/2022\/04\/marco8.jpg\" class=\"attachment-large size-large\" alt=\"\" srcset=\"https:\/\/www.ufsm.br\/app\/uploads\/sites\/362\/2022\/04\/marco8.jpg 940w, https:\/\/www.ufsm.br\/app\/uploads\/sites\/362\/2022\/04\/marco8-300x251.jpg 300w, https:\/\/www.ufsm.br\/app\/uploads\/sites\/362\/2022\/04\/marco8-768x644.jpg 768w\" sizes=\"(max-width: 940px) 100vw, 940px\" \/><\/a>\n\t\t\t<\/div><\/figure><figure class='gallery-item'>\n\t\t\t<div class='gallery-icon landscape'>\n\t\t\t\t<a data-elementor-open-lightbox=\"yes\" data-elementor-lightbox-slideshow=\"f0c46f1\" data-elementor-lightbox-title=\"mar\u00e7o7\" data-e-action-hash=\"#elementor-action%3Aaction%3Dlightbox%26settings%3DeyJpZCI6MjMxNywidXJsIjoiaHR0cHM6XC9cL3d3dy51ZnNtLmJyXC9hcHBcL3VwbG9hZHNcL3NpdGVzXC8zNjJcLzIwMjJcLzA0XC9tYXJjbzcuanBnIiwic2xpZGVzaG93IjoiZjBjNDZmMSJ9\" href='https:\/\/www.ufsm.br\/app\/uploads\/sites\/362\/2022\/04\/marco7.jpg'><img decoding=\"async\" width=\"940\" height=\"788\" src=\"https:\/\/www.ufsm.br\/app\/uploads\/sites\/362\/2022\/04\/marco7.jpg\" class=\"attachment-large size-large\" alt=\"\" srcset=\"https:\/\/www.ufsm.br\/app\/uploads\/sites\/362\/2022\/04\/marco7.jpg 940w, https:\/\/www.ufsm.br\/app\/uploads\/sites\/362\/2022\/04\/marco7-300x251.jpg 300w, https:\/\/www.ufsm.br\/app\/uploads\/sites\/362\/2022\/04\/marco7-768x644.jpg 768w\" sizes=\"(max-width: 940px) 100vw, 940px\" \/><\/a>\n\t\t\t<\/div><\/figure><figure class='gallery-item'>\n\t\t\t<div class='gallery-icon landscape'>\n\t\t\t\t<a data-elementor-open-lightbox=\"yes\" data-elementor-lightbox-slideshow=\"f0c46f1\" data-elementor-lightbox-title=\"mar\u00e7o6\" data-e-action-hash=\"#elementor-action%3Aaction%3Dlightbox%26settings%3DeyJpZCI6MjMxOCwidXJsIjoiaHR0cHM6XC9cL3d3dy51ZnNtLmJyXC9hcHBcL3VwbG9hZHNcL3NpdGVzXC8zNjJcLzIwMjJcLzA0XC9tYXJjbzYuanBnIiwic2xpZGVzaG93IjoiZjBjNDZmMSJ9\" href='https:\/\/www.ufsm.br\/app\/uploads\/sites\/362\/2022\/04\/marco6.jpg'><img loading=\"lazy\" decoding=\"async\" width=\"940\" height=\"788\" src=\"https:\/\/www.ufsm.br\/app\/uploads\/sites\/362\/2022\/04\/marco6.jpg\" class=\"attachment-large size-large\" alt=\"\" srcset=\"https:\/\/www.ufsm.br\/app\/uploads\/sites\/362\/2022\/04\/marco6.jpg 940w, https:\/\/www.ufsm.br\/app\/uploads\/sites\/362\/2022\/04\/marco6-300x251.jpg 300w, https:\/\/www.ufsm.br\/app\/uploads\/sites\/362\/2022\/04\/marco6-768x644.jpg 768w\" sizes=\"(max-width: 940px) 100vw, 940px\" \/><\/a>\n\t\t\t<\/div><\/figure><figure class='gallery-item'>\n\t\t\t<div class='gallery-icon landscape'>\n\t\t\t\t<a data-elementor-open-lightbox=\"yes\" data-elementor-lightbox-slideshow=\"f0c46f1\" data-elementor-lightbox-title=\"mar\u00e7o5\" data-e-action-hash=\"#elementor-action%3Aaction%3Dlightbox%26settings%3DeyJpZCI6MjMxOSwidXJsIjoiaHR0cHM6XC9cL3d3dy51ZnNtLmJyXC9hcHBcL3VwbG9hZHNcL3NpdGVzXC8zNjJcLzIwMjJcLzA0XC9tYXJjbzUuanBnIiwic2xpZGVzaG93IjoiZjBjNDZmMSJ9\" href='https:\/\/www.ufsm.br\/app\/uploads\/sites\/362\/2022\/04\/marco5.jpg'><img loading=\"lazy\" decoding=\"async\" width=\"940\" height=\"788\" src=\"https:\/\/www.ufsm.br\/app\/uploads\/sites\/362\/2022\/04\/marco5.jpg\" class=\"attachment-large size-large\" alt=\"\" srcset=\"https:\/\/www.ufsm.br\/app\/uploads\/sites\/362\/2022\/04\/marco5.jpg 940w, https:\/\/www.ufsm.br\/app\/uploads\/sites\/362\/2022\/04\/marco5-300x251.jpg 300w, https:\/\/www.ufsm.br\/app\/uploads\/sites\/362\/2022\/04\/marco5-768x644.jpg 768w\" sizes=\"(max-width: 940px) 100vw, 940px\" \/><\/a>\n\t\t\t<\/div><\/figure><figure class='gallery-item'>\n\t\t\t<div class='gallery-icon landscape'>\n\t\t\t\t<a data-elementor-open-lightbox=\"yes\" data-elementor-lightbox-slideshow=\"f0c46f1\" data-elementor-lightbox-title=\"mar\u00e7o4\" data-e-action-hash=\"#elementor-action%3Aaction%3Dlightbox%26settings%3DeyJpZCI6MjMyMCwidXJsIjoiaHR0cHM6XC9cL3d3dy51ZnNtLmJyXC9hcHBcL3VwbG9hZHNcL3NpdGVzXC8zNjJcLzIwMjJcLzA0XC9tYXJjbzQuanBnIiwic2xpZGVzaG93IjoiZjBjNDZmMSJ9\" href='https:\/\/www.ufsm.br\/app\/uploads\/sites\/362\/2022\/04\/marco4.jpg'><img loading=\"lazy\" decoding=\"async\" width=\"940\" height=\"788\" src=\"https:\/\/www.ufsm.br\/app\/uploads\/sites\/362\/2022\/04\/marco4.jpg\" class=\"attachment-large size-large\" alt=\"\" srcset=\"https:\/\/www.ufsm.br\/app\/uploads\/sites\/362\/2022\/04\/marco4.jpg 940w, https:\/\/www.ufsm.br\/app\/uploads\/sites\/362\/2022\/04\/marco4-300x251.jpg 300w, https:\/\/www.ufsm.br\/app\/uploads\/sites\/362\/2022\/04\/marco4-768x644.jpg 768w\" sizes=\"(max-width: 940px) 100vw, 940px\" \/><\/a>\n\t\t\t<\/div><\/figure><figure class='gallery-item'>\n\t\t\t<div class='gallery-icon landscape'>\n\t\t\t\t<a data-elementor-open-lightbox=\"yes\" data-elementor-lightbox-slideshow=\"f0c46f1\" data-elementor-lightbox-title=\"mar\u00e7o3\" data-e-action-hash=\"#elementor-action%3Aaction%3Dlightbox%26settings%3DeyJpZCI6MjMyMSwidXJsIjoiaHR0cHM6XC9cL3d3dy51ZnNtLmJyXC9hcHBcL3VwbG9hZHNcL3NpdGVzXC8zNjJcLzIwMjJcLzA0XC9tYXJjbzMuanBnIiwic2xpZGVzaG93IjoiZjBjNDZmMSJ9\" href='https:\/\/www.ufsm.br\/app\/uploads\/sites\/362\/2022\/04\/marco3.jpg'><img loading=\"lazy\" decoding=\"async\" width=\"940\" height=\"788\" src=\"https:\/\/www.ufsm.br\/app\/uploads\/sites\/362\/2022\/04\/marco3.jpg\" class=\"attachment-large size-large\" alt=\"\" srcset=\"https:\/\/www.ufsm.br\/app\/uploads\/sites\/362\/2022\/04\/marco3.jpg 940w, https:\/\/www.ufsm.br\/app\/uploads\/sites\/362\/2022\/04\/marco3-300x251.jpg 300w, https:\/\/www.ufsm.br\/app\/uploads\/sites\/362\/2022\/04\/marco3-768x644.jpg 768w\" sizes=\"(max-width: 940px) 100vw, 940px\" \/><\/a>\n\t\t\t<\/div><\/figure><figure class='gallery-item'>\n\t\t\t<div class='gallery-icon landscape'>\n\t\t\t\t<a data-elementor-open-lightbox=\"yes\" data-elementor-lightbox-slideshow=\"f0c46f1\" data-elementor-lightbox-title=\"mar\u00e7o2\" data-e-action-hash=\"#elementor-action%3Aaction%3Dlightbox%26settings%3DeyJpZCI6MjMyMiwidXJsIjoiaHR0cHM6XC9cL3d3dy51ZnNtLmJyXC9hcHBcL3VwbG9hZHNcL3NpdGVzXC8zNjJcLzIwMjJcLzA0XC9tYXJjbzIuanBnIiwic2xpZGVzaG93IjoiZjBjNDZmMSJ9\" href='https:\/\/www.ufsm.br\/app\/uploads\/sites\/362\/2022\/04\/marco2.jpg'><img loading=\"lazy\" decoding=\"async\" width=\"940\" height=\"788\" src=\"https:\/\/www.ufsm.br\/app\/uploads\/sites\/362\/2022\/04\/marco2.jpg\" class=\"attachment-large size-large\" alt=\"\" srcset=\"https:\/\/www.ufsm.br\/app\/uploads\/sites\/362\/2022\/04\/marco2.jpg 940w, https:\/\/www.ufsm.br\/app\/uploads\/sites\/362\/2022\/04\/marco2-300x251.jpg 300w, https:\/\/www.ufsm.br\/app\/uploads\/sites\/362\/2022\/04\/marco2-768x644.jpg 768w\" sizes=\"(max-width: 940px) 100vw, 940px\" \/><\/a>\n\t\t\t<\/div><\/figure><figure class='gallery-item'>\n\t\t\t<div class='gallery-icon landscape'>\n\t\t\t\t<a data-elementor-open-lightbox=\"yes\" data-elementor-lightbox-slideshow=\"f0c46f1\" data-elementor-lightbox-title=\"mar\u00e7o1\" data-e-action-hash=\"#elementor-action%3Aaction%3Dlightbox%26settings%3DeyJpZCI6MjMyMywidXJsIjoiaHR0cHM6XC9cL3d3dy51ZnNtLmJyXC9hcHBcL3VwbG9hZHNcL3NpdGVzXC8zNjJcLzIwMjJcLzA0XC9tYXJjbzEuanBnIiwic2xpZGVzaG93IjoiZjBjNDZmMSJ9\" href='https:\/\/www.ufsm.br\/app\/uploads\/sites\/362\/2022\/04\/marco1.jpg'><img loading=\"lazy\" decoding=\"async\" width=\"940\" height=\"788\" src=\"https:\/\/www.ufsm.br\/app\/uploads\/sites\/362\/2022\/04\/marco1.jpg\" class=\"attachment-large size-large\" alt=\"\" srcset=\"https:\/\/www.ufsm.br\/app\/uploads\/sites\/362\/2022\/04\/marco1.jpg 940w, https:\/\/www.ufsm.br\/app\/uploads\/sites\/362\/2022\/04\/marco1-300x251.jpg 300w, https:\/\/www.ufsm.br\/app\/uploads\/sites\/362\/2022\/04\/marco1-768x644.jpg 768w\" sizes=\"(max-width: 940px) 100vw, 940px\" \/><\/a>\n\t\t\t<\/div><\/figure>\n\t\t<\/div>\n\t\t<\/div>\n\t\t\t\t<\/div>\n\t\t\t\t<\/div>\n\t\t\t\t\t<\/div>\n\t\t<\/div>\n\t\t\t\t\t<\/div>\n\t\t<\/section>\n\t\t\t\t<\/div>\n\t\t","protected":false},"excerpt":{"rendered":"","protected":false},"author":4995,"featured_media":0,"parent":0,"menu_order":0,"comment_status":"closed","ping_status":"closed","template":"","meta":{"footnotes":""},"categories":[],"tags":[],"class_list":["post-2312","page","type-page","status-publish","hentry"],"acf":[],"_links":{"self":[{"href":"https:\/\/www.ufsm.br\/orgaos-suplementares\/biblioteca\/wp-json\/wp\/v2\/pages\/2312","targetHints":{"allow":["GET"]}}],"collection":[{"href":"https:\/\/www.ufsm.br\/orgaos-suplementares\/biblioteca\/wp-json\/wp\/v2\/pages"}],"about":[{"href":"https:\/\/www.ufsm.br\/orgaos-suplementares\/biblioteca\/wp-json\/wp\/v2\/types\/page"}],"author":[{"embeddable":true,"href":"https:\/\/www.ufsm.br\/orgaos-suplementares\/biblioteca\/wp-json\/wp\/v2\/users\/4995"}],"replies":[{"embeddable":true,"href":"https:\/\/www.ufsm.br\/orgaos-suplementares\/biblioteca\/wp-json\/wp\/v2\/comments?post=2312"}],"version-history":[{"count":0,"href":"https:\/\/www.ufsm.br\/orgaos-suplementares\/biblioteca\/wp-json\/wp\/v2\/pages\/2312\/revisions"}],"wp:attachment":[{"href":"https:\/\/www.ufsm.br\/orgaos-suplementares\/biblioteca\/wp-json\/wp\/v2\/media?parent=2312"}],"wp:term":[{"taxonomy":"category","embeddable":true,"href":"https:\/\/www.ufsm.br\/orgaos-suplementares\/biblioteca\/wp-json\/wp\/v2\/categories?post=2312"},{"taxonomy":"post_tag","embeddable":true,"href":"https:\/\/www.ufsm.br\/orgaos-suplementares\/biblioteca\/wp-json\/wp\/v2\/tags?post=2312"}],"curies":[{"name":"wp","href":"https:\/\/api.w.org\/{rel}","templated":true}]}}