{"id":242,"date":"2018-12-12T11:11:35","date_gmt":"2018-12-12T13:11:35","guid":{"rendered":"https:\/\/www.ufsm.br\/orgaos-suplementares\/biblioteca\/?page_id=242"},"modified":"2022-03-18T09:29:31","modified_gmt":"2022-03-18T12:29:31","slug":"senha-wi-fi","status":"publish","type":"page","link":"https:\/\/www.ufsm.br\/orgaos-suplementares\/biblioteca\/senha-wi-fi","title":{"rendered":"Senha wi-fi"},"content":{"rendered":"<p>A biblioteca disponibiliza computadores apenas para\u00a0<a href=\"https:\/\/portal.ufsm.br\/biblioteca\/pesquisa\/index.html\" target=\"_blank\" rel=\"noopener\">pesquisa no cat\u00e1logo<\/a>, mas oferece acesso \u00e0 internet sem fio.<\/p>\n<p>Este servi\u00e7o \u00e9 aberto para toda a comunidade externa \u00e0 UFSM.<\/p>\n<p style=\"text-align: left\">Para se conectar ao wi-fi, use os seguintes dados:<\/p>\n<p style=\"text-align: left\"><strong>Rede UFSM<\/strong><\/p>\n<p style=\"text-align: left\">Coloque CPF e a senha utilizada no Portal UFSM<\/p>\n<p><strong>Rede: Eduroam<\/strong><br \/>\nM\u00e9todo EAP: TTLS<br \/>\nAutentica\u00e7\u00e3o da Fase 2: PAP<br \/>\nCertificado CA: n\u00e3o especificado<br \/>\nIdentidade: CPF (somente n\u00fameros)@ufsm.br<br \/>\nEx: 03424155598@ufsm.br<br \/>\nSenha: Portal do Aluno, professor, RH<\/p>\n","protected":false},"excerpt":{"rendered":"<p>A biblioteca disponibiliza computadores apenas para\u00a0pesquisa no cat\u00e1logo, mas oferece acesso \u00e0 internet sem fio. Este servi\u00e7o \u00e9 aberto para toda a comunidade externa \u00e0 UFSM. Para se conectar ao wi-fi, use os seguintes dados: Rede UFSM Coloque CPF e a senha utilizada no Portal UFSM Rede: Eduroam M\u00e9todo EAP: TTLS Autentica\u00e7\u00e3o da Fase 2: [&hellip;]<\/p>\n","protected":false},"author":115,"featured_media":0,"parent":0,"menu_order":0,"comment_status":"closed","ping_status":"closed","template":"","meta":{"footnotes":""},"categories":[],"tags":[],"class_list":["post-242","page","type-page","status-publish","hentry"],"acf":[],"_links":{"self":[{"href":"https:\/\/www.ufsm.br\/orgaos-suplementares\/biblioteca\/wp-json\/wp\/v2\/pages\/242","targetHints":{"allow":["GET"]}}],"collection":[{"href":"https:\/\/www.ufsm.br\/orgaos-suplementares\/biblioteca\/wp-json\/wp\/v2\/pages"}],"about":[{"href":"https:\/\/www.ufsm.br\/orgaos-suplementares\/biblioteca\/wp-json\/wp\/v2\/types\/page"}],"author":[{"embeddable":true,"href":"https:\/\/www.ufsm.br\/orgaos-suplementares\/biblioteca\/wp-json\/wp\/v2\/users\/115"}],"replies":[{"embeddable":true,"href":"https:\/\/www.ufsm.br\/orgaos-suplementares\/biblioteca\/wp-json\/wp\/v2\/comments?post=242"}],"version-history":[{"count":0,"href":"https:\/\/www.ufsm.br\/orgaos-suplementares\/biblioteca\/wp-json\/wp\/v2\/pages\/242\/revisions"}],"wp:attachment":[{"href":"https:\/\/www.ufsm.br\/orgaos-suplementares\/biblioteca\/wp-json\/wp\/v2\/media?parent=242"}],"wp:term":[{"taxonomy":"category","embeddable":true,"href":"https:\/\/www.ufsm.br\/orgaos-suplementares\/biblioteca\/wp-json\/wp\/v2\/categories?post=242"},{"taxonomy":"post_tag","embeddable":true,"href":"https:\/\/www.ufsm.br\/orgaos-suplementares\/biblioteca\/wp-json\/wp\/v2\/tags?post=242"}],"curies":[{"name":"wp","href":"https:\/\/api.w.org\/{rel}","templated":true}]}}