{"id":2535,"date":"2022-07-27T14:37:45","date_gmt":"2022-07-27T17:37:45","guid":{"rendered":"https:\/\/www.ufsm.br\/orgaos-suplementares\/biblioteca\/?page_id=2535"},"modified":"2022-07-27T15:23:22","modified_gmt":"2022-07-27T18:23:22","slug":"como-visualizar-estatisticas-de-uso-do-portal-de-periodicos-da-capes","status":"publish","type":"page","link":"https:\/\/www.ufsm.br\/orgaos-suplementares\/biblioteca\/portal-de-periodicos-da-capes\/como-visualizar-estatisticas-de-uso-do-portal-de-periodicos-da-capes","title":{"rendered":"Como visualizar estat\u00edsticas de uso do Portal de Peri\u00f3dicos da CAPES"},"content":{"rendered":"\t\t<div data-elementor-type=\"wp-page\" data-elementor-id=\"2535\" class=\"elementor elementor-2535\">\n\t\t\t\t\t\t<section class=\"elementor-section elementor-top-section elementor-element elementor-element-c666247 elementor-section-boxed elementor-section-height-default elementor-section-height-default\" data-id=\"c666247\" data-element_type=\"section\">\n\t\t\t\t\t\t<div class=\"elementor-container elementor-column-gap-default\">\n\t\t\t\t\t<div class=\"elementor-column elementor-col-100 elementor-top-column elementor-element elementor-element-b593c77\" data-id=\"b593c77\" data-element_type=\"column\">\n\t\t\t<div class=\"elementor-widget-wrap elementor-element-populated\">\n\t\t\t\t\t\t<div class=\"elementor-element elementor-element-8170bfe elementor-widget elementor-widget-text-editor\" data-id=\"8170bfe\" data-element_type=\"widget\" data-widget_type=\"text-editor.default\">\n\t\t\t\t<div class=\"elementor-widget-container\">\n\t\t\t\t\t\t\t<p>O <a href=\"https:\/\/www.ufsm.br\/orgaos-suplementares\/biblioteca\/portal-de-periodicos-da-capes\/\">Portal de Peri\u00f3dicos da CAPES<\/a> oferece acesso a suas estat\u00edsticas de uso atrav\u00e9s de um dashboard do&nbsp;<a href=\"https:\/\/geocapes.capes.gov.br\/geocapes\/\">GEOCAPES<\/a>, o Sistema de Informa\u00e7\u00f5es Georreferenciadas da CAPES. Estas estat\u00edsticas s\u00e3o atualizadas pelas CAPES na metade de cada ano referente aos dados de uso do ano anterior. Nesta p\u00e1gina voc\u00ea vai ver como acessar estas estat\u00edsticas.<\/p>\t\t\t\t\t\t<\/div>\n\t\t\t\t<\/div>\n\t\t\t\t\t<\/div>\n\t\t<\/div>\n\t\t\t\t\t<\/div>\n\t\t<\/section>\n\t\t\t\t<section class=\"elementor-section elementor-top-section elementor-element elementor-element-d5feb78 elementor-section-boxed elementor-section-height-default elementor-section-height-default\" data-id=\"d5feb78\" data-element_type=\"section\">\n\t\t\t\t\t\t<div class=\"elementor-container elementor-column-gap-default\">\n\t\t\t\t\t<div class=\"elementor-column elementor-col-50 elementor-top-column elementor-element elementor-element-36b187e\" data-id=\"36b187e\" data-element_type=\"column\">\n\t\t\t<div class=\"elementor-widget-wrap elementor-element-populated\">\n\t\t\t\t\t\t<div class=\"elementor-element elementor-element-29b8e09 elementor-widget elementor-widget-image\" data-id=\"29b8e09\" data-element_type=\"widget\" data-widget_type=\"image.default\">\n\t\t\t\t<div class=\"elementor-widget-container\">\n\t\t\t\t\t\t\t\t\t\t\t\t\t<img fetchpriority=\"high\" decoding=\"async\" width=\"1024\" height=\"557\" src=\"https:\/\/www.ufsm.br\/app\/uploads\/sites\/362\/2022\/07\/geocapes1-1024x557.jpg\" class=\"attachment-large size-large wp-image-2537\" alt=\"Captura de tela exibindo a p\u00e1gina inicial do Geocapes\" srcset=\"https:\/\/www.ufsm.br\/app\/uploads\/sites\/362\/2022\/07\/geocapes1-1024x557.jpg 1024w, https:\/\/www.ufsm.br\/app\/uploads\/sites\/362\/2022\/07\/geocapes1-300x163.jpg 300w, https:\/\/www.ufsm.br\/app\/uploads\/sites\/362\/2022\/07\/geocapes1-768x418.jpg 768w, https:\/\/www.ufsm.br\/app\/uploads\/sites\/362\/2022\/07\/geocapes1.jpg 1311w\" sizes=\"(max-width: 1024px) 100vw, 1024px\" \/>\t\t\t\t\t\t\t\t\t\t\t\t\t<\/div>\n\t\t\t\t<\/div>\n\t\t\t\t\t<\/div>\n\t\t<\/div>\n\t\t\t\t<div class=\"elementor-column elementor-col-50 elementor-top-column elementor-element elementor-element-0f5d87d\" data-id=\"0f5d87d\" data-element_type=\"column\">\n\t\t\t<div class=\"elementor-widget-wrap elementor-element-populated\">\n\t\t\t\t\t\t<div class=\"elementor-element elementor-element-b6f3994 elementor-widget elementor-widget-text-editor\" data-id=\"b6f3994\" data-element_type=\"widget\" data-widget_type=\"text-editor.default\">\n\t\t\t\t<div class=\"elementor-widget-container\">\n\t\t\t\t\t\t\t<p><strong>1)<\/strong> Acesse o GEOCAPES (<a href=\"https:\/\/geocapes.capes.gov.br\/geocapes\/\">https:\/\/geocapes.capes.gov.br\/geocapes\/<\/a>).<\/p><p>No menu &#8220;Indicadores&#8221; (canto inferior esquerdo), selecione &#8220;Acessos ao Portal de Peri\u00f3dicos&#8221; e selecione o ano e o tipo de base.<\/p>\t\t\t\t\t\t<\/div>\n\t\t\t\t<\/div>\n\t\t\t\t\t<\/div>\n\t\t<\/div>\n\t\t\t\t\t<\/div>\n\t\t<\/section>\n\t\t\t\t<section class=\"elementor-section elementor-top-section elementor-element elementor-element-96b92ca elementor-section-boxed elementor-section-height-default elementor-section-height-default\" data-id=\"96b92ca\" data-element_type=\"section\">\n\t\t\t\t\t\t<div class=\"elementor-container elementor-column-gap-default\">\n\t\t\t\t\t<div class=\"elementor-column elementor-col-50 elementor-top-column elementor-element elementor-element-9938a77\" data-id=\"9938a77\" data-element_type=\"column\">\n\t\t\t<div class=\"elementor-widget-wrap elementor-element-populated\">\n\t\t\t\t\t\t<div class=\"elementor-element elementor-element-8dcb3f3 elementor-widget elementor-widget-image\" data-id=\"8dcb3f3\" data-element_type=\"widget\" data-widget_type=\"image.default\">\n\t\t\t\t<div class=\"elementor-widget-container\">\n\t\t\t\t\t\t\t\t\t\t\t\t\t<img decoding=\"async\" width=\"694\" height=\"555\" src=\"https:\/\/www.ufsm.br\/app\/uploads\/sites\/362\/2022\/07\/geocapes2.png\" class=\"attachment-large size-large wp-image-2538\" alt=\"Captura de tela exibindo bot\u00f5es de &quot;Vis\u00e3o geogr\u00e1fica&quot; e &quot;Vis\u00e3o anal\u00edtica&quot;\" srcset=\"https:\/\/www.ufsm.br\/app\/uploads\/sites\/362\/2022\/07\/geocapes2.png 694w, https:\/\/www.ufsm.br\/app\/uploads\/sites\/362\/2022\/07\/geocapes2-300x240.png 300w\" sizes=\"(max-width: 694px) 100vw, 694px\" \/>\t\t\t\t\t\t\t\t\t\t\t\t\t<\/div>\n\t\t\t\t<\/div>\n\t\t\t\t\t<\/div>\n\t\t<\/div>\n\t\t\t\t<div class=\"elementor-column elementor-col-50 elementor-top-column elementor-element elementor-element-d59dc3b\" data-id=\"d59dc3b\" data-element_type=\"column\">\n\t\t\t<div class=\"elementor-widget-wrap elementor-element-populated\">\n\t\t\t\t\t\t<div class=\"elementor-element elementor-element-49ae736 elementor-widget elementor-widget-text-editor\" data-id=\"49ae736\" data-element_type=\"widget\" data-widget_type=\"text-editor.default\">\n\t\t\t\t<div class=\"elementor-widget-container\">\n\t\t\t\t\t\t\t<p><strong>2)<\/strong> No canto superior direito desta mesma tela, \u00e9 poss\u00edvel entre a &#8220;Vis\u00e3o geogr\u00e1fica&#8221; (em formato de mapa) e &#8220;Vis\u00e3o anal\u00edtica&#8221; (em formato de dados brutos).<\/p>\t\t\t\t\t\t<\/div>\n\t\t\t\t<\/div>\n\t\t\t\t\t<\/div>\n\t\t<\/div>\n\t\t\t\t\t<\/div>\n\t\t<\/section>\n\t\t\t\t<section class=\"elementor-section elementor-top-section elementor-element elementor-element-7e92b40 elementor-section-boxed elementor-section-height-default elementor-section-height-default\" data-id=\"7e92b40\" data-element_type=\"section\">\n\t\t\t\t\t\t<div class=\"elementor-container elementor-column-gap-default\">\n\t\t\t\t\t<div class=\"elementor-column elementor-col-50 elementor-top-column elementor-element elementor-element-23bdf22\" data-id=\"23bdf22\" data-element_type=\"column\">\n\t\t\t<div class=\"elementor-widget-wrap elementor-element-populated\">\n\t\t\t\t\t\t<div class=\"elementor-element elementor-element-9ce3621 elementor-widget elementor-widget-image\" data-id=\"9ce3621\" data-element_type=\"widget\" data-widget_type=\"image.default\">\n\t\t\t\t<div class=\"elementor-widget-container\">\n\t\t\t\t\t\t\t\t\t\t\t\t\t<img decoding=\"async\" width=\"927\" height=\"572\" src=\"https:\/\/www.ufsm.br\/app\/uploads\/sites\/362\/2022\/07\/geocapes3.png\" class=\"attachment-large size-large wp-image-2536\" alt=\"Captura de tela exibindo bot\u00f5es &quot;UF&quot;, &quot;IES&quot; e &quot;Download&quot;\" srcset=\"https:\/\/www.ufsm.br\/app\/uploads\/sites\/362\/2022\/07\/geocapes3.png 927w, https:\/\/www.ufsm.br\/app\/uploads\/sites\/362\/2022\/07\/geocapes3-300x185.png 300w, https:\/\/www.ufsm.br\/app\/uploads\/sites\/362\/2022\/07\/geocapes3-768x474.png 768w\" sizes=\"(max-width: 927px) 100vw, 927px\" \/>\t\t\t\t\t\t\t\t\t\t\t\t\t<\/div>\n\t\t\t\t<\/div>\n\t\t\t\t\t<\/div>\n\t\t<\/div>\n\t\t\t\t<div class=\"elementor-column elementor-col-50 elementor-top-column elementor-element elementor-element-e45cd37\" data-id=\"e45cd37\" data-element_type=\"column\">\n\t\t\t<div class=\"elementor-widget-wrap elementor-element-populated\">\n\t\t\t\t\t\t<div class=\"elementor-element elementor-element-188a5c3 elementor-widget elementor-widget-text-editor\" data-id=\"188a5c3\" data-element_type=\"widget\" data-widget_type=\"text-editor.default\">\n\t\t\t\t<div class=\"elementor-widget-container\">\n\t\t\t\t\t\t\t<p><strong>3)<\/strong> Na Vis\u00e3o anal\u00edtica, voc\u00ea pode optar pela visualiza\u00e7\u00e3o por UF (Unidade Federativa) ou por IES (Institui\u00e7\u00e3o de Ensino Superior). Em ambos os casos \u00e9 poss\u00edvel salvar os dados completos em um arquivo tipo .xls atrav\u00e9s do bot\u00e3o &#8220;Download&#8221;.<\/p>\t\t\t\t\t\t<\/div>\n\t\t\t\t<\/div>\n\t\t\t\t\t<\/div>\n\t\t<\/div>\n\t\t\t\t\t<\/div>\n\t\t<\/section>\n\t\t\t\t<section class=\"elementor-section elementor-top-section elementor-element elementor-element-351f783 elementor-section-boxed elementor-section-height-default elementor-section-height-default\" data-id=\"351f783\" data-element_type=\"section\">\n\t\t\t\t\t\t<div class=\"elementor-container elementor-column-gap-default\">\n\t\t\t\t\t<div class=\"elementor-column elementor-col-100 elementor-top-column elementor-element elementor-element-50f9daa\" data-id=\"50f9daa\" data-element_type=\"column\">\n\t\t\t<div class=\"elementor-widget-wrap elementor-element-populated\">\n\t\t\t\t\t\t<div class=\"elementor-element elementor-element-2c17669 elementor-widget elementor-widget-text-editor\" data-id=\"2c17669\" data-element_type=\"widget\" data-widget_type=\"text-editor.default\">\n\t\t\t\t<div class=\"elementor-widget-container\">\n\t\t\t\t\t\t\t<p>P\u00e1gina atualizada em 27 jul. 2022.<\/p>\t\t\t\t\t\t<\/div>\n\t\t\t\t<\/div>\n\t\t\t\t\t<\/div>\n\t\t<\/div>\n\t\t\t\t\t<\/div>\n\t\t<\/section>\n\t\t\t\t<\/div>\n\t\t","protected":false},"excerpt":{"rendered":"<p>O Portal de Peri\u00f3dicos da CAPES oferece acesso a suas estat\u00edsticas de uso atrav\u00e9s de um dashboard do&nbsp;GEOCAPES, o Sistema de Informa\u00e7\u00f5es Georreferenciadas da CAPES. Estas estat\u00edsticas s\u00e3o atualizadas pelas CAPES na metade de cada ano referente aos dados de uso do ano anterior. Nesta p\u00e1gina voc\u00ea vai ver como acessar estas estat\u00edsticas. 1) Acesse [&hellip;]<\/p>\n","protected":false},"author":85,"featured_media":0,"parent":265,"menu_order":0,"comment_status":"closed","ping_status":"closed","template":"","meta":{"footnotes":""},"categories":[],"tags":[],"class_list":["post-2535","page","type-page","status-publish","hentry"],"acf":[],"_links":{"self":[{"href":"https:\/\/www.ufsm.br\/orgaos-suplementares\/biblioteca\/wp-json\/wp\/v2\/pages\/2535","targetHints":{"allow":["GET"]}}],"collection":[{"href":"https:\/\/www.ufsm.br\/orgaos-suplementares\/biblioteca\/wp-json\/wp\/v2\/pages"}],"about":[{"href":"https:\/\/www.ufsm.br\/orgaos-suplementares\/biblioteca\/wp-json\/wp\/v2\/types\/page"}],"author":[{"embeddable":true,"href":"https:\/\/www.ufsm.br\/orgaos-suplementares\/biblioteca\/wp-json\/wp\/v2\/users\/85"}],"replies":[{"embeddable":true,"href":"https:\/\/www.ufsm.br\/orgaos-suplementares\/biblioteca\/wp-json\/wp\/v2\/comments?post=2535"}],"version-history":[{"count":0,"href":"https:\/\/www.ufsm.br\/orgaos-suplementares\/biblioteca\/wp-json\/wp\/v2\/pages\/2535\/revisions"}],"up":[{"embeddable":true,"href":"https:\/\/www.ufsm.br\/orgaos-suplementares\/biblioteca\/wp-json\/wp\/v2\/pages\/265"}],"wp:attachment":[{"href":"https:\/\/www.ufsm.br\/orgaos-suplementares\/biblioteca\/wp-json\/wp\/v2\/media?parent=2535"}],"wp:term":[{"taxonomy":"category","embeddable":true,"href":"https:\/\/www.ufsm.br\/orgaos-suplementares\/biblioteca\/wp-json\/wp\/v2\/categories?post=2535"},{"taxonomy":"post_tag","embeddable":true,"href":"https:\/\/www.ufsm.br\/orgaos-suplementares\/biblioteca\/wp-json\/wp\/v2\/tags?post=2535"}],"curies":[{"name":"wp","href":"https:\/\/api.w.org\/{rel}","templated":true}]}}