{"id":2611,"date":"2022-09-09T13:23:29","date_gmt":"2022-09-09T16:23:29","guid":{"rendered":"https:\/\/www.ufsm.br\/orgaos-suplementares\/biblioteca\/?page_id=2611"},"modified":"2022-09-09T22:15:54","modified_gmt":"2022-09-10T01:15:54","slug":"plano-de-contingencia-da-bsccr","status":"publish","type":"page","link":"https:\/\/www.ufsm.br\/orgaos-suplementares\/biblioteca\/plano-de-contingencia-da-bsccr","title":{"rendered":"Plano de Conting\u00eancia da\u00a0BSCCR"},"content":{"rendered":"\n<p>O Plano de Conting\u00eancia da Biblioteca Setorial do Centro de Ci\u00eancias Rurais objetiva descrever as medidas que s\u00e3o adotadas e visam dar continuidade do acesso aos produtos e servi\u00e7os que a biblioteca oferece \u00e0 comunidade, bem como a preserva\u00e7\u00e3o e a conserva\u00e7\u00e3o do acervo.<\/p>\n<p>Como parte dos documentos administrativos da Biblio\/CCR, este plano pode ser revisado periodicamente a fim de atender de maneira adequada \u00e0s necessidades do que prop\u00f5e. <a href=\"https:\/\/www.ufsm.br\/app\/uploads\/sites\/362\/2022\/09\/Plano-de-Contingencia-BSCCR-2022_Set.pdf\">Plano de Conting\u00eancia BSCCR 2022_Set<\/a><\/p>\n<p>A organiza\u00e7\u00e3o deste documento se divide em servi\u00e7os, riscos, preserva\u00e7\u00e3o e conserva\u00e7\u00e3o (do pr\u00e9dio, do acervo e quanto ao acesso aos conte\u00fados eletr\u00f4nicos assinados) e demais situa\u00e7\u00f5es emergenciais. Portanto, almeja orientar alguns procedimentos quanto \u00e0 preserva\u00e7\u00e3o informacional e patrimonial, procurando evitar ou mitigar riscos que possam afetar o funcionamento e o atendimento da unidade. A Dire\u00e7\u00e3o do CCR bem como as demais unidades da UFSM respondem por suas compet\u00eancias relacionadas.<\/p>\n","protected":false},"excerpt":{"rendered":"<p>O Plano de Conting\u00eancia da Biblioteca Setorial do Centro de Ci\u00eancias Rurais objetiva descrever as medidas que s\u00e3o adotadas e visam dar continuidade do acesso aos produtos e servi\u00e7os que a biblioteca oferece \u00e0 comunidade, bem como a preserva\u00e7\u00e3o e a conserva\u00e7\u00e3o do acervo. Como parte dos documentos administrativos da Biblio\/CCR, este plano pode ser [&hellip;]<\/p>\n","protected":false},"author":260,"featured_media":0,"parent":0,"menu_order":0,"comment_status":"closed","ping_status":"closed","template":"","meta":{"footnotes":""},"categories":[],"tags":[],"class_list":["post-2611","page","type-page","status-publish","hentry"],"acf":[],"_links":{"self":[{"href":"https:\/\/www.ufsm.br\/orgaos-suplementares\/biblioteca\/wp-json\/wp\/v2\/pages\/2611","targetHints":{"allow":["GET"]}}],"collection":[{"href":"https:\/\/www.ufsm.br\/orgaos-suplementares\/biblioteca\/wp-json\/wp\/v2\/pages"}],"about":[{"href":"https:\/\/www.ufsm.br\/orgaos-suplementares\/biblioteca\/wp-json\/wp\/v2\/types\/page"}],"author":[{"embeddable":true,"href":"https:\/\/www.ufsm.br\/orgaos-suplementares\/biblioteca\/wp-json\/wp\/v2\/users\/260"}],"replies":[{"embeddable":true,"href":"https:\/\/www.ufsm.br\/orgaos-suplementares\/biblioteca\/wp-json\/wp\/v2\/comments?post=2611"}],"version-history":[{"count":0,"href":"https:\/\/www.ufsm.br\/orgaos-suplementares\/biblioteca\/wp-json\/wp\/v2\/pages\/2611\/revisions"}],"wp:attachment":[{"href":"https:\/\/www.ufsm.br\/orgaos-suplementares\/biblioteca\/wp-json\/wp\/v2\/media?parent=2611"}],"wp:term":[{"taxonomy":"category","embeddable":true,"href":"https:\/\/www.ufsm.br\/orgaos-suplementares\/biblioteca\/wp-json\/wp\/v2\/categories?post=2611"},{"taxonomy":"post_tag","embeddable":true,"href":"https:\/\/www.ufsm.br\/orgaos-suplementares\/biblioteca\/wp-json\/wp\/v2\/tags?post=2611"}],"curies":[{"name":"wp","href":"https:\/\/api.w.org\/{rel}","templated":true}]}}