{"id":265,"date":"2018-12-18T08:32:33","date_gmt":"2018-12-18T10:32:33","guid":{"rendered":"https:\/\/www.ufsm.br\/orgaos-suplementares\/biblioteca\/?page_id=265"},"modified":"2024-07-30T13:15:11","modified_gmt":"2024-07-30T16:15:11","slug":"portal-de-periodicos-da-capes","status":"publish","type":"page","link":"https:\/\/www.ufsm.br\/orgaos-suplementares\/biblioteca\/portal-de-periodicos-da-capes","title":{"rendered":"Portal de Peri\u00f3dicos da CAPES"},"content":{"rendered":"\t\t<div data-elementor-type=\"wp-post\" data-elementor-id=\"265\" class=\"elementor elementor-265\">\n\t\t\t\t\t\t<section class=\"elementor-section elementor-top-section elementor-element elementor-element-fc5790c elementor-section-boxed elementor-section-height-default elementor-section-height-default\" data-id=\"fc5790c\" data-element_type=\"section\">\n\t\t\t\t\t\t<div class=\"elementor-container elementor-column-gap-default\">\n\t\t\t\t\t<div class=\"elementor-column elementor-col-100 elementor-top-column elementor-element elementor-element-cd443e9\" data-id=\"cd443e9\" data-element_type=\"column\">\n\t\t\t<div class=\"elementor-widget-wrap elementor-element-populated\">\n\t\t\t\t\t\t<div class=\"elementor-element elementor-element-6ac6c6b elementor-widget elementor-widget-text-editor\" data-id=\"6ac6c6b\" data-element_type=\"widget\" data-widget_type=\"text-editor.default\">\n\t\t\t\t<div class=\"elementor-widget-container\">\n\t\t\t\t\t\t\t<h4><a href=\"http:\/\/www.periodicos.capes.gov.br\/\">Acesso ao Portal de Peri\u00f3dicos da CAPES<\/a><\/h4><p><span style=\"font-size: 14pt\"><strong>Acesso na UFSM<\/strong><\/span>\u00a0&#8211; O uso do Portal \u00e9 livre e gratuito para os usu\u00e1rios da UFSM. O acesso \u00e9 realizado a partir de qualquer computador com acesso \u00e0 internet localizado na Institui\u00e7\u00e3o no endere\u00e7o: <strong><a href=\"http:\/\/www.periodicos.capes.gov.br\/\" target=\"_blank\" rel=\"noopener\">http:\/\/ww.periodicos.capes.gov.br<\/a>.<\/strong><\/p><p><strong><span style=\"font-size: 14pt\">Acesso via CAFe<\/span> &#8211;\u00a0<\/strong>O acesso fora da UFSM se d\u00e1 atrav\u00e9s do login na Comunidade Acad\u00eamica Federada (CAFe), selecionando a institui\u00e7\u00e3o, digitando o CPF e a mesma senha utilizada nos portais da UFSM.<strong><a href=\"https:\/\/www.ufsm.br\/orgaos-suplementares\/biblioteca\/wp-content\/uploads\/sites\/362\/2018\/12\/Tutorial-Portal-Capes.pdf\">\u00a0Veja tutorial aqui.<\/a><\/strong><\/p><p>Informa\u00e7\u00f5es referentes \u00e0 utiliza\u00e7\u00e3o das bases de dados do Portal de Peri\u00f3dicos da CAPES podem ser obtidas <a href=\"https:\/\/www.ufsm.br\/orgaos-suplementares\/biblioteca\/contato\/\">junto \u00e0 biblioteca da sua Unidade de Ensino<\/a>.<\/p><h4><span style=\"color: #000000\">\u00a0<\/span><\/h4><h4><span style=\"color: #000000\">Capacita\u00e7\u00f5es no uso do Portal<\/span><\/h4><p>Existem duas modalidades de capacita\u00e7\u00f5es no uso do Portal de Peri\u00f3dicos da CAPES:<\/p><ol><li><strong>Sob demanda para grupos<\/strong>\u00a0&#8211; nessa modalidade o professor ou respons\u00e1vel pela turma\/grupo <strong><a href=\"https:\/\/www.ufsm.br\/orgaos-suplementares\/biblioteca\/contato\/\">agenda na biblioteca<\/a>,<\/strong> com a(o) bibliotec\u00e1ria(o), uma capacita\u00e7\u00e3o especial no in\u00edcio dos semestres letivos, onde ocorre a apresenta\u00e7\u00e3o da Biblioteca Setorial.<\/li><li><strong>Cronograma do SiB<\/strong>\u00a0&#8211; o Sistema de Bibliotecas oferece durante o semestre letivo, capacita\u00e7\u00f5es abertas \u00e0 comunidade. As inscri\u00e7\u00f5es s\u00e3o realizadas atrav\u00e9s do contato com o Setor de Refer\u00eancia da Biblioteca Central.\u00a0<strong><a href=\"https:\/\/www.ufsm.br\/orgaos-suplementares\/biblioteca\/servicos\/capacitacoes\/\" target=\"_blank\" rel=\"noopener\">Informa\u00e7\u00f5es<\/a><\/strong>.<\/li><\/ol><h4><span style=\"color: #000000\">\u00a0<\/span><\/h4><h4><span style=\"color: #000000\">Sobre o Portal<\/span><\/h4><p><span style=\"color: #000000\">O Portal de Peri\u00f3dicos da Capes \u00e9 uma biblioteca virtual que re\u00fane e disponibiliza a institui\u00e7\u00f5es de ensino e pesquisa no Brasil a produ\u00e7\u00e3o cient\u00edfica internacional atrav\u00e9s da assinatura de acesso a peri\u00f3dicos com texto completo, bases referenciais, bases dedicadas exclusivamente a patentes, al\u00e9m de livros, enciclop\u00e9dias e obras de refer\u00eancia, normas t\u00e9cnicas, estat\u00edsticas e conte\u00fado audiovisual e seu p\u00fablico alvo s\u00e3o as pessoas pesquisadoras e discentes de p\u00f3s-gradua\u00e7\u00e3o. <\/span><span style=\"color: #000000;background-color: var(--bs-body-bg);text-align: var(--bs-body-text-align)\">Ele \u00e9 parte do Programa de Apoio \u00e0 Dissemina\u00e7\u00e3o de Informa\u00e7\u00e3o Cient\u00edfica e Tecnol\u00f3gica (PADICT) e o Termo de compromisso com a UFSM foi encaminhado \u00e0 reitoria para assinatura em julho de 2024. O programa e o Portal de Peri\u00f3dicos s\u00e3o geridos pelas Portarias CAPES <a href=\"https:\/\/cad.capes.gov.br\/ato-administrativo-detalhar?idAtoAdmElastic=13682\">n\u00ba 275, de 4 de dezembro de 2023<\/a> e <a href=\"https:\/\/www.in.gov.br\/web\/dou\/-\/portaria-capes-n-175-de-14-de-junho-de-2024-566617287\">n\u00ba 175, de 14 de junho de 2024<\/a><\/span><span style=\"color: #000000;background-color: var(--bs-body-bg);text-align: var(--bs-body-text-align)\">.<\/span><\/p><p><span style=\"color: #000000\">Algumas estat\u00edsticas do seu uso est\u00e3o dispon\u00edveis no portal <a href=\"https:\/\/geocapes.capes.gov.br\/geocapes\/\">GEOCAPES<\/a>: este relat\u00f3rio\u00a0<\/span><span style=\"background-color: var(--bs-body-bg);text-align: var(--bs-body-text-align)\">\u00e9 atualizado na metade do ano e \u00e9 sempre referente ao uso feito no ano anterior. Consulte o tutorial para visualizar as estat\u00edsticas <a href=\"https:\/\/www.ufsm.br\/orgaos-suplementares\/biblioteca\/portal-de-periodicos-da-capes\/como-visualizar-estatisticas-de-uso-do-portal-de-periodicos-da-capes\/\">nesta p\u00e1gina<\/a>. Outra fonte de dados sobre as estat\u00edsticas de uso da plataforma \u00e9 o portal\u00a0<\/span><span style=\"background-color: var(--bs-body-bg);text-align: var(--bs-body-text-align)\"><a href=\"https:\/\/dadosabertos.capes.gov.br\/dataset\/2017-a-2020-acessos-ao-portal-de-periodicos\">Dados Abertos CAPES<\/a>.<\/span><\/p><div><span style=\"color: #000000\">A gest\u00e3o das assinaturas a que a UFSM tem acesso \u00e9 de responsabilidade da CAPES. Desde 2022 existe <a href=\"https:\/\/www-periodicos-capes-gov-br.ez47.periodicos.capes.gov.br\/index.php\/sobre\/conteudo-contratado.html\">um portal de transpar\u00eancia<\/a> que permite visualizar os contratos vigentes da CAPES com os editores que prov\u00eam o conte\u00fado do Portal de Peri\u00f3dicos. <\/span><span style=\"color: #000000;font-size: 1rem;background-color: var(--bs-body-bg);text-align: var(--bs-body-text-align)\">A UFSM tamb\u00e9m consegue visualizar um relat\u00f3rio de quais cole\u00e7\u00f5es est\u00e3o liberadas para seu acesso. A listagem <\/span><a style=\"font-size: 1rem;background-color: var(--bs-body-bg);text-align: var(--bs-body-text-align)\" href=\"https:\/\/www.ufsm.br\/app\/uploads\/sites\/362\/2022\/04\/2022-04-06-Colecoes-Capes-UFSM-2022.xlsx\">est\u00e1 dispon\u00edvel neste link<\/a><span style=\"color: #000000;font-size: 1rem;background-color: var(--bs-body-bg);text-align: var(--bs-body-text-align)\"> (arquivo .xlsx, emitido em 06 abr. de 2022). \u00c9 importante ressaltar que a lista de recursos assinados pela CAPES e dispon\u00edveis para a UFSM \u00e9 din\u00e2mica e pode ser reduzida caso a primeira identifique a falta de uso significativo dos conte\u00fados.<\/span><\/div><p><span style=\"color: #000000\">\u00a0<\/span><\/p><h4><span style=\"color: #000000\">Material did\u00e1tico &#8211; Guia<\/span><\/h4><p><span style=\"color: #000000\">Tipo: Apresenta\u00e7\u00e3o<\/span><\/p><p><span style=\"color: #000000\">Apresenta as possibilidades de pesquisa dispon\u00edveis no Portal de Peri\u00f3dicos &#8211; Buscar Assunto, Buscar Peri\u00f3dico, Buscar Livro e Buscar Base &#8211; detalhando desde a busca r\u00e1pida (dispon\u00edvel na p\u00e1gina inicial) e avan\u00e7ada, al\u00e9m da possibidade de localizar conte\u00fado por \u00e1rea do conhecimento. Mostra ainda o funcionamento do servi\u00e7o Meu Espa\u00e7o, que permite criar um espa\u00e7o personalizado no Portal, e outras \u00e1reas do Portal como a \u00e1rea de suporte, cole\u00e7\u00f5es dispon\u00edveis, documentos do Portal, informa\u00e7\u00f5es institucionais e not\u00edcias relacionadas.<\/span><\/p><p><a href=\"https:\/\/www.ufsm.br\/orgaos-suplementares\/biblioteca\/wp-content\/uploads\/sites\/362\/2018\/12\/Portal_Peri\u00f3dicos_CAPES_Guia_2015-05-25.ppt\">Download<\/a> (ppt, 53,732 MB)<\/p>\t\t\t\t\t\t<\/div>\n\t\t\t\t<\/div>\n\t\t\t\t\t<\/div>\n\t\t<\/div>\n\t\t\t\t\t<\/div>\n\t\t<\/section>\n\t\t\t\t<section class=\"elementor-section elementor-top-section elementor-element elementor-element-02d3f82 elementor-section-boxed elementor-section-height-default elementor-section-height-default\" data-id=\"02d3f82\" data-element_type=\"section\">\n\t\t\t\t\t\t<div class=\"elementor-container elementor-column-gap-default\">\n\t\t\t\t\t<div class=\"elementor-column elementor-col-100 elementor-top-column elementor-element elementor-element-a53bee7\" data-id=\"a53bee7\" data-element_type=\"column\">\n\t\t\t<div class=\"elementor-widget-wrap elementor-element-populated\">\n\t\t\t\t\t\t<div class=\"elementor-element elementor-element-8360c2f elementor-widget elementor-widget-text-editor\" data-id=\"8360c2f\" data-element_type=\"widget\" data-widget_type=\"text-editor.default\">\n\t\t\t\t<div class=\"elementor-widget-container\">\n\t\t\t\t\t\t\t<p><i>P\u00e1gina atualizada em 30 jul. 2024.<\/i><\/p>\t\t\t\t\t\t<\/div>\n\t\t\t\t<\/div>\n\t\t\t\t\t<\/div>\n\t\t<\/div>\n\t\t\t\t\t<\/div>\n\t\t<\/section>\n\t\t\t\t<\/div>\n\t\t","protected":false},"excerpt":{"rendered":"<p>Acesso ao Portal de Peri\u00f3dicos da CAPES Acesso na UFSM\u00a0&#8211; O uso do Portal \u00e9 livre e gratuito para os usu\u00e1rios da UFSM. O acesso \u00e9 realizado a partir de qualquer computador com acesso \u00e0 internet localizado na Institui\u00e7\u00e3o no endere\u00e7o: http:\/\/ww.periodicos.capes.gov.br. Acesso via CAFe &#8211;\u00a0O acesso fora da UFSM se d\u00e1 atrav\u00e9s do login [&hellip;]<\/p>\n","protected":false},"author":115,"featured_media":0,"parent":0,"menu_order":0,"comment_status":"closed","ping_status":"closed","template":"","meta":{"footnotes":""},"categories":[],"tags":[],"class_list":["post-265","page","type-page","status-publish","hentry"],"acf":[],"_links":{"self":[{"href":"https:\/\/www.ufsm.br\/orgaos-suplementares\/biblioteca\/wp-json\/wp\/v2\/pages\/265","targetHints":{"allow":["GET"]}}],"collection":[{"href":"https:\/\/www.ufsm.br\/orgaos-suplementares\/biblioteca\/wp-json\/wp\/v2\/pages"}],"about":[{"href":"https:\/\/www.ufsm.br\/orgaos-suplementares\/biblioteca\/wp-json\/wp\/v2\/types\/page"}],"author":[{"embeddable":true,"href":"https:\/\/www.ufsm.br\/orgaos-suplementares\/biblioteca\/wp-json\/wp\/v2\/users\/115"}],"replies":[{"embeddable":true,"href":"https:\/\/www.ufsm.br\/orgaos-suplementares\/biblioteca\/wp-json\/wp\/v2\/comments?post=265"}],"version-history":[{"count":0,"href":"https:\/\/www.ufsm.br\/orgaos-suplementares\/biblioteca\/wp-json\/wp\/v2\/pages\/265\/revisions"}],"wp:attachment":[{"href":"https:\/\/www.ufsm.br\/orgaos-suplementares\/biblioteca\/wp-json\/wp\/v2\/media?parent=265"}],"wp:term":[{"taxonomy":"category","embeddable":true,"href":"https:\/\/www.ufsm.br\/orgaos-suplementares\/biblioteca\/wp-json\/wp\/v2\/categories?post=265"},{"taxonomy":"post_tag","embeddable":true,"href":"https:\/\/www.ufsm.br\/orgaos-suplementares\/biblioteca\/wp-json\/wp\/v2\/tags?post=265"}],"curies":[{"name":"wp","href":"https:\/\/api.w.org\/{rel}","templated":true}]}}