{"id":2668,"date":"2022-10-06T10:20:09","date_gmt":"2022-10-06T13:20:09","guid":{"rendered":"https:\/\/www.ufsm.br\/orgaos-suplementares\/biblioteca\/?page_id=2668"},"modified":"2023-07-06T12:17:32","modified_gmt":"2023-07-06T15:17:32","slug":"assinar-tr-termo-de-responsabilidade-como-chefe-de-carga","status":"publish","type":"page","link":"https:\/\/www.ufsm.br\/orgaos-suplementares\/biblioteca\/biblioteca-central\/nucleo-de-aquisicao\/assinar-tr-termo-de-responsabilidade-como-chefe-de-carga","title":{"rendered":"Assinar TR (termo de responsabilidade) como chefe de carga"},"content":{"rendered":"\t\t<div data-elementor-type=\"wp-page\" data-elementor-id=\"2668\" class=\"elementor elementor-2668\">\n\t\t\t\t\t\t<section class=\"elementor-section elementor-top-section elementor-element elementor-element-3917156 elementor-section-boxed elementor-section-height-default elementor-section-height-default\" data-id=\"3917156\" data-element_type=\"section\">\n\t\t\t\t\t\t<div class=\"elementor-container elementor-column-gap-default\">\n\t\t\t\t\t<div class=\"elementor-column elementor-col-100 elementor-top-column elementor-element elementor-element-6823247\" data-id=\"6823247\" data-element_type=\"column\">\n\t\t\t<div class=\"elementor-widget-wrap elementor-element-populated\">\n\t\t\t\t\t\t<div class=\"elementor-element elementor-element-8cdf390 elementor-widget elementor-widget-text-editor\" data-id=\"8cdf390\" data-element_type=\"widget\" data-widget_type=\"text-editor.default\">\n\t\t\t\t<div class=\"elementor-widget-container\">\n\t\t\t\t\t\t\t<p>Esta p\u00e1gina se destina \u00e0s chefias de carga das bibliotecas da UFSM, respons\u00e1veis por assinar os termos de responsabilidade (TRs) de compra de material bibliogr\u00e1fico impresso.<\/p><p>Ressaltamos que o\u00a0<a href=\"https:\/\/www.ufsm.br\/app\/uploads\/sites\/352\/2022\/11\/Mem_Circ_001.2022_Dipat.pdf\">Memorando Circular n\u00b0 001\/2022 \u2013 DIPAT\/DEMAPA\/UFSM<\/a>, de 09 de novembro de 2022, trata do mesmo tema e apresenta o link para o <a href=\"https:\/\/www.ufsm.br\/app\/uploads\/sites\/352\/2022\/11\/Manual_Gestao-Patrimonial_2022.pdf\">Manual de Gest\u00e3o Patrimonial<\/a>, elaborado pela DIPAT, e cujas p\u00e1ginas 138 a 139 apresentam o procedimento.<\/p>\t\t\t\t\t\t<\/div>\n\t\t\t\t<\/div>\n\t\t\t\t\t<\/div>\n\t\t<\/div>\n\t\t\t\t\t<\/div>\n\t\t<\/section>\n\t\t\t\t<section class=\"elementor-section elementor-top-section elementor-element elementor-element-c187341 elementor-section-boxed elementor-section-height-default elementor-section-height-default\" data-id=\"c187341\" data-element_type=\"section\">\n\t\t\t\t\t\t<div class=\"elementor-container elementor-column-gap-default\">\n\t\t\t\t\t<div class=\"elementor-column elementor-col-100 elementor-top-column elementor-element elementor-element-538cf23\" data-id=\"538cf23\" data-element_type=\"column\">\n\t\t\t<div class=\"elementor-widget-wrap elementor-element-populated\">\n\t\t\t\t\t\t<div class=\"elementor-element elementor-element-9b6dab2 elementor-widget elementor-widget-text-editor\" data-id=\"9b6dab2\" data-element_type=\"widget\" data-widget_type=\"text-editor.default\">\n\t\t\t\t<div class=\"elementor-widget-container\">\n\t\t\t\t\t\t\t<p><b>1)<\/b>\u00a0Na ocasi\u00e3o do recebimento das caixas com o material, entregues pela DIPAT, a chefia da carga deve\u00a0<span style=\"font-size: 16px;background-color: var(--bs-body-bg);text-align: var(--bs-body-text-align)\">verificar no ato da entrega se o\u00a0<\/span><span style=\"color: #000000;font-size: 16px\">n\u00famero de patrim\u00f4nio do carimbo do material\u00a0<\/span><span style=\"font-size: 16px;background-color: var(--bs-body-bg);text-align: var(--bs-body-text-align)\">recebido \u00e9 o mesmo relacionado no Termo de Responsabilidade (TR) impresso tamb\u00e9m entregue pela DIPAT.<\/span><\/p><p><span style=\"font-size: 16px;background-color: var(--bs-body-bg);text-align: var(--bs-body-text-align)\">Se <b>houver <\/b>diferen\u00e7as (falta de material, registro de patrim\u00f4nio incorreto, etc), <b>n\u00e3o <\/b>aceitar a carga e contatar o N\u00facleo de Aquisi\u00e7\u00e3o.<\/span><\/p><p><span style=\"font-size: 16px;background-color: var(--bs-body-bg);text-align: var(--bs-body-text-align)\">Se <b>n\u00e3o houver <\/b>diferen\u00e7as, <b>aceitar <\/b>a carga, assinar o TR impresso e aguardar a tramita\u00e7\u00e3o do TR eletr\u00f4nico.<\/span><\/p><p><span style=\"color: #000000;font-size: 16px;background-color: var(--bs-body-bg);text-align: var(--bs-body-text-align)\">O N\u00facleo de Aquisi\u00e7\u00e3o tamb\u00e9m avisa\u00a0<\/span><span style=\"color: #000000;font-size: 16px;background-color: var(--bs-body-bg);text-align: var(--bs-body-text-align)\">as bibliotecas<\/span><span style=\"color: #000000;font-size: 16px;background-color: var(--bs-body-bg);text-align: var(--bs-body-text-align)\">\u00a0<\/span><span style=\"background-color: var(--bs-body-bg);color: #000000;font-size: 16px;text-align: var(--bs-body-text-align)\">por e-mail quanto \u00e0 quantidade de caixas que ser\u00e3o entregues pela DIPAT a fim de diminuir o risco de algum material se perder durante o transporte.<\/span><\/p>\t\t\t\t\t\t<\/div>\n\t\t\t\t<\/div>\n\t\t\t\t\t<\/div>\n\t\t<\/div>\n\t\t\t\t\t<\/div>\n\t\t<\/section>\n\t\t\t\t<section class=\"elementor-section elementor-top-section elementor-element elementor-element-5308bf3 elementor-section-boxed elementor-section-height-default elementor-section-height-default\" data-id=\"5308bf3\" data-element_type=\"section\">\n\t\t\t\t\t\t<div class=\"elementor-container elementor-column-gap-default\">\n\t\t\t\t\t<div class=\"elementor-column elementor-col-50 elementor-top-column elementor-element elementor-element-e93e7d3\" data-id=\"e93e7d3\" data-element_type=\"column\">\n\t\t\t<div class=\"elementor-widget-wrap elementor-element-populated\">\n\t\t\t\t\t\t<div class=\"elementor-element elementor-element-19ebd11 elementor-widget elementor-widget-image\" data-id=\"19ebd11\" data-element_type=\"widget\" data-widget_type=\"image.default\">\n\t\t\t\t<div class=\"elementor-widget-container\">\n\t\t\t\t\t\t\t\t\t\t\t\t\t<img fetchpriority=\"high\" decoding=\"async\" width=\"719\" height=\"441\" src=\"https:\/\/www.ufsm.br\/app\/uploads\/sites\/362\/2022\/10\/assinaturadetr3.jpg\" class=\"attachment-large size-large wp-image-2675\" alt=\"\" srcset=\"https:\/\/www.ufsm.br\/app\/uploads\/sites\/362\/2022\/10\/assinaturadetr3.jpg 719w, https:\/\/www.ufsm.br\/app\/uploads\/sites\/362\/2022\/10\/assinaturadetr3-300x184.jpg 300w\" sizes=\"(max-width: 719px) 100vw, 719px\" \/>\t\t\t\t\t\t\t\t\t\t\t\t\t<\/div>\n\t\t\t\t<\/div>\n\t\t\t\t\t<\/div>\n\t\t<\/div>\n\t\t\t\t<div class=\"elementor-column elementor-col-50 elementor-top-column elementor-element elementor-element-b3e4054\" data-id=\"b3e4054\" data-element_type=\"column\">\n\t\t\t<div class=\"elementor-widget-wrap elementor-element-populated\">\n\t\t\t\t\t\t<div class=\"elementor-element elementor-element-ccf1aaa elementor-widget elementor-widget-text-editor\" data-id=\"ccf1aaa\" data-element_type=\"widget\" data-widget_type=\"text-editor.default\">\n\t\t\t\t<div class=\"elementor-widget-container\">\n\t\t\t\t\t\t\t<p><b>2)<\/b> Verificar o despacho recebido da DIPAT, que relembra o TR que precisa ser assinado em sua vers\u00e3o eletr\u00f4nica.<\/p><p>A &#8220;linha&#8221; ou &#8220;ordem&#8221; \u00e9 o n\u00famero do elemento do processo que carece de aten\u00e7\u00e3o.<\/p>\t\t\t\t\t\t<\/div>\n\t\t\t\t<\/div>\n\t\t\t\t\t<\/div>\n\t\t<\/div>\n\t\t\t\t\t<\/div>\n\t\t<\/section>\n\t\t\t\t<section class=\"elementor-section elementor-top-section elementor-element elementor-element-d6f8feb elementor-section-boxed elementor-section-height-default elementor-section-height-default\" data-id=\"d6f8feb\" data-element_type=\"section\">\n\t\t\t\t\t\t<div class=\"elementor-container elementor-column-gap-default\">\n\t\t\t\t\t<div class=\"elementor-column elementor-col-50 elementor-top-column elementor-element elementor-element-e3fbeea\" data-id=\"e3fbeea\" data-element_type=\"column\">\n\t\t\t<div class=\"elementor-widget-wrap elementor-element-populated\">\n\t\t\t\t\t\t<div class=\"elementor-element elementor-element-b81cc74 elementor-widget elementor-widget-image\" data-id=\"b81cc74\" data-element_type=\"widget\" data-widget_type=\"image.default\">\n\t\t\t\t<div class=\"elementor-widget-container\">\n\t\t\t\t\t\t\t\t\t\t\t\t\t<img decoding=\"async\" width=\"1006\" height=\"890\" src=\"https:\/\/www.ufsm.br\/app\/uploads\/sites\/362\/2022\/10\/assinaturadetr1.png\" class=\"attachment-large size-large wp-image-2673\" alt=\"\" srcset=\"https:\/\/www.ufsm.br\/app\/uploads\/sites\/362\/2022\/10\/assinaturadetr1.png 1006w, https:\/\/www.ufsm.br\/app\/uploads\/sites\/362\/2022\/10\/assinaturadetr1-300x265.png 300w, https:\/\/www.ufsm.br\/app\/uploads\/sites\/362\/2022\/10\/assinaturadetr1-768x679.png 768w\" sizes=\"(max-width: 1006px) 100vw, 1006px\" \/>\t\t\t\t\t\t\t\t\t\t\t\t\t<\/div>\n\t\t\t\t<\/div>\n\t\t\t\t<div class=\"elementor-element elementor-element-4eb085f elementor-widget elementor-widget-image\" data-id=\"4eb085f\" data-element_type=\"widget\" data-widget_type=\"image.default\">\n\t\t\t\t<div class=\"elementor-widget-container\">\n\t\t\t\t\t\t\t\t\t\t\t\t\t<img decoding=\"async\" width=\"987\" height=\"341\" src=\"https:\/\/www.ufsm.br\/app\/uploads\/sites\/362\/2022\/10\/assinaturadetr2.png\" class=\"attachment-large size-large wp-image-2674\" alt=\"\" srcset=\"https:\/\/www.ufsm.br\/app\/uploads\/sites\/362\/2022\/10\/assinaturadetr2.png 987w, https:\/\/www.ufsm.br\/app\/uploads\/sites\/362\/2022\/10\/assinaturadetr2-300x104.png 300w, https:\/\/www.ufsm.br\/app\/uploads\/sites\/362\/2022\/10\/assinaturadetr2-768x265.png 768w\" sizes=\"(max-width: 987px) 100vw, 987px\" \/>\t\t\t\t\t\t\t\t\t\t\t\t\t<\/div>\n\t\t\t\t<\/div>\n\t\t\t\t\t<\/div>\n\t\t<\/div>\n\t\t\t\t<div class=\"elementor-column elementor-col-50 elementor-top-column elementor-element elementor-element-66ff04d\" data-id=\"66ff04d\" data-element_type=\"column\">\n\t\t\t<div class=\"elementor-widget-wrap elementor-element-populated\">\n\t\t\t\t\t\t<div class=\"elementor-element elementor-element-2ed2d9c elementor-widget elementor-widget-text-editor\" data-id=\"2ed2d9c\" data-element_type=\"widget\" data-widget_type=\"text-editor.default\">\n\t\t\t\t<div class=\"elementor-widget-container\">\n\t\t\t\t\t\t\t<p><b>3) <\/b>Tamb\u00e9m \u00e9 poss\u00edvel localizar o TR a ser assinado pela descri\u00e7\u00e3o do elemento ap\u00f3s clicar em <img decoding=\"async\" class=\"emoji\" role=\"img\" src=\"https:\/\/s.w.org\/images\/core\/emoji\/14.0.0\/svg\/1f53c.svg\" alt=\"\ud83d\udd3c\" \/> &#8220;Documentos inseridos&#8221;.<\/p>\t\t\t\t\t\t<\/div>\n\t\t\t\t<\/div>\n\t\t\t\t\t<\/div>\n\t\t<\/div>\n\t\t\t\t\t<\/div>\n\t\t<\/section>\n\t\t\t\t<section class=\"elementor-section elementor-top-section elementor-element elementor-element-abce925 elementor-section-boxed elementor-section-height-default elementor-section-height-default\" data-id=\"abce925\" data-element_type=\"section\">\n\t\t\t\t\t\t<div class=\"elementor-container elementor-column-gap-default\">\n\t\t\t\t\t<div class=\"elementor-column elementor-col-50 elementor-top-column elementor-element elementor-element-d4c214d\" data-id=\"d4c214d\" data-element_type=\"column\">\n\t\t\t<div class=\"elementor-widget-wrap elementor-element-populated\">\n\t\t\t\t\t\t<div class=\"elementor-element elementor-element-f42d42a elementor-widget elementor-widget-image\" data-id=\"f42d42a\" data-element_type=\"widget\" data-widget_type=\"image.default\">\n\t\t\t\t<div class=\"elementor-widget-container\">\n\t\t\t\t\t\t\t\t\t\t\t\t\t<img loading=\"lazy\" decoding=\"async\" width=\"1024\" height=\"459\" src=\"https:\/\/www.ufsm.br\/app\/uploads\/sites\/362\/2022\/10\/assinaturadetr4-1024x459.png\" class=\"attachment-large size-large wp-image-2676\" alt=\"\" srcset=\"https:\/\/www.ufsm.br\/app\/uploads\/sites\/362\/2022\/10\/assinaturadetr4-1024x459.png 1024w, https:\/\/www.ufsm.br\/app\/uploads\/sites\/362\/2022\/10\/assinaturadetr4-300x134.png 300w, https:\/\/www.ufsm.br\/app\/uploads\/sites\/362\/2022\/10\/assinaturadetr4-768x344.png 768w, https:\/\/www.ufsm.br\/app\/uploads\/sites\/362\/2022\/10\/assinaturadetr4.png 1029w\" sizes=\"(max-width: 1024px) 100vw, 1024px\" \/>\t\t\t\t\t\t\t\t\t\t\t\t\t<\/div>\n\t\t\t\t<\/div>\n\t\t\t\t<div class=\"elementor-element elementor-element-0e63a3d elementor-widget elementor-widget-image\" data-id=\"0e63a3d\" data-element_type=\"widget\" data-widget_type=\"image.default\">\n\t\t\t\t<div class=\"elementor-widget-container\">\n\t\t\t\t\t\t\t\t\t\t\t\t\t<img loading=\"lazy\" decoding=\"async\" width=\"764\" height=\"365\" src=\"https:\/\/www.ufsm.br\/app\/uploads\/sites\/362\/2022\/10\/assinaturadetr5.png\" class=\"attachment-large size-large wp-image-2677\" alt=\"\" srcset=\"https:\/\/www.ufsm.br\/app\/uploads\/sites\/362\/2022\/10\/assinaturadetr5.png 764w, https:\/\/www.ufsm.br\/app\/uploads\/sites\/362\/2022\/10\/assinaturadetr5-300x143.png 300w\" sizes=\"(max-width: 764px) 100vw, 764px\" \/>\t\t\t\t\t\t\t\t\t\t\t\t\t<\/div>\n\t\t\t\t<\/div>\n\t\t\t\t\t<\/div>\n\t\t<\/div>\n\t\t\t\t<div class=\"elementor-column elementor-col-50 elementor-top-column elementor-element elementor-element-0253183\" data-id=\"0253183\" data-element_type=\"column\">\n\t\t\t<div class=\"elementor-widget-wrap elementor-element-populated\">\n\t\t\t\t\t\t<div class=\"elementor-element elementor-element-320c178 elementor-widget elementor-widget-text-editor\" data-id=\"320c178\" data-element_type=\"widget\" data-widget_type=\"text-editor.default\">\n\t\t\t\t<div class=\"elementor-widget-container\">\n\t\t\t\t\t\t\t<p style=\"color: #000000;font-size: 16px\"><span style=\"font-weight: bold\">4)<\/span> Clicar no \u00edcone no \u00edcone <img decoding=\"async\" class=\"emoji\" role=\"img\" src=\"https:\/\/s.w.org\/images\/core\/emoji\/14.0.0\/svg\/1f511.svg\" alt=\"\ud83d\udd11\" \/>\u00a0para assinar digitalmente o TR correto.<\/p><p style=\"color: #000000;font-size: 16px\">No momento da confirma\u00e7\u00e3o da assinatura, \u00e9 importante selecionar a fun\u00e7\u00e3o relacionada \u00e0 chefia de carga, isto \u00e9, \u00e0 chefia da unidade onde ficar\u00e3o dispon\u00edveis os livros (Chefe de N\u00facleo, Chefe de Biblioteca Setorial, etc).<\/p>\t\t\t\t\t\t<\/div>\n\t\t\t\t<\/div>\n\t\t\t\t\t<\/div>\n\t\t<\/div>\n\t\t\t\t\t<\/div>\n\t\t<\/section>\n\t\t\t\t<section class=\"elementor-section elementor-top-section elementor-element elementor-element-89be2df elementor-section-boxed elementor-section-height-default elementor-section-height-default\" data-id=\"89be2df\" data-element_type=\"section\">\n\t\t\t\t\t\t<div class=\"elementor-container elementor-column-gap-default\">\n\t\t\t\t\t<div class=\"elementor-column elementor-col-50 elementor-top-column elementor-element elementor-element-0b7f960\" data-id=\"0b7f960\" data-element_type=\"column\">\n\t\t\t<div class=\"elementor-widget-wrap elementor-element-populated\">\n\t\t\t\t\t\t<div class=\"elementor-element elementor-element-94dd498 elementor-widget elementor-widget-image\" data-id=\"94dd498\" data-element_type=\"widget\" data-widget_type=\"image.default\">\n\t\t\t\t<div class=\"elementor-widget-container\">\n\t\t\t\t\t\t\t\t\t\t\t\t\t<img loading=\"lazy\" decoding=\"async\" width=\"857\" height=\"657\" src=\"https:\/\/www.ufsm.br\/app\/uploads\/sites\/362\/2022\/10\/assinaturadetr6-1.png\" class=\"attachment-large size-large wp-image-2679\" alt=\"\" srcset=\"https:\/\/www.ufsm.br\/app\/uploads\/sites\/362\/2022\/10\/assinaturadetr6-1.png 857w, https:\/\/www.ufsm.br\/app\/uploads\/sites\/362\/2022\/10\/assinaturadetr6-1-300x230.png 300w, https:\/\/www.ufsm.br\/app\/uploads\/sites\/362\/2022\/10\/assinaturadetr6-1-768x589.png 768w\" sizes=\"(max-width: 857px) 100vw, 857px\" \/>\t\t\t\t\t\t\t\t\t\t\t\t\t<\/div>\n\t\t\t\t<\/div>\n\t\t\t\t\t<\/div>\n\t\t<\/div>\n\t\t\t\t<div class=\"elementor-column elementor-col-50 elementor-top-column elementor-element elementor-element-7271600\" data-id=\"7271600\" data-element_type=\"column\">\n\t\t\t<div class=\"elementor-widget-wrap elementor-element-populated\">\n\t\t\t\t\t\t<div class=\"elementor-element elementor-element-727365f elementor-widget elementor-widget-text-editor\" data-id=\"727365f\" data-element_type=\"widget\" data-widget_type=\"text-editor.default\">\n\t\t\t\t<div class=\"elementor-widget-container\">\n\t\t\t\t\t\t\t<p><span style=\"color: #000000;font-size: 1rem;text-align: var(--bs-body-text-align);background-color: var(--bs-body-bg)\"><b>5)<\/b> Sugere-se que o despacho da tramita\u00e7\u00e3o tenha o mesmo teor da linha de assinatura do TR, isto \u00e9:&nbsp;<\/span><span style=\"color: #000000;font-size: 1rem;text-align: var(--bs-body-text-align);background-color: var(--bs-body-bg)\">&#8220;Recebi da DIVIS\u00c3O DE PATRIM\u00d4NIO\/DEMAPA o material relacionado neste termo, no valor indicado, incorporado&nbsp;<\/span><span style=\"color: #000000;font-size: 1rem;text-align: var(--bs-body-text-align);background-color: var(--bs-body-bg)\">ao acervo patrimonial da Institui\u00e7\u00e3o, com lota\u00e7\u00e3o nesta unidade sob cuja guarda, uso, administra\u00e7\u00e3o e&nbsp;<\/span><span style=\"color: #000000;font-size: 1rem;text-align: var(--bs-body-text-align);background-color: var(--bs-body-bg)\">responsabilidade permanecer\u00e1 de acordo com o artigo 87 do decreto-lei n\u00ba 200 de 25\/02\/67 e legisla\u00e7\u00e3o&nbsp;<\/span><span style=\"color: #000000;font-size: 1rem;text-align: var(--bs-body-text-align);background-color: var(--bs-body-bg)\">complementar.&#8221;<\/span><\/p>\n<p><span style=\"color: #000000;font-size: 1rem;text-align: var(--bs-body-text-align);background-color: var(--bs-body-bg)\">Caso a chefia substituta eventual precise assinar o documento devido \u00e0 aus\u00eancia da chefia regular, \u00e9 bom garantir que esta informa\u00e7\u00e3o conste no despacho, preferencialmente citando o n\u00famero da portaria de pessoal que atribui esta fun\u00e7\u00e3o.<\/span><\/p>\t\t\t\t\t\t<\/div>\n\t\t\t\t<\/div>\n\t\t\t\t\t<\/div>\n\t\t<\/div>\n\t\t\t\t\t<\/div>\n\t\t<\/section>\n\t\t\t\t<section class=\"elementor-section elementor-top-section elementor-element elementor-element-ee04b26 elementor-section-boxed elementor-section-height-default elementor-section-height-default\" data-id=\"ee04b26\" data-element_type=\"section\">\n\t\t\t\t\t\t<div class=\"elementor-container elementor-column-gap-default\">\n\t\t\t\t\t<div class=\"elementor-column elementor-col-100 elementor-top-column elementor-element elementor-element-dcc69f2\" data-id=\"dcc69f2\" data-element_type=\"column\">\n\t\t\t<div class=\"elementor-widget-wrap elementor-element-populated\">\n\t\t\t\t\t\t<div class=\"elementor-element elementor-element-1935e2f elementor-widget elementor-widget-text-editor\" data-id=\"1935e2f\" data-element_type=\"widget\" data-widget_type=\"text-editor.default\">\n\t\t\t\t<div class=\"elementor-widget-container\">\n\t\t\t\t\t\t\t<p style=\"color: #000000;font-size: 16px\">No caso de inconsist\u00eancias no TR recebido impresso e no tramitado digitalmente, <a href=\"https:\/\/www.ufsm.br\/orgaos-executivos\/demapa\/divisao-de-patrimonio\/\">contatar a DIPAT<\/a>.<\/p><p style=\"color: #000000;font-size: 16px\">No caso de necessidade de cancelar a tramita\u00e7\u00e3o para a DIPAT ou corre\u00e7\u00e3o de algum dado no processo eletr\u00f4nico, <a href=\"https:\/\/www.ufsm.br\/orgaos-suplementares\/dag\/pen\/contato\/\">contatar a equipe do PEN<\/a>.<\/p>\t\t\t\t\t\t<\/div>\n\t\t\t\t<\/div>\n\t\t\t\t\t<\/div>\n\t\t<\/div>\n\t\t\t\t\t<\/div>\n\t\t<\/section>\n\t\t\t\t<section class=\"elementor-section elementor-top-section elementor-element elementor-element-82866e9 elementor-section-boxed elementor-section-height-default elementor-section-height-default\" data-id=\"82866e9\" data-element_type=\"section\">\n\t\t\t\t\t\t<div class=\"elementor-container elementor-column-gap-default\">\n\t\t\t\t\t<div class=\"elementor-column elementor-col-100 elementor-top-column elementor-element elementor-element-c522d15\" data-id=\"c522d15\" data-element_type=\"column\">\n\t\t\t<div class=\"elementor-widget-wrap elementor-element-populated\">\n\t\t\t\t\t\t<div class=\"elementor-element elementor-element-6a51c98 elementor-widget elementor-widget-text-editor\" data-id=\"6a51c98\" data-element_type=\"widget\" data-widget_type=\"text-editor.default\">\n\t\t\t\t<div class=\"elementor-widget-container\">\n\t\t\t\t\t\t\t<div class=\"entry-content\" style=\"color: #1c1c1c;font-size: 16px\"><div class=\"elementor elementor-2653\" data-elementor-type=\"wp-page\" data-elementor-id=\"2653\"><div class=\"elementor-inner\"><div class=\"elementor-section-wrap\"><section class=\"elementor-section elementor-top-section elementor-element elementor-element-3a04faa elementor-section-boxed elementor-section-height-default elementor-section-height-default\" style=\"flex-direction: var(--flex-direction);justify-content: var(--justify-content);align-items: var(--align-items);align-content: var(--align-content);flex-basis: var(--flex-basis);flex-grow: var(--flex-grow);flex-shrink: var(--flex-shrink);align-self: var(--align-self)\" data-id=\"3a04faa\" data-element_type=\"section\"><div class=\"elementor-container elementor-column-gap-default\"><div class=\"elementor-row\" style=\"width: 1176px\"><div class=\"elementor-column elementor-col-100 elementor-top-column elementor-element elementor-element-5274747\" style=\"flex-direction: var(--flex-direction);justify-content: var(--justify-content);align-items: var(--align-items);align-content: var(--align-content);flex-basis: var(--flex-basis);flex-grow: var(--flex-grow);flex-shrink: var(--flex-shrink);align-self: var(--align-self);width: 1176px\" data-id=\"5274747\" data-element_type=\"column\"><div class=\"elementor-column-wrap elementor-element-populated\" style=\"width: 1176px\"><div class=\"elementor-widget-wrap\" style=\"width: 1162px\"><div class=\"elementor-element elementor-element-b92957f elementor-widget elementor-widget-text-editor\" style=\"flex-direction: var(--flex-direction);justify-content: var(--justify-content);align-items: var(--align-items);align-content: var(--align-content);flex-basis: var(--flex-basis);flex-grow: var(--flex-grow);flex-shrink: var(--flex-shrink);align-self: var(--align-self);color: #000000;width: 1142px;font-size: 1rem !important\" data-id=\"b92957f\" data-element_type=\"widget\" data-widget_type=\"text-editor.default\"><div class=\"elementor-widget-container\"><div class=\"elementor-text-editor elementor-clearfix\"><p><i>P\u00e1gina atualizada em 06 jul. 2023.<\/i><\/p><\/div><\/div><\/div><\/div><\/div><\/div><\/div><\/div><\/section><\/div><\/div><\/div><\/div>\t\t\t\t\t\t<\/div>\n\t\t\t\t<\/div>\n\t\t\t\t\t<\/div>\n\t\t<\/div>\n\t\t\t\t\t<\/div>\n\t\t<\/section>\n\t\t\t\t<\/div>\n\t\t","protected":false},"excerpt":{"rendered":"<p>Esta p\u00e1gina se destina \u00e0s chefias de carga das bibliotecas da UFSM, respons\u00e1veis por assinar os termos de responsabilidade (TRs) de compra de material bibliogr\u00e1fico impresso. Ressaltamos que o\u00a0Memorando Circular n\u00b0 001\/2022 \u2013 DIPAT\/DEMAPA\/UFSM, de 09 de novembro de 2022, trata do mesmo tema e apresenta o link para o Manual de Gest\u00e3o Patrimonial, elaborado [&hellip;]<\/p>\n","protected":false},"author":85,"featured_media":0,"parent":738,"menu_order":0,"comment_status":"closed","ping_status":"closed","template":"","meta":{"footnotes":""},"categories":[336],"tags":[267],"class_list":["post-2668","page","type-page","status-publish","hentry","category-nucleo-de-aquisicao","tag-tutoriais"],"acf":[],"_links":{"self":[{"href":"https:\/\/www.ufsm.br\/orgaos-suplementares\/biblioteca\/wp-json\/wp\/v2\/pages\/2668","targetHints":{"allow":["GET"]}}],"collection":[{"href":"https:\/\/www.ufsm.br\/orgaos-suplementares\/biblioteca\/wp-json\/wp\/v2\/pages"}],"about":[{"href":"https:\/\/www.ufsm.br\/orgaos-suplementares\/biblioteca\/wp-json\/wp\/v2\/types\/page"}],"author":[{"embeddable":true,"href":"https:\/\/www.ufsm.br\/orgaos-suplementares\/biblioteca\/wp-json\/wp\/v2\/users\/85"}],"replies":[{"embeddable":true,"href":"https:\/\/www.ufsm.br\/orgaos-suplementares\/biblioteca\/wp-json\/wp\/v2\/comments?post=2668"}],"version-history":[{"count":0,"href":"https:\/\/www.ufsm.br\/orgaos-suplementares\/biblioteca\/wp-json\/wp\/v2\/pages\/2668\/revisions"}],"up":[{"embeddable":true,"href":"https:\/\/www.ufsm.br\/orgaos-suplementares\/biblioteca\/wp-json\/wp\/v2\/pages\/738"}],"wp:attachment":[{"href":"https:\/\/www.ufsm.br\/orgaos-suplementares\/biblioteca\/wp-json\/wp\/v2\/media?parent=2668"}],"wp:term":[{"taxonomy":"category","embeddable":true,"href":"https:\/\/www.ufsm.br\/orgaos-suplementares\/biblioteca\/wp-json\/wp\/v2\/categories?post=2668"},{"taxonomy":"post_tag","embeddable":true,"href":"https:\/\/www.ufsm.br\/orgaos-suplementares\/biblioteca\/wp-json\/wp\/v2\/tags?post=2668"}],"curies":[{"name":"wp","href":"https:\/\/api.w.org\/{rel}","templated":true}]}}