{"id":267,"date":"2018-12-18T08:37:36","date_gmt":"2018-12-18T10:37:36","guid":{"rendered":"https:\/\/www.ufsm.br\/orgaos-suplementares\/biblioteca\/?page_id=267"},"modified":"2018-12-18T08:43:59","modified_gmt":"2018-12-18T10:43:59","slug":"agenda-capacitacoes","status":"publish","type":"page","link":"https:\/\/www.ufsm.br\/orgaos-suplementares\/biblioteca\/agenda-capacitacoes","title":{"rendered":"Agenda\/Capacita\u00e7\u00f5es"},"content":{"rendered":"\t\t<div data-elementor-type=\"wp-post\" data-elementor-id=\"267\" class=\"elementor elementor-267 elementor-bc-flex-widget\">\n\t\t\t\t\t\t<section class=\"elementor-section elementor-top-section elementor-element elementor-element-2098436f elementor-section-boxed elementor-section-height-default elementor-section-height-default\" data-id=\"2098436f\" data-element_type=\"section\">\n\t\t\t\t\t\t<div class=\"elementor-container elementor-column-gap-default\">\n\t\t\t\t\t<div class=\"elementor-column elementor-col-100 elementor-top-column elementor-element elementor-element-1b7ea4fb\" data-id=\"1b7ea4fb\" data-element_type=\"column\">\n\t\t\t<div class=\"elementor-widget-wrap elementor-element-populated\">\n\t\t\t\t\t\t<div class=\"elementor-element elementor-element-36a89a28 elementor-widget elementor-widget-text-editor\" data-id=\"36a89a28\" data-element_type=\"widget\" data-widget_type=\"text-editor.default\">\n\t\t\t\t<div class=\"elementor-widget-container\">\n\t\t\t\t\t\t\t<!-- wp:tadv\/classic-paragraph \/-->\t\t\t\t\t\t<\/div>\n\t\t\t\t<\/div>\n\t\t\t\t\t<\/div>\n\t\t<\/div>\n\t\t\t\t\t<\/div>\n\t\t<\/section>\n\t\t\t\t<section class=\"elementor-section elementor-top-section elementor-element elementor-element-304bc5e elementor-section-boxed elementor-section-height-default elementor-section-height-default\" data-id=\"304bc5e\" data-element_type=\"section\">\n\t\t\t\t\t\t<div class=\"elementor-container elementor-column-gap-default\">\n\t\t\t\t\t<div class=\"elementor-column elementor-col-100 elementor-top-column elementor-element elementor-element-350ea71\" data-id=\"350ea71\" data-element_type=\"column\">\n\t\t\t<div class=\"elementor-widget-wrap elementor-element-populated\">\n\t\t\t\t\t\t<div class=\"elementor-element elementor-element-4e56c09 elementor-widget elementor-widget-text-editor\" data-id=\"4e56c09\" data-element_type=\"widget\" data-widget_type=\"text-editor.default\">\n\t\t\t\t<div class=\"elementor-widget-container\">\n\t\t\t\t\t\t\t<h4><span style=\"color: #000000;\">Capacita\u00e7\u00f5es para Uso do Cat\u00e1logo das Bibliotecas e Instru\u00e7\u00f5es sobre Pesquisas em Fontes e Recursos de Informa\u00e7\u00e3o Web<\/span><\/h4>\n<p>Voc\u00ea que saber como realizar pesquisas no Cat\u00e1logo de Bibliotecas da UFSM, utilizar o Servi\u00e7o de Descoberta da UFSM ou Portal de Peri\u00f3dicos da Capes? Quer conhecer dicas para realizar buscas por assunto, peri\u00f3dico ou base de dados nacionais e internacionais? Ent\u00e3o acompanhe nosso cronograma de capacita\u00e7\u00f5es ou solicite uma capacita\u00e7\u00e3o pelo e-mail:\u00a0<a href=\"mailto:treinamentosbcufsm@gmail.com\">treinamentosbcufsm@gmail.com<\/a>\u00a0<\/p>\n<p>Enquanto isso, voc\u00ea pode participar dos treinamentos a dist\u00e2ncia realizados pelo pr\u00f3prio Portal de Peri\u00f3dicos da Capes. Para ver o cronograma e <a href=\"http:\/\/www-periodicos-capes-gov-br.ez47.periodicos.capes.gov.br\/?option=com_ptreinaments&amp;mn=72&amp;smn=82\">inscrever-se\u00a0<\/a><\/p>\n<h4><span style=\"color: #000000;\">Cronograma de Capacita\u00e7\u00f5es<\/span><\/h4>\n<table border=\"1\" cellpadding=\"0\" align=\"left\">\n<tbody>\n<tr align=\"center\">\n<td><span style=\"color: #000000;\"><strong>Data<\/strong><\/span><\/td>\n<td><span style=\"color: #000000;\"><strong>\u00a0 \u00a0 \u00a0 \u00a0 \u00a0 \u00a0Capacita\u00e7\u00e3o<\/strong><\/span><\/td>\n<td>\n<p><span style=\"color: #000000;\"><strong>\u00a0 \u00a0 \u00a0 \u00a0Local<\/strong><\/span><\/p>\n<\/td>\n<td>\n<p><span style=\"color: #000000;\"><strong>\u00a0<\/strong><strong>Hor\u00e1rio\u00a0 \u00a0<\/strong><\/span><\/p>\n<\/td>\n<td>\n<p><span style=\"color: #000000;\"><strong>\u00a0 \u00a0 \u00a0 \u00a0 \u00a0 Inscri\u00e7\u00f5es\u00a0 e links<\/strong><\/span><\/p>\n<\/td>\n<\/tr>\n<tr align=\"center\">\n<td>\n<p><span style=\"color: #000000;\">16\/08\/2018<\/span><\/p>\n<\/td>\n<td>\n<p><span style=\"color: #000000;\">Visita Orientada:<\/span><\/p>\n<p><span style=\"color: #000000;\"><strong>Uso do Cat\u00e1logo<\/strong><\/span><\/p>\n<p><span style=\"color: #000000;\"><strong>de Bibliotecas da UFSM<\/strong><\/span><\/p>\n<\/td>\n<td>\n<p><span style=\"color: #000000;\">Biblioteca Central\u00a0<\/span><\/p>\n<p><span style=\"color: #000000;\">Pr\u00e9dio 30<\/span><\/p>\n<p><span style=\"color: #000000;\">Sala 205<\/span><\/p>\n<p><span style=\"color: #000000;\">\u00a0\u00a0<\/span><\/p>\n<\/td>\n<td>\n<p>\u00a0<\/p>\n<p><span style=\"color: #000000;\">\u00a0 \u00a0 13:30<\/span><\/p>\n<p><span style=\"color: #000000;\">\u00a0 \u00a0 \u00a0 \u00a0\u00e0s<\/span><\/p>\n<p><span style=\"color: #000000;\">\u00a0 \u00a0 15:30<\/span><\/p>\n<p>\u00a0<\/p>\n<\/td>\n<td>\n<p><span style=\"color: #000000;\">\u00a0 \u00a0 \u00a0 \u00a0 \u00a0 \u00a0De 08\/08 at\u00e9 15\/08\/2018<\/span><\/p>\n<p><span style=\"color: #000000;\">\u00a0<a style=\"color: #000000;\" href=\"https:\/\/goo.gl\/forms\/ZsGkF4AgiJHeZsct2\">\u00a0<\/a><a style=\"color: #000000;\" href=\"https:\/\/goo.gl\/forms\/ZsGkF4AgiJHeZsct2\">\u00a0<\/a><\/span><\/p>\n<p><span style=\"color: #000000;\">\u00a0 \u00a0 \u00a0 \u00a0 \u00a0 \u00a0 \u00a0 \u00a0 \u00a030 vagas<\/span><\/p>\n<\/td>\n<\/tr>\n<tr align=\"center\">\n<td>\n<p><span style=\"color: #000000;\">22\/08\/2018<\/span><\/p>\n<\/td>\n<td>\n<p><span style=\"color: #000000;\">Fontes e Recursos de<\/span><\/p>\n<p><span style=\"color: #000000;\">Informa\u00e7\u00e3o e Pesquisa<\/span><\/p>\n<p><span style=\"color: #000000;\">Web:\u00a0<strong>Servi\u00e7o de<\/strong><\/span><\/p>\n<p><span style=\"color: #000000;\"><strong>Descoberta da UFSM<\/strong>\u00a0<\/span><\/p>\n<p>\u00a0<\/p>\n<\/td>\n<td>\n<p><span style=\"color: #000000;\">Laborat\u00f3rio<\/span><\/p>\n<p><span style=\"color: #000000;\">LINCE &#8211; CE<\/span><\/p>\n<p><span style=\"color: #000000;\">Pr\u00e9dio 16<\/span><\/p>\n<\/td>\n<td>\n<p><span style=\"color: #000000;\">\u00a0 \u00a0 13:30<\/span><\/p>\n<p><span style=\"color: #000000;\">\u00a0 \u00a0 \u00a0 \u00e0s<\/span><\/p>\n<p><span style=\"color: #000000;\">\u00a0 \u00a0 15:30\u00a0<\/span><\/p>\n<\/td>\n<td>\n<p><span style=\"color: #000000;\"><a style=\"color: #000000;\" href=\"http:\/\/bit.ly\/2Mgi0Ho\">\u00a0<\/a><\/span><\/p>\n<p><span style=\"color: #000000;\">\u00a0 \u00a0 \u00a0 \u00a0 \u00a0 De 15\/08 at\u00e9 21\/08\/2018<\/span><\/p>\n<p><span style=\"color: #000000;\">\u00a0 \u00a0 \u00a0 \u00a0 \u00a0 \u00a0 \u00a0<\/span><\/p>\n<p><span style=\"color: #000000;\">\u00a0 \u00a0 \u00a0 \u00a0 \u00a0\u00a0 \u00a0 \u00a0 \u00a0 \u00a0 \u00a0 \u00a0 30 vagas<\/span><\/p>\n<\/td>\n<\/tr>\n<tr align=\"center\">\n<td>\n<p><span style=\"color: #000000;\">30\/082018<\/span><\/p>\n<\/td>\n<td>\n<p><span style=\"color: #000000;\">Fontes e Recursos de<\/span><\/p>\n<p><span style=\"color: #000000;\">Informa\u00e7\u00e3o e\u00a0Pesquisa Web:<\/span><\/p>\n<p><span style=\"color: #000000;\"><strong>Primal Pictures<\/strong><\/span><\/p>\n<p><span style=\"color: #000000;\"><strong>\u00a0<\/strong><\/span><\/p>\n<\/td>\n<td>\n<p>\u00a0<\/p>\n<p><span style=\"color: #000000;\">Laborat\u00f3rio<\/span><\/p>\n<p><span style=\"color: #000000;\">LINCE &#8211; CE<\/span><\/p>\n<p><span style=\"color: #000000;\">Pr\u00e9dio 16<\/span><\/p>\n<p>\u00a0<\/p>\n<\/td>\n<td>\n<p><span style=\"color: #000000;\">\u00a0 \u00a0 13:30<\/span><\/p>\n<p><span style=\"color: #000000;\">\u00a0 \u00a0 \u00a0 \u00e0s<\/span><\/p>\n<p><span style=\"color: #000000;\">\u00a0 \u00a0 15:30<\/span><\/p>\n<\/td>\n<td>\n<p><span style=\"color: #000000;\">De 23\/08 at\u00e9 29\/08\/2018<\/span><\/p>\n<p><span style=\"color: #000000;\">30 vagas<\/span><\/p>\n<\/td>\n<\/tr>\n<\/tbody>\n<\/table>\n<p><strong>\u00a0<\/strong><\/p>\n<p><strong>Participantes podem acessar e fazer download dos certificados de participa\u00e7\u00e3o nas capacita\u00e7\u00f5es atrav\u00e9s do link:<\/strong><a href=\"http:\/\/portal.ufsm.br\/certificados\">\u00a0<\/a><a href=\"http:\/\/portal.ufsm.br\/certificados\">http:\/\/portal.ufsm.br\/certificados<\/a>.<\/p>\n<p>No caso de d\u00favidas, acesse o\u00a0<a href=\"https:\/\/www.ufsm.br\/orgaos-suplementares\/biblioteca\/?page_id=268\">Tutorial de acesso ao portal de certificados.<\/a><\/p>\t\t\t\t\t\t<\/div>\n\t\t\t\t<\/div>\n\t\t\t\t\t<\/div>\n\t\t<\/div>\n\t\t\t\t\t<\/div>\n\t\t<\/section>\n\t\t\t\t<\/div>\n\t\t","protected":false},"excerpt":{"rendered":"<p>Capacita\u00e7\u00f5es para Uso do Cat\u00e1logo das Bibliotecas e Instru\u00e7\u00f5es sobre Pesquisas em Fontes e Recursos de Informa\u00e7\u00e3o Web Voc\u00ea que saber como realizar pesquisas no Cat\u00e1logo de Bibliotecas da UFSM, utilizar o Servi\u00e7o de Descoberta da UFSM ou Portal de Peri\u00f3dicos da Capes? Quer conhecer dicas para realizar buscas por assunto, peri\u00f3dico ou base de [&hellip;]<\/p>\n","protected":false},"author":115,"featured_media":0,"parent":0,"menu_order":0,"comment_status":"closed","ping_status":"closed","template":"","meta":{"footnotes":""},"categories":[],"tags":[],"class_list":["post-267","page","type-page","status-publish","hentry"],"acf":[],"_links":{"self":[{"href":"https:\/\/www.ufsm.br\/orgaos-suplementares\/biblioteca\/wp-json\/wp\/v2\/pages\/267","targetHints":{"allow":["GET"]}}],"collection":[{"href":"https:\/\/www.ufsm.br\/orgaos-suplementares\/biblioteca\/wp-json\/wp\/v2\/pages"}],"about":[{"href":"https:\/\/www.ufsm.br\/orgaos-suplementares\/biblioteca\/wp-json\/wp\/v2\/types\/page"}],"author":[{"embeddable":true,"href":"https:\/\/www.ufsm.br\/orgaos-suplementares\/biblioteca\/wp-json\/wp\/v2\/users\/115"}],"replies":[{"embeddable":true,"href":"https:\/\/www.ufsm.br\/orgaos-suplementares\/biblioteca\/wp-json\/wp\/v2\/comments?post=267"}],"version-history":[{"count":0,"href":"https:\/\/www.ufsm.br\/orgaos-suplementares\/biblioteca\/wp-json\/wp\/v2\/pages\/267\/revisions"}],"wp:attachment":[{"href":"https:\/\/www.ufsm.br\/orgaos-suplementares\/biblioteca\/wp-json\/wp\/v2\/media?parent=267"}],"wp:term":[{"taxonomy":"category","embeddable":true,"href":"https:\/\/www.ufsm.br\/orgaos-suplementares\/biblioteca\/wp-json\/wp\/v2\/categories?post=267"},{"taxonomy":"post_tag","embeddable":true,"href":"https:\/\/www.ufsm.br\/orgaos-suplementares\/biblioteca\/wp-json\/wp\/v2\/tags?post=267"}],"curies":[{"name":"wp","href":"https:\/\/api.w.org\/{rel}","templated":true}]}}