{"id":268,"date":"2018-12-18T08:44:11","date_gmt":"2018-12-18T10:44:11","guid":{"rendered":"https:\/\/www.ufsm.br\/orgaos-suplementares\/biblioteca\/?page_id=268"},"modified":"2018-12-18T08:51:09","modified_gmt":"2018-12-18T10:51:09","slug":"portal-de-certificados-do-sie","status":"publish","type":"page","link":"https:\/\/www.ufsm.br\/orgaos-suplementares\/biblioteca\/portal-de-certificados-do-sie","title":{"rendered":"Portal de Certificados do SIE"},"content":{"rendered":"\t\t<div data-elementor-type=\"wp-post\" data-elementor-id=\"268\" class=\"elementor elementor-268 elementor-bc-flex-widget\">\n\t\t\t\t\t\t<section class=\"elementor-section elementor-top-section elementor-element elementor-element-722426b elementor-section-boxed elementor-section-height-default elementor-section-height-default\" data-id=\"722426b\" data-element_type=\"section\">\n\t\t\t\t\t\t<div class=\"elementor-container elementor-column-gap-default\">\n\t\t\t\t\t<div class=\"elementor-column elementor-col-100 elementor-top-column elementor-element elementor-element-87451c2\" data-id=\"87451c2\" data-element_type=\"column\">\n\t\t\t<div class=\"elementor-widget-wrap elementor-element-populated\">\n\t\t\t\t\t\t<div class=\"elementor-element elementor-element-36d1dd8 elementor-widget elementor-widget-text-editor\" data-id=\"36d1dd8\" data-element_type=\"widget\" data-widget_type=\"text-editor.default\">\n\t\t\t\t<div class=\"elementor-widget-container\">\n\t\t\t\t\t\t\t<dl class=\"article-info\"><dd class=\"create\"><span style=\"color: #000000;\">Segunda, 23 Mar\u00e7o 2015 22:12<\/span><\/dd><\/dl><p><span style=\"color: #000000;\">Os certificados das capacita\u00e7\u00f5es do SiB-UFSM est\u00e3o dispon\u00edveis no Portal de Certificados em<\/span> \u00a0<a href=\"http:\/\/portal.ufsm.br\/certificados\">http:\/\/portal.ufsm.br\/certificados<\/a>.<\/p><p><img fetchpriority=\"high\" decoding=\"async\" class=\"alignnone wp-image-271 size-large\" src=\"https:\/\/www.ufsm.br\/orgaos-suplementares\/biblioteca\/wp-content\/uploads\/sites\/362\/2018\/12\/Procedimento-para-download-de-certificados-de-capacitaes-do-SiB-724x1024.png\" alt=\"\" width=\"724\" height=\"1024\" srcset=\"https:\/\/www.ufsm.br\/app\/uploads\/sites\/362\/2018\/12\/Procedimento-para-download-de-certificados-de-capacitaes-do-SiB-724x1024.png 724w, https:\/\/www.ufsm.br\/app\/uploads\/sites\/362\/2018\/12\/Procedimento-para-download-de-certificados-de-capacitaes-do-SiB-212x300.png 212w, https:\/\/www.ufsm.br\/app\/uploads\/sites\/362\/2018\/12\/Procedimento-para-download-de-certificados-de-capacitaes-do-SiB-768x1087.png 768w\" sizes=\"(max-width: 724px) 100vw, 724px\" \/><\/p>\t\t\t\t\t\t<\/div>\n\t\t\t\t<\/div>\n\t\t\t\t\t<\/div>\n\t\t<\/div>\n\t\t\t\t\t<\/div>\n\t\t<\/section>\n\t\t\t\t<\/div>\n\t\t","protected":false},"excerpt":{"rendered":"<p>Segunda, 23 Mar\u00e7o 2015 22:12 Os certificados das capacita\u00e7\u00f5es do SiB-UFSM est\u00e3o dispon\u00edveis no Portal de Certificados em \u00a0http:\/\/portal.ufsm.br\/certificados.<\/p>\n","protected":false},"author":115,"featured_media":0,"parent":0,"menu_order":0,"comment_status":"closed","ping_status":"closed","template":"","meta":{"footnotes":""},"categories":[],"tags":[],"class_list":["post-268","page","type-page","status-publish","hentry"],"acf":[],"_links":{"self":[{"href":"https:\/\/www.ufsm.br\/orgaos-suplementares\/biblioteca\/wp-json\/wp\/v2\/pages\/268","targetHints":{"allow":["GET"]}}],"collection":[{"href":"https:\/\/www.ufsm.br\/orgaos-suplementares\/biblioteca\/wp-json\/wp\/v2\/pages"}],"about":[{"href":"https:\/\/www.ufsm.br\/orgaos-suplementares\/biblioteca\/wp-json\/wp\/v2\/types\/page"}],"author":[{"embeddable":true,"href":"https:\/\/www.ufsm.br\/orgaos-suplementares\/biblioteca\/wp-json\/wp\/v2\/users\/115"}],"replies":[{"embeddable":true,"href":"https:\/\/www.ufsm.br\/orgaos-suplementares\/biblioteca\/wp-json\/wp\/v2\/comments?post=268"}],"version-history":[{"count":0,"href":"https:\/\/www.ufsm.br\/orgaos-suplementares\/biblioteca\/wp-json\/wp\/v2\/pages\/268\/revisions"}],"wp:attachment":[{"href":"https:\/\/www.ufsm.br\/orgaos-suplementares\/biblioteca\/wp-json\/wp\/v2\/media?parent=268"}],"wp:term":[{"taxonomy":"category","embeddable":true,"href":"https:\/\/www.ufsm.br\/orgaos-suplementares\/biblioteca\/wp-json\/wp\/v2\/categories?post=268"},{"taxonomy":"post_tag","embeddable":true,"href":"https:\/\/www.ufsm.br\/orgaos-suplementares\/biblioteca\/wp-json\/wp\/v2\/tags?post=268"}],"curies":[{"name":"wp","href":"https:\/\/api.w.org\/{rel}","templated":true}]}}