{"id":279,"date":"2018-12-18T09:08:04","date_gmt":"2018-12-18T11:08:04","guid":{"rendered":"https:\/\/www.ufsm.br\/orgaos-suplementares\/biblioteca\/?page_id=279"},"modified":"2021-12-13T17:08:55","modified_gmt":"2021-12-13T20:08:55","slug":"portal-de-periodicos-da-ufsm","status":"publish","type":"page","link":"https:\/\/www.ufsm.br\/orgaos-suplementares\/biblioteca\/portal-de-periodicos-da-ufsm","title":{"rendered":"Portal de Peri\u00f3dicos da UFSM"},"content":{"rendered":"<p><img fetchpriority=\"high\" decoding=\"async\" class=\"aligncenter\" src=\"https:\/\/www.ufsm.br\/orgaos-suplementares\/biblioteca\/wp-content\/uploads\/sites\/362\/2018\/12\/Periodicos_ufsm-300x175.png\" alt=\"\" width=\"300\" height=\"175\" \/><\/p>\n<p>O Portal de Peri\u00f3dicos Eletr\u00f4nicos da UFSM \u00e9 uma iniciativa da Biblioteca Central (<a style=\"color: #000000\" href=\"http:\/\/w3.ufsm.br\/biblioteca\/\" target=\"_blank\" rel=\"noopener noreferrer\">BC<\/a>), da Pr\u00f3-Reitoria de P\u00f3s-Gradua\u00e7\u00e3o e Pesquisa (<a style=\"color: #000000\" href=\"http:\/\/www.ufsm.br\/prpgp\/\" target=\"_blank\" rel=\"noopener noreferrer\">PRPGP<\/a>), do Centro de Processamento de Dados (<a style=\"color: #000000\" href=\"http:\/\/www.cpd.ufsm.br\/index.php\" target=\"_blank\" rel=\"noopener noreferrer\">CPD<\/a>) e de editoras e editores das revistas cient\u00edficas institucionais.<\/p>\n<p>O objetivo do Portal \u00e9 reunir em um \u00fanico ambiente os peri\u00f3dicos cient\u00edficos da Universidade Federal de Santa Maria, visando o livre acesso e democratiza\u00e7\u00e3o da produ\u00e7\u00e3o cient\u00edfica; a perpetuidade e qualifica\u00e7\u00e3o constante dos peri\u00f3dicos, assim como a capacita\u00e7\u00e3o continuada das equipes editoriais.<\/p>\n<p>O portal utiliza o Open Journal Systems (OJS), software customizado pelo Instituto Brasileiro de Informa\u00e7\u00e3o em Ci\u00eancia e Tecnologia (<a style=\"color: #000000\" href=\"http:\/\/www.ibict.br\/\" target=\"_blank\" rel=\"noopener noreferrer\">IBICT<\/a>) e\u00a0desenvolvido pelo Public Knowledge Project (<a style=\"color: #000000\" href=\"http:\/\/pkp.sfu.ca\/?q=ojs\">PKP<\/a>) da Universidade British Columbia, para constru\u00e7\u00e3o e gerenciamento de peri\u00f3dicos eletr\u00f4nicos.<\/p>\n<p><strong>Contato para Informa\u00e7\u00f5es e Suporte T\u00e9cnico<\/strong><\/p>\n<p>Bibliotec\u00e1ria D\u00e9bora Dimussio<\/p>\n<p>Programador Visual Roberto Bordin<\/p>\n<p>Fone: +55 (55) 3220-8647<\/p>\n<p>E-mail:\u00a0<a href=\"mailto:portaldeperiodicos@ufsm.br\">centraldeperiodicos@ufsm.br<\/a><\/p>\n<h4>Revistas no Portal<\/h4>\n<ul style=\"list-style-type: circle\">\n<li><a href=\"https:\/\/periodicos.ufsm.br\/animus\/about\/index\">Animus. Revista Interamericana de Comunica\u00e7\u00e3o Midi\u00e1tica<\/a><\/li>\n<li><a href=\"https:\/\/periodicos.ufsm.br\/balduinia\/about\/index\">Balduinia<\/a><\/li>\n<li><a href=\"https:\/\/periodicos.ufsm.br\/ccomunicacao\/about\/index\">Cadernos de Comunica\u00e7\u00e3o<\/a><\/li>\n<li><a href=\"https:\/\/periodicos.ufsm.br\/cienciaenatura\/about\/index\">Ci\u00eancia e Natura<\/a><\/li>\n<li><a href=\"https:\/\/periodicos.ufsm.br\/cienciaflorestal\/about\/index\">Ci\u00eancia Florestal<\/a><\/li>\n<li><a href=\"https:\/\/periodicos.ufsm.br\/eed\/about\/index\">Economia e Desenvolvimento<\/a><\/li>\n<li><a href=\"https:\/\/periodicos.ufsm.br\/reveducacao\/about\/index\">Educa\u00e7\u00e3o (UFSM)<\/a><\/li>\n<li><a href=\"https:\/\/periodicos.ufsm.br\/experiencia\/about\/index\">Experi\u00eancia. Revista Cient\u00edfica de Extens\u00e3o<\/a><\/li>\n<li><a href=\"https:\/\/periodicos.ufsm.br\/extensaorural\/about\/index\">Extens\u00e3o Rural<\/a><\/li>\n<li><a href=\"https:\/\/periodicos.ufsm.br\/fragmentum\/about\/index\">Fragmentum<\/a><\/li>\n<li><a href=\"https:\/\/periodicos.ufsm.br\/geografia\/about\/index\">Geografia Ensino &amp; Pesquisa<\/a><\/li>\n<li><a href=\"https:\/\/periodicos.ufsm.br\/kinesis\/about\/index\">Kinesis<\/a><\/li>\n<li><a href=\"https:\/\/periodicos.ufsm.br\/letras\/about\/index\">Letras<\/a><\/li>\n<li><a href=\"https:\/\/periodicos.ufsm.br\/LeC\/about\/index\">Linguagens &amp; Cidadania<\/a><\/li>\n<li><a href=\"https:\/\/periodicos.ufsm.br\/LA\/about\/index\">Literatura e Autoritarismo<\/a><\/li>\n<li><a href=\"https:\/\/periodicos.ufsm.br\/nope\/about\/index\">Notas de Pesquisa<\/a><\/li>\n<li><a href=\"https:\/\/periodicos.ufsm.br\/pap\/about\/index\">Pr\u00e1ticas de Administra\u00e7\u00e3o P\u00fablica<\/a><\/li>\n<li><a href=\"https:\/\/periodicos.ufsm.br\/regae\/about\/index\">Revista de Gest\u00e3o e Avalia\u00e7\u00e3o Educacional<\/a><\/li>\n<li><a href=\"https:\/\/periodicos.ufsm.br\/coming\/about\/index\">Revista ComInG &#8211; Communications and Innovations Gazette<\/a><\/li>\n<li><a href=\"https:\/\/periodicos.ufsm.br\/reaufsm\/about\/index\">Revista de Administra\u00e7\u00e3o da UFSM<\/a><\/li>\n<li><a href=\"https:\/\/periodicos.ufsm.br\/reufsm\/about\/index\">Revista de Enfermagem da UFSM<\/a><\/li>\n<li><a href=\"https:\/\/periodicos.ufsm.br\/rgc\/about\/index\">Revista de Gest\u00e3o e Organiza\u00e7\u00f5es Cooperativas<\/a><\/li>\n<li><a href=\"https:\/\/periodicos.ufsm.br\/refilo\/about\/index\">Revista Digital de Ensino de Filosofia &#8211; REFilo<\/a><\/li>\n<li><a href=\"https:\/\/periodicos.ufsm.br\/revislav\/about\/index\">Revista Digital do LAV<\/a><\/li>\n<li><a href=\"https:\/\/periodicos.ufsm.br\/REDESG\/about\/index\">Revista Direitos Emergentes na Sociedade Global<\/a><\/li>\n<li><a href=\"https:\/\/periodicos.ufsm.br\/enflo\/about\/index\">Revista Ecologia e Nutri\u00e7\u00e3o Florestal &#8211; ENFLO<\/a><\/li>\n<li><a href=\"https:\/\/periodicos.ufsm.br\/educacaoespecial\/about\/index\">Revista Educa\u00e7\u00e3o Especial<\/a><\/li>\n<li><a href=\"https:\/\/periodicos.ufsm.br\/contabilidade\/about\/index\">Revista Eletr\u00f4nica de Contabilidade<\/a><\/li>\n<li><a href=\"https:\/\/periodicos.ufsm.br\/revistadireito\/about\/index\">Revista Eletr\u00f4nica do Curso de Direito da UFSM<\/a><\/li>\n<li><a href=\"https:\/\/periodicos.ufsm.br\/reget\/about\/index\">Revista Eletr\u00f4nica em Gest\u00e3o, Educa\u00e7\u00e3o e Tecnologia Ambiental<\/a><\/li>\n<li><a href=\"https:\/\/periodicos.ufsm.br\/interacao\/about\/index\">Revista InterA\u00e7\u00e3o<\/a><\/li>\n<li><a href=\"https:\/\/periodicos.ufsm.br\/remoa\/about\/index\">Revista Monografias Ambientais<\/a><\/li>\n<li><a href=\"https:\/\/periodicos.ufsm.br\/sociaisehumanas\/about\/index\">Revista Sociais e Humanas<\/a><\/li>\n<li><a href=\"https:\/\/periodicos.ufsm.br\/revistasaude\/about\/index\">Sa\u00fade (Santa Maria)<\/a><\/li>\n<li><a href=\"https:\/\/periodicos.ufsm.br\/seculoxxi\/about\/index\">S\u00e9culo XXI \u2013 Revista de Ci\u00eancias Sociais<\/a><\/li>\n<\/ul>\n<h4><\/h4>\n","protected":false},"excerpt":{"rendered":"<p>O Portal de Peri\u00f3dicos Eletr\u00f4nicos da UFSM \u00e9 uma iniciativa da Biblioteca Central (BC), da Pr\u00f3-Reitoria de P\u00f3s-Gradua\u00e7\u00e3o e Pesquisa (PRPGP), do Centro de Processamento de Dados (CPD) e de editoras e editores das revistas cient\u00edficas institucionais. O objetivo do Portal \u00e9 reunir em um \u00fanico ambiente os peri\u00f3dicos cient\u00edficos da Universidade Federal de Santa [&hellip;]<\/p>\n","protected":false},"author":115,"featured_media":0,"parent":0,"menu_order":0,"comment_status":"closed","ping_status":"closed","template":"","meta":{"footnotes":""},"categories":[],"tags":[],"class_list":["post-279","page","type-page","status-publish","hentry"],"acf":[],"_links":{"self":[{"href":"https:\/\/www.ufsm.br\/orgaos-suplementares\/biblioteca\/wp-json\/wp\/v2\/pages\/279","targetHints":{"allow":["GET"]}}],"collection":[{"href":"https:\/\/www.ufsm.br\/orgaos-suplementares\/biblioteca\/wp-json\/wp\/v2\/pages"}],"about":[{"href":"https:\/\/www.ufsm.br\/orgaos-suplementares\/biblioteca\/wp-json\/wp\/v2\/types\/page"}],"author":[{"embeddable":true,"href":"https:\/\/www.ufsm.br\/orgaos-suplementares\/biblioteca\/wp-json\/wp\/v2\/users\/115"}],"replies":[{"embeddable":true,"href":"https:\/\/www.ufsm.br\/orgaos-suplementares\/biblioteca\/wp-json\/wp\/v2\/comments?post=279"}],"version-history":[{"count":0,"href":"https:\/\/www.ufsm.br\/orgaos-suplementares\/biblioteca\/wp-json\/wp\/v2\/pages\/279\/revisions"}],"wp:attachment":[{"href":"https:\/\/www.ufsm.br\/orgaos-suplementares\/biblioteca\/wp-json\/wp\/v2\/media?parent=279"}],"wp:term":[{"taxonomy":"category","embeddable":true,"href":"https:\/\/www.ufsm.br\/orgaos-suplementares\/biblioteca\/wp-json\/wp\/v2\/categories?post=279"},{"taxonomy":"post_tag","embeddable":true,"href":"https:\/\/www.ufsm.br\/orgaos-suplementares\/biblioteca\/wp-json\/wp\/v2\/tags?post=279"}],"curies":[{"name":"wp","href":"https:\/\/api.w.org\/{rel}","templated":true}]}}