{"id":288,"date":"2018-12-18T12:48:48","date_gmt":"2018-12-18T14:48:48","guid":{"rendered":"https:\/\/www.ufsm.br\/orgaos-suplementares\/biblioteca\/?page_id=288"},"modified":"2023-06-19T18:32:48","modified_gmt":"2023-06-19T21:32:48","slug":"capacitacoes-e-visitas-orientadas","status":"publish","type":"page","link":"https:\/\/www.ufsm.br\/orgaos-suplementares\/biblioteca\/capacitacoes-e-visitas-orientadas","title":{"rendered":"Capacita\u00e7\u00f5es e visitas orientadas"},"content":{"rendered":"\t\t<div data-elementor-type=\"wp-post\" data-elementor-id=\"288\" class=\"elementor elementor-288\">\n\t\t\t\t\t\t<section class=\"elementor-section elementor-top-section elementor-element elementor-element-974a78c elementor-section-boxed elementor-section-height-default elementor-section-height-default\" data-id=\"974a78c\" data-element_type=\"section\">\n\t\t\t\t\t\t<div class=\"elementor-container elementor-column-gap-default\">\n\t\t\t\t\t<div class=\"elementor-column elementor-col-100 elementor-top-column elementor-element elementor-element-d3abd97\" data-id=\"d3abd97\" data-element_type=\"column\">\n\t\t\t<div class=\"elementor-widget-wrap elementor-element-populated\">\n\t\t\t\t\t\t<div class=\"elementor-element elementor-element-f869277 elementor-widget elementor-widget-text-editor\" data-id=\"f869277\" data-element_type=\"widget\" data-widget_type=\"text-editor.default\">\n\t\t\t\t<div class=\"elementor-widget-container\">\n\t\t\t\t\t\t\t<p><span style=\"color: #000000\">Conhe\u00e7a e aprenda a usar os diferentes recursos dispon\u00edveis na biblioteca.\u00a0Professores e coordenadores de curso podem solicitar visitas orientadas e capacita\u00e7\u00f5es em datas espec\u00edficas e que se adequem ao seu cronograma de aulas.<\/span><\/p><p><span style=\"color: #000000\">Este servi\u00e7o \u00e9 exclusivos para pessoas vinculadas \u00e0 UFSM.<\/span><\/p><p><strong style=\"color: #000000;background-color: var(--bs-body-bg);text-align: var(--bs-body-text-align)\">Capacita\u00e7\u00f5es oferecidas:<\/strong><\/p><ul style=\"list-style-type: square\"><li><span style=\"color: #000000\">Navega\u00e7\u00e3o e uso dos conte\u00fados dispon\u00edveis para as Bibliotecas da UFSM<\/span><\/li><li><span style=\"color: #000000\">Orienta\u00e7\u00e3o sobre os servi\u00e7os das Bibliotecas da UFSM<\/span><\/li><li><span style=\"color: #000000\">Portal de Peri\u00f3dicos CAPES<\/span><\/li><\/ul><p><span style=\"color: #000000\"><strong>Visitas orientadas:<\/strong><\/span><\/p><p><span style=\"color: #000000\">Professores, coordenadores de curso e grupos de alunos podem agendar visitas para suas turmas, onde s\u00e3o apresentados os servi\u00e7os e os espa\u00e7os da biblioteca.<\/span><\/p><ul style=\"list-style-type: square\"><li><span style=\"color: #000000\">Visita orientada para rec\u00e9m-chegados: baixe a apresenta\u00e7\u00e3o\u00a0<\/span> <a href=\"https:\/\/www.ufsm.br\/orgaos-suplementares\/biblioteca\/wp-content\/uploads\/sites\/362\/2018\/12\/Visita-orientada-bsico-2017.pdf\">para professores e t\u00e9cnicos administrativos (b\u00e1sico)<\/a><\/li><li><span style=\"color: #000000\">Visita orientada para rec\u00e9m-chegados: baixe a apresenta\u00e7\u00e3o\u00a0<\/span> <a href=\"https:\/\/www.ufsm.br\/orgaos-suplementares\/biblioteca\/wp-content\/uploads\/sites\/362\/2018\/12\/Visita_orientada_-_calourada_-_2017.pdf\">para a Calourada<\/a><\/li><\/ul><p><span style=\"color: #000000\">Para agendar uma capacita\u00e7\u00e3o e<\/span><span style=\"color: #000000\">ntre em contato por e-mail:<\/span> <span id=\"cloakdf9de1e1b68be5fc84a77609717bfb7b\"><a href=\"mailto:BSCCR@ufsm.br\">bsccr@ufsm.br<\/a><\/span><\/p><p><strong>Capacita\u00e7\u00f5es em bases de e-books, normas e busca integrada<\/strong><\/p><p>As capacita\u00e7\u00f5es dos servi\u00e7os contratados pela UFSM, como <em>Minha Biblioteca<\/em> (e-books), n<em>ormas t\u00e9cnicas<\/em> (Target) e <em>Servi\u00e7o de Descoberta<\/em> (busca integrada) s\u00e3o realizados pelo Setor de Refer\u00eancia da Biblioteca Central da UFSM que organiza junto aos editores cient\u00edficos cronograma regular aberto \u00e0 toda comunidade.\u00a0<\/p><p>Tamb\u00e9m as capacita\u00e7\u00f5es de gerenciadores de refer\u00eancias do identificador digital ORCID e as orienta\u00e7\u00f5es sobre o uso do Manual de Disserta\u00e7\u00f5es e Teses da UFSM (MDT) s\u00e3o realizadas por este setor que pode ser contatado pelo e-mail: <a class=\"notranslate\" href=\"mailto:capacitacao.bc@ufsm.br\"><strong>referenciabc@ufsm.br<\/strong><\/a>.<\/p>\t\t\t\t\t\t<\/div>\n\t\t\t\t<\/div>\n\t\t\t\t\t<\/div>\n\t\t<\/div>\n\t\t\t\t\t<\/div>\n\t\t<\/section>\n\t\t\t\t<\/div>\n\t\t","protected":false},"excerpt":{"rendered":"<p>Conhe\u00e7a e aprenda a usar os diferentes recursos dispon\u00edveis na biblioteca.\u00a0Professores e coordenadores de curso podem solicitar visitas orientadas e capacita\u00e7\u00f5es em datas espec\u00edficas e que se adequem ao seu cronograma de aulas. Este servi\u00e7o \u00e9 exclusivos para pessoas vinculadas \u00e0 UFSM. Capacita\u00e7\u00f5es oferecidas: Navega\u00e7\u00e3o e uso dos conte\u00fados dispon\u00edveis para as Bibliotecas da UFSM [&hellip;]<\/p>\n","protected":false},"author":115,"featured_media":0,"parent":0,"menu_order":0,"comment_status":"closed","ping_status":"closed","template":"","meta":{"footnotes":""},"categories":[],"tags":[],"class_list":["post-288","page","type-page","status-publish","hentry"],"acf":[],"_links":{"self":[{"href":"https:\/\/www.ufsm.br\/orgaos-suplementares\/biblioteca\/wp-json\/wp\/v2\/pages\/288","targetHints":{"allow":["GET"]}}],"collection":[{"href":"https:\/\/www.ufsm.br\/orgaos-suplementares\/biblioteca\/wp-json\/wp\/v2\/pages"}],"about":[{"href":"https:\/\/www.ufsm.br\/orgaos-suplementares\/biblioteca\/wp-json\/wp\/v2\/types\/page"}],"author":[{"embeddable":true,"href":"https:\/\/www.ufsm.br\/orgaos-suplementares\/biblioteca\/wp-json\/wp\/v2\/users\/115"}],"replies":[{"embeddable":true,"href":"https:\/\/www.ufsm.br\/orgaos-suplementares\/biblioteca\/wp-json\/wp\/v2\/comments?post=288"}],"version-history":[{"count":0,"href":"https:\/\/www.ufsm.br\/orgaos-suplementares\/biblioteca\/wp-json\/wp\/v2\/pages\/288\/revisions"}],"wp:attachment":[{"href":"https:\/\/www.ufsm.br\/orgaos-suplementares\/biblioteca\/wp-json\/wp\/v2\/media?parent=288"}],"wp:term":[{"taxonomy":"category","embeddable":true,"href":"https:\/\/www.ufsm.br\/orgaos-suplementares\/biblioteca\/wp-json\/wp\/v2\/categories?post=288"},{"taxonomy":"post_tag","embeddable":true,"href":"https:\/\/www.ufsm.br\/orgaos-suplementares\/biblioteca\/wp-json\/wp\/v2\/tags?post=288"}],"curies":[{"name":"wp","href":"https:\/\/api.w.org\/{rel}","templated":true}]}}