{"id":2885,"date":"2023-03-29T09:57:47","date_gmt":"2023-03-29T12:57:47","guid":{"rendered":"https:\/\/www.ufsm.br\/orgaos-suplementares\/biblioteca\/?page_id=2885"},"modified":"2023-03-29T10:02:26","modified_gmt":"2023-03-29T13:02:26","slug":"aquisicoes-de-marco-de-2023","status":"publish","type":"page","link":"https:\/\/www.ufsm.br\/orgaos-suplementares\/biblioteca\/aquisicoes-de-marco-de-2023","title":{"rendered":"Aquisi\u00e7\u00f5es de Mar\u00e7o de 2023"},"content":{"rendered":"\t\t<div data-elementor-type=\"wp-page\" data-elementor-id=\"2885\" class=\"elementor elementor-2885\">\n\t\t\t\t\t\t<section class=\"elementor-section elementor-top-section elementor-element elementor-element-e97452a elementor-section-boxed elementor-section-height-default elementor-section-height-default\" data-id=\"e97452a\" data-element_type=\"section\">\n\t\t\t\t\t\t<div class=\"elementor-container elementor-column-gap-default\">\n\t\t\t\t\t<div class=\"elementor-column elementor-col-100 elementor-top-column elementor-element elementor-element-8979865\" data-id=\"8979865\" data-element_type=\"column\">\n\t\t\t<div class=\"elementor-widget-wrap elementor-element-populated\">\n\t\t\t\t\t\t<div class=\"elementor-element elementor-element-f0630f2 elementor-widget elementor-widget-image-gallery\" data-id=\"f0630f2\" data-element_type=\"widget\" data-widget_type=\"image-gallery.default\">\n\t\t\t\t<div class=\"elementor-widget-container\">\n\t\t\t\t\t<div class=\"elementor-image-gallery\">\n\t\t\t<div id='gallery-1' class='gallery galleryid-2885 gallery-columns-2 gallery-size-large'><figure class='gallery-item'>\n\t\t\t<div class='gallery-icon landscape'>\n\t\t\t\t<a data-elementor-open-lightbox=\"yes\" data-elementor-lightbox-slideshow=\"f0630f2\" data-elementor-lightbox-title=\"mar23-1\" data-e-action-hash=\"#elementor-action%3Aaction%3Dlightbox%26settings%3DeyJpZCI6Mjg4MywidXJsIjoiaHR0cHM6XC9cL3d3dy51ZnNtLmJyXC9hcHBcL3VwbG9hZHNcL3NpdGVzXC8zNjJcLzIwMjNcLzAzXC9tYXIyMy0xLmpwZyIsInNsaWRlc2hvdyI6ImYwNjMwZjIifQ%3D%3D\" href='https:\/\/www.ufsm.br\/app\/uploads\/sites\/362\/2023\/03\/mar23-1.jpg'><img fetchpriority=\"high\" decoding=\"async\" width=\"940\" height=\"788\" src=\"https:\/\/www.ufsm.br\/app\/uploads\/sites\/362\/2023\/03\/mar23-1.jpg\" class=\"attachment-large size-large\" alt=\"\" srcset=\"https:\/\/www.ufsm.br\/app\/uploads\/sites\/362\/2023\/03\/mar23-1.jpg 940w, https:\/\/www.ufsm.br\/app\/uploads\/sites\/362\/2023\/03\/mar23-1-300x251.jpg 300w, https:\/\/www.ufsm.br\/app\/uploads\/sites\/362\/2023\/03\/mar23-1-768x644.jpg 768w\" sizes=\"(max-width: 940px) 100vw, 940px\" \/><\/a>\n\t\t\t<\/div><\/figure><figure class='gallery-item'>\n\t\t\t<div class='gallery-icon landscape'>\n\t\t\t\t<a data-elementor-open-lightbox=\"yes\" data-elementor-lightbox-slideshow=\"f0630f2\" data-elementor-lightbox-title=\"mar23-2\" data-e-action-hash=\"#elementor-action%3Aaction%3Dlightbox%26settings%3DeyJpZCI6Mjg4MiwidXJsIjoiaHR0cHM6XC9cL3d3dy51ZnNtLmJyXC9hcHBcL3VwbG9hZHNcL3NpdGVzXC8zNjJcLzIwMjNcLzAzXC9tYXIyMy0yLmpwZyIsInNsaWRlc2hvdyI6ImYwNjMwZjIifQ%3D%3D\" href='https:\/\/www.ufsm.br\/app\/uploads\/sites\/362\/2023\/03\/mar23-2.jpg'><img decoding=\"async\" width=\"940\" height=\"788\" src=\"https:\/\/www.ufsm.br\/app\/uploads\/sites\/362\/2023\/03\/mar23-2.jpg\" class=\"attachment-large size-large\" alt=\"\" srcset=\"https:\/\/www.ufsm.br\/app\/uploads\/sites\/362\/2023\/03\/mar23-2.jpg 940w, https:\/\/www.ufsm.br\/app\/uploads\/sites\/362\/2023\/03\/mar23-2-300x251.jpg 300w, https:\/\/www.ufsm.br\/app\/uploads\/sites\/362\/2023\/03\/mar23-2-768x644.jpg 768w\" sizes=\"(max-width: 940px) 100vw, 940px\" \/><\/a>\n\t\t\t<\/div><\/figure><figure class='gallery-item'>\n\t\t\t<div class='gallery-icon landscape'>\n\t\t\t\t<a data-elementor-open-lightbox=\"yes\" data-elementor-lightbox-slideshow=\"f0630f2\" data-elementor-lightbox-title=\"mar23-3\" data-e-action-hash=\"#elementor-action%3Aaction%3Dlightbox%26settings%3DeyJpZCI6Mjg4MSwidXJsIjoiaHR0cHM6XC9cL3d3dy51ZnNtLmJyXC9hcHBcL3VwbG9hZHNcL3NpdGVzXC8zNjJcLzIwMjNcLzAzXC9tYXIyMy0zLmpwZyIsInNsaWRlc2hvdyI6ImYwNjMwZjIifQ%3D%3D\" href='https:\/\/www.ufsm.br\/app\/uploads\/sites\/362\/2023\/03\/mar23-3.jpg'><img decoding=\"async\" width=\"940\" height=\"788\" src=\"https:\/\/www.ufsm.br\/app\/uploads\/sites\/362\/2023\/03\/mar23-3.jpg\" class=\"attachment-large size-large\" alt=\"\" srcset=\"https:\/\/www.ufsm.br\/app\/uploads\/sites\/362\/2023\/03\/mar23-3.jpg 940w, https:\/\/www.ufsm.br\/app\/uploads\/sites\/362\/2023\/03\/mar23-3-300x251.jpg 300w, https:\/\/www.ufsm.br\/app\/uploads\/sites\/362\/2023\/03\/mar23-3-768x644.jpg 768w\" sizes=\"(max-width: 940px) 100vw, 940px\" \/><\/a>\n\t\t\t<\/div><\/figure><figure class='gallery-item'>\n\t\t\t<div class='gallery-icon landscape'>\n\t\t\t\t<a data-elementor-open-lightbox=\"yes\" data-elementor-lightbox-slideshow=\"f0630f2\" data-elementor-lightbox-title=\"mar23-4\" data-e-action-hash=\"#elementor-action%3Aaction%3Dlightbox%26settings%3DeyJpZCI6Mjg4MCwidXJsIjoiaHR0cHM6XC9cL3d3dy51ZnNtLmJyXC9hcHBcL3VwbG9hZHNcL3NpdGVzXC8zNjJcLzIwMjNcLzAzXC9tYXIyMy00LmpwZyIsInNsaWRlc2hvdyI6ImYwNjMwZjIifQ%3D%3D\" href='https:\/\/www.ufsm.br\/app\/uploads\/sites\/362\/2023\/03\/mar23-4.jpg'><img loading=\"lazy\" decoding=\"async\" width=\"940\" height=\"788\" src=\"https:\/\/www.ufsm.br\/app\/uploads\/sites\/362\/2023\/03\/mar23-4.jpg\" class=\"attachment-large size-large\" alt=\"\" srcset=\"https:\/\/www.ufsm.br\/app\/uploads\/sites\/362\/2023\/03\/mar23-4.jpg 940w, https:\/\/www.ufsm.br\/app\/uploads\/sites\/362\/2023\/03\/mar23-4-300x251.jpg 300w, https:\/\/www.ufsm.br\/app\/uploads\/sites\/362\/2023\/03\/mar23-4-768x644.jpg 768w\" sizes=\"(max-width: 940px) 100vw, 940px\" \/><\/a>\n\t\t\t<\/div><\/figure><figure class='gallery-item'>\n\t\t\t<div class='gallery-icon landscape'>\n\t\t\t\t<a data-elementor-open-lightbox=\"yes\" data-elementor-lightbox-slideshow=\"f0630f2\" data-elementor-lightbox-title=\"mar23-5\" data-e-action-hash=\"#elementor-action%3Aaction%3Dlightbox%26settings%3DeyJpZCI6Mjg3OSwidXJsIjoiaHR0cHM6XC9cL3d3dy51ZnNtLmJyXC9hcHBcL3VwbG9hZHNcL3NpdGVzXC8zNjJcLzIwMjNcLzAzXC9tYXIyMy01LmpwZyIsInNsaWRlc2hvdyI6ImYwNjMwZjIifQ%3D%3D\" href='https:\/\/www.ufsm.br\/app\/uploads\/sites\/362\/2023\/03\/mar23-5.jpg'><img loading=\"lazy\" decoding=\"async\" width=\"940\" height=\"788\" src=\"https:\/\/www.ufsm.br\/app\/uploads\/sites\/362\/2023\/03\/mar23-5.jpg\" class=\"attachment-large size-large\" alt=\"\" srcset=\"https:\/\/www.ufsm.br\/app\/uploads\/sites\/362\/2023\/03\/mar23-5.jpg 940w, https:\/\/www.ufsm.br\/app\/uploads\/sites\/362\/2023\/03\/mar23-5-300x251.jpg 300w, https:\/\/www.ufsm.br\/app\/uploads\/sites\/362\/2023\/03\/mar23-5-768x644.jpg 768w\" sizes=\"(max-width: 940px) 100vw, 940px\" \/><\/a>\n\t\t\t<\/div><\/figure><figure class='gallery-item'>\n\t\t\t<div class='gallery-icon landscape'>\n\t\t\t\t<a data-elementor-open-lightbox=\"yes\" data-elementor-lightbox-slideshow=\"f0630f2\" data-elementor-lightbox-title=\"mar23-6\" data-e-action-hash=\"#elementor-action%3Aaction%3Dlightbox%26settings%3DeyJpZCI6Mjg3OCwidXJsIjoiaHR0cHM6XC9cL3d3dy51ZnNtLmJyXC9hcHBcL3VwbG9hZHNcL3NpdGVzXC8zNjJcLzIwMjNcLzAzXC9tYXIyMy02LmpwZyIsInNsaWRlc2hvdyI6ImYwNjMwZjIifQ%3D%3D\" href='https:\/\/www.ufsm.br\/app\/uploads\/sites\/362\/2023\/03\/mar23-6.jpg'><img loading=\"lazy\" decoding=\"async\" width=\"940\" height=\"788\" src=\"https:\/\/www.ufsm.br\/app\/uploads\/sites\/362\/2023\/03\/mar23-6.jpg\" class=\"attachment-large size-large\" alt=\"\" srcset=\"https:\/\/www.ufsm.br\/app\/uploads\/sites\/362\/2023\/03\/mar23-6.jpg 940w, https:\/\/www.ufsm.br\/app\/uploads\/sites\/362\/2023\/03\/mar23-6-300x251.jpg 300w, https:\/\/www.ufsm.br\/app\/uploads\/sites\/362\/2023\/03\/mar23-6-768x644.jpg 768w\" sizes=\"(max-width: 940px) 100vw, 940px\" \/><\/a>\n\t\t\t<\/div><\/figure><figure class='gallery-item'>\n\t\t\t<div class='gallery-icon landscape'>\n\t\t\t\t<a data-elementor-open-lightbox=\"yes\" data-elementor-lightbox-slideshow=\"f0630f2\" data-elementor-lightbox-title=\"mar23-7\" data-e-action-hash=\"#elementor-action%3Aaction%3Dlightbox%26settings%3DeyJpZCI6Mjg3NywidXJsIjoiaHR0cHM6XC9cL3d3dy51ZnNtLmJyXC9hcHBcL3VwbG9hZHNcL3NpdGVzXC8zNjJcLzIwMjNcLzAzXC9tYXIyMy03LmpwZyIsInNsaWRlc2hvdyI6ImYwNjMwZjIifQ%3D%3D\" href='https:\/\/www.ufsm.br\/app\/uploads\/sites\/362\/2023\/03\/mar23-7.jpg'><img loading=\"lazy\" decoding=\"async\" width=\"940\" height=\"788\" src=\"https:\/\/www.ufsm.br\/app\/uploads\/sites\/362\/2023\/03\/mar23-7.jpg\" class=\"attachment-large size-large\" alt=\"\" srcset=\"https:\/\/www.ufsm.br\/app\/uploads\/sites\/362\/2023\/03\/mar23-7.jpg 940w, https:\/\/www.ufsm.br\/app\/uploads\/sites\/362\/2023\/03\/mar23-7-300x251.jpg 300w, https:\/\/www.ufsm.br\/app\/uploads\/sites\/362\/2023\/03\/mar23-7-768x644.jpg 768w\" sizes=\"(max-width: 940px) 100vw, 940px\" \/><\/a>\n\t\t\t<\/div><\/figure>\n\t\t<\/div>\n\t\t<\/div>\n\t\t\t\t<\/div>\n\t\t\t\t<\/div>\n\t\t\t\t\t<\/div>\n\t\t<\/div>\n\t\t\t\t\t<\/div>\n\t\t<\/section>\n\t\t\t\t<\/div>\n\t\t","protected":false},"excerpt":{"rendered":"","protected":false},"author":4995,"featured_media":0,"parent":0,"menu_order":0,"comment_status":"closed","ping_status":"closed","template":"","meta":{"footnotes":""},"categories":[],"tags":[],"class_list":["post-2885","page","type-page","status-publish","hentry"],"acf":[],"_links":{"self":[{"href":"https:\/\/www.ufsm.br\/orgaos-suplementares\/biblioteca\/wp-json\/wp\/v2\/pages\/2885","targetHints":{"allow":["GET"]}}],"collection":[{"href":"https:\/\/www.ufsm.br\/orgaos-suplementares\/biblioteca\/wp-json\/wp\/v2\/pages"}],"about":[{"href":"https:\/\/www.ufsm.br\/orgaos-suplementares\/biblioteca\/wp-json\/wp\/v2\/types\/page"}],"author":[{"embeddable":true,"href":"https:\/\/www.ufsm.br\/orgaos-suplementares\/biblioteca\/wp-json\/wp\/v2\/users\/4995"}],"replies":[{"embeddable":true,"href":"https:\/\/www.ufsm.br\/orgaos-suplementares\/biblioteca\/wp-json\/wp\/v2\/comments?post=2885"}],"version-history":[{"count":0,"href":"https:\/\/www.ufsm.br\/orgaos-suplementares\/biblioteca\/wp-json\/wp\/v2\/pages\/2885\/revisions"}],"wp:attachment":[{"href":"https:\/\/www.ufsm.br\/orgaos-suplementares\/biblioteca\/wp-json\/wp\/v2\/media?parent=2885"}],"wp:term":[{"taxonomy":"category","embeddable":true,"href":"https:\/\/www.ufsm.br\/orgaos-suplementares\/biblioteca\/wp-json\/wp\/v2\/categories?post=2885"},{"taxonomy":"post_tag","embeddable":true,"href":"https:\/\/www.ufsm.br\/orgaos-suplementares\/biblioteca\/wp-json\/wp\/v2\/tags?post=2885"}],"curies":[{"name":"wp","href":"https:\/\/api.w.org\/{rel}","templated":true}]}}