{"id":300,"date":"2018-12-18T13:25:42","date_gmt":"2018-12-18T15:25:42","guid":{"rendered":"https:\/\/www.ufsm.br\/orgaos-suplementares\/biblioteca\/?page_id=300"},"modified":"2022-03-28T18:11:34","modified_gmt":"2022-03-28T21:11:34","slug":"identidade-visual","status":"publish","type":"page","link":"https:\/\/www.ufsm.br\/orgaos-suplementares\/biblioteca\/identidade-visual","title":{"rendered":"Identidade Visual"},"content":{"rendered":"\n<p><a href=\"https:\/\/www.ufsm.br\/app\/uploads\/sites\/362\/2022\/03\/bsccr-colorido-png.png\"><strong>Logo em PNG com transpar\u00eancia colorido<\/strong><\/a><\/p>\n<p><a href=\"https:\/\/www.ufsm.br\/app\/uploads\/sites\/362\/2022\/03\/bsccr-branco-png.png\"><strong>Logo em PNG com transpar\u00eancia branco<\/strong><\/a><\/p>\n<p><a href=\"https:\/\/www.ufsm.br\/app\/uploads\/sites\/362\/2022\/03\/bsccr-preto-png.png\"><strong>Logo em PNG com transpar\u00eancia preto<\/strong><\/a><\/p>\n<p><strong><a href=\"https:\/\/www.ufsm.br\/app\/uploads\/sites\/362\/2022\/03\/logo-BSCCR.pdf\">Logo em PDF colorido<\/a><\/strong><\/p>\n<p><a href=\"https:\/\/www.ufsm.br\/app\/uploads\/sites\/362\/2022\/03\/bsccr-branco-pdf-1.pdf\"><strong>Logo em PDF branco<\/strong><\/a><\/p>\n<p><a href=\"https:\/\/www.ufsm.br\/app\/uploads\/sites\/362\/2022\/03\/bsccr-preto-pdf.pdf\"><strong>Logo em PDF preto<\/strong><\/a><\/p>\n<p>\u00a0<\/p>\n","protected":false},"excerpt":{"rendered":"<p>Logo em PNG com transpar\u00eancia colorido Logo em PNG com transpar\u00eancia branco Logo em PNG com transpar\u00eancia preto Logo em PDF colorido Logo em PDF branco Logo em PDF preto \u00a0<\/p>\n","protected":false},"author":115,"featured_media":0,"parent":0,"menu_order":0,"comment_status":"closed","ping_status":"closed","template":"","meta":{"footnotes":""},"categories":[],"tags":[],"class_list":["post-300","page","type-page","status-publish","hentry"],"acf":[],"_links":{"self":[{"href":"https:\/\/www.ufsm.br\/orgaos-suplementares\/biblioteca\/wp-json\/wp\/v2\/pages\/300","targetHints":{"allow":["GET"]}}],"collection":[{"href":"https:\/\/www.ufsm.br\/orgaos-suplementares\/biblioteca\/wp-json\/wp\/v2\/pages"}],"about":[{"href":"https:\/\/www.ufsm.br\/orgaos-suplementares\/biblioteca\/wp-json\/wp\/v2\/types\/page"}],"author":[{"embeddable":true,"href":"https:\/\/www.ufsm.br\/orgaos-suplementares\/biblioteca\/wp-json\/wp\/v2\/users\/115"}],"replies":[{"embeddable":true,"href":"https:\/\/www.ufsm.br\/orgaos-suplementares\/biblioteca\/wp-json\/wp\/v2\/comments?post=300"}],"version-history":[{"count":0,"href":"https:\/\/www.ufsm.br\/orgaos-suplementares\/biblioteca\/wp-json\/wp\/v2\/pages\/300\/revisions"}],"wp:attachment":[{"href":"https:\/\/www.ufsm.br\/orgaos-suplementares\/biblioteca\/wp-json\/wp\/v2\/media?parent=300"}],"wp:term":[{"taxonomy":"category","embeddable":true,"href":"https:\/\/www.ufsm.br\/orgaos-suplementares\/biblioteca\/wp-json\/wp\/v2\/categories?post=300"},{"taxonomy":"post_tag","embeddable":true,"href":"https:\/\/www.ufsm.br\/orgaos-suplementares\/biblioteca\/wp-json\/wp\/v2\/tags?post=300"}],"curies":[{"name":"wp","href":"https:\/\/api.w.org\/{rel}","templated":true}]}}