{"id":303,"date":"2018-12-18T13:51:31","date_gmt":"2018-12-18T15:51:31","guid":{"rendered":"https:\/\/www.ufsm.br\/orgaos-suplementares\/biblioteca\/?page_id=303"},"modified":"2018-12-18T13:55:49","modified_gmt":"2018-12-18T15:55:49","slug":"como-pesquisar-no-catalogo","status":"publish","type":"page","link":"https:\/\/www.ufsm.br\/orgaos-suplementares\/biblioteca\/como-pesquisar-no-catalogo","title":{"rendered":"Como pesquisar no cat\u00e1logo"},"content":{"rendered":"\t\t<div data-elementor-type=\"wp-post\" data-elementor-id=\"303\" class=\"elementor elementor-303 elementor-bc-flex-widget\">\n\t\t\t\t\t\t<section class=\"elementor-section elementor-top-section elementor-element elementor-element-4949075 elementor-section-boxed elementor-section-height-default elementor-section-height-default\" data-id=\"4949075\" data-element_type=\"section\">\n\t\t\t\t\t\t<div class=\"elementor-container elementor-column-gap-default\">\n\t\t\t\t\t<div class=\"elementor-column elementor-col-100 elementor-top-column elementor-element elementor-element-d4c0852\" data-id=\"d4c0852\" data-element_type=\"column\">\n\t\t\t<div class=\"elementor-widget-wrap elementor-element-populated\">\n\t\t\t\t\t\t<div class=\"elementor-element elementor-element-8ac8a62 elementor-widget elementor-widget-text-editor\" data-id=\"8ac8a62\" data-element_type=\"widget\" data-widget_type=\"text-editor.default\">\n\t\t\t\t<div class=\"elementor-widget-container\">\n\t\t\t\t\t\t\t<p>Para pesquisar em nosso cat\u00e1logo,\u00a0<a href=\"https:\/\/portal.ufsm.br\/biblioteca\/pesquisa\/index.html\" target=\"_blank\" rel=\"noopener\">clique aqui<\/a>.<\/p><p>Voc\u00ea tamb\u00e9m pode usar o\u00a0<a href=\"http:\/\/servicodedescoberta.ufsm.br\/\" target=\"_blank\" rel=\"noopener\">Servi\u00e7o de Descoberta<\/a>, uma caixa de busca unificada que pesquisa em todos os cat\u00e1logos das bibliotecas da UFSM.<\/p><p>Quando encontrar o que procura, anote o c\u00f3digo de Localiza\u00e7\u00e3o completo e verifique a biblioteca em que o item est\u00e1 dispon\u00edvel.<\/p><p>Veja abaixo como pesquisar apenas os livros dispon\u00edveis na BSCCR.<\/p><p>Caso n\u00e3o encontre o que procura, busque tamb\u00e9m nos\u00a0<a href=\"https:\/\/www.ufsm.br\/orgaos-suplementares\/biblioteca\/e-books\/\">e-books.<\/a><\/p><p><strong>Dicas para pesquisa no cat\u00e1logo:<\/strong><\/p><p><img fetchpriority=\"high\" decoding=\"async\" class=\"alignnone wp-image-304 size-large\" src=\"https:\/\/www.ufsm.br\/orgaos-suplementares\/biblioteca\/wp-content\/uploads\/sites\/362\/2018\/12\/pesquisacatalogo1-1-1024x249.png\" alt=\"\" width=\"1024\" height=\"249\" srcset=\"https:\/\/www.ufsm.br\/app\/uploads\/sites\/362\/2018\/12\/pesquisacatalogo1-1-1024x249.png 1024w, https:\/\/www.ufsm.br\/app\/uploads\/sites\/362\/2018\/12\/pesquisacatalogo1-1-300x73.png 300w, https:\/\/www.ufsm.br\/app\/uploads\/sites\/362\/2018\/12\/pesquisacatalogo1-1-768x187.png 768w, https:\/\/www.ufsm.br\/app\/uploads\/sites\/362\/2018\/12\/pesquisacatalogo1-1.png 1241w\" sizes=\"(max-width: 1024px) 100vw, 1024px\" \/><\/p><p>A pesquisa geral permite a consulta no cat\u00e1logo de todas as bibliotecas do Sistema de Bibliotecas da UFSM<\/p><p><img decoding=\"async\" class=\"alignnone wp-image-305 size-large\" src=\"https:\/\/www.ufsm.br\/orgaos-suplementares\/biblioteca\/wp-content\/uploads\/sites\/362\/2018\/12\/pesquisacatalogo2-1-1024x540.png\" alt=\"\" width=\"1024\" height=\"540\" srcset=\"https:\/\/www.ufsm.br\/app\/uploads\/sites\/362\/2018\/12\/pesquisacatalogo2-1-1024x540.png 1024w, https:\/\/www.ufsm.br\/app\/uploads\/sites\/362\/2018\/12\/pesquisacatalogo2-1-300x158.png 300w, https:\/\/www.ufsm.br\/app\/uploads\/sites\/362\/2018\/12\/pesquisacatalogo2-1-768x405.png 768w, https:\/\/www.ufsm.br\/app\/uploads\/sites\/362\/2018\/12\/pesquisacatalogo2-1.png 1237w\" sizes=\"(max-width: 1024px) 100vw, 1024px\" \/><\/p><p><span style=\"color: #000000;\">Ao clicar na lupa e em &#8220;Biblioteca Setorial do CCR,&#8221; a pesquisa fica restrita \u00e0s obras dispon\u00edveis na BSCCR.<\/span><\/p><ul><li><span style=\"color: #000000;\">Para uma busca r\u00e1pida, use o campo\u00a0<strong>Livre<\/strong>;<\/span><\/li><li><span style=\"color: #000000;\">N\u00e3o use acentos, til (\u201c~\u201d) ou cedilha (\u201c\u00e7\u201d);<\/span><\/li><li><span style=\"color: #000000;\">N\u00e3o h\u00e1 distin\u00e7\u00e3o entre MaI\u00faScUlAs e min\u00fasculas;<\/span><\/li><li><span style=\"color: #000000;\">Use operadores AND, NOT, OR, aspas e o caractere truncador para melhores resutados:<\/span><ul style=\"list-style-type: square;\"><li><span style=\"color: #000000;\">AND (&#8220;e&#8221;) pode ser omitido e \u00e9 a pesquisa padr\u00e3o. Ele recupera registros que contenham todos os termos. Exemplo: \u201cagricultura brasil\u201d ou &#8220;agricultura AND brasil&#8221; traz todos os registros que contenham &#8220;agricultura&#8221;\u00a0<strong>e<\/strong>\u00a0&#8220;brasil&#8221;;<\/span><\/li><li><span style=\"color: #000000;\">NOT (&#8220;n\u00e3o&#8221;) exclui dos resultados termos. Exemplo: &#8220;agricultura NOT brasil&#8221; traz apenas os registros que contenham o termo &#8220;agricultura&#8221; e que\u00a0<strong>n\u00e3o contenham<\/strong>\u00a0o termo &#8220;brasil&#8221;;<\/span><\/li><li><span style=\"color: #000000;\">OR (&#8220;ou&#8221;) recupera todos os resultados que contenham qualquer um dos termos. Exemplo: &#8220;agricultura OR brasil&#8221; traz todos os registros\u00a0<strong>ou que contenham<\/strong>\u00a0o termo &#8220;agricultura&#8221;\u00a0<strong>ou que contenham<\/strong>\u00a0&#8220;brasil&#8221;;<\/span><\/li><li><span style=\"color: #000000;\">aspas (&#8221; &#8220;) entre os termos recupera os temos na ordem espec\u00edfica. Exemplo: &#8220;agricultura brasil&#8221; recupera apenas registros que tenham estes termos nesta ordem e n\u00e3o em posi\u00e7\u00f5es diferentes;<\/span><\/li><li><span style=\"color: #000000;\">caractere truncador asterisco (*) age como um coringa e substitui um conjunto de caracteres. Exemplo: &#8220;agric*&#8221; recupera todos os registros que contenham um termo iniciado por &#8220;agric&#8221;, como agricultura, agr\u00edcola, agricultor, etc.<\/span><\/li><\/ul><\/li><li><span style=\"color: #000000;\">Na pesquisa por autor, pesquise pelo sobrenome ou pelo nome completo;<\/span><\/li><li><span style=\"color: #000000;\">Na pesquisa por t\u00edtulo, pesquise pelas palavras mais significativas;<\/span><\/li><li><span style=\"color: #000000;\">Utilize os campos de pesquisa (autor, t\u00edtulo, assunto, data de publica\u00e7\u00e3o) em conjunto para resultados mais espec\u00edficos;<\/span><\/li><li><span style=\"color: #000000;\">Al\u00e9m dos campos de pesquisa, o usu\u00e1rio poder\u00e1 selecionar o idioma da publica\u00e7\u00e3o, a biblioteca desejada e o tipo de material. Cada lista (idioma, biblioteca e material) permite sele\u00e7\u00e3o m\u00faltipla dos itens, pressionando a tecla CTRL em conjunto com um clique no bot\u00e3o esquerdo do mouse;<\/span><\/li><li><span style=\"color: #000000;\">Antes de buscar os livros nas estantes a a situa\u00e7\u00e3o do materia na aba Exemplaresl: dispon\u00edvel, emprestado, reservado, n\u00e3o-processado e em processamento.<\/span><\/li><\/ul>\t\t\t\t\t\t<\/div>\n\t\t\t\t<\/div>\n\t\t\t\t\t<\/div>\n\t\t<\/div>\n\t\t\t\t\t<\/div>\n\t\t<\/section>\n\t\t\t\t<\/div>\n\t\t","protected":false},"excerpt":{"rendered":"<p>Para pesquisar em nosso cat\u00e1logo,\u00a0clique aqui. Voc\u00ea tamb\u00e9m pode usar o\u00a0Servi\u00e7o de Descoberta, uma caixa de busca unificada que pesquisa em todos os cat\u00e1logos das bibliotecas da UFSM. Quando encontrar o que procura, anote o c\u00f3digo de Localiza\u00e7\u00e3o completo e verifique a biblioteca em que o item est\u00e1 dispon\u00edvel. Veja abaixo como pesquisar apenas os [&hellip;]<\/p>\n","protected":false},"author":115,"featured_media":0,"parent":0,"menu_order":0,"comment_status":"closed","ping_status":"closed","template":"","meta":{"footnotes":""},"categories":[],"tags":[],"class_list":["post-303","page","type-page","status-publish","hentry"],"acf":[],"_links":{"self":[{"href":"https:\/\/www.ufsm.br\/orgaos-suplementares\/biblioteca\/wp-json\/wp\/v2\/pages\/303","targetHints":{"allow":["GET"]}}],"collection":[{"href":"https:\/\/www.ufsm.br\/orgaos-suplementares\/biblioteca\/wp-json\/wp\/v2\/pages"}],"about":[{"href":"https:\/\/www.ufsm.br\/orgaos-suplementares\/biblioteca\/wp-json\/wp\/v2\/types\/page"}],"author":[{"embeddable":true,"href":"https:\/\/www.ufsm.br\/orgaos-suplementares\/biblioteca\/wp-json\/wp\/v2\/users\/115"}],"replies":[{"embeddable":true,"href":"https:\/\/www.ufsm.br\/orgaos-suplementares\/biblioteca\/wp-json\/wp\/v2\/comments?post=303"}],"version-history":[{"count":0,"href":"https:\/\/www.ufsm.br\/orgaos-suplementares\/biblioteca\/wp-json\/wp\/v2\/pages\/303\/revisions"}],"wp:attachment":[{"href":"https:\/\/www.ufsm.br\/orgaos-suplementares\/biblioteca\/wp-json\/wp\/v2\/media?parent=303"}],"wp:term":[{"taxonomy":"category","embeddable":true,"href":"https:\/\/www.ufsm.br\/orgaos-suplementares\/biblioteca\/wp-json\/wp\/v2\/categories?post=303"},{"taxonomy":"post_tag","embeddable":true,"href":"https:\/\/www.ufsm.br\/orgaos-suplementares\/biblioteca\/wp-json\/wp\/v2\/tags?post=303"}],"curies":[{"name":"wp","href":"https:\/\/api.w.org\/{rel}","templated":true}]}}