{"id":307,"date":"2018-12-19T09:35:20","date_gmt":"2018-12-19T11:35:20","guid":{"rendered":"https:\/\/www.ufsm.br\/orgaos-suplementares\/biblioteca\/?page_id=307"},"modified":"2018-12-19T09:37:58","modified_gmt":"2018-12-19T11:37:58","slug":"contato-3","status":"publish","type":"page","link":"https:\/\/www.ufsm.br\/orgaos-suplementares\/biblioteca\/contato-3","title":{"rendered":"Contato"},"content":{"rendered":"\t\t<div data-elementor-type=\"wp-post\" data-elementor-id=\"307\" class=\"elementor elementor-307 elementor-bc-flex-widget\">\n\t\t\t\t\t\t<section class=\"elementor-section elementor-top-section elementor-element elementor-element-a98dbf6 elementor-section-boxed elementor-section-height-default elementor-section-height-default\" data-id=\"a98dbf6\" data-element_type=\"section\">\n\t\t\t\t\t\t<div class=\"elementor-container elementor-column-gap-default\">\n\t\t\t\t\t<div class=\"elementor-column elementor-col-100 elementor-top-column elementor-element elementor-element-b137b84\" data-id=\"b137b84\" data-element_type=\"column\">\n\t\t\t<div class=\"elementor-widget-wrap elementor-element-populated\">\n\t\t\t\t\t\t<div class=\"elementor-element elementor-element-5d107a8 elementor-widget elementor-widget-text-editor\" data-id=\"5d107a8\" data-element_type=\"widget\" data-widget_type=\"text-editor.default\">\n\t\t\t\t<div class=\"elementor-widget-container\">\n\t\t\t\t\t\t\t<p><strong>De segunda a sexta-feira, sem fechar ao meio-dia.<\/strong><br \/>Fone:(55) 3220\u20139293 \/ 3220-8330 \/ 3220-9286, Campus.<\/p><p>Fone<strong>:<\/strong> (55) 3220\u20139286, Antiga Reitoria<br \/>E-mail:<a href=\"mailto:biblio.ccsh@gmail.com\">biblio.ccsh@gmail.com<\/a><\/p><p>Pr\u00e9dio 74D, atr\u00e1s do planet\u00e1rio da UFSM, camobi.<\/p><p><strong>Hor\u00e1rios<\/strong><\/p><p>No Campus: das 7h30min \u00e0s 21h15min.<\/p><p>No Centro: das 15h30min \u00e0s 21h30min.<\/p>\t\t\t\t\t\t<\/div>\n\t\t\t\t<\/div>\n\t\t\t\t\t<\/div>\n\t\t<\/div>\n\t\t\t\t\t<\/div>\n\t\t<\/section>\n\t\t\t\t<\/div>\n\t\t","protected":false},"excerpt":{"rendered":"<p>De segunda a sexta-feira, sem fechar ao meio-dia.Fone:(55) 3220\u20139293 \/ 3220-8330 \/ 3220-9286, Campus. Fone: (55) 3220\u20139286, Antiga ReitoriaE-mail:biblio.ccsh@gmail.com Pr\u00e9dio 74D, atr\u00e1s do planet\u00e1rio da UFSM, camobi. Hor\u00e1rios No Campus: das 7h30min \u00e0s 21h15min. No Centro: das 15h30min \u00e0s 21h30min.<\/p>\n","protected":false},"author":115,"featured_media":0,"parent":0,"menu_order":0,"comment_status":"closed","ping_status":"closed","template":"","meta":{"footnotes":""},"categories":[],"tags":[],"class_list":["post-307","page","type-page","status-publish","hentry"],"acf":[],"_links":{"self":[{"href":"https:\/\/www.ufsm.br\/orgaos-suplementares\/biblioteca\/wp-json\/wp\/v2\/pages\/307","targetHints":{"allow":["GET"]}}],"collection":[{"href":"https:\/\/www.ufsm.br\/orgaos-suplementares\/biblioteca\/wp-json\/wp\/v2\/pages"}],"about":[{"href":"https:\/\/www.ufsm.br\/orgaos-suplementares\/biblioteca\/wp-json\/wp\/v2\/types\/page"}],"author":[{"embeddable":true,"href":"https:\/\/www.ufsm.br\/orgaos-suplementares\/biblioteca\/wp-json\/wp\/v2\/users\/115"}],"replies":[{"embeddable":true,"href":"https:\/\/www.ufsm.br\/orgaos-suplementares\/biblioteca\/wp-json\/wp\/v2\/comments?post=307"}],"version-history":[{"count":0,"href":"https:\/\/www.ufsm.br\/orgaos-suplementares\/biblioteca\/wp-json\/wp\/v2\/pages\/307\/revisions"}],"wp:attachment":[{"href":"https:\/\/www.ufsm.br\/orgaos-suplementares\/biblioteca\/wp-json\/wp\/v2\/media?parent=307"}],"wp:term":[{"taxonomy":"category","embeddable":true,"href":"https:\/\/www.ufsm.br\/orgaos-suplementares\/biblioteca\/wp-json\/wp\/v2\/categories?post=307"},{"taxonomy":"post_tag","embeddable":true,"href":"https:\/\/www.ufsm.br\/orgaos-suplementares\/biblioteca\/wp-json\/wp\/v2\/tags?post=307"}],"curies":[{"name":"wp","href":"https:\/\/api.w.org\/{rel}","templated":true}]}}