{"id":313,"date":"2018-12-19T10:23:40","date_gmt":"2018-12-19T12:23:40","guid":{"rendered":"https:\/\/www.ufsm.br\/orgaos-suplementares\/biblioteca\/?page_id=313"},"modified":"2018-12-19T10:24:39","modified_gmt":"2018-12-19T12:24:39","slug":"pagamento-de-multa","status":"publish","type":"page","link":"https:\/\/www.ufsm.br\/orgaos-suplementares\/biblioteca\/pagamento-de-multa","title":{"rendered":"Pagamento de Multa"},"content":{"rendered":"\t\t<div data-elementor-type=\"wp-post\" data-elementor-id=\"313\" class=\"elementor elementor-313 elementor-bc-flex-widget\">\n\t\t\t\t\t\t<section class=\"elementor-section elementor-top-section elementor-element elementor-element-3c83894 elementor-section-boxed elementor-section-height-default elementor-section-height-default\" data-id=\"3c83894\" data-element_type=\"section\">\n\t\t\t\t\t\t<div class=\"elementor-container elementor-column-gap-default\">\n\t\t\t\t\t<div class=\"elementor-column elementor-col-100 elementor-top-column elementor-element elementor-element-15fc047\" data-id=\"15fc047\" data-element_type=\"column\">\n\t\t\t<div class=\"elementor-widget-wrap elementor-element-populated\">\n\t\t\t\t\t\t<div class=\"elementor-element elementor-element-6ad39a8 elementor-widget elementor-widget-text-editor\" data-id=\"6ad39a8\" data-element_type=\"widget\" data-widget_type=\"text-editor.default\">\n\t\t\t\t<div class=\"elementor-widget-container\">\n\t\t\t\t\t\t\t<p><strong>AVISO: S\u00f3 ap\u00f3s a devolu\u00e7\u00e3o do material emprestado, a multa poder\u00e1 ser emitida.<\/strong><\/p><p>Para saber o valor da sua multa fa\u00e7a login no Portal Biblioteca e acesse Hist\u00f3rico de Multas (<a href=\"https:\/\/portal.ufsm.br\/biblioteca\/pesquisa\/index.html\">https:\/\/portal.ufsm.br\/biblioteca\/pesquisa\/index.html<\/a>)<\/p><p><img fetchpriority=\"high\" decoding=\"async\" class=\"alignnone wp-image-314 size-large\" src=\"https:\/\/www.ufsm.br\/orgaos-suplementares\/biblioteca\/wp-content\/uploads\/sites\/362\/2018\/12\/print123_1-1024x621.jpg\" alt=\"\" width=\"1024\" height=\"621\" srcset=\"https:\/\/www.ufsm.br\/app\/uploads\/sites\/362\/2018\/12\/print123_1-1024x621.jpg 1024w, https:\/\/www.ufsm.br\/app\/uploads\/sites\/362\/2018\/12\/print123_1-300x182.jpg 300w, https:\/\/www.ufsm.br\/app\/uploads\/sites\/362\/2018\/12\/print123_1-768x465.jpg 768w, https:\/\/www.ufsm.br\/app\/uploads\/sites\/362\/2018\/12\/print123_1.jpg 1277w\" sizes=\"(max-width: 1024px) 100vw, 1024px\" \/><\/p>\t\t\t\t\t\t<\/div>\n\t\t\t\t<\/div>\n\t\t\t\t\t<\/div>\n\t\t<\/div>\n\t\t\t\t\t<\/div>\n\t\t<\/section>\n\t\t\t\t<\/div>\n\t\t","protected":false},"excerpt":{"rendered":"<p>AVISO: S\u00f3 ap\u00f3s a devolu\u00e7\u00e3o do material emprestado, a multa poder\u00e1 ser emitida. Para saber o valor da sua multa fa\u00e7a login no Portal Biblioteca e acesse Hist\u00f3rico de Multas (https:\/\/portal.ufsm.br\/biblioteca\/pesquisa\/index.html)<\/p>\n","protected":false},"author":115,"featured_media":0,"parent":0,"menu_order":0,"comment_status":"closed","ping_status":"closed","template":"","meta":{"footnotes":""},"categories":[],"tags":[],"class_list":["post-313","page","type-page","status-publish","hentry"],"acf":[],"_links":{"self":[{"href":"https:\/\/www.ufsm.br\/orgaos-suplementares\/biblioteca\/wp-json\/wp\/v2\/pages\/313","targetHints":{"allow":["GET"]}}],"collection":[{"href":"https:\/\/www.ufsm.br\/orgaos-suplementares\/biblioteca\/wp-json\/wp\/v2\/pages"}],"about":[{"href":"https:\/\/www.ufsm.br\/orgaos-suplementares\/biblioteca\/wp-json\/wp\/v2\/types\/page"}],"author":[{"embeddable":true,"href":"https:\/\/www.ufsm.br\/orgaos-suplementares\/biblioteca\/wp-json\/wp\/v2\/users\/115"}],"replies":[{"embeddable":true,"href":"https:\/\/www.ufsm.br\/orgaos-suplementares\/biblioteca\/wp-json\/wp\/v2\/comments?post=313"}],"version-history":[{"count":0,"href":"https:\/\/www.ufsm.br\/orgaos-suplementares\/biblioteca\/wp-json\/wp\/v2\/pages\/313\/revisions"}],"wp:attachment":[{"href":"https:\/\/www.ufsm.br\/orgaos-suplementares\/biblioteca\/wp-json\/wp\/v2\/media?parent=313"}],"wp:term":[{"taxonomy":"category","embeddable":true,"href":"https:\/\/www.ufsm.br\/orgaos-suplementares\/biblioteca\/wp-json\/wp\/v2\/categories?post=313"},{"taxonomy":"post_tag","embeddable":true,"href":"https:\/\/www.ufsm.br\/orgaos-suplementares\/biblioteca\/wp-json\/wp\/v2\/tags?post=313"}],"curies":[{"name":"wp","href":"https:\/\/api.w.org\/{rel}","templated":true}]}}