{"id":315,"date":"2018-12-19T10:35:04","date_gmt":"2018-12-19T12:35:04","guid":{"rendered":"https:\/\/www.ufsm.br\/orgaos-suplementares\/biblioteca\/?page_id=315"},"modified":"2018-12-19T10:40:27","modified_gmt":"2018-12-19T12:40:27","slug":"ficha-catalografica","status":"publish","type":"page","link":"https:\/\/www.ufsm.br\/orgaos-suplementares\/biblioteca\/ficha-catalografica","title":{"rendered":"Ficha Catalogr\u00e1fica"},"content":{"rendered":"\t\t<div data-elementor-type=\"wp-post\" data-elementor-id=\"315\" class=\"elementor elementor-315 elementor-bc-flex-widget\">\n\t\t\t\t\t\t<section class=\"elementor-section elementor-top-section elementor-element elementor-element-54341d3 elementor-section-boxed elementor-section-height-default elementor-section-height-default\" data-id=\"54341d3\" data-element_type=\"section\">\n\t\t\t\t\t\t<div class=\"elementor-container elementor-column-gap-default\">\n\t\t\t\t\t<div class=\"elementor-column elementor-col-100 elementor-top-column elementor-element elementor-element-2f3dd2c\" data-id=\"2f3dd2c\" data-element_type=\"column\">\n\t\t\t<div class=\"elementor-widget-wrap elementor-element-populated\">\n\t\t\t\t\t\t<div class=\"elementor-element elementor-element-09c21ae elementor-widget elementor-widget-text-editor\" data-id=\"09c21ae\" data-element_type=\"widget\" data-widget_type=\"text-editor.default\">\n\t\t\t\t<div class=\"elementor-widget-container\">\n\t\t\t\t\t\t\t<h4><span style=\"color: #000000;\"><strong>Ficha Catalogr\u00e1fica para Teses e Disserta\u00e7\u00f5es<\/strong><\/span><\/h4><div><span style=\"color: #000000;\"><strong>\u00a0<\/strong><\/span><\/div><p><a href=\"http:\/\/cascavel.ufsm.br\/ficha_catalografica\/\" target=\"_blank\" rel=\"noopener\">Formul\u00e1rio para gera\u00e7\u00e3o autom\u00e1tica de ficha catalogr\u00e1fica de teses e disserta\u00e7\u00f5es\u00a0<\/a><\/p><p>Para instalar o <a href=\"https:\/\/get.adobe.com\/reader\/?loc=br&amp;option=full&amp;order=1&amp;type=&amp;language=English&amp;platform=WinXPSP2&amp;esdcanbeused=1&amp;esdcanhandle=0&amp;hasjavascript=1&amp;flow=&amp;getsconly=1&amp;x=135&amp;y=19\">Adobe Reader<\/a>, necess\u00e1rio para leitura do arquivo.<\/p><p>O\u00a0<a href=\"http:\/\/cascavel.ufsm.br\/ficha_catalografica\/\" target=\"_blank\" rel=\"noopener\">Sistema para Gera\u00e7\u00e3o Autom\u00e1tica de Ficha Catalogr\u00e1fica de Teses e Disserta\u00e7\u00f5es<\/a>\u00a0foi desenvolvido pelo Instituto de Ci\u00eancias Matem\u00e1ticas e de Computa\u00e7\u00e3o da Universidade de S\u00e3o Paulo e gentilmente cedido para ser adaptado \u00e0s necessidades dos alunos dos Programas de P\u00f3s-Gradua\u00e7\u00e3o da Universidade Federal de Santa Maria.<\/p><p>A ficha catalogr\u00e1fica deve constar no\u00a0<strong>verso da folha de rosto<\/strong>\u00a0de teses e disserta\u00e7\u00f5es de modo a possibilitar sua representa\u00e7\u00e3o precisa pelas informa\u00e7\u00f5es de autor, t\u00edtulo, local, data, n\u00famero de folhas, assunto etc.<\/p><p>As informa\u00e7\u00f5es contidas na ficha catalogr\u00e1fica, geradas por este sistema, s\u00e3o de total responsabilidade do autor da tese ou disserta\u00e7\u00e3o.<\/p><p>Mais informa\u00e7\u00f5es pelo telefone\u00a0<strong>(55) 3220-8640 &#8211; Divis\u00e3o de Processos T\u00e9cnicos da Biblioteca Central.<\/strong><\/p><h4><span style=\"color: #000000;\"><strong>Ficha Catalogr\u00e1fica para Livros, Peri\u00f3dicos, Eventos, CDs<\/strong><\/span><\/h4><div><span style=\"color: #000000;\"><strong>\u00a0<\/strong><\/span><\/div><p>A Biblioteca Central oferece o servi\u00e7o de elabora\u00e7\u00e3o da ficha catalogr\u00e1fica para os seguintes materiais:<\/p><ul style=\"list-style-type: disc;\"><li><p>Publica\u00e7\u00f5es da Editora da UFSM;<\/p><\/li><li><p>Publica\u00e7\u00f5es de autoria das unidades administrativas e universit\u00e1rias da UFSM;<\/p><\/li><li><p>Peri\u00f3dicos da UFSM.<\/p><\/li><\/ul><p>A solicita\u00e7\u00e3o da elabora\u00e7\u00e3o da ficha catalogr\u00e1fica deve ser encaminhada pelo formul\u00e1rios a seguir:<\/p><p><a href=\"https:\/\/www.ufsm.br\/orgaos-suplementares\/biblioteca\/wp-content\/uploads\/sites\/362\/2018\/12\/ficha_livros_nov2018_corrigida.doc\">Formul\u00e1rio de solicita\u00e7\u00e3o de ficha catalogr\u00e1fica para livros, CDs, eventos etc.<\/a><\/p><p><a href=\"https:\/\/www.ufsm.br\/orgaos-suplementares\/biblioteca\/wp-content\/uploads\/sites\/362\/2018\/12\/ficha-periodicos.nov2018_revisto.doc\">Formul\u00e1rio de solicita\u00e7\u00e3o de ficha catalogr\u00e1fica para peri\u00f3dicos<\/a><\/p><p><strong>Observa\u00e7\u00f5es:<\/strong><\/p><p>A Biblioteca n\u00e3o se responsabiliza por altera\u00e7\u00f5es posteriores \u00e0 entrega da ficha ao solicitante. No caso de altera\u00e7\u00f5es na folha de rosto, n\u00famero de p\u00e1ginas ou folhas, a solicita\u00e7\u00e3o deve ser refeita. As fichas elaboradas n\u00e3o ser\u00e3o arquivadas.<\/p><p>O prazo do envio da ficha catalogr\u00e1fica \u00e9 de tr\u00eas dias \u00fateis. (Quando a biblioteca estiver operando em regime interno, n\u00e3o haver\u00e1 prazo determinado para o envio).<\/p><p>Mais informa\u00e7\u00f5es pelo telefone\u00a0<strong>(55) 3220-8640\u00a0 e 8642 (peri\u00f3dicos).<\/strong><\/p><p><strong>Nota<\/strong>:\u00a0No caso das monografias e outros trabalhos acad\u00eamicos, a ficha n\u00e3o \u00e9 obrigat\u00f3ria e n\u00e3o faz parte dos servi\u00e7os oferecidos pelas bibliotecas da UFSM.<\/p>\t\t\t\t\t\t<\/div>\n\t\t\t\t<\/div>\n\t\t\t\t\t<\/div>\n\t\t<\/div>\n\t\t\t\t\t<\/div>\n\t\t<\/section>\n\t\t\t\t<\/div>\n\t\t","protected":false},"excerpt":{"rendered":"<p>Ficha Catalogr\u00e1fica para Teses e Disserta\u00e7\u00f5es \u00a0 Formul\u00e1rio para gera\u00e7\u00e3o autom\u00e1tica de ficha catalogr\u00e1fica de teses e disserta\u00e7\u00f5es\u00a0 Para instalar o Adobe Reader, necess\u00e1rio para leitura do arquivo. O\u00a0Sistema para Gera\u00e7\u00e3o Autom\u00e1tica de Ficha Catalogr\u00e1fica de Teses e Disserta\u00e7\u00f5es\u00a0foi desenvolvido pelo Instituto de Ci\u00eancias Matem\u00e1ticas e de Computa\u00e7\u00e3o da Universidade de S\u00e3o Paulo e gentilmente [&hellip;]<\/p>\n","protected":false},"author":115,"featured_media":0,"parent":0,"menu_order":0,"comment_status":"closed","ping_status":"closed","template":"","meta":{"footnotes":""},"categories":[],"tags":[],"class_list":["post-315","page","type-page","status-publish","hentry"],"acf":[],"_links":{"self":[{"href":"https:\/\/www.ufsm.br\/orgaos-suplementares\/biblioteca\/wp-json\/wp\/v2\/pages\/315","targetHints":{"allow":["GET"]}}],"collection":[{"href":"https:\/\/www.ufsm.br\/orgaos-suplementares\/biblioteca\/wp-json\/wp\/v2\/pages"}],"about":[{"href":"https:\/\/www.ufsm.br\/orgaos-suplementares\/biblioteca\/wp-json\/wp\/v2\/types\/page"}],"author":[{"embeddable":true,"href":"https:\/\/www.ufsm.br\/orgaos-suplementares\/biblioteca\/wp-json\/wp\/v2\/users\/115"}],"replies":[{"embeddable":true,"href":"https:\/\/www.ufsm.br\/orgaos-suplementares\/biblioteca\/wp-json\/wp\/v2\/comments?post=315"}],"version-history":[{"count":0,"href":"https:\/\/www.ufsm.br\/orgaos-suplementares\/biblioteca\/wp-json\/wp\/v2\/pages\/315\/revisions"}],"wp:attachment":[{"href":"https:\/\/www.ufsm.br\/orgaos-suplementares\/biblioteca\/wp-json\/wp\/v2\/media?parent=315"}],"wp:term":[{"taxonomy":"category","embeddable":true,"href":"https:\/\/www.ufsm.br\/orgaos-suplementares\/biblioteca\/wp-json\/wp\/v2\/categories?post=315"},{"taxonomy":"post_tag","embeddable":true,"href":"https:\/\/www.ufsm.br\/orgaos-suplementares\/biblioteca\/wp-json\/wp\/v2\/tags?post=315"}],"curies":[{"name":"wp","href":"https:\/\/api.w.org\/{rel}","templated":true}]}}