{"id":3214,"date":"2024-11-14T17:31:54","date_gmt":"2024-11-14T20:31:54","guid":{"rendered":"https:\/\/www.ufsm.br\/orgaos-suplementares\/biblioteca\/?page_id=3214"},"modified":"2025-03-21T17:49:11","modified_gmt":"2025-03-21T20:49:11","slug":"sala-inovadora-da-biblioteca-setorial-do-ccsh","status":"publish","type":"page","link":"https:\/\/www.ufsm.br\/orgaos-suplementares\/biblioteca\/sala-inovadora-da-biblioteca-setorial-do-ccsh","title":{"rendered":"Sala Inovadora da Biblioteca Setorial do CCSH"},"content":{"rendered":"\t\t<div data-elementor-type=\"wp-page\" data-elementor-id=\"3214\" class=\"elementor elementor-3214\">\n\t\t\t\t\t\t<section class=\"elementor-section elementor-top-section elementor-element elementor-element-d15c55b elementor-section-boxed elementor-section-height-default elementor-section-height-default\" data-id=\"d15c55b\" data-element_type=\"section\">\n\t\t\t\t\t\t<div class=\"elementor-container elementor-column-gap-default\">\n\t\t\t\t\t<div class=\"elementor-column elementor-col-100 elementor-top-column elementor-element elementor-element-06f3fd3\" data-id=\"06f3fd3\" data-element_type=\"column\">\n\t\t\t<div class=\"elementor-widget-wrap elementor-element-populated\">\n\t\t\t\t\t\t<section class=\"elementor-section elementor-inner-section elementor-element elementor-element-0904fa8 elementor-section-boxed elementor-section-height-default elementor-section-height-default\" data-id=\"0904fa8\" data-element_type=\"section\">\n\t\t\t\t\t\t<div class=\"elementor-container elementor-column-gap-default\">\n\t\t\t\t\t<div class=\"elementor-column elementor-col-50 elementor-inner-column elementor-element elementor-element-89be119\" data-id=\"89be119\" data-element_type=\"column\">\n\t\t\t<div class=\"elementor-widget-wrap elementor-element-populated\">\n\t\t\t\t\t\t<div class=\"elementor-element elementor-element-c20efae elementor-view-default elementor-position-top elementor-mobile-position-top elementor-widget elementor-widget-icon-box\" data-id=\"c20efae\" data-element_type=\"widget\" data-widget_type=\"icon-box.default\">\n\t\t\t\t<div class=\"elementor-widget-container\">\n\t\t\t\t\t<div class=\"elementor-icon-box-wrapper\">\n\n\t\t\t\t\t\t<div class=\"elementor-icon-box-icon\">\n\t\t\t\t<a href=\"https:\/\/portal.ufsm.br\/agendamento\/index.html\" target=\"_blank\" class=\"elementor-icon elementor-animation-\" tabindex=\"-1\">\n\t\t\t\t<i aria-hidden=\"true\" class=\"far fa-calendar-alt\"><\/i>\t\t\t\t<\/a>\n\t\t\t<\/div>\n\t\t\t\n\t\t\t\t\t\t<div class=\"elementor-icon-box-content\">\n\n\t\t\t\t\t\t\t\t\t<h3 class=\"elementor-icon-box-title\">\n\t\t\t\t\t\t<a href=\"https:\/\/portal.ufsm.br\/agendamento\/index.html\" target=\"_blank\" >\n\t\t\t\t\t\t\tAgendamento\t\t\t\t\t\t<\/a>\n\t\t\t\t\t<\/h3>\n\t\t\t\t\n\t\t\t\t\t\t\t\t\t<p class=\"elementor-icon-box-description\">\n\t\t\t\t\t\t(Clique no bot\u00e3o acima)\t\t\t\t\t<\/p>\n\t\t\t\t\n\t\t\t<\/div>\n\t\t\t\n\t\t<\/div>\n\t\t\t\t<\/div>\n\t\t\t\t<\/div>\n\t\t\t\t\t<\/div>\n\t\t<\/div>\n\t\t\t\t<div class=\"elementor-column elementor-col-50 elementor-inner-column elementor-element elementor-element-5c7e84d\" data-id=\"5c7e84d\" data-element_type=\"column\">\n\t\t\t<div class=\"elementor-widget-wrap elementor-element-populated\">\n\t\t\t\t\t\t<div class=\"elementor-element elementor-element-0bac9ac elementor-widget__width-initial elementor-widget elementor-widget-text-editor\" data-id=\"0bac9ac\" data-element_type=\"widget\" data-widget_type=\"text-editor.default\">\n\t\t\t\t<div class=\"elementor-widget-container\">\n\t\t\t\t\t\t\t<p style=\"text-align: justify\">\u00a0 \u00a0 \u00a0A <strong>Sala Inovadora <\/strong>\u00e9 um espa\u00e7o multiuso, com capacidade para at\u00e9 40 pessoas, de agendamento obrigat\u00f3rio atrav\u00e9s do <strong><a href=\"https:\/\/portal.ufsm.br\/agendamento\/index.html\" target=\"_blank\" rel=\"noopener\">Portal do Agendamento da UFSM<\/a><\/strong>, e est\u00e1 localizada no <strong>3\u00ba andar<\/strong> da Biblioteca Setorial, <strong>pr\u00e9dio 74D<\/strong>. Pode ser agendada por docentes, servidores t\u00e9cnico-administrativos e estudantes, sendo que o(a) requerente deve retirar a chave e controles das m\u00eddias e ar-condicionado junto ao Setor de Atendimento, no hall de entrada da Biblioteca. A sala representa um local alternativo &#8211; confort\u00e1vel e moderno &#8211; para a realiza\u00e7\u00e3o de atividades acad\u00eamicas, art\u00edsticas e culturais.<\/p>\t\t\t\t\t\t<\/div>\n\t\t\t\t<\/div>\n\t\t\t\t\t<\/div>\n\t\t<\/div>\n\t\t\t\t\t<\/div>\n\t\t<\/section>\n\t\t\t\t\t<\/div>\n\t\t<\/div>\n\t\t\t\t\t<\/div>\n\t\t<\/section>\n\t\t\t\t<section class=\"elementor-section elementor-top-section elementor-element elementor-element-7a9b1eb elementor-section-boxed elementor-section-height-default elementor-section-height-default\" data-id=\"7a9b1eb\" data-element_type=\"section\">\n\t\t\t\t\t\t<div class=\"elementor-container elementor-column-gap-default\">\n\t\t\t\t\t<div class=\"elementor-column elementor-col-100 elementor-top-column elementor-element elementor-element-ad3fee8\" data-id=\"ad3fee8\" data-element_type=\"column\">\n\t\t\t<div class=\"elementor-widget-wrap elementor-element-populated\">\n\t\t\t\t\t\t<div class=\"elementor-element elementor-element-72d19b9 elementor-widget elementor-widget-heading\" data-id=\"72d19b9\" data-element_type=\"widget\" data-widget_type=\"heading.default\">\n\t\t\t\t<div class=\"elementor-widget-container\">\n\t\t\t<h5 class=\"elementor-heading-title elementor-size-default\">Sobre a Sala Inovadora da BSCCSH<\/h5>\t\t<\/div>\n\t\t\t\t<\/div>\n\t\t\t\t<div class=\"elementor-element elementor-element-fb23e4e elementor-widget elementor-widget-text-editor\" data-id=\"fb23e4e\" data-element_type=\"widget\" data-widget_type=\"text-editor.default\">\n\t\t\t\t<div class=\"elementor-widget-container\">\n\t\t\t\t\t\t\t<p style=\"text-align: justify\">A implementa\u00e7\u00e3o da Sala Inovadora junto \u00e0 Biblioteca Setorial do CCSH ocorreu em 2022, fruto de repasses financeiros do Minist\u00e9rio da Educa\u00e7\u00e3o &#8211; MEC \u00e0 UFSM, via Termo de Execu\u00e7\u00e3o Descentralizada &#8211; TED Inova\u00e7\u00e3o, referente \u00e0 2019. Naquele ano as universidades mais bem ranqueadas no ranking nacional do site <a href=\"https:\/\/universidadesempreendedoras.org\/ranking\/\">Universidades Empreendedoras <\/a>receberam verbas adicionais do Governo Federal para investimento em a\u00e7\u00f5es relacionadas ao empreendedorismo e \u00e0 inova\u00e7\u00e3o tecnol\u00f3gica, sendo que dentre os investimentos realizados pela UFSM est\u00e1 a cria\u00e7\u00e3o de seis Salas Inovadoras.\u00a0<\/p><p style=\"text-align: justify\">Com um projeto assinado pela Professora Renata Zampieri, do Curso de Arquitetura e Urbanismo &#8211; Campus Cachoeira do Sul, em conjunto com as discentes Rhaissa Porto e Nadiane Joris, a ideia das Salas Inovadoras \u00e9 proporcionar um espa\u00e7o \u00fanico, moderno e aconchegante e que seja aproveitado para atividades que fujam do ambiente educacional tradicional. Adicionalmente, devem ser pass\u00edveis de aproveitamento por todos os cursos e comunidade acad\u00eamica, seja atrav\u00e9s do uso acad\u00eamico, empreendedor, art\u00edstico e\/ou cultural. Nesse sentido, as cores, os objetos e os materiais foram pensados para que haja uma adaptabilidade e que proporcionem condi\u00e7\u00f5es para ideias inovadoras.<\/p><p style=\"text-align: justify\">O local disponibiliza m\u00f3veis, meios de m\u00eddia e op\u00e7\u00f5es de conforto como: computador conectado \u00e0 internet, projetor multim\u00eddia Epson (temporariamente indispon\u00edvel, em conserto), tela retr\u00e1til, televisor SmarTV LED LG de 65 polegadas, amplificador Frahm multientradas, caixas de som JBL, ar-condicionado, 10 mesas basculantes, 36 cadeiras empilh\u00e1veis, 08 quadros brancos m\u00f3veis, 02 pufes, almofadas e balan\u00e7os.<\/p><p style=\"text-align: justify\">O agendamento da Sala Inovadora \u00e9 obrigat\u00f3rio para qualquer uso ou atividade, e deve ser realizado via <strong><a href=\"https:\/\/portal.ufsm.br\/agendamento\/index.html\">Portal do Agendamento da UFSM<\/a><\/strong>, com anteced\u00eancia m\u00ednima de um dia em rela\u00e7\u00e3o \u00e0 atividade ou evento. Pode ser realizado por estudantes com matr\u00edcula ativa, servidores t\u00e9cnico-administrativos e docentes, com prioridade para atividades relacionadas ao Centro de Ci\u00eancias Sociais e Humanas &#8211; CCSH.<\/p>\t\t\t\t\t\t<\/div>\n\t\t\t\t<\/div>\n\t\t\t\t\t<\/div>\n\t\t<\/div>\n\t\t\t\t\t<\/div>\n\t\t<\/section>\n\t\t\t\t<\/div>\n\t\t","protected":false},"excerpt":{"rendered":"<p>Agendamento (Clique no bot\u00e3o acima) \u00a0 \u00a0 \u00a0A Sala Inovadora \u00e9 um espa\u00e7o multiuso, com capacidade para at\u00e9 40 pessoas, de agendamento obrigat\u00f3rio atrav\u00e9s do Portal do Agendamento da UFSM, e est\u00e1 localizada no 3\u00ba andar da Biblioteca Setorial, pr\u00e9dio 74D. Pode ser agendada por docentes, servidores t\u00e9cnico-administrativos e estudantes, sendo que o(a) requerente deve [&hellip;]<\/p>\n","protected":false},"author":586,"featured_media":0,"parent":0,"menu_order":0,"comment_status":"closed","ping_status":"closed","template":"","meta":{"footnotes":""},"categories":[],"tags":[],"class_list":["post-3214","page","type-page","status-publish","hentry"],"acf":[],"_links":{"self":[{"href":"https:\/\/www.ufsm.br\/orgaos-suplementares\/biblioteca\/wp-json\/wp\/v2\/pages\/3214","targetHints":{"allow":["GET"]}}],"collection":[{"href":"https:\/\/www.ufsm.br\/orgaos-suplementares\/biblioteca\/wp-json\/wp\/v2\/pages"}],"about":[{"href":"https:\/\/www.ufsm.br\/orgaos-suplementares\/biblioteca\/wp-json\/wp\/v2\/types\/page"}],"author":[{"embeddable":true,"href":"https:\/\/www.ufsm.br\/orgaos-suplementares\/biblioteca\/wp-json\/wp\/v2\/users\/586"}],"replies":[{"embeddable":true,"href":"https:\/\/www.ufsm.br\/orgaos-suplementares\/biblioteca\/wp-json\/wp\/v2\/comments?post=3214"}],"version-history":[{"count":0,"href":"https:\/\/www.ufsm.br\/orgaos-suplementares\/biblioteca\/wp-json\/wp\/v2\/pages\/3214\/revisions"}],"wp:attachment":[{"href":"https:\/\/www.ufsm.br\/orgaos-suplementares\/biblioteca\/wp-json\/wp\/v2\/media?parent=3214"}],"wp:term":[{"taxonomy":"category","embeddable":true,"href":"https:\/\/www.ufsm.br\/orgaos-suplementares\/biblioteca\/wp-json\/wp\/v2\/categories?post=3214"},{"taxonomy":"post_tag","embeddable":true,"href":"https:\/\/www.ufsm.br\/orgaos-suplementares\/biblioteca\/wp-json\/wp\/v2\/tags?post=3214"}],"curies":[{"name":"wp","href":"https:\/\/api.w.org\/{rel}","templated":true}]}}