{"id":330,"date":"2018-12-19T11:22:31","date_gmt":"2018-12-19T13:22:31","guid":{"rendered":"https:\/\/www.ufsm.br\/orgaos-suplementares\/biblioteca\/?page_id=330"},"modified":"2018-12-19T11:27:32","modified_gmt":"2018-12-19T13:27:32","slug":"universidades","status":"publish","type":"page","link":"https:\/\/www.ufsm.br\/orgaos-suplementares\/biblioteca\/universidades","title":{"rendered":"Universidades"},"content":{"rendered":"\t\t<div data-elementor-type=\"wp-post\" data-elementor-id=\"330\" class=\"elementor elementor-330 elementor-bc-flex-widget\">\n\t\t\t\t\t\t<section class=\"elementor-section elementor-top-section elementor-element elementor-element-05e81f8 elementor-section-boxed elementor-section-height-default elementor-section-height-default\" data-id=\"05e81f8\" data-element_type=\"section\">\n\t\t\t\t\t\t<div class=\"elementor-container elementor-column-gap-default\">\n\t\t\t\t\t<div class=\"elementor-column elementor-col-100 elementor-top-column elementor-element elementor-element-812131e\" data-id=\"812131e\" data-element_type=\"column\">\n\t\t\t<div class=\"elementor-widget-wrap elementor-element-populated\">\n\t\t\t\t\t\t<div class=\"elementor-element elementor-element-cdcd349 elementor-widget elementor-widget-heading\" data-id=\"cdcd349\" data-element_type=\"widget\" data-widget_type=\"heading.default\">\n\t\t\t\t<div class=\"elementor-widget-container\">\n\t\t\t<h5 class=\"elementor-heading-title elementor-size-default\">Faculdades de Educa\u00e7\u00e3o F\u00edsica<\/h5>\t\t<\/div>\n\t\t\t\t<\/div>\n\t\t\t\t<div class=\"elementor-element elementor-element-7063097 elementor-widget elementor-widget-text-editor\" data-id=\"7063097\" data-element_type=\"widget\" data-widget_type=\"text-editor.default\">\n\t\t\t\t<div class=\"elementor-widget-container\">\n\t\t\t\t\t\t\t<p><strong>FEDERAIS<\/strong><\/p><p>\u2022\u00a0<a href=\"http:\/\/www.ufrgs.br\/ufrgs\/inicial\">www.ufrgs.br<\/a><br \/>\u2022\u00a0<a href=\"http:\/\/www.furg.br\/\">www.furg.br<\/a><br \/>\u2022\u00a0<a href=\"http:\/\/portal.ufpel.edu.br\/\">www.ufpel.edu.br<\/a><br \/>\u2022\u00a0<a href=\"http:\/\/site.ufsm.br\/\">www.ufsm.br<\/a><br \/>\u2022\u00a0<a href=\"http:\/\/novoportal.unipampa.edu.br\/novoportal\/\">www.unipampa.edu.br<\/a><br \/>\u2022\u00a0<a href=\"http:\/\/www2.ufscar.br\/\">www.ufscar.br<\/a><br \/>\u2022\u00a0<a href=\"http:\/\/www.unifesp.br\/\">www.unifesp.br<\/a><br \/>\u2022\u00a0<a href=\"http:\/\/www.ufpr.br\/portalufpr\/\">www.ufpr.br<\/a><br \/>\u2022\u00a0<a href=\"http:\/\/ufsc.br\/\">www.ufsc.br<\/a><br \/>\u2022\u00a0<a href=\"http:\/\/www.ufvjm.edu.br\/\">www.ufvjm.edu.br<\/a><br \/>\u2022\u00a0<a href=\"http:\/\/www.ufv.br\/\">www.ufv.br<\/a><br \/>\u2022\u00a0<a href=\"http:\/\/www.uftm.edu.br\/\">www.uftm.edu.br<\/a><br \/>\u2022\u00a0<a href=\"http:\/\/www.ufjf.br\/ufjf\/\">www.ufjf.br<\/a><br \/>\u2022\u00a0<a href=\"https:\/\/www.ufmg.br\/\">www.ufmg.br<\/a><br \/>\u2022\u00a0<a href=\"http:\/\/www.uff.br\/\">www.uff.br<\/a><br \/>\u2022\u00a0<a href=\"http:\/\/portal.ufrrj.br\/\">www.ufrrj.br<\/a><br \/>\u2022\u00a0<a href=\"http:\/\/www.ufes.br\/\">www.ufes.br<\/a><br \/>\u2022\u00a0<a href=\"https:\/\/www.ufba.br\/\">www.ufba.br<\/a><br \/>\u2022\u00a0<a href=\"https:\/\/ufrb.edu.br\/portal\/\">www.ufrb.edu.br<\/a><br \/>\u2022\u00a0<a href=\"http:\/\/www.ufal.edu.br\/\">http:\/\/www.ufal.edu.br\/<\/a><br \/>\u2022\u00a0<a href=\"http:\/\/portais.univasf.edu.br\/\">http:\/\/portais.univasf.edu.br\/<\/a><br \/>\u2022\u00a0<a href=\"http:\/\/www.ufrpe.br\/br\">http:\/\/www.ufrpe.br\/br<\/a><br \/>\u2022\u00a0<a href=\"http:\/\/www.ufrn.br\/\">http:\/\/www.ufrn.br\/<\/a><br \/>\u2022\u00a0<a href=\"http:\/\/www.ufc.br\/\">http:\/\/www.ufc.br\/<\/a><br \/>\u2022\u00a0<a href=\"http:\/\/www.ufpi.br\/\">http:\/\/www.ufpi.br\/<\/a><br \/>\u2022\u00a0<a href=\"http:\/\/portais.ufma.br\/PortalUfma\/index.jsf\">http:\/\/portais.ufma.br\/PortalUfma\/index.jsf<\/a><br \/>\u2022\u00a0<a href=\"https:\/\/www.unir.br\/\">https:\/\/www.unir.br\/<\/a><br \/>\u2022\u00a0<a href=\"http:\/\/www.ufac.br\/\">http:\/\/www.ufac.br\/<\/a><br \/>\u2022\u00a0<a href=\"http:\/\/www.unifap.br\/public\/\">http:\/\/www.unifap.br\/public\/<\/a><\/p><p><strong>ESTADUAIS<\/strong><\/p><p>\u2022\u00a0<a href=\"http:\/\/www.ueg.br\/\">http:\/\/www.ueg.br\/<\/a><br \/>\u2022\u00a0<a href=\"http:\/\/portal.unemat.br\/seletivos\">http:\/\/portal.unemat.br\/seletivos<\/a><br \/>\u2022\u00a0<a href=\"http:\/\/www.uneb.br\/index.php\">http:\/\/www.uneb.br\/index.php<\/a><br \/>\u2022\u00a0<a href=\"http:\/\/www.uesc.br\/\">http:\/\/www.uesc.br\/<\/a><br \/>\u2022\u00a0<a href=\"http:\/\/www.uesb.br\/\">http:\/\/www.uesb.br\/<\/a><br \/>\u2022\u00a0<a href=\"http:\/\/www.uece.br\/uece\/\">http:\/\/www.uece.br\/uece\/<\/a><br \/>\u2022\u00a0<a href=\"http:\/\/www.uva.br\/\">http:\/\/www.uva.br\/<\/a><br \/>\u2022\u00a0<a href=\"http:\/\/www.urca.br\/portal\/\">http:\/\/www.urca.br\/portal\/<\/a><br \/>\u2022\u00a0<a href=\"http:\/\/www.uepb.edu.br\/\">http:\/\/www.uepb.edu.br\/<\/a><br \/>\u2022\u00a0<a href=\"http:\/\/www.upe.br\/\">http:\/\/www.upe.br\/<\/a><br \/>\u2022\u00a0<a href=\"http:\/\/www.uespi.br\/site\/\">http:\/\/www.uespi.br\/site\/<\/a><br \/>\u2022\u00a0<a href=\"http:\/\/www.uern.br\/\">http:\/\/www.uern.br\/<\/a><br \/>\u2022\u00a0<a href=\"http:\/\/www.uepa.pa.gov.br\/\">http:\/\/www.uepa.pa.gov.br\/<\/a><br \/>\u2022\u00a0<a href=\"http:\/\/uerr.edu.br\/\">http:\/\/uerr.edu.br\/<\/a><br \/>\u2022\u00a0<a href=\"http:\/\/www.uemg.br\/\">http:\/\/www.uemg.br\/<\/a><br \/>\u2022\u00a0<a href=\"http:\/\/www.academico.unimontes.br\/\">http:\/\/www.academico.unimontes.br\/<\/a><br \/>\u2022\u00a0<a href=\"http:\/\/www.uerj.br\/\">http:\/\/www.uerj.br\/<\/a><br \/>\u2022\u00a0<a href=\"http:\/\/www5.usp.br\/\">http:\/\/www5.usp.br\/<\/a><br \/>\u2022\u00a0<a href=\"http:\/\/www.unesp.br\/\">http:\/\/www.unesp.br\/<\/a><br \/>\u2022\u00a0<a href=\"http:\/\/www.uel.br\/portal\/\">http:\/\/www.uel.br\/portal\/<\/a><br \/>\u2022\u00a0<a href=\"http:\/\/www.uem.br\/\">http:\/\/www.uem.br\/<\/a><br \/>\u2022\u00a0<a href=\"http:\/\/www.unespar.edu.br\/\">http:\/\/www.unespar.edu.br\/<\/a><br \/>\u2022\u00a0<a href=\"http:\/\/portal.uepg.br\/\">http:\/\/portal.uepg.br\/<\/a><br \/>\u2022\u00a0<a href=\"http:\/\/www2.unicentro.br\/\">http:\/\/www2.unicentro.br\/<\/a><br \/>\u2022\u00a0<a href=\"http:\/\/www.uenp.edu.br\/\">http:\/\/www.uenp.edu.br\/<\/a><br \/>\u2022\u00a0<a href=\"http:\/\/www.unioeste.br\/portal\/\">http:\/\/www.unioeste.br\/portal\/,<\/a><\/p><p><strong>PARTICULARES<\/strong><\/p><p>\u2022\u00a0<a href=\"http:\/\/sites.pucgoias.edu.br\/home\/\">http:\/\/sites.pucgoias.edu.br\/home\/<\/a><br \/>\u2022\u00a0<a href=\"http:\/\/www.ucb.br\/\">http:\/\/www.ucb.br\/<\/a><br \/>\u2022\u00a0<a href=\"http:\/\/site.ucdb.br\/\">http:\/\/site.ucdb.br\/<\/a><br \/>\u2022\u00a0<a href=\"http:\/\/www.universo.edu.br\/portal\/\">http:\/\/www.universo.edu.br\/portal\/<\/a><br \/>\u2022\u00a0<a href=\"http:\/\/www.unip.br\/\">http:\/\/www.unip.br\/<\/a><br \/>\u2022\u00a0<a href=\"http:\/\/www.unama.br\/\">http:\/\/www.unama.br\/<\/a><br \/>\u2022\u00a0<a href=\"http:\/\/www.puc-campinas.edu.br\/\">http:\/\/www.puc-campinas.edu.br\/<\/a><br \/>\u2022\u00a0<a href=\"http:\/\/pucminas.br\/destaques\/destaques.php\">http:\/\/pucminas.br\/destaques\/destaques.php<\/a><br \/>\u2022\u00a0<a href=\"http:\/\/www.ucp.br\/\">http:\/\/www.ucp.br\/<\/a><br \/>\u2022\u00a0<a href=\"http:\/\/www.umc.br\/\">http:\/\/www.umc.br\/<\/a><br \/>\u2022\u00a0<a href=\"http:\/\/www.umc.br\/\">http:\/\/www.umc.br\/<\/a><br \/>\u2022\u00a0<a href=\"http:\/\/unicastelo.br\/portal\/\">http:\/\/unicastelo.br\/portal\/<\/a><br \/>\u2022\u00a0<a href=\"http:\/\/www.unicep.edu.br\/\">http:\/\/www.unicep.edu.br\/<\/a><br \/>\u2022\u00a0<a href=\"http:\/\/www.cruzeirodosul.edu.br\/\">http:\/\/www.cruzeirodosul.edu.br\/<\/a><br \/>\u2022\u00a0<a href=\"http:\/\/www.unifenas.br\/index.asp\">http:\/\/www.unifenas.br\/index.asp<\/a><br \/>\u2022\u00a0<a href=\"http:\/\/unig.br\/\">http:\/\/unig.br\/<\/a><br \/>\u2022\u00a0<a href=\"http:\/\/www.unimep.br\/\">http:\/\/www.unimep.br\/<\/a><br \/>\u2022\u00a0<a href=\"http:\/\/www.unisanta.br\/\">http:\/\/www.unisanta.br\/<\/a><br \/>\u2022\u00a0<a href=\"http:\/\/www.pucpr.br\/\">http:\/\/www.pucpr.br\/<\/a><br \/>\u2022\u00a0<a href=\"http:\/\/www.pucrs.br\/\">http:\/\/www.pucrs.br\/<\/a><br \/>\u2022\u00a0<a href=\"https:\/\/www.unochapeco.edu.br\/\">https:\/\/www.unochapeco.edu.br\/<\/a><br \/>\u2022\u00a0<a href=\"http:\/\/site.urcamp.tche.br\/\">http:\/\/site.urcamp.tche.br\/<\/a><br \/>\u2022\u00a0<a href=\"http:\/\/www.univille.edu.br\/\">http:\/\/www.univille.edu.br\/<\/a><br \/>\u2022\u00a0<a href=\"https:\/\/www.ucs.br\/site\/\">https:\/\/www.ucs.br\/site\/<\/a><br \/>\u2022\u00a0<a href=\"http:\/\/www.unicruz.edu.br\/\">http:\/\/www.unicruz.edu.br\/<\/a><br \/>\u2022\u00a0<a href=\"http:\/\/www.upf.br\/site\/index.php?option=com_frontpage&amp;Itemid=42\">http:\/\/www.upf.br\/site\/index.php?option=com_frontpage&amp;Itemid=42<\/a><br \/>\u2022\u00a0<a href=\"http:\/\/www.unisinos.br\/\">http:\/\/www.unisinos.br\/<\/a><br \/>\u2022\u00a0<a href=\"http:\/\/www.univali.br\/Paginas\/default.aspx\">http:\/\/www.univali.br\/Paginas\/default.aspx<\/a><br \/>\u2022\u00a0<a href=\"http:\/\/www.unijui.edu.br\/\">http:\/\/www.unijui.edu.br\/<\/a><br \/>\u2022\u00a0<a href=\"http:\/\/uri.br\/\">http:\/\/uri.br\/<\/a><\/p>\t\t\t\t\t\t<\/div>\n\t\t\t\t<\/div>\n\t\t\t\t\t<\/div>\n\t\t<\/div>\n\t\t\t\t\t<\/div>\n\t\t<\/section>\n\t\t\t\t<section class=\"elementor-section elementor-top-section elementor-element elementor-element-31de874 elementor-section-boxed elementor-section-height-default elementor-section-height-default\" data-id=\"31de874\" data-element_type=\"section\">\n\t\t\t\t\t\t<div class=\"elementor-container elementor-column-gap-default\">\n\t\t\t\t\t<div class=\"elementor-column elementor-col-100 elementor-top-column elementor-element elementor-element-e44ad6b\" data-id=\"e44ad6b\" data-element_type=\"column\">\n\t\t\t<div class=\"elementor-widget-wrap elementor-element-populated\">\n\t\t\t\t\t\t<div class=\"elementor-element elementor-element-6829837 elementor-widget elementor-widget-heading\" data-id=\"6829837\" data-element_type=\"widget\" data-widget_type=\"heading.default\">\n\t\t\t\t<div class=\"elementor-widget-container\">\n\t\t\t<h5 class=\"elementor-heading-title elementor-size-default\">Faculdades de Dan\u00e7a<\/h5>\t\t<\/div>\n\t\t\t\t<\/div>\n\t\t\t\t<div class=\"elementor-element elementor-element-578c461 elementor-widget elementor-widget-text-editor\" data-id=\"578c461\" data-element_type=\"widget\" data-widget_type=\"text-editor.default\">\n\t\t\t\t<div class=\"elementor-widget-container\">\n\t\t\t\t\t\t\t<p><strong>FEDERAIS\u00a0<\/strong><\/p><p>\u2022 www.ufrgs.br<br \/>\u2022\u00a0<a href=\"http:\/\/www.ufpel.edu.br\/\">http:\/\/www.ufpel.edu.br<\/a><br \/>\u2022\u00a0<a href=\"http:\/\/www.ufsm.br\/\">http:\/\/www.ufsm.br<\/a><br \/>\u2022\u00a0<a href=\"http:\/\/www.ufv.br\/\">http:\/\/www.ufv.br<\/a><br \/>\u2022\u00a0<a href=\"http:\/\/www.ufmg.br\/\">http:\/\/www.ufmg.br<\/a><br \/>\u2022\u00a0<a href=\"http:\/\/www.ufal.br\/\">http:\/\/www.ufal.br<\/a><br \/>\u2022\u00a0<a href=\"http:\/\/www.cchla.ufrn.br\/deart\/_v2\/cursos\/graduacao\/danca\">http:\/\/www.cchla.ufrn.br\/deart\/_v2\/cursos\/graduacao\/danca<\/a>\u00a0<br \/>\u2022\u00a0<a href=\"http:\/\/laranjeiras.ufs.br\/pagina\/851\">http:\/\/laranjeiras.ufs.br\/pagina\/851<\/a><br \/>\u2022\u00a0<a href=\"http:\/\/www.dancaufrj.com.br\/quem-somos.html\">http:\/\/www.dancaufrj.com.br\/quem-somos.html<\/a><\/p><p><strong>ESTADUAIS<\/strong><\/p><p>\u2022\u00a0<a href=\"http:\/\/www.uems.br\/\">http:\/\/www.uems.br\/<\/a><br \/>\u2022\u00a0<a href=\"http:\/\/www3.uea.edu.br\/\">http:\/\/www3.uea.edu.br\/<\/a><br \/>\u2022\u00a0<a href=\"http:\/\/www.unespar.edu.br\/\">http:\/\/www.unespar.edu.br\/<\/a><br \/>\u2022\u00a0<a href=\"http:\/\/www.uergs.edu.br\/\">http:\/\/www.uergs.edu.br\/<\/a><br \/>\u2022\u00a0<a href=\"http:\/\/www.uergs.rs.gov.br\/danca\">http:\/\/www.uergs.rs.gov.br\/danca<\/a><br \/>\u2022\u00a0<a href=\"http:\/\/www.fap.pr.gov.br\/modules\/conteudo\/conteudo.php?conteudo=12\">http:\/\/www.fap.pr.gov.br\/modules\/conteudo\/conteudo.php?conteudo=12<\/a><\/p><p><strong>PARTICULARES<\/strong><\/p><p>\u2022\u00a0<a href=\"http:\/\/portal.anhembi.br\/\">http:\/\/portal.anhembi.br\/<\/a><br \/>\u2022\u00a0<a href=\"http:\/\/www.ulbra.br\/canoas\/graduacao\/presencial\/danca\/licenciatura\/\">http:\/\/www.ulbra.br\/canoas\/graduacao\/presencial\/danca\/licenciatura\/<\/a><br \/>\u2022\u00a0<a href=\"http:\/\/www.estacio.br\/institutodedanca\/\">http:\/\/www.estacio.br\/institutodedanca\/<\/a><br \/>\u2022\u00a0<a href=\"http:\/\/www.escolaangelvianna.com.br\/blog\/\">http:\/\/www.escolaangelvianna.com.br\/blog\/<\/a><\/p><p>\u00a0<\/p>\t\t\t\t\t\t<\/div>\n\t\t\t\t<\/div>\n\t\t\t\t\t<\/div>\n\t\t<\/div>\n\t\t\t\t\t<\/div>\n\t\t<\/section>\n\t\t\t\t<\/div>\n\t\t","protected":false},"excerpt":{"rendered":"<p>Faculdades de Educa\u00e7\u00e3o F\u00edsica FEDERAIS \u2022\u00a0www.ufrgs.br\u2022\u00a0www.furg.br\u2022\u00a0www.ufpel.edu.br\u2022\u00a0www.ufsm.br\u2022\u00a0www.unipampa.edu.br\u2022\u00a0www.ufscar.br\u2022\u00a0www.unifesp.br\u2022\u00a0www.ufpr.br\u2022\u00a0www.ufsc.br\u2022\u00a0www.ufvjm.edu.br\u2022\u00a0www.ufv.br\u2022\u00a0www.uftm.edu.br\u2022\u00a0www.ufjf.br\u2022\u00a0www.ufmg.br\u2022\u00a0www.uff.br\u2022\u00a0www.ufrrj.br\u2022\u00a0www.ufes.br\u2022\u00a0www.ufba.br\u2022\u00a0www.ufrb.edu.br\u2022\u00a0http:\/\/www.ufal.edu.br\/\u2022\u00a0http:\/\/portais.univasf.edu.br\/\u2022\u00a0http:\/\/www.ufrpe.br\/br\u2022\u00a0http:\/\/www.ufrn.br\/\u2022\u00a0http:\/\/www.ufc.br\/\u2022\u00a0http:\/\/www.ufpi.br\/\u2022\u00a0http:\/\/portais.ufma.br\/PortalUfma\/index.jsf\u2022\u00a0https:\/\/www.unir.br\/\u2022\u00a0http:\/\/www.ufac.br\/\u2022\u00a0http:\/\/www.unifap.br\/public\/ ESTADUAIS \u2022\u00a0http:\/\/www.ueg.br\/\u2022\u00a0http:\/\/portal.unemat.br\/seletivos\u2022\u00a0http:\/\/www.uneb.br\/index.php\u2022\u00a0http:\/\/www.uesc.br\/\u2022\u00a0http:\/\/www.uesb.br\/\u2022\u00a0http:\/\/www.uece.br\/uece\/\u2022\u00a0http:\/\/www.uva.br\/\u2022\u00a0http:\/\/www.urca.br\/portal\/\u2022\u00a0http:\/\/www.uepb.edu.br\/\u2022\u00a0http:\/\/www.upe.br\/\u2022\u00a0http:\/\/www.uespi.br\/site\/\u2022\u00a0http:\/\/www.uern.br\/\u2022\u00a0http:\/\/www.uepa.pa.gov.br\/\u2022\u00a0http:\/\/uerr.edu.br\/\u2022\u00a0http:\/\/www.uemg.br\/\u2022\u00a0http:\/\/www.academico.unimontes.br\/\u2022\u00a0http:\/\/www.uerj.br\/\u2022\u00a0http:\/\/www5.usp.br\/\u2022\u00a0http:\/\/www.unesp.br\/\u2022\u00a0http:\/\/www.uel.br\/portal\/\u2022\u00a0http:\/\/www.uem.br\/\u2022\u00a0http:\/\/www.unespar.edu.br\/\u2022\u00a0http:\/\/portal.uepg.br\/\u2022\u00a0http:\/\/www2.unicentro.br\/\u2022\u00a0http:\/\/www.uenp.edu.br\/\u2022\u00a0http:\/\/www.unioeste.br\/portal\/, PARTICULARES \u2022\u00a0http:\/\/sites.pucgoias.edu.br\/home\/\u2022\u00a0http:\/\/www.ucb.br\/\u2022\u00a0http:\/\/site.ucdb.br\/\u2022\u00a0http:\/\/www.universo.edu.br\/portal\/\u2022\u00a0http:\/\/www.unip.br\/\u2022\u00a0http:\/\/www.unama.br\/\u2022\u00a0http:\/\/www.puc-campinas.edu.br\/\u2022\u00a0http:\/\/pucminas.br\/destaques\/destaques.php\u2022\u00a0http:\/\/www.ucp.br\/\u2022\u00a0http:\/\/www.umc.br\/\u2022\u00a0http:\/\/www.umc.br\/\u2022\u00a0http:\/\/unicastelo.br\/portal\/\u2022\u00a0http:\/\/www.unicep.edu.br\/\u2022\u00a0http:\/\/www.cruzeirodosul.edu.br\/\u2022\u00a0http:\/\/www.unifenas.br\/index.asp\u2022\u00a0http:\/\/unig.br\/\u2022\u00a0http:\/\/www.unimep.br\/\u2022\u00a0http:\/\/www.unisanta.br\/\u2022\u00a0http:\/\/www.pucpr.br\/\u2022\u00a0http:\/\/www.pucrs.br\/\u2022\u00a0https:\/\/www.unochapeco.edu.br\/\u2022\u00a0http:\/\/site.urcamp.tche.br\/\u2022\u00a0http:\/\/www.univille.edu.br\/\u2022\u00a0https:\/\/www.ucs.br\/site\/\u2022\u00a0http:\/\/www.unicruz.edu.br\/\u2022\u00a0http:\/\/www.upf.br\/site\/index.php?option=com_frontpage&amp;Itemid=42\u2022\u00a0http:\/\/www.unisinos.br\/\u2022\u00a0http:\/\/www.univali.br\/Paginas\/default.aspx\u2022\u00a0http:\/\/www.unijui.edu.br\/\u2022\u00a0http:\/\/uri.br\/ Faculdades de Dan\u00e7a FEDERAIS\u00a0 \u2022 www.ufrgs.br\u2022\u00a0http:\/\/www.ufpel.edu.br\u2022\u00a0http:\/\/www.ufsm.br\u2022\u00a0http:\/\/www.ufv.br\u2022\u00a0http:\/\/www.ufmg.br\u2022\u00a0http:\/\/www.ufal.br\u2022\u00a0http:\/\/www.cchla.ufrn.br\/deart\/_v2\/cursos\/graduacao\/danca\u00a0\u2022\u00a0http:\/\/laranjeiras.ufs.br\/pagina\/851\u2022\u00a0http:\/\/www.dancaufrj.com.br\/quem-somos.html ESTADUAIS \u2022\u00a0http:\/\/www.uems.br\/\u2022\u00a0http:\/\/www3.uea.edu.br\/\u2022\u00a0http:\/\/www.unespar.edu.br\/\u2022\u00a0http:\/\/www.uergs.edu.br\/\u2022\u00a0http:\/\/www.uergs.rs.gov.br\/danca\u2022\u00a0http:\/\/www.fap.pr.gov.br\/modules\/conteudo\/conteudo.php?conteudo=12 PARTICULARES \u2022\u00a0http:\/\/portal.anhembi.br\/\u2022\u00a0http:\/\/www.ulbra.br\/canoas\/graduacao\/presencial\/danca\/licenciatura\/\u2022\u00a0http:\/\/www.estacio.br\/institutodedanca\/\u2022\u00a0http:\/\/www.escolaangelvianna.com.br\/blog\/ \u00a0<\/p>\n","protected":false},"author":115,"featured_media":0,"parent":0,"menu_order":0,"comment_status":"closed","ping_status":"closed","template":"","meta":{"footnotes":""},"categories":[],"tags":[],"class_list":["post-330","page","type-page","status-publish","hentry"],"acf":[],"_links":{"self":[{"href":"https:\/\/www.ufsm.br\/orgaos-suplementares\/biblioteca\/wp-json\/wp\/v2\/pages\/330","targetHints":{"allow":["GET"]}}],"collection":[{"href":"https:\/\/www.ufsm.br\/orgaos-suplementares\/biblioteca\/wp-json\/wp\/v2\/pages"}],"about":[{"href":"https:\/\/www.ufsm.br\/orgaos-suplementares\/biblioteca\/wp-json\/wp\/v2\/types\/page"}],"author":[{"embeddable":true,"href":"https:\/\/www.ufsm.br\/orgaos-suplementares\/biblioteca\/wp-json\/wp\/v2\/users\/115"}],"replies":[{"embeddable":true,"href":"https:\/\/www.ufsm.br\/orgaos-suplementares\/biblioteca\/wp-json\/wp\/v2\/comments?post=330"}],"version-history":[{"count":0,"href":"https:\/\/www.ufsm.br\/orgaos-suplementares\/biblioteca\/wp-json\/wp\/v2\/pages\/330\/revisions"}],"wp:attachment":[{"href":"https:\/\/www.ufsm.br\/orgaos-suplementares\/biblioteca\/wp-json\/wp\/v2\/media?parent=330"}],"wp:term":[{"taxonomy":"category","embeddable":true,"href":"https:\/\/www.ufsm.br\/orgaos-suplementares\/biblioteca\/wp-json\/wp\/v2\/categories?post=330"},{"taxonomy":"post_tag","embeddable":true,"href":"https:\/\/www.ufsm.br\/orgaos-suplementares\/biblioteca\/wp-json\/wp\/v2\/tags?post=330"}],"curies":[{"name":"wp","href":"https:\/\/api.w.org\/{rel}","templated":true}]}}