{"id":332,"date":"2018-12-19T11:36:38","date_gmt":"2018-12-19T13:36:38","guid":{"rendered":"https:\/\/www.ufsm.br\/orgaos-suplementares\/biblioteca\/?page_id=332"},"modified":"2018-12-19T11:39:09","modified_gmt":"2018-12-19T13:39:09","slug":"periodicos","status":"publish","type":"page","link":"https:\/\/www.ufsm.br\/orgaos-suplementares\/biblioteca\/periodicos","title":{"rendered":"Per\u00edodicos"},"content":{"rendered":"\t\t<div data-elementor-type=\"wp-post\" data-elementor-id=\"332\" class=\"elementor elementor-332 elementor-bc-flex-widget\">\n\t\t\t\t\t\t<section class=\"elementor-section elementor-top-section elementor-element elementor-element-221d5af elementor-section-boxed elementor-section-height-default elementor-section-height-default\" data-id=\"221d5af\" data-element_type=\"section\">\n\t\t\t\t\t\t<div class=\"elementor-container elementor-column-gap-default\">\n\t\t\t\t\t<div class=\"elementor-column elementor-col-100 elementor-top-column elementor-element elementor-element-0c99838\" data-id=\"0c99838\" data-element_type=\"column\">\n\t\t\t<div class=\"elementor-widget-wrap elementor-element-populated\">\n\t\t\t\t\t\t<div class=\"elementor-element elementor-element-739d36b elementor-widget elementor-widget-heading\" data-id=\"739d36b\" data-element_type=\"widget\" data-widget_type=\"heading.default\">\n\t\t\t\t<div class=\"elementor-widget-container\">\n\t\t\t<h5 class=\"elementor-heading-title elementor-size-default\">Peri\u00f3dicos de Educa\u00e7\u00e3o F\u00edsica<\/h5>\t\t<\/div>\n\t\t\t\t<\/div>\n\t\t\t\t<div class=\"elementor-element elementor-element-8e9d6fb elementor-widget elementor-widget-text-editor\" data-id=\"8e9d6fb\" data-element_type=\"widget\" data-widget_type=\"text-editor.default\">\n\t\t\t\t<div class=\"elementor-widget-container\">\n\t\t\t\t\t\t\t<p><strong>Revista Movimento:<\/strong>\u00a0<a href=\"http:\/\/www.seer.ufrgs.br\/index.php\/Movimento\/issue\/view\/648\/showToc\">http:\/\/www.seer.ufrgs.br\/index.php\/Movimento\/issue\/view\/648\/showToc<\/a><\/p><p><strong>Revista Pensar a Pr\u00e1tica:<\/strong>\u00a0<a href=\"http:\/\/www.revistas.ufg.br\/fef\/index\">http:\/\/www.revistas.ufg.br\/index.php\/fef\/index<\/a><\/p><p><strong>Revista Motriviv\u00eancia:<\/strong>\u00a0<a href=\"http:\/\/www.periodicos.ufsc.br\/index.php\/motrivivencia\/index\">http:\/\/www.periodicos.ufsc.br\/index.php\/motrivivencia\/index<\/a><\/p><p><strong>Revista Brasileiro de Ci\u00eancias do Esporte:<\/strong>\u00a0<a href=\"http:\/\/www.rbceonline.org.br\/revista\/index.php\/RBCE\">http:\/\/www.rbceonline.org.br\/revista\/index.php\/RBCE<\/a><\/p><p><strong>Revista da Educa\u00e7\u00e3o F\u00edsica\/UEM:<\/strong>\u00a0<a href=\"http:\/\/www.periodicos.uem.br\/ojs\/index.php\/RevEducFis\/index\">http:\/\/www.periodicos.uem.br\/ojs\/index.php\/RevEducFis\/index<\/a><\/p><p><strong>Motriz. Revista de Educa\u00e7\u00e3o F\u00edsica. UNESP:<\/strong>\u00a0<a href=\"http:\/\/www.periodicos.rc.biblioteca.unesp.br\/index.php\/motriz\">http:\/\/www.periodicos.rc.biblioteca.unesp.br\/index.php\/motriz<\/a><\/p><p><strong>Lecturas: Educaci\u00f3n F\u00edsica y Deportes. Revista Digital:<\/strong>\u00a0<a href=\"http:\/\/www.efdeportes.com\/\">http:\/\/www.efdeportes.com\/<\/a><\/p><p><strong>Motriz. Revista de Educa\u00e7\u00e3o F\u00edsica. UNESP:\u00a0<\/strong><a href=\"http:\/\/www.rc.unesp.br\/ib\/efisica\/motriz\/revista.htm\">http:\/\/www.rc.unesp.br\/ib\/efisica\/motriz\/revista.htm<\/a><\/p><p><strong>Revista Mackenzie de Educa\u00e7\u00e3o F\u00edsica e Esporte:<\/strong>\u00a0<a href=\"http:\/\/mackenzie.br\/educacao_fisica_esporte.html\">http:\/\/mackenzie.br\/educacao_fisica_esporte.html<\/a><\/p><p><strong>Revista Licere:<\/strong>\u00a0<a href=\"https:\/\/seer.ufmg.br\/index.php\/licere\">https:\/\/seer.ufmg.br\/index.php\/licere<\/a><\/p><p><strong>Revista Baiana de Educa\u00e7\u00e3o F\u00edsica:\u00a0<\/strong><a href=\"http:\/\/cev.org.br\/biblioteca\/periodicos\/revista-baiana-educacao-fisica\">http:\/\/cev.org.br\/biblioteca\/periodicos\/revista-baiana-educacao-fisica<\/a><\/p><p><strong>Revista Brasileira de Ci\u00eancia e Movimento:\u00a0<\/strong><a href=\"http:\/\/cev.org.br\/biblioteca\/periodicos\/revista-brasileira-ciencia-movimento\">http:\/\/cev.org.br\/biblioteca\/periodicos\/revista-brasileira-ciencia-movimento<\/a><\/p><p><strong>Arquivos em Movimento:\u00a0<\/strong><a href=\"http:\/\/cev.org.br\/biblioteca\/periodicos\/arquivos-movimento\">http:\/\/cev.org.br\/biblioteca\/periodicos\/arquivos-movimento<\/a><\/p><p><strong>Revista Paulista de Educa\u00e7\u00e3o F\u00edsica:\u00a0<\/strong><a href=\"http:\/\/www.usp.br\/eefe\/?pagina\/mostrar\/id\/35\">http:\/\/www.usp.br\/eefe\/?pagina\/mostrar\/id\/35<\/a><\/p><p><strong>Revista Brasileira De Educa\u00e7\u00e3o F\u00edsica e Esporte:\u00a0<\/strong><a href=\"http:\/\/www.revistas.usp.br\/rbefe\">http:\/\/www.revistas.usp.br\/rbefe<\/a><\/p><p><strong>A Estrutura do Movimento e a Aprendizagem das Habilidades Motoras:\u00a0<\/strong><a href=\"http:\/\/seer.libertar.org\/revistas\/uea\/index.php\/refisica\/article\/view\/19\/pdf\">http:\/\/seer.libertar.org\/revistas\/uea\/index.php\/refisica\/article\/view\/19\/pdf<\/a><\/p><p><strong>Acta Brasileira do Movimento Humano:<\/strong>\u00a0<a href=\"http:\/\/revista.ulbrajp.edu.br\/ojs\/index.php\/actabrasileira\/index\">http:\/\/revista.ulbrajp.edu.br\/ojs\/index.php\/actabrasileira\/index<\/a><\/p><p><strong>Caderno de Euca\u00e7\u00e3o F\u00edsica: ESTUDOS E REFLEX\u00d5ES:<\/strong>\u00a0<a href=\"http:\/\/e-revista.unioeste.br\/index.php\/cadernoedfisica\/index\">http:\/\/e-revista.unioeste.br\/index.php\/cadernoedfisica\/index<\/a><\/p><p><strong>Esporte e Sociedade Revista Digital:\u00a0<\/strong><a href=\"http:\/\/www.uff.br\/esportesociedade\/\">http:\/\/www.uff.br\/esportesociedade\/<\/a><\/p><p><strong>Revista Brasileira de atividade F\u00cdSICA &amp; SA\u00daDE:<\/strong>\u00a0<a href=\"http:\/\/www.sbafs.org.br\/revista\/index.php\">http:\/\/www.sbafs.org.br\/revista\/index.php<\/a><\/p><p><strong>Revista Brasileira de ci\u00eancia do esporte: (Col\u00e9gio Brasileiro de Ci\u00eancias do Esporte &#8211; ISSN: 2179-3255):\u00a0<\/strong><a href=\"http:\/\/www.rbceonline.org.br\/revista\/index.php?journal=RBCE\">http:\/\/www.rbceonline.org.br\/revista\/index.php?journal=RBCE<\/a><\/p><p><strong>Revista brasileira de ci\u00eancia do esporte (UFSC):\u00a0<\/strong><a href=\"http:\/\/www.rbceonline.org.br\/revista\/index.php?journal=RBCE\">https:\/\/periodicos.ufsc.br\/index.php\/rbcdh<\/a><\/p><p><strong>Revista brasileira de PRESCRI\u00c7\u00c3O E FISIOLOGIA DO EXERC\u00cdCIO:<\/strong>\u00a0<a href=\"http:\/\/www.rbceonline.org.br\/revista\/index.php?journal=RBCE\">http:\/\/www.rbpfex.com.br\/index.php\/rbpfex\/issue\/current<\/a><\/p><p><strong>Revista da Educa\u00e7\u00e3o F\u00edsica \/ UEM:<\/strong>\u00a0<a href=\"http:\/\/www.rbceonline.org.br\/revista\/index.php?journal=RBCE\">http:\/\/periodicos.uem.br\/ojs\/index.php\/RevEducFis<\/a><\/p><p><strong>Revista brasileiro de Medicina do Esporte:<\/strong>\u00a0<a href=\"http:\/\/www.rbceonline.org.br\/revista\/index.php?journal=RBCE\">http:\/\/www.scielo.br\/scielo.php\/script_sci_serial\/pid_1517-8692\/lng_pt\/nrm_iso<\/a><\/p><p><strong>Revista brasileira de CINEANTROPOMETRIA &amp; DESEMPENHO HUMANO : RBCDH<\/strong>\u00a0<a href=\"https:\/\/periodicos.ufsc.br\/index.php\/rbcdh\">https:\/\/periodicos.ufsc.br\/index.php\/rbcdh<\/a><\/p><p><strong>Revista Brasileira de Educa\u00e7\u00e3o F\u00edsica e Esporte:\u00a0<\/strong><a href=\"http:\/\/www5.usp.br\/servicos\/revista-brasileira-de-educacao-fisica-e-esporte\/\">http:\/\/www5.usp.br\/servicos\/revista-brasileira-de-educacao-fisica-e-esporte\/<\/a><\/p><p><strong>Caderno Brasileiro de Ensino de F\u00edsica:<\/strong>\u00a0<a href=\"https:\/\/periodicos.ufsc.br\/index.php\/fisica\">https:\/\/periodicos.ufsc.br\/index.php\/fisica<\/a><\/p><p><strong>Movimento (ESEFID\/UFRGS):\u00a0<\/strong><a href=\"http:\/\/www.seer.ufrgs.br\/Movimento\">http:\/\/www.seer.ufrgs.br\/Movimento<\/a><\/p><p><strong>Educa\u00e7\u00e3o F\u00edsica em Revista:\u00a0<\/strong><a href=\"https:\/\/portalrevistas.ucb.br\/index.php\/efr\">https:\/\/portalrevistas.ucb.br\/index.php\/efr<\/a><\/p>\t\t\t\t\t\t<\/div>\n\t\t\t\t<\/div>\n\t\t\t\t<div class=\"elementor-element elementor-element-f4f7301 elementor-widget elementor-widget-heading\" data-id=\"f4f7301\" data-element_type=\"widget\" data-widget_type=\"heading.default\">\n\t\t\t\t<div class=\"elementor-widget-container\">\n\t\t\t<h5 class=\"elementor-heading-title elementor-size-default\">Peri\u00f3dicos de Dan\u00e7a <\/h5>\t\t<\/div>\n\t\t\t\t<\/div>\n\t\t\t\t<div class=\"elementor-element elementor-element-dce2914 elementor-widget elementor-widget-text-editor\" data-id=\"dce2914\" data-element_type=\"widget\" data-widget_type=\"text-editor.default\">\n\t\t\t\t<div class=\"elementor-widget-container\">\n\t\t\t\t\t\t\t<p>\u2022<strong>\u00a0A revista Ars<\/strong><br \/>\u00a0<a href=\"http:\/\/www2.eca.usp.br\/cap\/ars.htm\">http:\/\/www2.eca.usp.br\/cap\/ars.htm<\/a><\/p><p>\u2022\u00a0<strong>Arquivos em Movimento<\/strong><br \/>\u00a0<a href=\"https:\/\/revista.eefd.ufrj.br\/EEFD\">https:\/\/revista.eefd.ufrj.br\/EEFD<\/a><\/p><p><strong>\u2022 Revista Digital Art&amp;<\/strong><br \/><a href=\"http:\/\/revistadigitalart.blogspot.com.br\/\">http:\/\/revistadigitalart.blogspot.com.br\/<\/a><\/p><p>\u2022<strong>\u00a0ballet review<\/strong><br \/><a href=\"http:\/\/www.balletreview.com\/\">http:\/\/www.balletreview.com\/<\/a><\/p><p><strong>\u2022 contempa esthetics<\/strong><br \/>\u00a0<a href=\"http:\/\/www.contempaesthetics.org\/\">http:\/\/www.contempaesthetics.org\/<\/a><\/p><p><strong>\u2022 dance magazine<\/strong><br \/>\u00a0<a href=\"http:\/\/dancemagazine.com\/issues\/\">http:\/\/dancemagazine.com\/issues\/<\/a><\/p><p>\u2022<strong>\u00a0Dancecult: Journal of Electronic Dance Music Culture<\/strong><br \/>\u00a0<a href=\"https:\/\/dj.dancecult.net\/index.php\/dancecult\/index\">https:\/\/dj.dancecult.net\/index.php\/dancecult\/index<\/a><\/p><p>\u2022<strong>\u00a0International Journal of Education &amp; the Arts<\/strong><br \/>\u00a0<a href=\"http:\/\/www.ijea.org\/\">http:\/\/www.ijea.org\/<\/a><\/p><p><strong>\u2022 journal sonic studies<\/strong><br \/>\u00a0<a href=\"http:\/\/journal.sonicstudies.org\/\">http:\/\/journal.sonicstudies.org\/<\/a><\/p><p>\u2022\u00a0<strong>Music and Arts in Action<\/strong><br \/><a href=\"http:\/\/www.musicandartsinaction.net\/index.php\/maia\/index\">http:\/\/www.musicandartsinaction.net\/index.php\/maia\/index<\/a><\/p><p>\u2022<strong>\u00a0journals for free<\/strong>\u00a0<a href=\"https:\/\/journals4free.com\/\">https:\/\/journals4free.com\/<\/a><\/p><p>\u2022\u00a0<strong>Portal de Peri\u00f3dicos Eletr\u00f4nicos da UFBA<\/strong><br \/>\u00a0<a href=\"http:\/\/www.portalseer.ufba.br\/\">http:\/\/www.portalseer.ufba.br\/<\/a><\/p><p>\u2022\u00a0<strong>periodicos Unespar<\/strong><br \/>\u00a0<a href=\"http:\/\/periodicos.unespar.edu.br\/index.php\/revistacientifica\/issue\/view\/41\">http:\/\/periodicos.unespar.edu.br\/index.php\/revistacientifica\/issue\/view\/41<\/a><\/p><p>\u2022\u00a0<strong>Science of Dance<\/strong><br \/>\u00a0<a href=\"http:\/\/elepex.gr\/index.php\/en\/sience-of-dance\/222-2011-08-04-09-54-12\">http:\/\/elepex.gr\/index.php\/en\/sience-of-dance\/222-2011-08-04-09-54-12<\/a><\/p><p>\u2022\u00a0<strong>TRANS-Revista Transcultural de M\u00fasica<\/strong>\u00a0<a href=\"http:\/\/www.sibetrans.com\/trans\/publicacione\">http:\/\/www.sibetrans.com\/trans\/publicacione<\/a><\/p><p>\u2022<strong>\u00a0cooperac danca<\/strong><br \/>\u00a0<a href=\"http:\/\/www.cooperacdanca.org\/periodico-engrupe\/\">http:\/\/www.cooperacdanca.org\/periodico-engrupe\/<\/a><\/p>\t\t\t\t\t\t<\/div>\n\t\t\t\t<\/div>\n\t\t\t\t\t<\/div>\n\t\t<\/div>\n\t\t\t\t\t<\/div>\n\t\t<\/section>\n\t\t\t\t<\/div>\n\t\t","protected":false},"excerpt":{"rendered":"<p>Peri\u00f3dicos de Educa\u00e7\u00e3o F\u00edsica Revista Movimento:\u00a0http:\/\/www.seer.ufrgs.br\/index.php\/Movimento\/issue\/view\/648\/showToc Revista Pensar a Pr\u00e1tica:\u00a0http:\/\/www.revistas.ufg.br\/index.php\/fef\/index Revista Motriviv\u00eancia:\u00a0http:\/\/www.periodicos.ufsc.br\/index.php\/motrivivencia\/index Revista Brasileiro de Ci\u00eancias do Esporte:\u00a0http:\/\/www.rbceonline.org.br\/revista\/index.php\/RBCE Revista da Educa\u00e7\u00e3o F\u00edsica\/UEM:\u00a0http:\/\/www.periodicos.uem.br\/ojs\/index.php\/RevEducFis\/index Motriz. Revista de Educa\u00e7\u00e3o F\u00edsica. UNESP:\u00a0http:\/\/www.periodicos.rc.biblioteca.unesp.br\/index.php\/motriz Lecturas: Educaci\u00f3n F\u00edsica y Deportes. Revista Digital:\u00a0http:\/\/www.efdeportes.com\/ Motriz. Revista de Educa\u00e7\u00e3o F\u00edsica. UNESP:\u00a0http:\/\/www.rc.unesp.br\/ib\/efisica\/motriz\/revista.htm Revista Mackenzie de Educa\u00e7\u00e3o F\u00edsica e Esporte:\u00a0http:\/\/mackenzie.br\/educacao_fisica_esporte.html Revista Licere:\u00a0https:\/\/seer.ufmg.br\/index.php\/licere Revista Baiana de Educa\u00e7\u00e3o F\u00edsica:\u00a0http:\/\/cev.org.br\/biblioteca\/periodicos\/revista-baiana-educacao-fisica [&hellip;]<\/p>\n","protected":false},"author":115,"featured_media":0,"parent":0,"menu_order":0,"comment_status":"closed","ping_status":"closed","template":"","meta":{"footnotes":""},"categories":[],"tags":[],"class_list":["post-332","page","type-page","status-publish","hentry"],"acf":[],"_links":{"self":[{"href":"https:\/\/www.ufsm.br\/orgaos-suplementares\/biblioteca\/wp-json\/wp\/v2\/pages\/332","targetHints":{"allow":["GET"]}}],"collection":[{"href":"https:\/\/www.ufsm.br\/orgaos-suplementares\/biblioteca\/wp-json\/wp\/v2\/pages"}],"about":[{"href":"https:\/\/www.ufsm.br\/orgaos-suplementares\/biblioteca\/wp-json\/wp\/v2\/types\/page"}],"author":[{"embeddable":true,"href":"https:\/\/www.ufsm.br\/orgaos-suplementares\/biblioteca\/wp-json\/wp\/v2\/users\/115"}],"replies":[{"embeddable":true,"href":"https:\/\/www.ufsm.br\/orgaos-suplementares\/biblioteca\/wp-json\/wp\/v2\/comments?post=332"}],"version-history":[{"count":0,"href":"https:\/\/www.ufsm.br\/orgaos-suplementares\/biblioteca\/wp-json\/wp\/v2\/pages\/332\/revisions"}],"wp:attachment":[{"href":"https:\/\/www.ufsm.br\/orgaos-suplementares\/biblioteca\/wp-json\/wp\/v2\/media?parent=332"}],"wp:term":[{"taxonomy":"category","embeddable":true,"href":"https:\/\/www.ufsm.br\/orgaos-suplementares\/biblioteca\/wp-json\/wp\/v2\/categories?post=332"},{"taxonomy":"post_tag","embeddable":true,"href":"https:\/\/www.ufsm.br\/orgaos-suplementares\/biblioteca\/wp-json\/wp\/v2\/tags?post=332"}],"curies":[{"name":"wp","href":"https:\/\/api.w.org\/{rel}","templated":true}]}}