{"id":333,"date":"2018-12-19T11:43:35","date_gmt":"2018-12-19T13:43:35","guid":{"rendered":"https:\/\/www.ufsm.br\/orgaos-suplementares\/biblioteca\/?page_id=333"},"modified":"2018-12-19T11:44:29","modified_gmt":"2018-12-19T13:44:29","slug":"periodicos-cientificos-de-educacao-fisica","status":"publish","type":"page","link":"https:\/\/www.ufsm.br\/orgaos-suplementares\/biblioteca\/periodicos-cientificos-de-educacao-fisica","title":{"rendered":"Peri\u00f3dicos Cient\u00edficos de Educa\u00e7\u00e3o F\u00edsica"},"content":{"rendered":"\t\t<div data-elementor-type=\"wp-post\" data-elementor-id=\"333\" class=\"elementor elementor-333 elementor-bc-flex-widget\">\n\t\t\t\t\t\t<section class=\"elementor-section elementor-top-section elementor-element elementor-element-3b4630d elementor-section-boxed elementor-section-height-default elementor-section-height-default\" data-id=\"3b4630d\" data-element_type=\"section\">\n\t\t\t\t\t\t<div class=\"elementor-container elementor-column-gap-default\">\n\t\t\t\t\t<div class=\"elementor-column elementor-col-100 elementor-top-column elementor-element elementor-element-573c2f5\" data-id=\"573c2f5\" data-element_type=\"column\">\n\t\t\t<div class=\"elementor-widget-wrap elementor-element-populated\">\n\t\t\t\t\t\t<div class=\"elementor-element elementor-element-1770cef elementor-widget elementor-widget-text-editor\" data-id=\"1770cef\" data-element_type=\"widget\" data-widget_type=\"text-editor.default\">\n\t\t\t\t<div class=\"elementor-widget-container\">\n\t\t\t\t\t\t\t<p><strong>Revista Movimento:<\/strong>\u00a0http:\/\/www.seer.ufrgs.br\/index.php\/Movimento\/issue\/view\/648\/showToc<\/p><p><strong>Revista Pensar a Pr\u00e1tica:<\/strong>\u00a0http:\/\/www.revistas.ufg.br\/index.php\/fef\/index<\/p><p><strong>Revista Motriviv\u00eancia:<\/strong>\u00a0http:\/\/www.periodicos.ufsc.br\/index.php\/motrivivencia\/index<\/p><p><strong>Revista Brasileiro de Ci\u00eancias do Esporte:<\/strong>\u00a0http:\/\/www.rbceonline.org.br\/revista\/index.php\/RBCE<\/p><p><strong>Revista da Educa\u00e7\u00e3o F\u00edsica\/UEM:<\/strong>\u00a0http:\/\/www.periodicos.uem.br\/ojs\/index.php\/RevEducFis\/index<\/p><p><strong>Motriz. Revista de Educa\u00e7\u00e3o F\u00edsica. UNESP:<\/strong>http:\/\/cecemca.rc.unesp.br\/ojs\/index.php\/motriz\/issue\/view\/760<\/p><p><strong>Lecturas: Educaci\u00f3n F\u00edsica y Deportes. Revista Digital:<\/strong>\u00a0http:\/\/www.efdeportes.com\/<\/p><p><strong>Motriz. Revista de Educa\u00e7\u00e3o F\u00edsica. UNESP:<\/strong>http:\/\/www.rc.unesp.br\/ib\/efisica\/motriz\/revista.htm<\/p><p><strong>Revista Mackenzie de Educa\u00e7\u00e3o F\u00edsica e Esporte:<\/strong>\u00a0http:\/\/mackenzie.br\/educacao_fisica_esporte.html<\/p><p><strong>Revista Licere:<\/strong>\u00a0https:\/\/seer.ufmg.br\/index.php\/licere<\/p><p><strong>Revista Baiana de Educa\u00e7\u00e3o F\u00edsica:<\/strong>http:\/\/cev.org.br\/biblioteca\/periodicos\/revista-baiana-educacao-fisica<\/p><p><strong>Revista Brasileira de Ci\u00eancia e Movimento:<\/strong>http:\/\/portalrevistas.ucb.br\/index.php\/RBCM<\/p><p><strong>Arquivos em Movimento:<\/strong>http:\/\/cev.org.br\/biblioteca\/periodicos\/arquivos-movimento<\/p><p><strong>Revista Paulista de Educa\u00e7\u00e3o F\u00edsica:<\/strong>http:\/\/www.usp.br\/eefe\/?pagina\/mostrar\/id\/35<\/p><p><strong>Revista Brasileira De Educa\u00e7\u00e3o F\u00edsica e Esporte:<\/strong>http:\/\/www.revistas.usp.br\/rbefe<\/p><p><strong>A Estrutura do Movimento e a Aprendizagem das Habilidades Motoras:\u00a0<\/strong>http:\/\/seer.libertar.org\/revistas\/uea\/index.php\/refisica\/article\/view\/19\/pdf<\/p><p><strong>Acta Brasileira do Movimento Humano:<\/strong>\u00a0http:\/\/revista.ulbrajp.edu.br\/ojs\/index.php\/actabrasileira\/index<\/p><p><strong>Caderno de Euca\u00e7\u00e3o F\u00edsica: ESTUDOS E REFLEX\u00d5ES.<\/strong>http:\/\/e-revista.unioeste.br\/index.php\/cadernoedfisica\/index<\/p><p><strong>Esporte e Sociedade Revista Digital:<\/strong>http:\/\/www.uff.br\/esportesociedade\/<\/p><p><strong>Revista Brasileira de atividade F\u00cdSICA &amp; SA\u00daDE:<\/strong>\u00a0http:\/\/www.sbafs.org.br\/revista\/index.php<\/p><p><strong>Revista Brasileira de ci\u00eancia do esporte:\u00a0<\/strong>http:\/\/www.rbceonline.org.br\/revista\/index.php?journal=RBCE<\/p><p><strong>Revista brasileira de ci\u00eancia do esporte (UFSC):<\/strong>https:\/\/periodicos.ufsc.br\/index.php\/rbcdh<\/p><p><strong>Revista brasileira de PRESCRI\u00c7\u00c3O E FISIOLOGIA DO EXERC\u00cdCIO:<\/strong>\u00a0http:\/\/www.rbpfex.com.br\/index.php\/rbpfex\/issue\/current<\/p><p><strong>Revista da Educa\u00e7\u00e3o F\u00edsica \/ UEM:\u00a0<\/strong>http:\/\/periodicos.uem.br\/ojs\/index.php\/RevEducFis<\/p><p><strong>Revista brasileiro de Medicina do Esporte:<\/strong>\u00a0http:\/\/www.scielo.br\/scielo.php\/script_sci_serial\/pid_1517-8692\/lng_pt\/nrm_iso<\/p><p><strong>Revista brasileira de CINEANTROPOMETRIA &amp; DESEMPENHO HUMANO : RBCDH<\/strong>https:\/\/periodicos.ufsc.br\/index.php\/rbcdh<\/p><p><strong>Revista Brasileira de Educa\u00e7\u00e3o F\u00edsica e Esporte:\u00a0<\/strong>http:\/\/www5.usp.br\/servicos\/revista-brasileira-de-educacao-fisica-e-esporte\/<\/p><p><strong>Caderno Brasileiro de Ensino de F\u00edsica:<\/strong>\u00a0https:\/\/periodicos.ufsc.br\/index.php\/fisica<\/p><p><strong>Movimento (ESEFID\/UFRGS):<\/strong>\u00a0http:\/\/www.seer.ufrgs.br\/Movimento<\/p><p><strong>Educa\u00e7\u00e3o F\u00edsica em Revista:<\/strong>\u00a0https:\/\/portalrevistas.ucb.br\/index.php\/efr<\/p><p>\u00a0<\/p>\t\t\t\t\t\t<\/div>\n\t\t\t\t<\/div>\n\t\t\t\t\t<\/div>\n\t\t<\/div>\n\t\t\t\t\t<\/div>\n\t\t<\/section>\n\t\t\t\t<\/div>\n\t\t","protected":false},"excerpt":{"rendered":"<p>Revista Movimento:\u00a0http:\/\/www.seer.ufrgs.br\/index.php\/Movimento\/issue\/view\/648\/showToc Revista Pensar a Pr\u00e1tica:\u00a0http:\/\/www.revistas.ufg.br\/index.php\/fef\/index Revista Motriviv\u00eancia:\u00a0http:\/\/www.periodicos.ufsc.br\/index.php\/motrivivencia\/index Revista Brasileiro de Ci\u00eancias do Esporte:\u00a0http:\/\/www.rbceonline.org.br\/revista\/index.php\/RBCE Revista da Educa\u00e7\u00e3o F\u00edsica\/UEM:\u00a0http:\/\/www.periodicos.uem.br\/ojs\/index.php\/RevEducFis\/index Motriz. Revista de Educa\u00e7\u00e3o F\u00edsica. UNESP:http:\/\/cecemca.rc.unesp.br\/ojs\/index.php\/motriz\/issue\/view\/760 Lecturas: Educaci\u00f3n F\u00edsica y Deportes. Revista Digital:\u00a0http:\/\/www.efdeportes.com\/ Motriz. Revista de Educa\u00e7\u00e3o F\u00edsica. UNESP:http:\/\/www.rc.unesp.br\/ib\/efisica\/motriz\/revista.htm Revista Mackenzie de Educa\u00e7\u00e3o F\u00edsica e Esporte:\u00a0http:\/\/mackenzie.br\/educacao_fisica_esporte.html Revista Licere:\u00a0https:\/\/seer.ufmg.br\/index.php\/licere Revista Baiana de Educa\u00e7\u00e3o F\u00edsica:http:\/\/cev.org.br\/biblioteca\/periodicos\/revista-baiana-educacao-fisica Revista Brasileira de Ci\u00eancia [&hellip;]<\/p>\n","protected":false},"author":115,"featured_media":0,"parent":0,"menu_order":0,"comment_status":"closed","ping_status":"closed","template":"","meta":{"footnotes":""},"categories":[],"tags":[],"class_list":["post-333","page","type-page","status-publish","hentry"],"acf":[],"_links":{"self":[{"href":"https:\/\/www.ufsm.br\/orgaos-suplementares\/biblioteca\/wp-json\/wp\/v2\/pages\/333","targetHints":{"allow":["GET"]}}],"collection":[{"href":"https:\/\/www.ufsm.br\/orgaos-suplementares\/biblioteca\/wp-json\/wp\/v2\/pages"}],"about":[{"href":"https:\/\/www.ufsm.br\/orgaos-suplementares\/biblioteca\/wp-json\/wp\/v2\/types\/page"}],"author":[{"embeddable":true,"href":"https:\/\/www.ufsm.br\/orgaos-suplementares\/biblioteca\/wp-json\/wp\/v2\/users\/115"}],"replies":[{"embeddable":true,"href":"https:\/\/www.ufsm.br\/orgaos-suplementares\/biblioteca\/wp-json\/wp\/v2\/comments?post=333"}],"version-history":[{"count":0,"href":"https:\/\/www.ufsm.br\/orgaos-suplementares\/biblioteca\/wp-json\/wp\/v2\/pages\/333\/revisions"}],"wp:attachment":[{"href":"https:\/\/www.ufsm.br\/orgaos-suplementares\/biblioteca\/wp-json\/wp\/v2\/media?parent=333"}],"wp:term":[{"taxonomy":"category","embeddable":true,"href":"https:\/\/www.ufsm.br\/orgaos-suplementares\/biblioteca\/wp-json\/wp\/v2\/categories?post=333"},{"taxonomy":"post_tag","embeddable":true,"href":"https:\/\/www.ufsm.br\/orgaos-suplementares\/biblioteca\/wp-json\/wp\/v2\/tags?post=333"}],"curies":[{"name":"wp","href":"https:\/\/api.w.org\/{rel}","templated":true}]}}