{"id":360,"date":"2018-12-27T09:13:06","date_gmt":"2018-12-27T11:13:06","guid":{"rendered":"https:\/\/www.ufsm.br\/orgaos-suplementares\/biblioteca\/?page_id=360"},"modified":"2022-11-09T14:14:54","modified_gmt":"2022-11-09T17:14:54","slug":"sobre-bsccne","status":"publish","type":"page","link":"https:\/\/www.ufsm.br\/orgaos-suplementares\/biblioteca\/sobre-bsccne","title":{"rendered":"Sobre BSCCNE"},"content":{"rendered":"\n<p style=\"font-weight: 400\">A\u00a0<strong>Biblioteca Setorial do\u00a0Centro Ci\u00eancias Naturais e Exatas<\/strong>\u00a0iniciou suas atividades de implanta\u00e7\u00e3o, processamento t\u00e9cnico e organiza\u00e7\u00e3o do acervo em 5 de dezembro de 1994. Desde ent\u00e3o, atende \u00e0 comunidade acad\u00eamica com empr\u00e9stimo de livros e disponibiliza\u00e7\u00e3o de salas de estudos. Em 2012, tiveram in\u00edcio as obras de amplia\u00e7\u00e3o da biblioteca.\u00a0O acervo \u00e9 distribu\u00eddo em dois amplos ambientes com mais de 15.000 itens relacionados aos cursos de Meteorologia, Geografia, Matem\u00e1tica, F\u00edsica, Qu\u00edmica, Biologia, Estat\u00edstica e \u00e1reas afins, dispon\u00edveis para empr\u00e9stimos.<\/p>\n<p style=\"font-weight: 400\">S\u00e3o disponibilizados aos usu\u00e1rios um sal\u00e3o de estudos no pavimento superior, salas de estudos em grupo, com capacidade de at\u00e9 5 pessoas, computadores com acesso \u00e0 internet, \u00e1rea de estudos no pavimento t\u00e9rreo e cabines de estudos individuais distribu\u00eddos em ambos pavimentos. Aos usu\u00e1rios que possuem alguma necessidade especial com rela\u00e7\u00e3o a sua mobilidade, e que n\u00e3o podem acessar o pavimento superior, atrav\u00e9s das escadas, \u00e9 oferecido um espa\u00e7o de estudos no andar t\u00e9rreo.<\/p>\n<p style=\"font-weight: 400\">A biblioteca Setorial do CCNE tem capacidade de atendimento simult\u00e2neo para, aproximadamente,\u00a0210 pessoas distribu\u00eddas por seus diversos ambientes.<\/p>\n<p style=\"font-weight: 400\">Todos os seus espa\u00e7os s\u00e3o climatizados com um diferenciado jardim de inverno. A \u00e1rea de conviv\u00eancia disponibiliza duas redes de balan\u00e7o, sof\u00e1s e puffs que comp\u00f5em um ambiente agrad\u00e1vel de conv\u00edvio aos usu\u00e1rios.<\/p>\n<p style=\"font-weight: 400\">\u00a0<\/p>\n<p style=\"font-weight: 400\"><strong>EVENTOS NA BIBLIOTECA<\/strong><\/p>\n<p style=\"font-weight: 400\">A Biblioteca Setorial do CCNE desenvolve o projeto intitulado \u201cA biblioteca como espa\u00e7o de capacita\u00e7\u00e3o, cultura e debate\u201d oferecendo a Comunidade acad\u00eamica e ao p\u00fablico externo um espa\u00e7o de intera\u00e7\u00e3o atrav\u00e9s de: palestras, rodas de conversa, cine debate, exposi\u00e7\u00f5es, oficinas, capacita\u00e7\u00f5es, entre outros. As atividades ocorrem mensalmente abordando diversas tem\u00e1ticas.\u00a0 As programa\u00e7\u00f5es dos eventos s\u00e3o divulgadas no site e no Facebook da biblioteca (<a href=\"https:\/\/www.facebook.com\/bsccne\/\">https:\/\/www.facebook.com\/bsccne\/<\/a>)<\/p>\n<p style=\"font-weight: 400\">\u00a0<\/p>\n<p style=\"font-weight: 400\"><strong>FUNCIONAMENTO<\/strong><\/p>\n<p><em><strong>HOR\u00c1RIO DE FUNCIONAMENTO<\/strong><\/em>: De segunda-feira a sexta-feira: das <strong><em>08h \u00e0s 17h30.<\/em><\/strong><\/p>\n","protected":false},"excerpt":{"rendered":"<p>A\u00a0Biblioteca Setorial do\u00a0Centro Ci\u00eancias Naturais e Exatas\u00a0iniciou suas atividades de implanta\u00e7\u00e3o, processamento t\u00e9cnico e organiza\u00e7\u00e3o do acervo em 5 de dezembro de 1994. Desde ent\u00e3o, atende \u00e0 comunidade acad\u00eamica com empr\u00e9stimo de livros e disponibiliza\u00e7\u00e3o de salas de estudos. Em 2012, tiveram in\u00edcio as obras de amplia\u00e7\u00e3o da biblioteca.\u00a0O acervo \u00e9 distribu\u00eddo em dois amplos [&hellip;]<\/p>\n","protected":false},"author":115,"featured_media":0,"parent":0,"menu_order":0,"comment_status":"closed","ping_status":"closed","template":"","meta":{"footnotes":""},"categories":[],"tags":[],"class_list":["post-360","page","type-page","status-publish","hentry"],"acf":[],"_links":{"self":[{"href":"https:\/\/www.ufsm.br\/orgaos-suplementares\/biblioteca\/wp-json\/wp\/v2\/pages\/360","targetHints":{"allow":["GET"]}}],"collection":[{"href":"https:\/\/www.ufsm.br\/orgaos-suplementares\/biblioteca\/wp-json\/wp\/v2\/pages"}],"about":[{"href":"https:\/\/www.ufsm.br\/orgaos-suplementares\/biblioteca\/wp-json\/wp\/v2\/types\/page"}],"author":[{"embeddable":true,"href":"https:\/\/www.ufsm.br\/orgaos-suplementares\/biblioteca\/wp-json\/wp\/v2\/users\/115"}],"replies":[{"embeddable":true,"href":"https:\/\/www.ufsm.br\/orgaos-suplementares\/biblioteca\/wp-json\/wp\/v2\/comments?post=360"}],"version-history":[{"count":0,"href":"https:\/\/www.ufsm.br\/orgaos-suplementares\/biblioteca\/wp-json\/wp\/v2\/pages\/360\/revisions"}],"wp:attachment":[{"href":"https:\/\/www.ufsm.br\/orgaos-suplementares\/biblioteca\/wp-json\/wp\/v2\/media?parent=360"}],"wp:term":[{"taxonomy":"category","embeddable":true,"href":"https:\/\/www.ufsm.br\/orgaos-suplementares\/biblioteca\/wp-json\/wp\/v2\/categories?post=360"},{"taxonomy":"post_tag","embeddable":true,"href":"https:\/\/www.ufsm.br\/orgaos-suplementares\/biblioteca\/wp-json\/wp\/v2\/tags?post=360"}],"curies":[{"name":"wp","href":"https:\/\/api.w.org\/{rel}","templated":true}]}}