{"id":361,"date":"2018-12-27T09:15:22","date_gmt":"2018-12-27T11:15:22","guid":{"rendered":"https:\/\/www.ufsm.br\/orgaos-suplementares\/biblioteca\/?page_id=361"},"modified":"2021-12-01T10:44:20","modified_gmt":"2021-12-01T13:44:20","slug":"contato-bsccne","status":"publish","type":"page","link":"https:\/\/www.ufsm.br\/orgaos-suplementares\/biblioteca\/contato-bsccne","title":{"rendered":"Contato BSCCNE"},"content":{"rendered":"\t\t<div data-elementor-type=\"wp-post\" data-elementor-id=\"361\" class=\"elementor elementor-361\">\n\t\t\t\t\t\t<section class=\"elementor-section elementor-top-section elementor-element elementor-element-ece3d64 elementor-section-boxed elementor-section-height-default elementor-section-height-default\" data-id=\"ece3d64\" data-element_type=\"section\">\n\t\t\t\t\t\t<div class=\"elementor-container elementor-column-gap-default\">\n\t\t\t\t\t<div class=\"elementor-column elementor-col-100 elementor-top-column elementor-element elementor-element-313df75\" data-id=\"313df75\" data-element_type=\"column\">\n\t\t\t<div class=\"elementor-widget-wrap elementor-element-populated\">\n\t\t\t\t\t\t<div class=\"elementor-element elementor-element-e934106 elementor-widget elementor-widget-text-editor\" data-id=\"e934106\" data-element_type=\"widget\" data-widget_type=\"text-editor.default\">\n\t\t\t\t<div class=\"elementor-widget-container\">\n\t\t\t\t\t\t\t<p>Telefone:\u00a0(55) 3220\u20138734<\/p><p>Email:\u00a0<a href=\"mailto:bibliotecaccne@gmail.com\">biblioteca.ccne@ufsm.br<\/a><\/p><p>Facebook: <a href=\"https:\/\/www.facebook.com\/bsccne\/\">https:\/\/www.facebook.com\/bsccne\/<\/a><\/p><p><span style=\"font-family: arial, sans-serif;font-size: small\">D\u00favidas sobre devolu\u00e7\u00f5es, empr\u00e9stimos, multas, entre outras, podem ser encaminhadas ao e-mail: <a href=\"mailto:biblioteca.ccne@ufsm.br\">biblioteca.ccne@ufsm.br<\/a><\/span><\/p>\t\t\t\t\t\t<\/div>\n\t\t\t\t<\/div>\n\t\t\t\t\t<\/div>\n\t\t<\/div>\n\t\t\t\t\t<\/div>\n\t\t<\/section>\n\t\t\t\t<\/div>\n\t\t","protected":false},"excerpt":{"rendered":"<p>Telefone:\u00a0(55) 3220\u20138734 Email:\u00a0biblioteca.ccne@ufsm.br Facebook: https:\/\/www.facebook.com\/bsccne\/ D\u00favidas sobre devolu\u00e7\u00f5es, empr\u00e9stimos, multas, entre outras, podem ser encaminhadas ao e-mail: biblioteca.ccne@ufsm.br<\/p>\n","protected":false},"author":115,"featured_media":0,"parent":0,"menu_order":0,"comment_status":"closed","ping_status":"closed","template":"","meta":{"footnotes":""},"categories":[],"tags":[],"class_list":["post-361","page","type-page","status-publish","hentry"],"acf":[],"_links":{"self":[{"href":"https:\/\/www.ufsm.br\/orgaos-suplementares\/biblioteca\/wp-json\/wp\/v2\/pages\/361","targetHints":{"allow":["GET"]}}],"collection":[{"href":"https:\/\/www.ufsm.br\/orgaos-suplementares\/biblioteca\/wp-json\/wp\/v2\/pages"}],"about":[{"href":"https:\/\/www.ufsm.br\/orgaos-suplementares\/biblioteca\/wp-json\/wp\/v2\/types\/page"}],"author":[{"embeddable":true,"href":"https:\/\/www.ufsm.br\/orgaos-suplementares\/biblioteca\/wp-json\/wp\/v2\/users\/115"}],"replies":[{"embeddable":true,"href":"https:\/\/www.ufsm.br\/orgaos-suplementares\/biblioteca\/wp-json\/wp\/v2\/comments?post=361"}],"version-history":[{"count":0,"href":"https:\/\/www.ufsm.br\/orgaos-suplementares\/biblioteca\/wp-json\/wp\/v2\/pages\/361\/revisions"}],"wp:attachment":[{"href":"https:\/\/www.ufsm.br\/orgaos-suplementares\/biblioteca\/wp-json\/wp\/v2\/media?parent=361"}],"wp:term":[{"taxonomy":"category","embeddable":true,"href":"https:\/\/www.ufsm.br\/orgaos-suplementares\/biblioteca\/wp-json\/wp\/v2\/categories?post=361"},{"taxonomy":"post_tag","embeddable":true,"href":"https:\/\/www.ufsm.br\/orgaos-suplementares\/biblioteca\/wp-json\/wp\/v2\/tags?post=361"}],"curies":[{"name":"wp","href":"https:\/\/api.w.org\/{rel}","templated":true}]}}