{"id":364,"date":"2018-12-27T09:25:02","date_gmt":"2018-12-27T11:25:02","guid":{"rendered":"https:\/\/www.ufsm.br\/orgaos-suplementares\/biblioteca\/?page_id=364"},"modified":"2025-01-24T09:00:32","modified_gmt":"2025-01-24T12:00:32","slug":"sobre-bscp","status":"publish","type":"page","link":"https:\/\/www.ufsm.br\/orgaos-suplementares\/biblioteca\/sobre-bscp","title":{"rendered":"Sobre a Biblioteca do Col\u00e9gio Polit\u00e9cnico"},"content":{"rendered":"\n<p>A Biblioteca do Col\u00e9gio Polit\u00e9cnico da UFSM (BSCP) \u00e9 um setor de apoio \u00e0s atividades de ensino-aprendizagem, t\u00e9cnico-cient\u00edficas e culturais. Atualmente a biblioteca possui um acervo com mais de seis mil livros, com especializa\u00e7\u00e3o nas \u00e1reas dos cursos ofertados pelo Col\u00e9gio Polit\u00e9cnico. <\/p>\n\n\n\n<p>A biblioteca setorial conhecida carinhosamente por nossos usu\u00e1rios como &#8220;Biblioteca do Poli&#8221; busca como objetivo geral facilitar o acesso ao usu\u00e1rio \u00e0s fontes de informa\u00e7\u00e3o que representam a base do ensino-aprendizagem, da pesquisa e extens\u00e3o.<\/p>\n\n\n\n<p>Funcionamos de segunda a sexta-feira, atendendo ao p\u00fablico em geral. Contudo para empr\u00e9stimo domiciliar \u00e9 necess\u00e1rio que o usu\u00e1rio tenha v\u00ednculo tanto com o Col\u00e9gio Polit\u00e9cnico quanto com a Universidade Federal de Santa Maria.<\/p>\n\n\n\n<p>O local possui computadores para pesquisas acad\u00eamico-escolar e salas para estudo climatizadas e com acesso \u00e0 internet wifi. Para maior comodidade dos usu\u00e1rios, a biblioteca conta com guarda-volumes para a acomoda\u00e7\u00e3o de pertences pessoais.<\/p>\n\n\n\n<p>Atualmente a nossa equipe \u00e9 composta pelo bibliotec\u00e1rio e dois bolsistas.<\/p>\n","protected":false},"excerpt":{"rendered":"<p>A Biblioteca do Col\u00e9gio Polit\u00e9cnico da UFSM (BSCP) \u00e9 um setor de apoio \u00e0s atividades de ensino-aprendizagem, t\u00e9cnico-cient\u00edficas e culturais. Atualmente a biblioteca possui um acervo com mais de seis mil livros, com especializa\u00e7\u00e3o nas \u00e1reas dos cursos ofertados pelo Col\u00e9gio Polit\u00e9cnico. A biblioteca setorial conhecida carinhosamente por nossos usu\u00e1rios como &#8220;Biblioteca do Poli&#8221; busca [&hellip;]<\/p>\n","protected":false},"author":115,"featured_media":0,"parent":0,"menu_order":0,"comment_status":"closed","ping_status":"closed","template":"","meta":{"footnotes":""},"categories":[],"tags":[],"class_list":["post-364","page","type-page","status-publish","hentry"],"acf":[],"_links":{"self":[{"href":"https:\/\/www.ufsm.br\/orgaos-suplementares\/biblioteca\/wp-json\/wp\/v2\/pages\/364","targetHints":{"allow":["GET"]}}],"collection":[{"href":"https:\/\/www.ufsm.br\/orgaos-suplementares\/biblioteca\/wp-json\/wp\/v2\/pages"}],"about":[{"href":"https:\/\/www.ufsm.br\/orgaos-suplementares\/biblioteca\/wp-json\/wp\/v2\/types\/page"}],"author":[{"embeddable":true,"href":"https:\/\/www.ufsm.br\/orgaos-suplementares\/biblioteca\/wp-json\/wp\/v2\/users\/115"}],"replies":[{"embeddable":true,"href":"https:\/\/www.ufsm.br\/orgaos-suplementares\/biblioteca\/wp-json\/wp\/v2\/comments?post=364"}],"version-history":[{"count":0,"href":"https:\/\/www.ufsm.br\/orgaos-suplementares\/biblioteca\/wp-json\/wp\/v2\/pages\/364\/revisions"}],"wp:attachment":[{"href":"https:\/\/www.ufsm.br\/orgaos-suplementares\/biblioteca\/wp-json\/wp\/v2\/media?parent=364"}],"wp:term":[{"taxonomy":"category","embeddable":true,"href":"https:\/\/www.ufsm.br\/orgaos-suplementares\/biblioteca\/wp-json\/wp\/v2\/categories?post=364"},{"taxonomy":"post_tag","embeddable":true,"href":"https:\/\/www.ufsm.br\/orgaos-suplementares\/biblioteca\/wp-json\/wp\/v2\/tags?post=364"}],"curies":[{"name":"wp","href":"https:\/\/api.w.org\/{rel}","templated":true}]}}