{"id":654,"date":"2019-01-07T09:55:46","date_gmt":"2019-01-07T11:55:46","guid":{"rendered":"https:\/\/www.ufsm.br\/orgaos-suplementares\/biblioteca\/?page_id=654"},"modified":"2024-08-16T20:08:06","modified_gmt":"2024-08-16T23:08:06","slug":"mdt","status":"publish","type":"page","link":"https:\/\/www.ufsm.br\/orgaos-suplementares\/biblioteca\/mdt","title":{"rendered":"Normas MDT"},"content":{"rendered":"\n<h4 style=\"text-align: center\"><a href=\"http:\/\/repositorio.ufsm.br\/handle\/1\/24203\">MANUAL DE DISSERTA\u00c7\u00d5ES E TESES DA UFSM: Estrutura e Apresenta\u00e7\u00e3o Documental para Trabalhos Acad\u00eamicos \u2013 2021<\/a><\/h4>\n<p>O Manual de Disserta\u00e7\u00f5es e Teses da UFSM tem como objetivo orientar e definir a forma de apresenta\u00e7\u00e3o de trabalhos cient\u00edficos da Universidade Federal de Santa Maria (UFSM), abrangendo os elementos gr\u00e1ficos de organiza\u00e7\u00e3o e reda\u00e7\u00e3o de disserta\u00e7\u00f5es e teses. Esse documento engloba tamb\u00e9m a orienta\u00e7\u00e3o de outros trabalhos acad\u00eamicos, tais como: trabalhos de conclus\u00e3o de curso de gradua\u00e7\u00e3o, de p\u00f3s-gradua\u00e7\u00e3o e de inicia\u00e7\u00e3o cient\u00edfica. A Comiss\u00e3o respons\u00e1vel pela edi\u00e7\u00e3o do Manual de Disserta\u00e7\u00f5es e Teses da UFSM preocupou-se em oferecer ao leitor um guia pr\u00e1tico e objetivo quanto \u00e0 forma de tratar os conte\u00fados e regras metodol\u00f3gicas, pautado tanto pelas necessidades cotidianas e eventuais do ato de produzir conhecimento e de sua orienta\u00e7\u00e3o.<\/p>\n<p><a href=\"https:\/\/repositorio.ufsm.br\/handle\/1\/24203\"><img fetchpriority=\"high\" decoding=\"async\" class=\"size-medium wp-image-2347 aligncenter\" src=\"https:\/\/www.ufsm.br\/app\/uploads\/sites\/362\/2022\/04\/Manual-de-Dissertacoes-e-Teses-da-UFSM_MDT-212x300.jpg\" alt=\"\" width=\"212\" height=\"300\" srcset=\"https:\/\/www.ufsm.br\/app\/uploads\/sites\/362\/2022\/04\/Manual-de-Dissertacoes-e-Teses-da-UFSM_MDT-212x300.jpg 212w, https:\/\/www.ufsm.br\/app\/uploads\/sites\/362\/2022\/04\/Manual-de-Dissertacoes-e-Teses-da-UFSM_MDT-724x1024.jpg 724w, https:\/\/www.ufsm.br\/app\/uploads\/sites\/362\/2022\/04\/Manual-de-Dissertacoes-e-Teses-da-UFSM_MDT-768x1086.jpg 768w, https:\/\/www.ufsm.br\/app\/uploads\/sites\/362\/2022\/04\/Manual-de-Dissertacoes-e-Teses-da-UFSM_MDT-1086x1536.jpg 1086w, https:\/\/www.ufsm.br\/app\/uploads\/sites\/362\/2022\/04\/Manual-de-Dissertacoes-e-Teses-da-UFSM_MDT.jpg 1191w\" sizes=\"(max-width: 212px) 100vw, 212px\" \/><\/a><\/p>\n<p style=\"text-align: center\">Fonte:\u00a0<a href=\"https:\/\/repositorio.ufsm.br\/handle\/1\/24203\">Manancial UFSM<\/a><\/p>\n<p><strong>At\u00e9 2022.1<\/strong>, \u00e9 poss\u00edvel utilizar as duas vers\u00f5es da MDT &#8211; <strong>2015 e 2021<\/strong>. <strong>A partir de 2022.2<\/strong>, os trabalhos dever\u00e3o <strong>obrigatoriamente<\/strong> estar de acordo com a <strong>MDT 2021<\/strong>.<\/p>\n<p><a href=\"http:\/\/repositorio.ufsm.br\/handle\/1\/24203\">Manual de Disserta\u00e7\u00f5es e Teses \u2013 2021<\/a><\/p>\n<p><a href=\"https:\/\/www.ufsm.br\/app\/uploads\/sites\/362\/2019\/01\/Manual_de_Dissertacoes_e_Teses-2015-3.pdf\">Manual de Disserta\u00e7\u00f5es e Teses \u2013 2015<\/a><\/p>\n<p><a href=\"https:\/\/www.ufsm.br\/orgaos-suplementares\/biblioteca\/wp-content\/uploads\/sites\/362\/2019\/05\/Checklist_recebimento_TDE_BC.doc\">Checklist para recebimento de CDs com teses\/disserta\u00e7\u00f5es\/especializa\u00e7\u00f5es<\/a><\/p>\n<p><a href=\"https:\/\/www.ufsm.br\/pro-reitorias\/prpgp\/normativas-prpgp-covid-19\/\">Orienta\u00e7\u00f5es PRPGP durante a Pandemia<\/a><\/p>\n<p>\u00a0<\/p>\n","protected":false},"excerpt":{"rendered":"<p>MANUAL DE DISSERTA\u00c7\u00d5ES E TESES DA UFSM: Estrutura e Apresenta\u00e7\u00e3o Documental para Trabalhos Acad\u00eamicos \u2013 2021 O Manual de Disserta\u00e7\u00f5es e Teses da UFSM tem como objetivo orientar e definir a forma de apresenta\u00e7\u00e3o de trabalhos cient\u00edficos da Universidade Federal de Santa Maria (UFSM), abrangendo os elementos gr\u00e1ficos de organiza\u00e7\u00e3o e reda\u00e7\u00e3o de disserta\u00e7\u00f5es e [&hellip;]<\/p>\n","protected":false},"author":115,"featured_media":0,"parent":0,"menu_order":0,"comment_status":"closed","ping_status":"closed","template":"","meta":{"footnotes":""},"categories":[],"tags":[],"class_list":["post-654","page","type-page","status-publish","hentry"],"acf":[],"_links":{"self":[{"href":"https:\/\/www.ufsm.br\/orgaos-suplementares\/biblioteca\/wp-json\/wp\/v2\/pages\/654","targetHints":{"allow":["GET"]}}],"collection":[{"href":"https:\/\/www.ufsm.br\/orgaos-suplementares\/biblioteca\/wp-json\/wp\/v2\/pages"}],"about":[{"href":"https:\/\/www.ufsm.br\/orgaos-suplementares\/biblioteca\/wp-json\/wp\/v2\/types\/page"}],"author":[{"embeddable":true,"href":"https:\/\/www.ufsm.br\/orgaos-suplementares\/biblioteca\/wp-json\/wp\/v2\/users\/115"}],"replies":[{"embeddable":true,"href":"https:\/\/www.ufsm.br\/orgaos-suplementares\/biblioteca\/wp-json\/wp\/v2\/comments?post=654"}],"version-history":[{"count":0,"href":"https:\/\/www.ufsm.br\/orgaos-suplementares\/biblioteca\/wp-json\/wp\/v2\/pages\/654\/revisions"}],"wp:attachment":[{"href":"https:\/\/www.ufsm.br\/orgaos-suplementares\/biblioteca\/wp-json\/wp\/v2\/media?parent=654"}],"wp:term":[{"taxonomy":"category","embeddable":true,"href":"https:\/\/www.ufsm.br\/orgaos-suplementares\/biblioteca\/wp-json\/wp\/v2\/categories?post=654"},{"taxonomy":"post_tag","embeddable":true,"href":"https:\/\/www.ufsm.br\/orgaos-suplementares\/biblioteca\/wp-json\/wp\/v2\/tags?post=654"}],"curies":[{"name":"wp","href":"https:\/\/api.w.org\/{rel}","templated":true}]}}