{"id":733,"date":"2019-02-19T08:11:31","date_gmt":"2019-02-19T11:11:31","guid":{"rendered":"https:\/\/www.ufsm.br\/orgaos-suplementares\/biblioteca\/?page_id=733"},"modified":"2023-06-19T18:49:12","modified_gmt":"2023-06-19T21:49:12","slug":"comutacao-bibliografica-comut","status":"publish","type":"page","link":"https:\/\/www.ufsm.br\/orgaos-suplementares\/biblioteca\/comutacao-bibliografica-comut","title":{"rendered":"Comuta\u00e7\u00e3o Bibliogr\u00e1fica \u2013 COMUT"},"content":{"rendered":"\t\t<div data-elementor-type=\"wp-page\" data-elementor-id=\"733\" class=\"elementor elementor-733\">\n\t\t\t\t\t\t<section class=\"elementor-section elementor-top-section elementor-element elementor-element-14f4f55 elementor-section-boxed elementor-section-height-default elementor-section-height-default\" data-id=\"14f4f55\" data-element_type=\"section\">\n\t\t\t\t\t\t<div class=\"elementor-container elementor-column-gap-default\">\n\t\t\t\t\t<div class=\"elementor-column elementor-col-100 elementor-top-column elementor-element elementor-element-3af5803b\" data-id=\"3af5803b\" data-element_type=\"column\">\n\t\t\t<div class=\"elementor-widget-wrap elementor-element-populated\">\n\t\t\t\t\t\t<div class=\"elementor-element elementor-element-1b5908e9 elementor-widget elementor-widget-text-editor\" data-id=\"1b5908e9\" data-element_type=\"widget\" data-widget_type=\"text-editor.default\">\n\t\t\t\t<div class=\"elementor-widget-container\">\n\t\t\t\t\t\t\t<!-- wp:tadv\/classic-paragraph -->\n<p><strong>COMUT <\/strong><\/p>\n<p>Servi\u00e7o por meio do qual se obt\u00eam c\u00f3pias dispon\u00edveis em outras institui\u00e7\u00f5es do pa\u00eds ou do exterior, integrantes do conv\u00eanio COMUT. O material deve ser solicitado apenas pelo e-mail <a href=\"mailto:comut@ufsm.br\"><strong>comut@ufsm.br<\/strong><\/a>. Mais informa\u00e7\u00f5es no ramal 8646.<\/p>\n<p>\u00a0<\/p>\n<p><strong>Qual material pode ser solicitado?<\/strong><\/p>\n<p>Atrav\u00e9s do COMUT podem ser solicitados cap\u00edtulos de livros, artigos de peri\u00f3dicos, teses e disserta\u00e7\u00f5es. Respeitando a<strong> <a href=\"https:\/\/www.planalto.gov.br\/ccivil_03\/leis\/l9610.htm\">Lei do Direito Autoral<\/a><\/strong>, livros na \u00edntegra <strong>N\u00c3O PODEM<\/strong> ser solicitados.<\/p>\n<p>\u00a0<\/p>\n<p><strong>Qual o valor?<\/strong><\/p>\n<p>A partir de junho de 2019, por defini\u00e7\u00e3o do IBICT, todas as solicita\u00e7\u00f5es s\u00e3o atendidas atrav\u00e9s da modalidade \u201cBUSCA MONITORADA\u201d. Mais informa\u00e7\u00f5es:\u00a0<span style=\"color: #172938;font-family: Raleway, sans-serif\"><a href=\"http:\/\/www.ibict.br\/informacao-para-a-pesquisa\/comut\" target=\"_blank\" rel=\"noopener noreferrer\" data-saferedirecturl=\"https:\/\/www.google.com\/url?q=http:\/\/www.ibict.br\/informacao-para-a-pesquisa\/comut&amp;source=gmail&amp;ust=1560520436629000&amp;usg=AFQjCNEgTzHSxgluL9WO7Uqu-nKYUxb8Hg\">http:\/\/www.ibict.br\/informacao-para-a-pesquisa\/comut<\/a><\/span><\/p>\n<p>Cada conjunto de 5 p\u00e1ginas corresponde ao valor de R$ 2,20 e todos os valores s\u00e3o pagos com a emiss\u00e3o de Guia de Recolhimento da Uni\u00e3o (GRU).<\/p>\n<p>As c\u00f3pias s\u00e3o consideradas em bloco de 5 p\u00e1ginas, assim, se por exemplo determinado artigo possuir 6 p\u00e1ginas, s\u00e3o cobrados R$ 4,40 (2 x 2,20), 11 p\u00e1ginas, R$ 6,60 (3x 2,20) e assim por diante. Confira a <a href=\"https:\/\/www.ufsm.br\/orgaos-suplementares\/biblioteca\/wp-content\/uploads\/sites\/362\/2019\/06\/TABELA-COMUT.doc\"><strong>tabela de pre\u00e7os<\/strong><\/a>.<\/p>\n<p>\u00a0<\/p>\n<!-- \/wp:tadv\/classic-paragraph -->\t\t\t\t\t\t<\/div>\n\t\t\t\t<\/div>\n\t\t\t\t\t<\/div>\n\t\t<\/div>\n\t\t\t\t\t<\/div>\n\t\t<\/section>\n\t\t\t\t<\/div>\n\t\t","protected":false},"excerpt":{"rendered":"<p>COMUT Servi\u00e7o por meio do qual se obt\u00eam c\u00f3pias dispon\u00edveis em outras institui\u00e7\u00f5es do pa\u00eds ou do exterior, integrantes do conv\u00eanio COMUT. O material deve ser solicitado apenas pelo e-mail comut@ufsm.br. Mais informa\u00e7\u00f5es no ramal 8646. \u00a0 Qual material pode ser solicitado? Atrav\u00e9s do COMUT podem ser solicitados cap\u00edtulos de livros, artigos de peri\u00f3dicos, teses [&hellip;]<\/p>\n","protected":false},"author":115,"featured_media":0,"parent":0,"menu_order":0,"comment_status":"closed","ping_status":"closed","template":"","meta":{"footnotes":""},"categories":[],"tags":[],"class_list":["post-733","page","type-page","status-publish","hentry"],"acf":[],"_links":{"self":[{"href":"https:\/\/www.ufsm.br\/orgaos-suplementares\/biblioteca\/wp-json\/wp\/v2\/pages\/733","targetHints":{"allow":["GET"]}}],"collection":[{"href":"https:\/\/www.ufsm.br\/orgaos-suplementares\/biblioteca\/wp-json\/wp\/v2\/pages"}],"about":[{"href":"https:\/\/www.ufsm.br\/orgaos-suplementares\/biblioteca\/wp-json\/wp\/v2\/types\/page"}],"author":[{"embeddable":true,"href":"https:\/\/www.ufsm.br\/orgaos-suplementares\/biblioteca\/wp-json\/wp\/v2\/users\/115"}],"replies":[{"embeddable":true,"href":"https:\/\/www.ufsm.br\/orgaos-suplementares\/biblioteca\/wp-json\/wp\/v2\/comments?post=733"}],"version-history":[{"count":0,"href":"https:\/\/www.ufsm.br\/orgaos-suplementares\/biblioteca\/wp-json\/wp\/v2\/pages\/733\/revisions"}],"wp:attachment":[{"href":"https:\/\/www.ufsm.br\/orgaos-suplementares\/biblioteca\/wp-json\/wp\/v2\/media?parent=733"}],"wp:term":[{"taxonomy":"category","embeddable":true,"href":"https:\/\/www.ufsm.br\/orgaos-suplementares\/biblioteca\/wp-json\/wp\/v2\/categories?post=733"},{"taxonomy":"post_tag","embeddable":true,"href":"https:\/\/www.ufsm.br\/orgaos-suplementares\/biblioteca\/wp-json\/wp\/v2\/tags?post=733"}],"curies":[{"name":"wp","href":"https:\/\/api.w.org\/{rel}","templated":true}]}}