{"id":741,"date":"2019-03-19T17:31:35","date_gmt":"2019-03-19T20:31:35","guid":{"rendered":"https:\/\/www.ufsm.br\/orgaos-suplementares\/biblioteca\/?page_id=741"},"modified":"2023-01-24T11:41:42","modified_gmt":"2023-01-24T14:41:42","slug":"divisao-de-emprestimo","status":"publish","type":"page","link":"https:\/\/www.ufsm.br\/orgaos-suplementares\/biblioteca\/divisao-de-emprestimo","title":{"rendered":"Empr\u00e9stimo"},"content":{"rendered":"\n<p>O Regulamento de Empr\u00e9stimo \u00e9 adotado por todas as bibliotecas do SiB-UFSM.<\/p>\n<p><br \/><strong>Orienta\u00e7\u00f5es Gerais<\/strong><\/p>\n<p>\u2013 Para habilitar seu empr\u00e9stimo domiciliar o usu\u00e1rio dever\u00e1 ter v\u00ednculo com a UFSM. No caso dos alunos, devem estar matriculados no semestre vigente. Quanto aos servidores, podem ser ativos ou inativos.<\/p>\n<p>\u2013 Possuindo v\u00ednculo, o usu\u00e1rio deve providenciar a Carteira da Biblioteca, que d\u00e1 acesso \u00e0s bibliotecas e ao Restaurante Universit\u00e1rio (RU). Tamb\u00e9m deve possuir a senha de acesso ao Portal respectivo, que ser\u00e1 a mesma utilizada nas bibliotecas.<\/p>\n<p>\u2013 O limite m\u00e1ximo de empr\u00e9stimo \u00e9 de quinze (15) materiais bibliogr\u00e1ficos por usu\u00e1rio em todo o sistema, sendo permitida a retirada de cinco (5) tipos de cada material, por biblioteca.<\/p>\n<p>\u2013 O limite m\u00e1ximo do prazo de empr\u00e9stimo \u00e9 de sete dias para todos os usu\u00e1rios.<\/p>\n<p>\u2013 O material de Faixa Azul est\u00e1 dispon\u00edvel para empr\u00e9stimo de segunda-feira a sexta-feira a partir das 18h e aos s\u00e1bados a partir das 10h30min, com devolu\u00e7\u00e3o \u00e0s 9h30min do dia \u00fatil seguinte. No caso de atraso, a taxa \u00e9 cobrada por hora.<\/p>\n<p>\u2013 O material de Tarja Verde (vestibular) pode ser retirado um t\u00edtulo por vez.<\/p>\n<p>\u2013 Material em atraso no sistema impede a renova\u00e7\u00e3o e a retirada em qualquer biblioteca.<\/p>\n<p>\u2013 As obras de refer\u00eancia (dicion\u00e1rios, enciclop\u00e9dias, entre outras) s\u00f3 podem ser consultadas no local, exceto nos dias de provas de sufici\u00eancia em l\u00ednguas, quando s\u00e3o liberadas 30 minutos antes da prova, mediante reten\u00e7\u00e3o da carteira da Biblioteca, e dever\u00e3o ser devolvidas no mesmo dia, ap\u00f3s a realiza\u00e7\u00e3o da prova.<\/p>\n<p>&#8211; Consulta local : o servi\u00e7o de consulta local \u00e9 aquele em que os usu\u00e1rios consultam ou realizam leitura de qualquer obra do acervo nas depend\u00eancias da Biblioteca. Esse servi\u00e7o \u00e9 disponibilizado para qualquer pessoa que deseja consultar ou pesquisar no acervo da biblioteca, com ou sem v\u00ednculo ativo na UFSM.<\/p>\n<p><br \/><strong>Crit\u00e9rios gerais para an\u00e1lise de material bibliogr\u00e1fico a ser incorporado ao acervo quitando taxas de atraso<\/strong>:<\/p>\n<p>\u2013 Livros t\u00e9cnico-cient\u00edficos de ensino superior com data igual ou superior a 2011 (com exce\u00e7\u00e3o das \u00e1reas de filosofia, hist\u00f3ria, literatura);<br \/>\u2013 Livros de literatura;<br \/>\u2013 Livros em perfeitas condi\u00e7\u00f5es f\u00edsicas;<br \/>\u2013 T\u00edtulos j\u00e1 existentes ser\u00e3o aceitos somente aqueles com edi\u00e7\u00e3o igual ou superior as que se encontram dispon\u00edveis no acervo, e que apresentem empr\u00e9stimo ou reserva significativa. O n\u00famero de empr\u00e9stimos do material existente pode ser verificado no aplicativo do SIE &#8211; Empr\u00e9stimo: 13.04.03 Hist\u00f3rico dos Itens;<br \/>\u2013 Livros destinados ao uso do ensino m\u00e9dio e ensino fundamental n\u00e3o ser\u00e3o aceitos, devido a problemas de espa\u00e7o f\u00edsico;. <br \/>\u2013 O valor de cada volume f\u00edsico corresponde a 24 unidades de multa (atualmente R$ 30,00). Valor unidade de multa: R$ 1,25.<\/p>\n<p><br \/>Observa\u00e7\u00e3o: Materiais riscados ou sublinhados n\u00e3o ser\u00e3o analisados.<\/p>\n<p>Respeitando-se os crit\u00e9rios acima descritos, a sele\u00e7\u00e3o se dar\u00e1 de acordo com o assunto de interesse para a cole\u00e7\u00e3o da Biblioteca.<\/p>\n<p><strong>Livros para avalia\u00e7\u00e3o no N\u00facleo de Empr\u00e9stimo<\/strong><\/p>\n<p>Os livros deixados para avalia\u00e7\u00e3o em substitui\u00e7\u00e3o \u00e0 taxa de atraso no N\u00facleo de Empr\u00e9stimo da Biblioteca Central e que n\u00e3o forem aceitos, permanecer\u00e3o no setor, \u00e0 disposi\u00e7\u00e3o do usu\u00e1rio, por um per\u00edodo de 30 dias a partir da data em que esse material foi deixado para avalia\u00e7\u00e3o. Ap\u00f3s este prazo, o material ser\u00e1 dispensado.<\/p>\n<p><strong>Empr\u00e9stimo domiciliar para Alunos Especiais<\/strong><\/p>\n<p>Os alunos especiais n\u00e3o est\u00e3o habilitados a realizar o empr\u00e9stimo domiciliar nas Bibliotecas da UFSM, conforme Regulamento de Empr\u00e9stimo de Material Bibliogr\u00e1fico, que diz que &#8220;o empr\u00e9stimo domiciliar s\u00f3 poder\u00e1 ser efetuado por membros do corpo discente regularmente matriculados em curso na Institui\u00e7\u00e3o&#8221;. Ocorre que a matr\u00edcula dos alunos especiais \u00e9 vinculada \u00e0 disciplina e n\u00e3o ao curso.<\/p>\n<p><strong>Guia de Recolhimento da Uni\u00e3o (GRU)<\/strong><\/p>\n<p><a href=\"https:\/\/www.ufsm.br\/orgaos-suplementares\/biblioteca\/guia-de-recolhimento-da-uniao\/\">Emita sua GRU<\/a> em qualquer outro lugar de sua prefer\u00eancia e venha para a Biblioteca com a guia paga e o comprovante de pagamento. Dessa forma, ter\u00e1 autonomia para emiti-la em qualquer momento e estar\u00e1 cooperando com o fluxo dos servi\u00e7os do setor.<\/p>\n","protected":false},"excerpt":{"rendered":"<p>O Regulamento de Empr\u00e9stimo \u00e9 adotado por todas as bibliotecas do SiB-UFSM. Orienta\u00e7\u00f5es Gerais \u2013 Para habilitar seu empr\u00e9stimo domiciliar o usu\u00e1rio dever\u00e1 ter v\u00ednculo com a UFSM. No caso dos alunos, devem estar matriculados no semestre vigente. Quanto aos servidores, podem ser ativos ou inativos. \u2013 Possuindo v\u00ednculo, o usu\u00e1rio deve providenciar a Carteira [&hellip;]<\/p>\n","protected":false},"author":194,"featured_media":0,"parent":0,"menu_order":0,"comment_status":"closed","ping_status":"closed","template":"","meta":{"footnotes":""},"categories":[],"tags":[],"class_list":["post-741","page","type-page","status-publish","hentry"],"acf":[],"_links":{"self":[{"href":"https:\/\/www.ufsm.br\/orgaos-suplementares\/biblioteca\/wp-json\/wp\/v2\/pages\/741","targetHints":{"allow":["GET"]}}],"collection":[{"href":"https:\/\/www.ufsm.br\/orgaos-suplementares\/biblioteca\/wp-json\/wp\/v2\/pages"}],"about":[{"href":"https:\/\/www.ufsm.br\/orgaos-suplementares\/biblioteca\/wp-json\/wp\/v2\/types\/page"}],"author":[{"embeddable":true,"href":"https:\/\/www.ufsm.br\/orgaos-suplementares\/biblioteca\/wp-json\/wp\/v2\/users\/194"}],"replies":[{"embeddable":true,"href":"https:\/\/www.ufsm.br\/orgaos-suplementares\/biblioteca\/wp-json\/wp\/v2\/comments?post=741"}],"version-history":[{"count":0,"href":"https:\/\/www.ufsm.br\/orgaos-suplementares\/biblioteca\/wp-json\/wp\/v2\/pages\/741\/revisions"}],"wp:attachment":[{"href":"https:\/\/www.ufsm.br\/orgaos-suplementares\/biblioteca\/wp-json\/wp\/v2\/media?parent=741"}],"wp:term":[{"taxonomy":"category","embeddable":true,"href":"https:\/\/www.ufsm.br\/orgaos-suplementares\/biblioteca\/wp-json\/wp\/v2\/categories?post=741"},{"taxonomy":"post_tag","embeddable":true,"href":"https:\/\/www.ufsm.br\/orgaos-suplementares\/biblioteca\/wp-json\/wp\/v2\/tags?post=741"}],"curies":[{"name":"wp","href":"https:\/\/api.w.org\/{rel}","templated":true}]}}