{"id":748,"date":"2019-03-19T17:52:31","date_gmt":"2019-03-19T20:52:31","guid":{"rendered":"https:\/\/www.ufsm.br\/orgaos-suplementares\/biblioteca\/?page_id=748"},"modified":"2021-05-24T18:25:10","modified_gmt":"2021-05-24T21:25:10","slug":"setor-de-referencia-2","status":"publish","type":"page","link":"https:\/\/www.ufsm.br\/orgaos-suplementares\/biblioteca\/setor-de-referencia-2","title":{"rendered":"Setor de Refer\u00eancia"},"content":{"rendered":"\n<p><strong>Servi\u00e7os e atividades<\/strong><\/p>\n<p><strong>Capacita\u00e7\u00e3o de usu\u00e1rio<\/strong>:<\/p>\n<p>Capacita\u00e7\u00e3o no uso do Portal de Peri\u00f3dicos da Capes<\/p>\n<p>Capacita\u00e7\u00e3o no uso do Portal da Sa\u00fade Baseada em Evid\u00eancias<\/p>\n<p>Capacita\u00e7\u00e3o no uso da MDT (Monografias, Disserta\u00e7\u00f5es e Teses)<\/p>\n<p>Orienta\u00e7\u00e3o ao usu\u00e1rio:<\/p>\n<p>Orienta\u00e7\u00e3o na busca de materiais no espa\u00e7o f\u00edsico da biblioteca<\/p>\n<p>Aux\u00edlio na busca de materiais em bases de dados (e-books)<\/p>\n<p><br \/><strong>Atendimento no balc\u00e3o<\/strong>:<\/p>\n<p>Informa\u00e7\u00f5es\/orienta\u00e7\u00f5es aos usu\u00e1rios<\/p>\n<p>Orienta\u00e7\u00e3o e acolhimento dos usu\u00e1rios que est\u00e3o chegando \u00e0 Biblioteca<\/p>\n<p>Recep\u00e7\u00e3o das avalia\u00e7\u00f5es dos cursos pelo MEC<\/p>\n<p>Visita Orientada \u00e0 Biblioteca<\/p>\n<p>Atendimento telef\u00f4nico<\/p>\n<p>Atendimento ao usu\u00e1rio<\/p>\n<p>Entrega de certificados<\/p>\n<p>Empr\u00e9stimo de materiais do acervo de refer\u00eancia e mapas<\/p>\n<p>Solicita\u00e7\u00e3o de prioridade de processamento de obras \u00e0 Divis\u00e3o de Processos T\u00e9cnicos<\/p>\n<p><strong>Guarda de materiais<\/strong>:<\/p>\n<p>Armazenamento dos materiais bibliogr\u00e1ficos em seus locais correspondentes sendo estantes, fich\u00e1rios e mapotecas.<\/p>\n<p><strong>Controle de uso dos computadores de acesso livre<\/strong>:<\/p>\n<p>Controle das fichas de registro de uso elabora\u00e7\u00e3o de relat\u00f3rios<\/p>\n<p>Manuten\u00e7\u00e3o dos computadores<\/p>\n<p>Estat\u00edstica de uso<\/p>\n<p><strong>Organiza\u00e7\u00e3o do acervo<\/strong>:<\/p>\n<p>Leitura de estantes<\/p>\n<p>Observa\u00e7\u00e3o de estantes<\/p>\n<p>Manuten\u00e7\u00e3o do acervo<\/p>\n<p><br \/><strong>Dicas de Pesquisa no Cat\u00e1logo On-Line<\/strong><\/p>\n<p>\u2013 O sistema de pesquisa n\u00e3o faz distin\u00e7\u00e3o entre palavras mai\u00fasculas e min\u00fasculas.<\/p>\n<p>\u2013 \u00c9 poss\u00edvel a combina\u00e7\u00e3o de mais de um termo por meio de operadores AND, NOT e OR.<\/p>\n<p>\u2013 Na pesquisa por autor, pode ser digitado o nome completo ou somente o sobrenome.<\/p>\n<p>\u2013 Pesquisar por palavras mais significativas, pois quanto maior o n\u00famero de palavras, mais demorada ser\u00e1 a busca.<\/p>\n<p>\u2013 Os campos de pesquisa (autor, t\u00edtulo, assunto, livre e data de publica\u00e7\u00e3o) podem ser combinados entre si para se obter uma pesquisa mais espec\u00edfica.<\/p>\n<p>\u2013 Existe a possibilidade de utilizar o caractere coringa % (percentagem). O caractere % substitui um conjunto de caracteres da palavra, possibilitando uma busca mais abrangente. Por exemplo, pesquisando no campo Assunto por fisio%, teremos como resultado da pesquisa materiais com assuntos como fisioterapia, fisiologia, fisiopatologia, etc.<\/p>\n<p>\u2013 Al\u00e9m dos campos de pesquisa, o usu\u00e1rio poder\u00e1 selecionar o idioma da publica\u00e7\u00e3o, a biblioteca desejada e o tipo de material. Cada lista (idioma, biblioteca e material) permite sele\u00e7\u00e3o m\u00faltipla dos itens, pressionando a tecla ctrl em conjunto com um clique no bot\u00e3o esquerdo do mouse.<\/p>\n<p>\u2013 Na base de dados do acervo encontram-se todos os tipos de materiais de todas as bibliotecas da UFSM. Ao realizar uma pesquisa, atentar para a biblioteca em que o material pesquisado estar\u00e1 dispon\u00edvel.<\/p>\n<p>\u2013 Antes de localizar os livros nas estantes observar, no menu \u201cExemplares\u201d, a disponibilidade do material e qual sua localiza\u00e7\u00e3o, por exemplo, 869.0(81)-82 A8481d (onde, 869.0(81)-82 \u00e9 o n\u00famero de classifica\u00e7\u00e3o na CDU, sistema adotado para ordenamento das obras nas estantes, e A8481d \u00e9 a nota\u00e7\u00e3o de autor na Tabela Cutter mais a primeira letra significativa do t\u00edtulo).<\/p>\n<p>Qualquer d\u00favida, entre em contato pelo site da biblioteca ou ligue para a Divis\u00e3o de Refer\u00eancia no telefone 3220-8643.<\/p>\n","protected":false},"excerpt":{"rendered":"<p>Servi\u00e7os e atividades Capacita\u00e7\u00e3o de usu\u00e1rio: Capacita\u00e7\u00e3o no uso do Portal de Peri\u00f3dicos da Capes Capacita\u00e7\u00e3o no uso do Portal da Sa\u00fade Baseada em Evid\u00eancias Capacita\u00e7\u00e3o no uso da MDT (Monografias, Disserta\u00e7\u00f5es e Teses) Orienta\u00e7\u00e3o ao usu\u00e1rio: Orienta\u00e7\u00e3o na busca de materiais no espa\u00e7o f\u00edsico da biblioteca Aux\u00edlio na busca de materiais em bases de [&hellip;]<\/p>\n","protected":false},"author":194,"featured_media":0,"parent":0,"menu_order":0,"comment_status":"closed","ping_status":"closed","template":"","meta":{"footnotes":""},"categories":[],"tags":[],"class_list":["post-748","page","type-page","status-publish","hentry"],"acf":[],"_links":{"self":[{"href":"https:\/\/www.ufsm.br\/orgaos-suplementares\/biblioteca\/wp-json\/wp\/v2\/pages\/748","targetHints":{"allow":["GET"]}}],"collection":[{"href":"https:\/\/www.ufsm.br\/orgaos-suplementares\/biblioteca\/wp-json\/wp\/v2\/pages"}],"about":[{"href":"https:\/\/www.ufsm.br\/orgaos-suplementares\/biblioteca\/wp-json\/wp\/v2\/types\/page"}],"author":[{"embeddable":true,"href":"https:\/\/www.ufsm.br\/orgaos-suplementares\/biblioteca\/wp-json\/wp\/v2\/users\/194"}],"replies":[{"embeddable":true,"href":"https:\/\/www.ufsm.br\/orgaos-suplementares\/biblioteca\/wp-json\/wp\/v2\/comments?post=748"}],"version-history":[{"count":0,"href":"https:\/\/www.ufsm.br\/orgaos-suplementares\/biblioteca\/wp-json\/wp\/v2\/pages\/748\/revisions"}],"wp:attachment":[{"href":"https:\/\/www.ufsm.br\/orgaos-suplementares\/biblioteca\/wp-json\/wp\/v2\/media?parent=748"}],"wp:term":[{"taxonomy":"category","embeddable":true,"href":"https:\/\/www.ufsm.br\/orgaos-suplementares\/biblioteca\/wp-json\/wp\/v2\/categories?post=748"},{"taxonomy":"post_tag","embeddable":true,"href":"https:\/\/www.ufsm.br\/orgaos-suplementares\/biblioteca\/wp-json\/wp\/v2\/tags?post=748"}],"curies":[{"name":"wp","href":"https:\/\/api.w.org\/{rel}","templated":true}]}}