{"id":84,"date":"2018-04-12T09:37:07","date_gmt":"2018-04-12T12:37:07","guid":{"rendered":"https:\/\/www.ufsm.br\/bibliotecas\/?page_id=84"},"modified":"2026-03-16T16:56:42","modified_gmt":"2026-03-16T19:56:42","slug":"bscp","status":"publish","type":"page","link":"https:\/\/www.ufsm.br\/orgaos-suplementares\/biblioteca\/bscp","title":{"rendered":"Biblioteca Setorial do Col\u00e9gio Polit\u00e9cnico &#8211; BSCP"},"content":{"rendered":"\t\t<div data-elementor-type=\"wp-post\" data-elementor-id=\"84\" class=\"elementor elementor-84\">\n\t\t\t\t\t\t<section class=\"elementor-section elementor-top-section elementor-element elementor-element-2441d73 elementor-section-boxed elementor-section-height-default elementor-section-height-default\" data-id=\"2441d73\" data-element_type=\"section\">\n\t\t\t\t\t\t<div class=\"elementor-container elementor-column-gap-default\">\n\t\t\t\t\t<div class=\"elementor-column elementor-col-100 elementor-top-column elementor-element elementor-element-7442045\" data-id=\"7442045\" data-element_type=\"column\">\n\t\t\t<div class=\"elementor-widget-wrap elementor-element-populated\">\n\t\t\t\t\t\t<div class=\"elementor-element elementor-element-d757a39 elementor-widget__width-initial elementor-widget elementor-widget-image\" data-id=\"d757a39\" data-element_type=\"widget\" data-widget_type=\"image.default\">\n\t\t\t\t<div class=\"elementor-widget-container\">\n\t\t\t\t\t\t\t\t\t\t\t\t\t<img decoding=\"async\" width=\"300\" height=\"55\" src=\"https:\/\/www.ufsm.br\/app\/uploads\/sites\/362\/2023\/10\/Biblioteca-Politecnico-horizontal-300x55.png\" class=\"attachment-medium size-medium wp-image-3069\" alt=\"\" srcset=\"https:\/\/www.ufsm.br\/app\/uploads\/sites\/362\/2023\/10\/Biblioteca-Politecnico-horizontal-300x55.png 300w, https:\/\/www.ufsm.br\/app\/uploads\/sites\/362\/2023\/10\/Biblioteca-Politecnico-horizontal-1024x189.png 1024w, https:\/\/www.ufsm.br\/app\/uploads\/sites\/362\/2023\/10\/Biblioteca-Politecnico-horizontal-768x142.png 768w, https:\/\/www.ufsm.br\/app\/uploads\/sites\/362\/2023\/10\/Biblioteca-Politecnico-horizontal-1536x283.png 1536w, https:\/\/www.ufsm.br\/app\/uploads\/sites\/362\/2023\/10\/Biblioteca-Politecnico-horizontal-2048x378.png 2048w\" sizes=\"(max-width: 300px) 100vw, 300px\" \/>\t\t\t\t\t\t\t\t\t\t\t\t\t<\/div>\n\t\t\t\t<\/div>\n\t\t\t\t\t<\/div>\n\t\t<\/div>\n\t\t\t\t\t<\/div>\n\t\t<\/section>\n\t\t\t\t<section class=\"elementor-section elementor-top-section elementor-element elementor-element-d69884b elementor-section-boxed elementor-section-height-default elementor-section-height-default\" data-id=\"d69884b\" data-element_type=\"section\">\n\t\t\t\t\t\t<div class=\"elementor-container elementor-column-gap-default\">\n\t\t\t\t\t<div class=\"elementor-column elementor-col-100 elementor-top-column elementor-element elementor-element-d5d1c26\" data-id=\"d5d1c26\" data-element_type=\"column\">\n\t\t\t<div class=\"elementor-widget-wrap elementor-element-populated\">\n\t\t\t\t\t\t<div class=\"elementor-element elementor-element-4e3ec78 elementor-widget elementor-widget-heading\" data-id=\"4e3ec78\" data-element_type=\"widget\" data-widget_type=\"heading.default\">\n\t\t\t\t<div class=\"elementor-widget-container\">\n\t\t\t<h5 class=\"elementor-heading-title elementor-size-default\">Apresenta\u00e7\u00e3o <\/h5>\t\t<\/div>\n\t\t\t\t<\/div>\n\t\t\t\t<div class=\"elementor-element elementor-element-7467730 elementor-widget__width-initial elementor-widget elementor-widget-text-editor\" data-id=\"7467730\" data-element_type=\"widget\" data-widget_type=\"text-editor.default\">\n\t\t\t\t<div class=\"elementor-widget-container\">\n\t\t\t\t\t\t\t<p>A Biblioteca Setorial do Col\u00e9gio Polit\u00e9cnico da UFSM, apelidada carinhosamente por nossos usu\u00e1rios de Biblioteca do Poli, carrega em seu DNA os princ\u00edpios e valores do ensino, da pesquisa e da extens\u00e3o, presentes tanto na Universidade Federal de Santa Maria quanto no Col\u00e9gio Polit\u00e9cnico. Inaugurada em 12 de mar\u00e7o de 2015, o espa\u00e7o oferece um acervo diversificado, projetado para atender \u00e0s demandas educacionais, desde o suporte aos jovens do Ensino M\u00e9dio em sua prepara\u00e7\u00e3o para o vestibular at\u00e9 o acervo especializado para os alunos dos cursos t\u00e9cnicos, que precisam de materiais focados em suas grades curriculares e atividades pr\u00e1ticas de campo.<\/p>\n<p>Contamos com um acervo liter\u00e1rio amplo e constantemente atualizado, unindo o melhor da literatura cl\u00e1ssica com os livros em alta no momento, garantindo que os leitores tenham acesso a obras atemporais e \u00e0s principais tend\u00eancias do universo liter\u00e1rio.<\/p>\n<p>Al\u00e9m do apoio pedag\u00f3gico e acad\u00eamico, a biblioteca possui em seu acervo diversos t\u00edtulos voltados para o letramento racial, o combate ao preconceito contra grupos vulnerabilizados e a valoriza\u00e7\u00e3o da diversidade. S\u00e3o obras que destacam as viv\u00eancias e hist\u00f3rias de comunidades diversas, escritas, muitas vezes, por pessoas que vivenciaram essas realidades e t\u00eam muito a contribuir para a constru\u00e7\u00e3o de um mundo mais igualit\u00e1rio e justo. Dessa forma, a biblioteca reafirma seu compromisso como um espa\u00e7o acolhedor, que promove a inclus\u00e3o e a empatia por meio do conhecimento.<\/p>\n<p>Em 2023, em parceria com o setor de comunica\u00e7\u00e3o do col\u00e9gio, a logomarca da biblioteca foi atualizada, destacando que o conhecimento transcende as p\u00e1ginas dos livros, integrando m\u00faltiplas formas de aprendizado e inova\u00e7\u00e3o, onde as telas se complementam aos livros, ampliando as possibilidades de acesso e intera\u00e7\u00e3o com o saber.<\/p>\n<p>O acervo est\u00e1 em constante expans\u00e3o e concentra-se em \u00e1reas como Ci\u00eancias Agr\u00e1rias e do Meio Ambiente, Tecnologia da Informa\u00e7\u00e3o, Administra\u00e7\u00e3o, Tecnologia de Alimentos, Farm\u00e1cia e Literatura, al\u00e9m de materiais relevantes para as pesquisas e projetos de extens\u00e3o realizados no Col\u00e9gio.<\/p>\n<p style=\"text-align: left\">Atendedemos de segunda a sexta-feira nos seguintes hor\u00e1rios:<br><strong>Per\u00edodo letivo:<\/strong><br><span style=\"font-size: 16px\">08:00 \u00e0s 20:00<br><strong>F\u00e9rias acad\u00eamicas:<\/strong><br><span style=\"font-size: 16px\">Manh\u00e3\/tarde: <\/span>08:00 \u00e0s 14:00<br><\/span><\/p>\t\t\t\t\t\t<\/div>\n\t\t\t\t<\/div>\n\t\t\t\t<div class=\"elementor-element elementor-element-1fdf4b9 elementor-widget elementor-widget-image-gallery\" data-id=\"1fdf4b9\" data-element_type=\"widget\" data-widget_type=\"image-gallery.default\">\n\t\t\t\t<div class=\"elementor-widget-container\">\n\t\t\t\t\t<div class=\"elementor-image-gallery\">\n\t\t\t<div id='gallery-1' class='gallery galleryid-84 gallery-columns-4 gallery-size-medium_large'><figure class='gallery-item'>\n\t\t\t<div class='gallery-icon landscape'>\n\t\t\t\t<a data-elementor-open-lightbox=\"yes\" data-elementor-lightbox-slideshow=\"1fdf4b9\" data-elementor-lightbox-title=\"IMG_20170811_145159\" data-e-action-hash=\"#elementor-action%3Aaction%3Dlightbox%26settings%3DeyJpZCI6MTA1MywidXJsIjoiaHR0cHM6XC9cL3d3dy51ZnNtLmJyXC9hcHBcL3VwbG9hZHNcL3NpdGVzXC8zNjJcLzIwMTlcLzA2XC9JTUdfMjAxNzA4MTFfMTQ1MTU5LmpwZyIsInNsaWRlc2hvdyI6IjFmZGY0YjkifQ%3D%3D\" href='https:\/\/www.ufsm.br\/app\/uploads\/sites\/362\/2019\/06\/IMG_20170811_145159.jpg'><img fetchpriority=\"high\" decoding=\"async\" width=\"768\" height=\"432\" src=\"https:\/\/www.ufsm.br\/app\/uploads\/sites\/362\/2019\/06\/IMG_20170811_145159-768x432.jpg\" class=\"attachment-medium_large size-medium_large\" alt=\"\" srcset=\"https:\/\/www.ufsm.br\/app\/uploads\/sites\/362\/2019\/06\/IMG_20170811_145159-768x432.jpg 768w, https:\/\/www.ufsm.br\/app\/uploads\/sites\/362\/2019\/06\/IMG_20170811_145159-300x169.jpg 300w, https:\/\/www.ufsm.br\/app\/uploads\/sites\/362\/2019\/06\/IMG_20170811_145159-1024x576.jpg 1024w, https:\/\/www.ufsm.br\/app\/uploads\/sites\/362\/2019\/06\/IMG_20170811_145159.jpg 1920w\" sizes=\"(max-width: 768px) 100vw, 768px\" \/><\/a>\n\t\t\t<\/div><\/figure><figure class='gallery-item'>\n\t\t\t<div class='gallery-icon landscape'>\n\t\t\t\t<a data-elementor-open-lightbox=\"yes\" data-elementor-lightbox-slideshow=\"1fdf4b9\" data-elementor-lightbox-title=\"IMG_20170811_145222\" data-e-action-hash=\"#elementor-action%3Aaction%3Dlightbox%26settings%3DeyJpZCI6MTA1NCwidXJsIjoiaHR0cHM6XC9cL3d3dy51ZnNtLmJyXC9hcHBcL3VwbG9hZHNcL3NpdGVzXC8zNjJcLzIwMTlcLzA2XC9JTUdfMjAxNzA4MTFfMTQ1MjIyLmpwZyIsInNsaWRlc2hvdyI6IjFmZGY0YjkifQ%3D%3D\" href='https:\/\/www.ufsm.br\/app\/uploads\/sites\/362\/2019\/06\/IMG_20170811_145222.jpg'><img decoding=\"async\" width=\"768\" height=\"432\" src=\"https:\/\/www.ufsm.br\/app\/uploads\/sites\/362\/2019\/06\/IMG_20170811_145222-768x432.jpg\" class=\"attachment-medium_large size-medium_large\" alt=\"\" srcset=\"https:\/\/www.ufsm.br\/app\/uploads\/sites\/362\/2019\/06\/IMG_20170811_145222-768x432.jpg 768w, https:\/\/www.ufsm.br\/app\/uploads\/sites\/362\/2019\/06\/IMG_20170811_145222-300x169.jpg 300w, https:\/\/www.ufsm.br\/app\/uploads\/sites\/362\/2019\/06\/IMG_20170811_145222-1024x576.jpg 1024w, https:\/\/www.ufsm.br\/app\/uploads\/sites\/362\/2019\/06\/IMG_20170811_145222.jpg 1920w\" sizes=\"(max-width: 768px) 100vw, 768px\" \/><\/a>\n\t\t\t<\/div><\/figure><figure class='gallery-item'>\n\t\t\t<div class='gallery-icon landscape'>\n\t\t\t\t<a data-elementor-open-lightbox=\"yes\" data-elementor-lightbox-slideshow=\"1fdf4b9\" data-elementor-lightbox-title=\"IMG_20170811_145249\" data-e-action-hash=\"#elementor-action%3Aaction%3Dlightbox%26settings%3DeyJpZCI6MTA1NSwidXJsIjoiaHR0cHM6XC9cL3d3dy51ZnNtLmJyXC9hcHBcL3VwbG9hZHNcL3NpdGVzXC8zNjJcLzIwMTlcLzA2XC9JTUdfMjAxNzA4MTFfMTQ1MjQ5LmpwZyIsInNsaWRlc2hvdyI6IjFmZGY0YjkifQ%3D%3D\" href='https:\/\/www.ufsm.br\/app\/uploads\/sites\/362\/2019\/06\/IMG_20170811_145249.jpg'><img loading=\"lazy\" decoding=\"async\" width=\"768\" height=\"432\" src=\"https:\/\/www.ufsm.br\/app\/uploads\/sites\/362\/2019\/06\/IMG_20170811_145249-768x432.jpg\" class=\"attachment-medium_large size-medium_large\" alt=\"\" srcset=\"https:\/\/www.ufsm.br\/app\/uploads\/sites\/362\/2019\/06\/IMG_20170811_145249-768x432.jpg 768w, https:\/\/www.ufsm.br\/app\/uploads\/sites\/362\/2019\/06\/IMG_20170811_145249-300x169.jpg 300w, https:\/\/www.ufsm.br\/app\/uploads\/sites\/362\/2019\/06\/IMG_20170811_145249-1024x576.jpg 1024w, https:\/\/www.ufsm.br\/app\/uploads\/sites\/362\/2019\/06\/IMG_20170811_145249.jpg 1920w\" sizes=\"(max-width: 768px) 100vw, 768px\" \/><\/a>\n\t\t\t<\/div><\/figure><figure class='gallery-item'>\n\t\t\t<div class='gallery-icon landscape'>\n\t\t\t\t<a data-elementor-open-lightbox=\"yes\" data-elementor-lightbox-slideshow=\"1fdf4b9\" data-elementor-lightbox-title=\"IMG_20170811_145309\" data-e-action-hash=\"#elementor-action%3Aaction%3Dlightbox%26settings%3DeyJpZCI6MTA1NiwidXJsIjoiaHR0cHM6XC9cL3d3dy51ZnNtLmJyXC9hcHBcL3VwbG9hZHNcL3NpdGVzXC8zNjJcLzIwMTlcLzA2XC9JTUdfMjAxNzA4MTFfMTQ1MzA5LmpwZyIsInNsaWRlc2hvdyI6IjFmZGY0YjkifQ%3D%3D\" href='https:\/\/www.ufsm.br\/app\/uploads\/sites\/362\/2019\/06\/IMG_20170811_145309.jpg'><img loading=\"lazy\" decoding=\"async\" width=\"768\" height=\"432\" src=\"https:\/\/www.ufsm.br\/app\/uploads\/sites\/362\/2019\/06\/IMG_20170811_145309-768x432.jpg\" class=\"attachment-medium_large size-medium_large\" alt=\"\" srcset=\"https:\/\/www.ufsm.br\/app\/uploads\/sites\/362\/2019\/06\/IMG_20170811_145309-768x432.jpg 768w, https:\/\/www.ufsm.br\/app\/uploads\/sites\/362\/2019\/06\/IMG_20170811_145309-300x169.jpg 300w, https:\/\/www.ufsm.br\/app\/uploads\/sites\/362\/2019\/06\/IMG_20170811_145309-1024x576.jpg 1024w, https:\/\/www.ufsm.br\/app\/uploads\/sites\/362\/2019\/06\/IMG_20170811_145309.jpg 1920w\" sizes=\"(max-width: 768px) 100vw, 768px\" \/><\/a>\n\t\t\t<\/div><\/figure>\n\t\t<\/div>\n\t\t<\/div>\n\t\t\t\t<\/div>\n\t\t\t\t<\/div>\n\t\t\t\t\t<\/div>\n\t\t<\/div>\n\t\t\t\t\t<\/div>\n\t\t<\/section>\n\t\t\t\t<section class=\"elementor-section elementor-top-section elementor-element elementor-element-bc8b9bf elementor-section-boxed elementor-section-height-default elementor-section-height-default\" data-id=\"bc8b9bf\" data-element_type=\"section\">\n\t\t\t\t\t\t<div class=\"elementor-container elementor-column-gap-default\">\n\t\t\t\t\t<div class=\"elementor-column elementor-col-33 elementor-top-column elementor-element elementor-element-5770e63\" data-id=\"5770e63\" data-element_type=\"column\">\n\t\t\t<div class=\"elementor-widget-wrap elementor-element-populated\">\n\t\t\t\t\t\t<div class=\"elementor-element elementor-element-8188a79 elementor-widget elementor-widget-heading\" data-id=\"8188a79\" data-element_type=\"widget\" data-widget_type=\"heading.default\">\n\t\t\t\t<div class=\"elementor-widget-container\">\n\t\t\t<h5 class=\"elementor-heading-title elementor-size-default\">Estrutura<\/h5>\t\t<\/div>\n\t\t\t\t<\/div>\n\t\t\t\t<div class=\"elementor-element elementor-element-92378d4 elementor-widget elementor-widget-text-editor\" data-id=\"92378d4\" data-element_type=\"widget\" data-widget_type=\"text-editor.default\">\n\t\t\t\t<div class=\"elementor-widget-container\">\n\t\t\t\t\t\t\t<p><a href=\"https:\/\/www.ufsm.br\/orgaos-suplementares\/biblioteca\/sobre-bscp\/\">Sobre<\/a><br \/><br \/><a href=\"https:\/\/www.ufsm.br\/orgaos-suplementares\/biblioteca\/divisao-de-emprestimo\">Regulamento de empr\u00e9stimos<\/a><\/p><p><a href=\"https:\/\/www.ufsm.br\/orgaos-suplementares\/biblioteca\/equipe-bscp\/\">Equipe<\/a><\/p><p><a href=\"https:\/\/www.ufsm.br\/orgaos-suplementares\/biblioteca\/contato-bscp\/\">Contato<\/a><\/p>\t\t\t\t\t\t<\/div>\n\t\t\t\t<\/div>\n\t\t\t\t\t<\/div>\n\t\t<\/div>\n\t\t\t\t<div class=\"elementor-column elementor-col-33 elementor-top-column elementor-element elementor-element-bc48b8e\" data-id=\"bc48b8e\" data-element_type=\"column\">\n\t\t\t<div class=\"elementor-widget-wrap elementor-element-populated\">\n\t\t\t\t\t\t<div class=\"elementor-element elementor-element-2ff62e4 elementor-widget elementor-widget-heading\" data-id=\"2ff62e4\" data-element_type=\"widget\" data-widget_type=\"heading.default\">\n\t\t\t\t<div class=\"elementor-widget-container\">\n\t\t\t<h5 class=\"elementor-heading-title elementor-size-default\">Servi\u00e7os<\/h5>\t\t<\/div>\n\t\t\t\t<\/div>\n\t\t\t\t<div class=\"elementor-element elementor-element-1a1d07f elementor-widget elementor-widget-text-editor\" data-id=\"1a1d07f\" data-element_type=\"widget\" data-widget_type=\"text-editor.default\">\n\t\t\t\t<div class=\"elementor-widget-container\">\n\t\t\t\t\t\t\t<p><a href=\"https:\/\/www.ufsm.br\/orgaos-suplementares\/biblioteca\/servicos\/emprestimo\/\">Empr\u00e9stimos<\/a><\/p><p>A\u00a0<a style=\"font-size: 1rem\" href=\"https:\/\/www.ufsm.br\/orgaos-suplementares\/biblioteca\/bscp\/a-biblioteca-em-numeros-bscp\" target=\"_blank\" rel=\"noopener\">Biblioteca em n\u00fameros<\/a><\/p><p>Espa\u00e7o Pegue-Leve<\/p><p><a href=\"https:\/\/www.ufsm.br\/orgaos-suplementares\/biblioteca\/servicos\/capacitacoes\">Capacita\u00e7\u00f5es e treinamentos de usu\u00e1rios<\/a><\/p><p><a href=\"https:\/\/www.ufsm.br\/orgaos-suplementares\/biblioteca\/2023\/08\/15\/como-realizar-pedidos-de-fichas-catalograficas-e-isbn\">Cadastro de ISBN<\/a><\/p><p><a href=\"https:\/\/www.ufsm.br\/orgaos-suplementares\/biblioteca\/guia-de-recolhimento-da-uniao\/\"><span style=\"font-family: georgia, palatino, serif;font-size: 12pt\">Taxa de atraso<\/span><\/a><\/p><p><a href=\"https:\/\/www.ufsm.br\/orgaos-suplementares\/biblioteca\/pesquisa-de-catalogo\/\">Pesquisa no cat\u00e1logo<\/a><\/p><p><a href=\"https:\/\/www.ufsm.br\/orgaos-suplementares\/biblioteca\/servicos\/ficha-catalografica\/\"><span style=\"font-family: georgia, palatino, serif;font-size: 12pt\">Ficha Catalogr\u00e1fica<\/span><\/a><\/p><p><a href=\"https:\/\/www.ufsm.br\/orgaos-suplementares\/biblioteca\/e-books-2\/#minhabiblioteca\">E-books (Portal Minha Biblioteca)<\/a><\/p><p><span style=\"font-size: 12pt;font-family: georgia, palatino, serif\"><a href=\"https:\/\/repositorio.ufsm.br\/\">Manancial &#8211; Reposit\u00f3rio UFSM<\/a><\/span><\/p><p><span style=\"font-size: 12pt;font-family: georgia, palatino, serif\"><a href=\"https:\/\/periodicos.ufsm.br\/\">Portal de peri\u00f3dicos &#8211; UFSM<\/a><\/span><\/p><p><span style=\"font-size: 12pt;font-family: georgia, palatino, serif\"><a href=\"http:\/\/www-periodicos-capes-gov-br.ez47.periodicos.capes.gov.br\/index.php?\">Portal de peri\u00f3dicos CAPES<\/a><\/span><\/p>\t\t\t\t\t\t<\/div>\n\t\t\t\t<\/div>\n\t\t\t\t\t<\/div>\n\t\t<\/div>\n\t\t\t\t<div class=\"elementor-column elementor-col-33 elementor-top-column elementor-element elementor-element-fb0e302\" data-id=\"fb0e302\" data-element_type=\"column\">\n\t\t\t<div class=\"elementor-widget-wrap elementor-element-populated\">\n\t\t\t\t\t\t<div class=\"elementor-element elementor-element-aa858c0 elementor-widget elementor-widget-heading\" data-id=\"aa858c0\" data-element_type=\"widget\" data-widget_type=\"heading.default\">\n\t\t\t\t<div class=\"elementor-widget-container\">\n\t\t\t<h5 class=\"elementor-heading-title elementor-size-default\">Documentos presentes na BSCP<\/h5>\t\t<\/div>\n\t\t\t\t<\/div>\n\t\t\t\t<div class=\"elementor-element elementor-element-3e1b283 elementor-widget elementor-widget-text-editor\" data-id=\"3e1b283\" data-element_type=\"widget\" data-widget_type=\"text-editor.default\">\n\t\t\t\t<div class=\"elementor-widget-container\">\n\t\t\t\t\t\t\t<p><a href=\"https:\/\/portal.ufsm.br\/biblioteca\/pesquisa\/index.html\" target=\"_blank\" rel=\"noopener\">Acervo geral<\/a><\/p><p>Livros<\/p><p>DVDs<\/p><p>Obras de Refer\u00eancia<\/p><p><a href=\"https:\/\/periodicos.ufsm.br\/\" target=\"_blank\" rel=\"noopener\">Peri\u00f3dicos<\/a><\/p><p><span style=\"font-size: 10pt\"><a href=\"https:\/\/www.ufsm.br\/orgaos-suplementares\/biblioteca\/documentos-bscp\/\">&#8230; Mais informa\u00e7\u00f5es.<\/a><\/span><\/p>\t\t\t\t\t\t<\/div>\n\t\t\t\t<\/div>\n\t\t\t\t\t<\/div>\n\t\t<\/div>\n\t\t\t\t\t<\/div>\n\t\t<\/section>\n\t\t\t\t<section class=\"elementor-section elementor-top-section elementor-element elementor-element-81fb136 elementor-section-boxed elementor-section-height-default elementor-section-height-default\" data-id=\"81fb136\" data-element_type=\"section\">\n\t\t\t\t\t\t<div class=\"elementor-container elementor-column-gap-default\">\n\t\t\t\t\t<div class=\"elementor-column elementor-col-100 elementor-top-column elementor-element elementor-element-ac167d8\" data-id=\"ac167d8\" data-element_type=\"column\">\n\t\t\t<div class=\"elementor-widget-wrap elementor-element-populated\">\n\t\t\t\t\t\t<div class=\"elementor-element elementor-element-b704bfd elementor-widget elementor-widget-google_maps\" data-id=\"b704bfd\" data-element_type=\"widget\" data-widget_type=\"google_maps.default\">\n\t\t\t\t<div class=\"elementor-widget-container\">\n\t\t\t\t\t<div class=\"elementor-custom-embed\">\n\t\t\t<iframe loading=\"lazy\"\n\t\t\t\t\tsrc=\"https:\/\/maps.google.com\/maps?q=biblioteca%20setorial%20do%20col%C3%A9gio%20polit%C3%A9&#038;t=m&#038;z=10&#038;output=embed&#038;iwloc=near\"\n\t\t\t\t\ttitle=\"biblioteca setorial do col\u00e9gio polit\u00e9\"\n\t\t\t\t\taria-label=\"biblioteca setorial do col\u00e9gio polit\u00e9\"\n\t\t\t><\/iframe>\n\t\t<\/div>\n\t\t\t\t<\/div>\n\t\t\t\t<\/div>\n\t\t\t\t\t<\/div>\n\t\t<\/div>\n\t\t\t\t\t<\/div>\n\t\t<\/section>\n\t\t\t\t<\/div>\n\t\t","protected":false},"excerpt":{"rendered":"<p>Apresenta\u00e7\u00e3o A Biblioteca Setorial do Col\u00e9gio Polit\u00e9cnico da UFSM, apelidada carinhosamente por nossos usu\u00e1rios de Biblioteca do Poli, carrega em seu DNA os princ\u00edpios e valores do ensino, da pesquisa e da extens\u00e3o, presentes tanto na Universidade Federal de Santa Maria quanto no Col\u00e9gio Polit\u00e9cnico. Inaugurada em 12 de mar\u00e7o de 2015, o espa\u00e7o oferece [&hellip;]<\/p>\n","protected":false},"author":85,"featured_media":0,"parent":0,"menu_order":0,"comment_status":"closed","ping_status":"closed","template":"","meta":{"footnotes":""},"categories":[],"tags":[],"class_list":["post-84","page","type-page","status-publish","hentry"],"acf":[],"_links":{"self":[{"href":"https:\/\/www.ufsm.br\/orgaos-suplementares\/biblioteca\/wp-json\/wp\/v2\/pages\/84","targetHints":{"allow":["GET"]}}],"collection":[{"href":"https:\/\/www.ufsm.br\/orgaos-suplementares\/biblioteca\/wp-json\/wp\/v2\/pages"}],"about":[{"href":"https:\/\/www.ufsm.br\/orgaos-suplementares\/biblioteca\/wp-json\/wp\/v2\/types\/page"}],"author":[{"embeddable":true,"href":"https:\/\/www.ufsm.br\/orgaos-suplementares\/biblioteca\/wp-json\/wp\/v2\/users\/85"}],"replies":[{"embeddable":true,"href":"https:\/\/www.ufsm.br\/orgaos-suplementares\/biblioteca\/wp-json\/wp\/v2\/comments?post=84"}],"version-history":[{"count":0,"href":"https:\/\/www.ufsm.br\/orgaos-suplementares\/biblioteca\/wp-json\/wp\/v2\/pages\/84\/revisions"}],"wp:attachment":[{"href":"https:\/\/www.ufsm.br\/orgaos-suplementares\/biblioteca\/wp-json\/wp\/v2\/media?parent=84"}],"wp:term":[{"taxonomy":"category","embeddable":true,"href":"https:\/\/www.ufsm.br\/orgaos-suplementares\/biblioteca\/wp-json\/wp\/v2\/categories?post=84"},{"taxonomy":"post_tag","embeddable":true,"href":"https:\/\/www.ufsm.br\/orgaos-suplementares\/biblioteca\/wp-json\/wp\/v2\/tags?post=84"}],"curies":[{"name":"wp","href":"https:\/\/api.w.org\/{rel}","templated":true}]}}