{"id":1042,"date":"2023-10-25T08:50:38","date_gmt":"2023-10-25T11:50:38","guid":{"rendered":"https:\/\/www.ufsm.br\/orgaos-suplementares\/cpd\/sitios\/?page_id=1042"},"modified":"2023-10-25T09:03:37","modified_gmt":"2023-10-25T12:03:37","slug":"como-remover-texto-da-traducao-automatica","status":"publish","type":"page","link":"https:\/\/www.ufsm.br\/orgaos-suplementares\/cpd\/sitios\/como-remover-texto-da-traducao-automatica","title":{"rendered":"Desativando a Tradu\u00e7\u00e3o de Textos Espec\u00edficos em sua P\u00e1gina"},"content":{"rendered":"\t\t<div data-elementor-type=\"wp-page\" data-elementor-id=\"1042\" class=\"elementor elementor-1042\">\n\t\t\t\t\t\t<section class=\"elementor-section elementor-top-section elementor-element elementor-element-5911456 elementor-section-boxed elementor-section-height-default elementor-section-height-default\" data-id=\"5911456\" data-element_type=\"section\">\n\t\t\t\t\t\t<div class=\"elementor-container elementor-column-gap-default\">\n\t\t\t\t\t<div class=\"elementor-column elementor-col-50 elementor-top-column elementor-element elementor-element-cf75d9d\" data-id=\"cf75d9d\" data-element_type=\"column\">\n\t\t\t<div class=\"elementor-widget-wrap elementor-element-populated\">\n\t\t\t\t\t\t<div class=\"elementor-element elementor-element-66319ac elementor-widget elementor-widget-image\" data-id=\"66319ac\" data-element_type=\"widget\" data-widget_type=\"image.default\">\n\t\t\t\t<div class=\"elementor-widget-container\">\n\t\t\t\t\t\t\t\t\t\t\t\t\t<img fetchpriority=\"high\" decoding=\"async\" width=\"590\" height=\"823\" src=\"https:\/\/www.ufsm.br\/app\/uploads\/sites\/415\/2023\/10\/remover-traducao.png\" class=\"attachment-large size-large wp-image-1043\" alt=\"\" srcset=\"https:\/\/www.ufsm.br\/app\/uploads\/sites\/415\/2023\/10\/remover-traducao.png 590w, https:\/\/www.ufsm.br\/app\/uploads\/sites\/415\/2023\/10\/remover-traducao-215x300.png 215w\" sizes=\"(max-width: 590px) 100vw, 590px\" \/>\t\t\t\t\t\t\t\t\t\t\t\t\t<\/div>\n\t\t\t\t<\/div>\n\t\t\t\t\t<\/div>\n\t\t<\/div>\n\t\t\t\t<div class=\"elementor-column elementor-col-50 elementor-top-column elementor-element elementor-element-f9439c7\" data-id=\"f9439c7\" data-element_type=\"column\">\n\t\t\t<div class=\"elementor-widget-wrap elementor-element-populated\">\n\t\t\t\t\t\t<div class=\"elementor-element elementor-element-9248fac elementor-widget__width-initial elementor-widget elementor-widget-text-editor\" data-id=\"9248fac\" data-element_type=\"widget\" data-widget_type=\"text-editor.default\">\n\t\t\t\t<div class=\"elementor-widget-container\">\n\t\t\t\t\t\t\t<p><span style=\"font-weight: var( --e-global-typography-text-font-weight ); text-align: var(--bs-body-text-align);\">Para evitar que alguns textos sejam traduzidos automaticamente pelo tradutor autom\u00e1tico \u00e9 necess\u00e1rio editar o c\u00f3digo HTML e adicionar a tag &#8220;translate&#8221; com o valor &#8220;no&#8221; a um elemento &lt;span&gt; ou &lt;div&gt;.<\/span><\/p><p>Exemplo: &lt;<b>span translate=&#8221;no&#8221;&gt;\u00a0<\/b>Ci\u00eancia Rural (CR)\u00a0<b>&lt;\/span&gt;<\/b><\/p><p>A inser\u00e7\u00e3o da tag &#8220;translate&#8221; com o valor &#8220;no&#8221; impedir\u00e1 a tradu\u00e7\u00e3o do texto contido entre as tags. Para realizar essa edi\u00e7\u00e3o, siga as etapas a seguir como ilustrado na imagem da esquerda.<\/p><ul><li><b>Clique no widget de texto.<\/b><\/li><li><b style=\"text-align: var(--bs-body-text-align);\">Clique na aba &#8220;Texto&#8221;<\/b><\/li><li><b style=\"text-align: var(--bs-body-text-align);\">Ser\u00e1 apresentado o c\u00f3digo HTML, cole a tag span que n\u00e3o deseja traduzir aonde desejar no texto<\/b><\/li><\/ul><p>Clicando na aba &#8220;Visual&#8221; voc\u00ea poder\u00e1 ter um feedback e como ficar\u00e1 o texto.<\/p>\t\t\t\t\t\t<\/div>\n\t\t\t\t<\/div>\n\t\t\t\t\t<\/div>\n\t\t<\/div>\n\t\t\t\t\t<\/div>\n\t\t<\/section>\n\t\t\t\t<\/div>\n\t\t","protected":false},"excerpt":{"rendered":"<p>Para evitar que alguns textos sejam traduzidos automaticamente pelo tradutor autom\u00e1tico \u00e9 necess\u00e1rio editar o c\u00f3digo HTML e adicionar a tag &#8220;translate&#8221; com o valor &#8220;no&#8221; a um elemento &lt;span&gt; ou &lt;div&gt;. Exemplo: &lt;span translate=&#8221;no&#8221;&gt;\u00a0Ci\u00eancia Rural (CR)\u00a0&lt;\/span&gt; A inser\u00e7\u00e3o da tag &#8220;translate&#8221; com o valor &#8220;no&#8221; impedir\u00e1 a tradu\u00e7\u00e3o do texto contido entre as tags. [&hellip;]<\/p>\n","protected":false},"author":26,"featured_media":0,"parent":0,"menu_order":0,"comment_status":"closed","ping_status":"closed","template":"","meta":{"footnotes":""},"categories":[17],"tags":[],"class_list":["post-1042","page","type-page","status-publish","hentry","category-tutoriais"],"acf":[],"_links":{"self":[{"href":"https:\/\/www.ufsm.br\/orgaos-suplementares\/cpd\/sitios\/wp-json\/wp\/v2\/pages\/1042","targetHints":{"allow":["GET"]}}],"collection":[{"href":"https:\/\/www.ufsm.br\/orgaos-suplementares\/cpd\/sitios\/wp-json\/wp\/v2\/pages"}],"about":[{"href":"https:\/\/www.ufsm.br\/orgaos-suplementares\/cpd\/sitios\/wp-json\/wp\/v2\/types\/page"}],"author":[{"embeddable":true,"href":"https:\/\/www.ufsm.br\/orgaos-suplementares\/cpd\/sitios\/wp-json\/wp\/v2\/users\/26"}],"replies":[{"embeddable":true,"href":"https:\/\/www.ufsm.br\/orgaos-suplementares\/cpd\/sitios\/wp-json\/wp\/v2\/comments?post=1042"}],"version-history":[{"count":0,"href":"https:\/\/www.ufsm.br\/orgaos-suplementares\/cpd\/sitios\/wp-json\/wp\/v2\/pages\/1042\/revisions"}],"wp:attachment":[{"href":"https:\/\/www.ufsm.br\/orgaos-suplementares\/cpd\/sitios\/wp-json\/wp\/v2\/media?parent=1042"}],"wp:term":[{"taxonomy":"category","embeddable":true,"href":"https:\/\/www.ufsm.br\/orgaos-suplementares\/cpd\/sitios\/wp-json\/wp\/v2\/categories?post=1042"},{"taxonomy":"post_tag","embeddable":true,"href":"https:\/\/www.ufsm.br\/orgaos-suplementares\/cpd\/sitios\/wp-json\/wp\/v2\/tags?post=1042"}],"curies":[{"name":"wp","href":"https:\/\/api.w.org\/{rel}","templated":true}]}}