{"id":341,"date":"2018-10-30T16:39:46","date_gmt":"2018-10-30T19:39:46","guid":{"rendered":"https:\/\/www.ufsm.br\/orgaos-suplementares\/cpd\/sitios\/?page_id=341"},"modified":"2021-01-27T10:49:11","modified_gmt":"2021-01-27T13:49:11","slug":"normas-de-governo-eletronico","status":"publish","type":"page","link":"https:\/\/www.ufsm.br\/orgaos-suplementares\/cpd\/sitios\/normas-de-governo-eletronico","title":{"rendered":"Normas de Governo Eletr\u00f4nico"},"content":{"rendered":"\t\t<div data-elementor-type=\"wp-post\" data-elementor-id=\"341\" class=\"elementor elementor-341\">\n\t\t\t\t\t\t<section class=\"elementor-section elementor-top-section elementor-element elementor-element-b4604d6 elementor-section-boxed elementor-section-height-default elementor-section-height-default\" data-id=\"b4604d6\" data-element_type=\"section\">\n\t\t\t\t\t\t<div class=\"elementor-container elementor-column-gap-default\">\n\t\t\t\t\t<div class=\"elementor-column elementor-col-100 elementor-top-column elementor-element elementor-element-afbf0c2\" data-id=\"afbf0c2\" data-element_type=\"column\">\n\t\t\t<div class=\"elementor-widget-wrap elementor-element-populated\">\n\t\t\t\t\t\t<div class=\"elementor-element elementor-element-8fceab0 elementor-widget elementor-widget-text-editor\" data-id=\"8fceab0\" data-element_type=\"widget\" data-widget_type=\"text-editor.default\">\n\t\t\t\t<div class=\"elementor-widget-container\">\n\t\t\t\t\t\t\t<p>Para implementar a acessibilidade, foram definidas as seguintes diretrizes e normas, que s\u00e3o destinadas a todas as unidades administrativas e acad\u00eamicas, de modo a alcan\u00e7ar-se todos os portais, s\u00edtios e documentos digitais da institui\u00e7\u00e3o:<\/p>\n<p>&#8211; Produzir textos e arquivos em formato edit\u00e1vel (quando consegue-se selecionar uma a uma das palavras) &#8211; imagens podem ser n\u00e3o edit\u00e1veis, desde que tenham descri\u00e7\u00e3o de imagem;<\/p>\n<p>&#8211; Preencher os campos de descri\u00e7\u00e3o nas imagens (fotografias, banners, marcas, mapas) &#8211; ver menu&nbsp;<a href=\"https:\/\/www.ufsm.br\/orgaos-suplementares\/cpd\/sitios\/como-audiodescrever-conteudos\/\" target=\"_blank\" rel=\"noopener\">Como audiodescrever conte\u00fados?<\/a><\/p>\n<p>&#8211; Utilizar imagens com resolu\u00e7\u00e3o m\u00ednima de 150 pixels, garantindo a qualidade quando ampliadas (para usu\u00e1rios com baixa vis\u00e3o);<\/p>\n<p>&#8211; Evitar cores intermitentes e\/ou cintilantes intensas;<\/p>\n<p>&#8211;&nbsp;Eliminar objetos m\u00f3veis que possam atrapalhar a navegabilidade;<\/p>\n<p>&#8211; Inserir&nbsp;<em>Links<\/em>&nbsp;e&nbsp;<em>sublinks<\/em> naveg\u00e1veis e&nbsp;acion\u00e1veis pelo teclado&nbsp;e&nbsp;em linhas exclusivas, com palavras autoexplicativas conforme exemplo abaixo:<\/p>\n<p>Ao inserir um&nbsp;<em>link&nbsp;<\/em>no texto que redirecione o usu\u00e1rio para outro site ou p\u00e1gina, n\u00e3o \u00e9 acess\u00edvel inserir o&nbsp;<em>link <\/em>em palavras que n\u00e3o indicam o conte\u00fado do redirecionamento como \u201cclique aqui\u201d ou \u201cneste&nbsp;<em>link<\/em>\u201d. A forma acess\u00edvel de fazer essa&nbsp;linkagem&nbsp;\u00e9 colar o endere\u00e7o de destino na frase, express\u00e3o ou palavra-chave que represente o conte\u00fado para onde o usu\u00e1rio ser\u00e1 redirecionado, conforme os exemplos a seguir.<\/p>\n<p>Errado: Baixe o bras\u00e3o da Universidade&nbsp;<a href=\"https:\/\/www.ufsm.br\/identidade-institucional\/\" target=\"_blank\" rel=\"noopener\" data-saferedirecturl=\"https:\/\/www.google.com\/url?q=https:\/\/www.ufsm.br\/identidade-institucional\/&amp;source=gmail&amp;ust=1543489987893000&amp;usg=AFQjCNECru8gq8JWOXgnB8xppO4l4h1rIA\">neste link<\/a>.<\/p>\n<p>Correto:&nbsp;<a href=\"https:\/\/www.ufsm.br\/identidade-institucional\/\" target=\"_blank\" rel=\"noopener\" data-saferedirecturl=\"https:\/\/www.google.com\/url?q=https:\/\/www.ufsm.br\/identidade-institucional\/&amp;source=gmail&amp;ust=1543489987893000&amp;usg=AFQjCNECru8gq8JWOXgnB8xppO4l4h1rIA\">Baixe o bras\u00e3o da Universidade<\/a>.<\/p>\n<p>Errado: Leia o Plano de Desenvolvimento Institucional da UFSM&nbsp;<a href=\"http:\/\/pdi.ufsm.br\/\" target=\"_blank\" rel=\"noopener\" data-saferedirecturl=\"https:\/\/www.google.com\/url?q=http:\/\/pdi.ufsm.br\/&amp;source=gmail&amp;ust=1543489987893000&amp;usg=AFQjCNGj_x4ie3QhogxvoxLST0iB-dxzzw\">aqui<\/a>.<\/p>\n<p>Certo:&nbsp;<a href=\"http:\/\/pdi.ufsm.br\/\" target=\"_blank\" rel=\"noopener\" data-saferedirecturl=\"https:\/\/www.google.com\/url?q=http:\/\/pdi.ufsm.br\/&amp;source=gmail&amp;ust=1543489987893000&amp;usg=AFQjCNGj_x4ie3QhogxvoxLST0iB-dxzzw\">Leia o Plano de Desenvolvimento Institucional da UFSM completo<\/a>.&nbsp;<\/p>\t\t\t\t\t\t<\/div>\n\t\t\t\t<\/div>\n\t\t\t\t\t<\/div>\n\t\t<\/div>\n\t\t\t\t\t<\/div>\n\t\t<\/section>\n\t\t\t\t<\/div>\n\t\t","protected":false},"excerpt":{"rendered":"<p>Para implementar a acessibilidade, foram definidas as seguintes diretrizes e normas, que s\u00e3o destinadas a todas as unidades administrativas e acad\u00eamicas, de modo a alcan\u00e7ar-se todos os portais, s\u00edtios e documentos digitais da institui\u00e7\u00e3o: &#8211; Produzir textos e arquivos em formato edit\u00e1vel (quando consegue-se selecionar uma a uma das palavras) &#8211; imagens podem ser n\u00e3o [&hellip;]<\/p>\n","protected":false},"author":201,"featured_media":0,"parent":0,"menu_order":0,"comment_status":"closed","ping_status":"closed","template":"","meta":{"footnotes":""},"categories":[],"tags":[],"class_list":["post-341","page","type-page","status-publish","hentry"],"acf":[],"_links":{"self":[{"href":"https:\/\/www.ufsm.br\/orgaos-suplementares\/cpd\/sitios\/wp-json\/wp\/v2\/pages\/341","targetHints":{"allow":["GET"]}}],"collection":[{"href":"https:\/\/www.ufsm.br\/orgaos-suplementares\/cpd\/sitios\/wp-json\/wp\/v2\/pages"}],"about":[{"href":"https:\/\/www.ufsm.br\/orgaos-suplementares\/cpd\/sitios\/wp-json\/wp\/v2\/types\/page"}],"author":[{"embeddable":true,"href":"https:\/\/www.ufsm.br\/orgaos-suplementares\/cpd\/sitios\/wp-json\/wp\/v2\/users\/201"}],"replies":[{"embeddable":true,"href":"https:\/\/www.ufsm.br\/orgaos-suplementares\/cpd\/sitios\/wp-json\/wp\/v2\/comments?post=341"}],"version-history":[{"count":0,"href":"https:\/\/www.ufsm.br\/orgaos-suplementares\/cpd\/sitios\/wp-json\/wp\/v2\/pages\/341\/revisions"}],"wp:attachment":[{"href":"https:\/\/www.ufsm.br\/orgaos-suplementares\/cpd\/sitios\/wp-json\/wp\/v2\/media?parent=341"}],"wp:term":[{"taxonomy":"category","embeddable":true,"href":"https:\/\/www.ufsm.br\/orgaos-suplementares\/cpd\/sitios\/wp-json\/wp\/v2\/categories?post=341"},{"taxonomy":"post_tag","embeddable":true,"href":"https:\/\/www.ufsm.br\/orgaos-suplementares\/cpd\/sitios\/wp-json\/wp\/v2\/tags?post=341"}],"curies":[{"name":"wp","href":"https:\/\/api.w.org\/{rel}","templated":true}]}}