{"id":348,"date":"2018-10-30T16:47:16","date_gmt":"2018-10-30T19:47:16","guid":{"rendered":"https:\/\/www.ufsm.br\/orgaos-suplementares\/cpd\/sitios\/?page_id=348"},"modified":"2021-01-27T12:20:35","modified_gmt":"2021-01-27T15:20:35","slug":"unidades-universitarias","status":"publish","type":"page","link":"https:\/\/www.ufsm.br\/orgaos-suplementares\/cpd\/sitios\/unidades-universitarias","title":{"rendered":"Unidades Universit\u00e1rias"},"content":{"rendered":"\t\t<div data-elementor-type=\"wp-post\" data-elementor-id=\"348\" class=\"elementor elementor-348\">\n\t\t\t\t\t\t<section class=\"elementor-section elementor-top-section elementor-element elementor-element-f9350d7 elementor-section-boxed elementor-section-height-default elementor-section-height-default\" data-id=\"f9350d7\" data-element_type=\"section\">\n\t\t\t\t\t\t<div class=\"elementor-container elementor-column-gap-default\">\n\t\t\t\t\t<div class=\"elementor-column elementor-col-100 elementor-top-column elementor-element elementor-element-7b6db18\" data-id=\"7b6db18\" data-element_type=\"column\">\n\t\t\t<div class=\"elementor-widget-wrap elementor-element-populated\">\n\t\t\t\t\t\t<div class=\"elementor-element elementor-element-1e7866b elementor-widget elementor-widget-text-editor\" data-id=\"1e7866b\" data-element_type=\"widget\" data-widget_type=\"text-editor.default\">\n\t\t\t\t<div class=\"elementor-widget-container\">\n\t\t\t\t\t\t\t<p><b>Menu Horizontal<\/b><\/p>\n\n<table>\n<tbody>\n<tr>\n<td>\n<p><span style=\"font-weight: 400\">Contatos<\/span><\/p>\n<\/td>\n<td>\n<p><span style=\"font-weight: 400\">Editais <\/span><\/p>\n<p><span style=\"font-weight: 400\">(Opcional)<\/span><\/p>\n<\/td>\n<td>\n<p><span style=\"font-weight: 400\">D\u00favidas Frequentes<\/span><\/p>\n<p><span style=\"font-weight: 400\">(Opcional)<\/span><\/p>\n<\/td>\n<td>\n<p><span style=\"font-weight: 400\">Links \u00dateis<\/span><\/p>\n<p><span style=\"font-weight: 400\">(Opcional)<\/span><\/p>\n<\/td>\n<td>\n<p><span style=\"font-weight: 400\">Servi\u00e7os<\/span><\/p>\n<\/td>\n<td>\n<p><span style=\"font-weight: 400\">Gestores do S\u00edtio<\/span><\/p>\n<\/td>\n<td>\n<p><span style=\"font-weight: 400\">S\u00edtios da UFSM<\/span><\/p>\n<\/td>\n<\/tr>\n<\/tbody>\n<\/table>\n<p><b> Menu vertical<\/b><\/p>\n<table>\n<tbody>\n<tr>\n<td>\n<p><b>ESTRUTURA<\/b><\/p>\n<\/td>\n<\/tr>\n<tr>\n<td>\n<p><span style=\"font-weight: 400\">Sobre<\/span><\/p>\n<\/td>\n<\/tr>\n<tr>\n<td>\n<p><span style=\"font-weight: 400\">Equipe &#8230;<\/span><\/p>\n<\/td>\n<\/tr>\n<tr>\n<td>\n<p><span style=\"font-weight: 400\">Dire\u00e7\u00e3o<\/span><\/p>\n<\/td>\n<\/tr>\n<tr>\n<td>\n<p><span style=\"font-weight: 400\">Setores\/\u00d3rg\u00e3os Suplementares e Executivos<\/span><\/p>\n<\/td>\n<\/tr>\n<tr>\n<td>\n<p><span style=\"font-weight: 400\">Departamentos<\/span><\/p>\n<\/td>\n<\/tr>\n<tr>\n<td>\n<p><span style=\"font-weight: 400\">Comiss\u00f5es\/Conselhos\/empresas j\u00fanior (Opcional)<\/span><\/p>\n<\/td>\n<\/tr>\n<tr>\n<td>\n<p><span style=\"font-weight: 400\">Infraestrutura (SOMENTE DO CENTRO)<\/span><\/p>\n<\/td>\n<\/tr>\n<tr>\n<td>\n<p><b>ENSINO<\/b><\/p>\n<\/td>\n<\/tr>\n<tr>\n<td>\n<p><span style=\"font-weight: 400\">Gradua\u00e7\u00e3o<\/span><\/p>\n<\/td>\n<\/tr>\n<tr>\n<td>\n<p><span style=\"font-weight: 400\">P\u00f3s-Gradua\u00e7\u00e3o<\/span><\/p>\n<\/td>\n<\/tr>\n<tr>\n<td>\n<p><span style=\"font-weight: 400\">Ensino b\u00e1sico, t\u00e9cnico e tecnol\u00f3gico<\/span><\/p>\n<\/td>\n<\/tr>\n<\/tbody>\n<\/table>\n<p><b>Miolo<\/b><b><\/b><\/p>\n<table>\n<tbody>\n<tr>\n<td>\n<p><span style=\"font-weight: 400\">BANNER INSTITUCIONAL\/projetos<\/span><\/p>\n<\/td>\n<\/tr>\n<tr>\n<td>\n<p><span style=\"font-weight: 400\">APRESENTA\u00c7\u00c3O<\/span><\/p>\n<\/td>\n<\/tr>\n<tr>\n<td>\n<p><span style=\"font-weight: 400\">UTILIDADES (Estudantes, Servi\u00e7os, entre outros)<\/span><\/p>\n<\/td>\n<\/tr>\n<tr>\n<td>\n<p><span style=\"font-weight: 400\">NOT\u00cdCIAS<\/span><\/p>\n<\/td>\n<\/tr>\n<tr>\n<td>\n<p><span style=\"font-weight: 400\">Eventos<\/span><\/p>\n<\/td>\n<\/tr>\n<\/tbody>\n<\/table>\t\t\t\t\t\t<\/div>\n\t\t\t\t<\/div>\n\t\t\t\t\t<\/div>\n\t\t<\/div>\n\t\t\t\t\t<\/div>\n\t\t<\/section>\n\t\t\t\t<\/div>\n\t\t","protected":false},"excerpt":{"rendered":"<p>Menu Horizontal Contatos Editais (Opcional) D\u00favidas Frequentes (Opcional) Links \u00dateis (Opcional) Servi\u00e7os Gestores do S\u00edtio S\u00edtios da UFSM Menu vertical ESTRUTURA Sobre Equipe &#8230; Dire\u00e7\u00e3o Setores\/\u00d3rg\u00e3os Suplementares e Executivos Departamentos Comiss\u00f5es\/Conselhos\/empresas j\u00fanior (Opcional) Infraestrutura (SOMENTE DO CENTRO) ENSINO Gradua\u00e7\u00e3o P\u00f3s-Gradua\u00e7\u00e3o Ensino b\u00e1sico, t\u00e9cnico e tecnol\u00f3gico Miolo BANNER INSTITUCIONAL\/projetos APRESENTA\u00c7\u00c3O UTILIDADES (Estudantes, Servi\u00e7os, entre outros) NOT\u00cdCIAS [&hellip;]<\/p>\n","protected":false},"author":201,"featured_media":0,"parent":0,"menu_order":0,"comment_status":"closed","ping_status":"closed","template":"","meta":{"footnotes":""},"categories":[],"tags":[],"class_list":["post-348","page","type-page","status-publish","hentry"],"acf":[],"_links":{"self":[{"href":"https:\/\/www.ufsm.br\/orgaos-suplementares\/cpd\/sitios\/wp-json\/wp\/v2\/pages\/348","targetHints":{"allow":["GET"]}}],"collection":[{"href":"https:\/\/www.ufsm.br\/orgaos-suplementares\/cpd\/sitios\/wp-json\/wp\/v2\/pages"}],"about":[{"href":"https:\/\/www.ufsm.br\/orgaos-suplementares\/cpd\/sitios\/wp-json\/wp\/v2\/types\/page"}],"author":[{"embeddable":true,"href":"https:\/\/www.ufsm.br\/orgaos-suplementares\/cpd\/sitios\/wp-json\/wp\/v2\/users\/201"}],"replies":[{"embeddable":true,"href":"https:\/\/www.ufsm.br\/orgaos-suplementares\/cpd\/sitios\/wp-json\/wp\/v2\/comments?post=348"}],"version-history":[{"count":0,"href":"https:\/\/www.ufsm.br\/orgaos-suplementares\/cpd\/sitios\/wp-json\/wp\/v2\/pages\/348\/revisions"}],"wp:attachment":[{"href":"https:\/\/www.ufsm.br\/orgaos-suplementares\/cpd\/sitios\/wp-json\/wp\/v2\/media?parent=348"}],"wp:term":[{"taxonomy":"category","embeddable":true,"href":"https:\/\/www.ufsm.br\/orgaos-suplementares\/cpd\/sitios\/wp-json\/wp\/v2\/categories?post=348"},{"taxonomy":"post_tag","embeddable":true,"href":"https:\/\/www.ufsm.br\/orgaos-suplementares\/cpd\/sitios\/wp-json\/wp\/v2\/tags?post=348"}],"curies":[{"name":"wp","href":"https:\/\/api.w.org\/{rel}","templated":true}]}}