{"id":355,"date":"2018-10-30T16:53:23","date_gmt":"2018-10-30T19:53:23","guid":{"rendered":"https:\/\/www.ufsm.br\/orgaos-suplementares\/cpd\/sitios\/?page_id=355"},"modified":"2021-01-27T15:22:23","modified_gmt":"2021-01-27T18:22:23","slug":"layouts-institucionais","status":"publish","type":"page","link":"https:\/\/www.ufsm.br\/orgaos-suplementares\/cpd\/sitios\/layouts-institucionais","title":{"rendered":"Padroniza\u00e7\u00e3o Geral de Layouts"},"content":{"rendered":"\t\t<div data-elementor-type=\"wp-post\" data-elementor-id=\"355\" class=\"elementor elementor-355\">\n\t\t\t\t\t\t<section class=\"elementor-section elementor-top-section elementor-element elementor-element-63959fa elementor-section-boxed elementor-section-height-default elementor-section-height-default\" data-id=\"63959fa\" data-element_type=\"section\">\n\t\t\t\t\t\t<div class=\"elementor-container elementor-column-gap-default\">\n\t\t\t\t\t<div class=\"elementor-column elementor-col-100 elementor-top-column elementor-element elementor-element-077cbbd\" data-id=\"077cbbd\" data-element_type=\"column\">\n\t\t\t<div class=\"elementor-widget-wrap elementor-element-populated\">\n\t\t\t\t\t\t<div class=\"elementor-element elementor-element-6dee5a5 elementor-widget elementor-widget-text-editor\" data-id=\"6dee5a5\" data-element_type=\"widget\" data-widget_type=\"text-editor.default\">\n\t\t\t\t<div class=\"elementor-widget-container\">\n\t\t\t\t\t\t\t<p><b>TAMANHO DAS IMAGENS DOS BANNERS<\/b><\/p><p><span style=\"font-weight: 400\">A imagem escolhida deve estar em formato JPG, GIF ou PNG e ter no m\u00e1ximo 2MB. A dimens\u00e3o recomendada \u00e9 de 1024&#215;270 pixels.<\/span><\/p>\t\t\t\t\t\t<\/div>\n\t\t\t\t<\/div>\n\t\t\t\t\t<\/div>\n\t\t<\/div>\n\t\t\t\t\t<\/div>\n\t\t<\/section>\n\t\t\t\t<section class=\"elementor-section elementor-top-section elementor-element elementor-element-16a8a52 elementor-section-boxed elementor-section-height-default elementor-section-height-default\" data-id=\"16a8a52\" data-element_type=\"section\">\n\t\t\t\t\t\t<div class=\"elementor-container elementor-column-gap-default\">\n\t\t\t\t\t<div class=\"elementor-column elementor-col-100 elementor-top-column elementor-element elementor-element-19f2f62\" data-id=\"19f2f62\" data-element_type=\"column\">\n\t\t\t<div class=\"elementor-widget-wrap elementor-element-populated\">\n\t\t\t\t\t\t<div class=\"elementor-element elementor-element-3c14688 elementor-widget elementor-widget-image\" data-id=\"3c14688\" data-element_type=\"widget\" data-widget_type=\"image.default\">\n\t\t\t\t<div class=\"elementor-widget-container\">\n\t\t\t\t\t\t\t\t\t\t\t\t\t<img fetchpriority=\"high\" decoding=\"async\" width=\"1024\" height=\"312\" src=\"https:\/\/www.ufsm.br\/app\/uploads\/sites\/415\/2019\/10\/2019-10-11_13-27-1024x312.jpg\" class=\"attachment-large size-large wp-image-538\" alt=\"\" srcset=\"https:\/\/www.ufsm.br\/app\/uploads\/sites\/415\/2019\/10\/2019-10-11_13-27-1024x312.jpg 1024w, https:\/\/www.ufsm.br\/app\/uploads\/sites\/415\/2019\/10\/2019-10-11_13-27-300x92.jpg 300w, https:\/\/www.ufsm.br\/app\/uploads\/sites\/415\/2019\/10\/2019-10-11_13-27-768x234.jpg 768w, https:\/\/www.ufsm.br\/app\/uploads\/sites\/415\/2019\/10\/2019-10-11_13-27.jpg 1075w\" sizes=\"(max-width: 1024px) 100vw, 1024px\" \/>\t\t\t\t\t\t\t\t\t\t\t\t\t<\/div>\n\t\t\t\t<\/div>\n\t\t\t\t\t<\/div>\n\t\t<\/div>\n\t\t\t\t\t<\/div>\n\t\t<\/section>\n\t\t\t\t<section class=\"elementor-section elementor-top-section elementor-element elementor-element-b3fdc63 elementor-section-boxed elementor-section-height-default elementor-section-height-default\" data-id=\"b3fdc63\" data-element_type=\"section\">\n\t\t\t\t\t\t<div class=\"elementor-container elementor-column-gap-default\">\n\t\t\t\t\t<div class=\"elementor-column elementor-col-100 elementor-top-column elementor-element elementor-element-15d8edb\" data-id=\"15d8edb\" data-element_type=\"column\">\n\t\t\t<div class=\"elementor-widget-wrap elementor-element-populated\">\n\t\t\t\t\t\t<div class=\"elementor-element elementor-element-59cd078 elementor-widget elementor-widget-text-editor\" data-id=\"59cd078\" data-element_type=\"widget\" data-widget_type=\"text-editor.default\">\n\t\t\t\t<div class=\"elementor-widget-container\">\n\t\t\t\t\t\t\t<p><b>TAMANHO DAS IMAGENS NAS NOT\u00cdCIAS<\/b><\/p><p><span style=\"font-weight: 400\">As imagens\/fotografias das not\u00edcias devem ter qualidade m\u00ednima de 150&#215;200 pixels, em JPG ou PNG.<\/span><\/p><p><b>CORES DOS \u00cdCONES<\/b><\/p><p><span style=\"font-weight: 400\">As cores de todos os \u00edcones que est\u00e3o presentes no s\u00edtio da UFSM devem usar o c\u00f3digo de cor #204c90.<\/span><\/p><p><b>TAMANHO DO BANNER PARA EVENTOS<\/b><\/p><p><span style=\"font-weight: 400\">A medida do banner para o cadastro do formul\u00e1rio de eventos \u00e9 de 1200&#215;444 pixels. <\/span><\/p><p><b>PADRONIZA\u00c7\u00c3O DA FONTE\/COR PARA T\u00cdTULOS <\/b><\/p><p><span style=\"font-weight: 400\">O t\u00edtulo possui automaticamente o tamanho de 18px, sob a \u00a0cor de c\u00f3digo #015a87.<\/span><\/p><p><b>N\u00daMERO DE CARACTERES PARA T\u00cdTULOS<\/b><\/p><p><span style=\"font-weight: 400\">Para uma melhor visualiza\u00e7\u00e3o das not\u00edcias no portal geral da UFSM, atrav\u00e9s dos destaques, orienta-se que o t\u00edtulo da not\u00edcia n\u00e3o ultrapasse 150 caracteres.<\/span><\/p>\t\t\t\t\t\t<\/div>\n\t\t\t\t<\/div>\n\t\t\t\t\t<\/div>\n\t\t<\/div>\n\t\t\t\t\t<\/div>\n\t\t<\/section>\n\t\t\t\t<section class=\"elementor-section elementor-top-section elementor-element elementor-element-374f77d elementor-section-boxed elementor-section-height-default elementor-section-height-default\" data-id=\"374f77d\" data-element_type=\"section\">\n\t\t\t\t\t\t<div class=\"elementor-container elementor-column-gap-default\">\n\t\t\t\t\t<div class=\"elementor-column elementor-col-100 elementor-top-column elementor-element elementor-element-caca264\" data-id=\"caca264\" data-element_type=\"column\">\n\t\t\t<div class=\"elementor-widget-wrap elementor-element-populated\">\n\t\t\t\t\t\t<div class=\"elementor-element elementor-element-bb65f0b elementor-widget elementor-widget-text-editor\" data-id=\"bb65f0b\" data-element_type=\"widget\" data-widget_type=\"text-editor.default\">\n\t\t\t\t<div class=\"elementor-widget-container\">\n\t\t\t\t\t\t\t<p><b>PADRONIZA\u00c7\u00c3O DA FONTE\/COR PARA CONTE\u00daDOS EM CORPO DE TEXTO<\/b><\/p><p><span style=\"font-weight: 400\">A fonte padronizada para os s\u00edtios da UFSM \u00e9 a Open Sans, tamanho 12px, cor #000000.<\/span><\/p><p><b>CORES DOS LINKS NO CORPO DO TEXTO<\/b><\/p><p><span style=\"font-weight: 400\">A cor utilizada para destacar os links no corpo do texto se refere ao c\u00f3digo\u00a0<\/span>#0a6cff<span style=\"font-size: 1.1em\">, 12px, Open Sans.<\/span><\/p>\t\t\t\t\t\t<\/div>\n\t\t\t\t<\/div>\n\t\t\t\t\t<\/div>\n\t\t<\/div>\n\t\t\t\t\t<\/div>\n\t\t<\/section>\n\t\t\t\t<section class=\"elementor-section elementor-top-section elementor-element elementor-element-d88a5e8 elementor-section-boxed elementor-section-height-default elementor-section-height-default\" data-id=\"d88a5e8\" data-element_type=\"section\">\n\t\t\t\t\t\t<div class=\"elementor-container elementor-column-gap-default\">\n\t\t\t\t\t<div class=\"elementor-column elementor-col-100 elementor-top-column elementor-element elementor-element-6be09ec\" data-id=\"6be09ec\" data-element_type=\"column\">\n\t\t\t<div class=\"elementor-widget-wrap elementor-element-populated\">\n\t\t\t\t\t\t<div class=\"elementor-element elementor-element-72d011e elementor-widget elementor-widget-text-editor\" data-id=\"72d011e\" data-element_type=\"widget\" data-widget_type=\"text-editor.default\">\n\t\t\t\t<div class=\"elementor-widget-container\">\n\t\t\t\t\t\t\t<p><b>CORES PADR\u00c3O PARA BOT\u00d5ES, TABELAS, DESTAQUES<\/b><\/p>\t\t\t\t\t\t<\/div>\n\t\t\t\t<\/div>\n\t\t\t\t\t<\/div>\n\t\t<\/div>\n\t\t\t\t\t<\/div>\n\t\t<\/section>\n\t\t\t\t<section class=\"elementor-section elementor-top-section elementor-element elementor-element-26fd864 elementor-section-boxed elementor-section-height-default elementor-section-height-default\" data-id=\"26fd864\" data-element_type=\"section\">\n\t\t\t\t\t\t<div class=\"elementor-container elementor-column-gap-default\">\n\t\t\t\t\t<div class=\"elementor-column elementor-col-100 elementor-top-column elementor-element elementor-element-778647c\" data-id=\"778647c\" data-element_type=\"column\">\n\t\t\t<div class=\"elementor-widget-wrap elementor-element-populated\">\n\t\t\t\t\t\t<div class=\"elementor-element elementor-element-e3ef1c2 elementor-widget elementor-widget-image\" data-id=\"e3ef1c2\" data-element_type=\"widget\" data-widget_type=\"image.default\">\n\t\t\t\t<div class=\"elementor-widget-container\">\n\t\t\t\t\t\t\t\t\t\t\t\t\t<img decoding=\"async\" width=\"768\" height=\"578\" src=\"https:\/\/www.ufsm.br\/app\/uploads\/sites\/415\/2019\/05\/AbYllYw-768x578.png\" class=\"attachment-medium_large size-medium_large wp-image-484\" alt=\"\" srcset=\"https:\/\/www.ufsm.br\/app\/uploads\/sites\/415\/2019\/05\/AbYllYw-768x578.png 768w, https:\/\/www.ufsm.br\/app\/uploads\/sites\/415\/2019\/05\/AbYllYw-300x226.png 300w, https:\/\/www.ufsm.br\/app\/uploads\/sites\/415\/2019\/05\/AbYllYw.png 1021w\" sizes=\"(max-width: 768px) 100vw, 768px\" \/>\t\t\t\t\t\t\t\t\t\t\t\t\t<\/div>\n\t\t\t\t<\/div>\n\t\t\t\t\t<\/div>\n\t\t<\/div>\n\t\t\t\t\t<\/div>\n\t\t<\/section>\n\t\t\t\t<section class=\"elementor-section elementor-top-section elementor-element elementor-element-41f902a elementor-section-boxed elementor-section-height-default elementor-section-height-default\" data-id=\"41f902a\" data-element_type=\"section\">\n\t\t\t\t\t\t<div class=\"elementor-container elementor-column-gap-default\">\n\t\t\t\t\t<div class=\"elementor-column elementor-col-100 elementor-top-column elementor-element elementor-element-8927975\" data-id=\"8927975\" data-element_type=\"column\">\n\t\t\t<div class=\"elementor-widget-wrap elementor-element-populated\">\n\t\t\t\t\t\t<div class=\"elementor-element elementor-element-4f2f51c elementor-widget elementor-widget-text-editor\" data-id=\"4f2f51c\" data-element_type=\"widget\" data-widget_type=\"text-editor.default\">\n\t\t\t\t<div class=\"elementor-widget-container\">\n\t\t\t\t\t\t\t<p><b>PADRONIZA\u00c7\u00c3O DOS \u00cdCONES <\/b><\/p>\n<p><span style=\"font-weight: 400\">Orienta-se que os \u00edcones sejam padronizados por tem\u00e1tica em todos os s\u00edtios da UFSM. Exemplo: o \u00edcone utilizado para \u201ceditais\u201d na capa do portal geral deve ser o mesmo utilizado para \u201ceditais\u201d dentro do s\u00edtio das Pr\u00f3-Reitorias. A quantidade de \u00edcones depende de sua diagrama\u00e7\u00e3o. <br><\/span><\/p><p><span style=\"font-weight: 400\">Orienta-se que as colunas e as linhas com \u00edcones sejam alinhadas, sem que haja espa\u00e7os em branco. Os espa\u00e7os em branco prejudicam a acessibilidade do site. Confira os exemplos abaixo.<\/span><\/p>\t\t\t\t\t\t<\/div>\n\t\t\t\t<\/div>\n\t\t\t\t\t<\/div>\n\t\t<\/div>\n\t\t\t\t\t<\/div>\n\t\t<\/section>\n\t\t\t\t<section class=\"elementor-section elementor-top-section elementor-element elementor-element-0f46dc9 elementor-section-boxed elementor-section-height-default elementor-section-height-default\" data-id=\"0f46dc9\" data-element_type=\"section\">\n\t\t\t\t\t\t<div class=\"elementor-container elementor-column-gap-default\">\n\t\t\t\t\t<div class=\"elementor-column elementor-col-50 elementor-top-column elementor-element elementor-element-410d832\" data-id=\"410d832\" data-element_type=\"column\">\n\t\t\t<div class=\"elementor-widget-wrap elementor-element-populated\">\n\t\t\t\t\t\t<div class=\"elementor-element elementor-element-434b1ba elementor-widget elementor-widget-image\" data-id=\"434b1ba\" data-element_type=\"widget\" data-widget_type=\"image.default\">\n\t\t\t\t<div class=\"elementor-widget-container\">\n\t\t\t\t\t\t\t\t\t\t\t\t\t<img decoding=\"async\" width=\"912\" height=\"519\" src=\"https:\/\/www.ufsm.br\/app\/uploads\/sites\/415\/2018\/11\/44536638_355078231928621_2594163579678621696_n.png\" class=\"attachment-large size-large wp-image-395\" alt=\"\" srcset=\"https:\/\/www.ufsm.br\/app\/uploads\/sites\/415\/2018\/11\/44536638_355078231928621_2594163579678621696_n.png 912w, https:\/\/www.ufsm.br\/app\/uploads\/sites\/415\/2018\/11\/44536638_355078231928621_2594163579678621696_n-300x171.png 300w, https:\/\/www.ufsm.br\/app\/uploads\/sites\/415\/2018\/11\/44536638_355078231928621_2594163579678621696_n-768x437.png 768w\" sizes=\"(max-width: 912px) 100vw, 912px\" \/>\t\t\t\t\t\t\t\t\t\t\t\t\t<\/div>\n\t\t\t\t<\/div>\n\t\t\t\t\t<\/div>\n\t\t<\/div>\n\t\t\t\t<div class=\"elementor-column elementor-col-50 elementor-top-column elementor-element elementor-element-d96b99a\" data-id=\"d96b99a\" data-element_type=\"column\">\n\t\t\t<div class=\"elementor-widget-wrap elementor-element-populated\">\n\t\t\t\t\t\t<div class=\"elementor-element elementor-element-0c57135 elementor-widget elementor-widget-image\" data-id=\"0c57135\" data-element_type=\"widget\" data-widget_type=\"image.default\">\n\t\t\t\t<div class=\"elementor-widget-container\">\n\t\t\t\t\t\t\t\t\t\t\t\t\t<img loading=\"lazy\" decoding=\"async\" width=\"1024\" height=\"282\" src=\"https:\/\/www.ufsm.br\/app\/uploads\/sites\/415\/2018\/11\/44643456_2175064816048099_8051499839457853440_n-1024x282.png\" class=\"attachment-large size-large wp-image-394\" alt=\"\" srcset=\"https:\/\/www.ufsm.br\/app\/uploads\/sites\/415\/2018\/11\/44643456_2175064816048099_8051499839457853440_n-1024x282.png 1024w, https:\/\/www.ufsm.br\/app\/uploads\/sites\/415\/2018\/11\/44643456_2175064816048099_8051499839457853440_n-300x83.png 300w, https:\/\/www.ufsm.br\/app\/uploads\/sites\/415\/2018\/11\/44643456_2175064816048099_8051499839457853440_n-768x211.png 768w, https:\/\/www.ufsm.br\/app\/uploads\/sites\/415\/2018\/11\/44643456_2175064816048099_8051499839457853440_n.png 1068w\" sizes=\"(max-width: 1024px) 100vw, 1024px\" \/>\t\t\t\t\t\t\t\t\t\t\t\t\t<\/div>\n\t\t\t\t<\/div>\n\t\t\t\t\t<\/div>\n\t\t<\/div>\n\t\t\t\t\t<\/div>\n\t\t<\/section>\n\t\t\t\t<\/div>\n\t\t","protected":false},"excerpt":{"rendered":"<p>TAMANHO DAS IMAGENS DOS BANNERS A imagem escolhida deve estar em formato JPG, GIF ou PNG e ter no m\u00e1ximo 2MB. A dimens\u00e3o recomendada \u00e9 de 1024&#215;270 pixels. TAMANHO DAS IMAGENS NAS NOT\u00cdCIAS As imagens\/fotografias das not\u00edcias devem ter qualidade m\u00ednima de 150&#215;200 pixels, em JPG ou PNG. CORES DOS \u00cdCONES As cores de todos [&hellip;]<\/p>\n","protected":false},"author":201,"featured_media":0,"parent":0,"menu_order":0,"comment_status":"closed","ping_status":"closed","template":"","meta":{"footnotes":""},"categories":[],"tags":[],"class_list":["post-355","page","type-page","status-publish","hentry"],"acf":[],"_links":{"self":[{"href":"https:\/\/www.ufsm.br\/orgaos-suplementares\/cpd\/sitios\/wp-json\/wp\/v2\/pages\/355","targetHints":{"allow":["GET"]}}],"collection":[{"href":"https:\/\/www.ufsm.br\/orgaos-suplementares\/cpd\/sitios\/wp-json\/wp\/v2\/pages"}],"about":[{"href":"https:\/\/www.ufsm.br\/orgaos-suplementares\/cpd\/sitios\/wp-json\/wp\/v2\/types\/page"}],"author":[{"embeddable":true,"href":"https:\/\/www.ufsm.br\/orgaos-suplementares\/cpd\/sitios\/wp-json\/wp\/v2\/users\/201"}],"replies":[{"embeddable":true,"href":"https:\/\/www.ufsm.br\/orgaos-suplementares\/cpd\/sitios\/wp-json\/wp\/v2\/comments?post=355"}],"version-history":[{"count":0,"href":"https:\/\/www.ufsm.br\/orgaos-suplementares\/cpd\/sitios\/wp-json\/wp\/v2\/pages\/355\/revisions"}],"wp:attachment":[{"href":"https:\/\/www.ufsm.br\/orgaos-suplementares\/cpd\/sitios\/wp-json\/wp\/v2\/media?parent=355"}],"wp:term":[{"taxonomy":"category","embeddable":true,"href":"https:\/\/www.ufsm.br\/orgaos-suplementares\/cpd\/sitios\/wp-json\/wp\/v2\/categories?post=355"},{"taxonomy":"post_tag","embeddable":true,"href":"https:\/\/www.ufsm.br\/orgaos-suplementares\/cpd\/sitios\/wp-json\/wp\/v2\/tags?post=355"}],"curies":[{"name":"wp","href":"https:\/\/api.w.org\/{rel}","templated":true}]}}