{"id":356,"date":"2018-10-30T16:54:13","date_gmt":"2018-10-30T19:54:13","guid":{"rendered":"https:\/\/www.ufsm.br\/orgaos-suplementares\/cpd\/sitios\/?page_id=356"},"modified":"2021-01-27T14:49:04","modified_gmt":"2021-01-27T17:49:04","slug":"dicas-de-producao-de-conteudo","status":"publish","type":"page","link":"https:\/\/www.ufsm.br\/orgaos-suplementares\/cpd\/sitios\/dicas-de-producao-de-conteudo","title":{"rendered":"Dicas de Produ\u00e7\u00e3o de Conte\u00fado"},"content":{"rendered":"\t\t<div data-elementor-type=\"wp-post\" data-elementor-id=\"356\" class=\"elementor elementor-356\">\n\t\t\t\t\t\t<section class=\"elementor-section elementor-top-section elementor-element elementor-element-1cf9a05 elementor-section-boxed elementor-section-height-default elementor-section-height-default\" data-id=\"1cf9a05\" data-element_type=\"section\">\n\t\t\t\t\t\t<div class=\"elementor-container elementor-column-gap-default\">\n\t\t\t\t\t<div class=\"elementor-column elementor-col-100 elementor-top-column elementor-element elementor-element-3d4503b\" data-id=\"3d4503b\" data-element_type=\"column\">\n\t\t\t<div class=\"elementor-widget-wrap elementor-element-populated\">\n\t\t\t\t\t\t<div class=\"elementor-element elementor-element-777a032 elementor-widget elementor-widget-text-editor\" data-id=\"777a032\" data-element_type=\"widget\" data-widget_type=\"text-editor.default\">\n\t\t\t\t<div class=\"elementor-widget-container\">\n\t\t\t\t\t\t\t<p><span style=\"font-weight: 400;color: #000000\">-Seja claro, direto e objetivo na constru\u00e7\u00e3o do texto. Sempre que poss\u00edvel, responda \u00e0s quest\u00f5es b\u00e1sicas (Quem? O qu\u00ea? Quando? Onde? Por qu\u00ea? Como?);<\/span><\/p>\n<p><span style=\"font-weight: 400;color: #000000\">-Pense com a cabe\u00e7a do leitor. \u201cComo seria mais f\u00e1cil achar esse conte\u00fado?\u201d;<\/span><\/p>\n<p><span style=\"font-weight: 400;color: #000000\">-Nos t\u00edtulos, use uma frase com verbo (n\u00e3o apenas o nome de um documento, por exemplo) e n\u00e3o escreva tudo em letras mai\u00fasculas;<\/span><\/p>\n<p><span style=\"font-weight: 400;color: #000000\">&#8211; Preserve o interesse p\u00fablico nos textos e nas imagens. Assim, evite a personaliza\u00e7\u00e3o.<\/span><\/p>\n<p><span style=\"font-weight: 400;color: #000000\">-Procure usar fotos com boa resolu\u00e7\u00e3o, que n\u00e3o fiquem pixeladas e que estejam de acordo com o assunto. Nas not\u00edcias, as fotos devem ter motivo para estarem ali ou s\u00e3o dispens\u00e1veis. Use preferencialmente imagens com 150 dpi em JPEG.<\/span><\/p>\n<p><span style=\"color: #000000\"><span style=\"font-weight: 400\">-Para a caixa de not\u00edcias no miolo, \u00e9 poss\u00edvel configurar um filtro por <\/span><i><span style=\"font-weight: 400\">TAGs<\/span><\/i><span style=\"font-weight: 400\"> (etiquetas de conte\u00fado). Assim, o setor pode, al\u00e9m de not\u00edcias pr\u00f3prias, disponibilizar not\u00edcias de outros sites que julguem pertinentes ao seu espa\u00e7o. &nbsp;<\/span><\/span><\/p>\n<p><span style=\"color: #000000\"><b><i>#CuidadoComAsTags<\/i><\/b><\/span><\/p>\n<p><span style=\"color: #000000\"><i><span style=\"font-weight: 400\">Tags <\/span><\/i><span style=\"font-weight: 400\">s\u00e3o palavras-chaves que ajudam a relacionar conte\u00fados e facilitam a busca do usu\u00e1rio quando selecionadas. Al\u00e9m de termos simples, siglas e express\u00f5es podem ser utilizadas como <\/span><i><span style=\"font-weight: 400\">tags<\/span><\/i><span style=\"font-weight: 400\">, pois re\u00fanem de melhor forma textos e imagens espec\u00edficas de um assunto.<\/span><\/span><\/p>\n<p><span style=\"color: #000000\"><span style=\"font-weight: 400\">Para as <\/span><i><span style=\"font-weight: 400\">tags <\/span><\/i><span style=\"font-weight: 400\">em not\u00edcias no site da UFSM, <span style=\"color: #000000\">sugerem-se os seguintes procedimentos:<\/span><\/span><\/span><\/p>\n<p><span style=\"font-weight: 400;color: #000000\">-Coloque de 3 a 5 tags;<\/span><\/p>\n<p><span style=\"color: #000000\"><span style=\"font-weight: 400\">-Escolha pelo menos uma <\/span><i><span style=\"font-weight: 400\">tag <\/span><\/i><span style=\"font-weight: 400\">associada \u00e0 <\/span><b>categoria<\/b><span style=\"font-weight: 400\"> da not\u00edcia (ex: Esporte, Ensino, Pesquisa, Extens\u00e3o) <\/span><\/span><\/p>\n<p><span style=\"color: #000000\"><span style=\"font-weight: 400\">-Selecione <\/span><i><span style=\"font-weight: 400\">tags <\/span><\/i><span style=\"font-weight: 400\">relacionadas com os principais <\/span><b>setores<\/b><span style=\"font-weight: 400\"> mencionados na not\u00edcia (ex.: Progep, CCSH);<\/span><\/span><\/p>\n<p><span style=\"color: #000000\"><span style=\"font-weight: 400\">-Utilize <\/span><b><i>tags <\/i><\/b><b>espec\u00edficas <\/b><span style=\"font-weight: 400\">que contemplem o assunto principal da not\u00edcia (ex.: SiSu, Calourada). As tags espec\u00edficas podem vincular a not\u00edcia a uma p\u00e1gina de Evento ou de Grupo Acad\u00eamico.<br><\/span><\/span><\/p>\n<p><span style=\"color: #000000\"><span style=\"font-weight: 400\">-N\u00e3o use <\/span><i><span style=\"font-weight: 400\">tags <\/span><\/i><span style=\"font-weight: 400\">gen\u00e9ricas, pois trar\u00e3o conte\u00fados com pouca ou nenhuma rela\u00e7\u00e3o com o que voc\u00ea publicou. Exemplo: Quase todas as not\u00edcias da Universidade s\u00e3o sobre ensino superior. Por isso, a <\/span><i><span style=\"font-weight: 400\">tag <\/span><\/i><span style=\"font-weight: 400\">\u2018<\/span><b>ensino superior<\/b><span style=\"font-weight: 400\">\u2019 n\u00e3o contribui para a busca de conte\u00fados espec\u00edficos.<\/span><\/span><\/p>\t\t\t\t\t\t<\/div>\n\t\t\t\t<\/div>\n\t\t\t\t\t<\/div>\n\t\t<\/div>\n\t\t\t\t\t<\/div>\n\t\t<\/section>\n\t\t\t\t<\/div>\n\t\t","protected":false},"excerpt":{"rendered":"<p>-Seja claro, direto e objetivo na constru\u00e7\u00e3o do texto. Sempre que poss\u00edvel, responda \u00e0s quest\u00f5es b\u00e1sicas (Quem? O qu\u00ea? Quando? Onde? Por qu\u00ea? Como?); -Pense com a cabe\u00e7a do leitor. \u201cComo seria mais f\u00e1cil achar esse conte\u00fado?\u201d; -Nos t\u00edtulos, use uma frase com verbo (n\u00e3o apenas o nome de um documento, por exemplo) e n\u00e3o [&hellip;]<\/p>\n","protected":false},"author":201,"featured_media":0,"parent":0,"menu_order":0,"comment_status":"closed","ping_status":"closed","template":"","meta":{"footnotes":""},"categories":[],"tags":[],"class_list":["post-356","page","type-page","status-publish","hentry"],"acf":[],"_links":{"self":[{"href":"https:\/\/www.ufsm.br\/orgaos-suplementares\/cpd\/sitios\/wp-json\/wp\/v2\/pages\/356","targetHints":{"allow":["GET"]}}],"collection":[{"href":"https:\/\/www.ufsm.br\/orgaos-suplementares\/cpd\/sitios\/wp-json\/wp\/v2\/pages"}],"about":[{"href":"https:\/\/www.ufsm.br\/orgaos-suplementares\/cpd\/sitios\/wp-json\/wp\/v2\/types\/page"}],"author":[{"embeddable":true,"href":"https:\/\/www.ufsm.br\/orgaos-suplementares\/cpd\/sitios\/wp-json\/wp\/v2\/users\/201"}],"replies":[{"embeddable":true,"href":"https:\/\/www.ufsm.br\/orgaos-suplementares\/cpd\/sitios\/wp-json\/wp\/v2\/comments?post=356"}],"version-history":[{"count":0,"href":"https:\/\/www.ufsm.br\/orgaos-suplementares\/cpd\/sitios\/wp-json\/wp\/v2\/pages\/356\/revisions"}],"wp:attachment":[{"href":"https:\/\/www.ufsm.br\/orgaos-suplementares\/cpd\/sitios\/wp-json\/wp\/v2\/media?parent=356"}],"wp:term":[{"taxonomy":"category","embeddable":true,"href":"https:\/\/www.ufsm.br\/orgaos-suplementares\/cpd\/sitios\/wp-json\/wp\/v2\/categories?post=356"},{"taxonomy":"post_tag","embeddable":true,"href":"https:\/\/www.ufsm.br\/orgaos-suplementares\/cpd\/sitios\/wp-json\/wp\/v2\/tags?post=356"}],"curies":[{"name":"wp","href":"https:\/\/api.w.org\/{rel}","templated":true}]}}