{"id":791,"date":"2021-02-26T16:02:28","date_gmt":"2021-02-26T19:02:28","guid":{"rendered":"https:\/\/www.ufsm.br\/orgaos-suplementares\/cpd\/sitios\/?page_id=791"},"modified":"2021-03-17T14:29:18","modified_gmt":"2021-03-17T17:29:18","slug":"laboratorios","status":"publish","type":"page","link":"https:\/\/www.ufsm.br\/orgaos-suplementares\/cpd\/sitios\/laboratorios","title":{"rendered":"Laborat\u00f3rios"},"content":{"rendered":"\t\t<div data-elementor-type=\"wp-page\" data-elementor-id=\"791\" class=\"elementor elementor-791\">\n\t\t\t\t\t\t<section class=\"elementor-section elementor-top-section elementor-element elementor-element-06e1aeb elementor-section-boxed elementor-section-height-default elementor-section-height-default\" data-id=\"06e1aeb\" data-element_type=\"section\">\n\t\t\t\t\t\t<div class=\"elementor-container elementor-column-gap-default\">\n\t\t\t\t\t<div class=\"elementor-column elementor-col-16 elementor-top-column elementor-element elementor-element-714f181\" data-id=\"714f181\" data-element_type=\"column\">\n\t\t\t<div class=\"elementor-widget-wrap\">\n\t\t\t\t\t\t\t<\/div>\n\t\t<\/div>\n\t\t\t\t<div class=\"elementor-column elementor-col-66 elementor-top-column elementor-element elementor-element-f4a5970\" data-id=\"f4a5970\" data-element_type=\"column\">\n\t\t\t<div class=\"elementor-widget-wrap elementor-element-populated\">\n\t\t\t\t\t\t<div class=\"elementor-element elementor-element-c199c28 elementor-widget elementor-widget-text-editor\" data-id=\"c199c28\" data-element_type=\"widget\" data-widget_type=\"text-editor.default\">\n\t\t\t\t<div class=\"elementor-widget-container\">\n\t\t\t\t\t\t\t<p>Esta p\u00e1gina apresenta uma lista de Menus indicados para s\u00edtios de laborat\u00f3rios, de forma a servir de refer\u00eancia para uma organiza\u00e7\u00e3o base que garanta um n\u00edvel m\u00ednimo de familiaridade aos usu\u00e1rios da institui\u00e7\u00e3o.<\/p><p>Adicionalmente tamb\u00e9m s\u00e3o apresentadas informa\u00e7\u00f5es sobre menus inclu\u00eddos de forma autom\u00e1tica, seus objetivos, a origem da informa\u00e7\u00e3o e a possibilidade de sobrescrever o conte\u00fado.<\/p>\t\t\t\t\t\t<\/div>\n\t\t\t\t<\/div>\n\t\t\t\t\t<\/div>\n\t\t<\/div>\n\t\t\t\t<div class=\"elementor-column elementor-col-16 elementor-top-column elementor-element elementor-element-078a2a6\" data-id=\"078a2a6\" data-element_type=\"column\">\n\t\t\t<div class=\"elementor-widget-wrap\">\n\t\t\t\t\t\t\t<\/div>\n\t\t<\/div>\n\t\t\t\t\t<\/div>\n\t\t<\/section>\n\t\t\t\t<section class=\"elementor-section elementor-top-section elementor-element elementor-element-8527e77 elementor-section-boxed elementor-section-height-default elementor-section-height-default\" data-id=\"8527e77\" data-element_type=\"section\">\n\t\t\t\t\t\t<div class=\"elementor-container elementor-column-gap-default\">\n\t\t\t\t\t<div class=\"elementor-column elementor-col-100 elementor-top-column elementor-element elementor-element-6337277\" data-id=\"6337277\" data-element_type=\"column\">\n\t\t\t<div class=\"elementor-widget-wrap elementor-element-populated\">\n\t\t\t\t\t\t<div class=\"elementor-element elementor-element-7f2a2f3 elementor-widget elementor-widget-heading\" data-id=\"7f2a2f3\" data-element_type=\"widget\" data-widget_type=\"heading.default\">\n\t\t\t\t<div class=\"elementor-widget-container\">\n\t\t\t<h2 class=\"elementor-heading-title elementor-size-default\">Menu de Acesso R\u00e1pido<\/h2>\t\t<\/div>\n\t\t\t\t<\/div>\n\t\t\t\t\t<\/div>\n\t\t<\/div>\n\t\t\t\t\t<\/div>\n\t\t<\/section>\n\t\t\t\t<section class=\"elementor-section elementor-top-section elementor-element elementor-element-d906d3e elementor-section-boxed elementor-section-height-default elementor-section-height-default\" data-id=\"d906d3e\" data-element_type=\"section\">\n\t\t\t\t\t\t<div class=\"elementor-container elementor-column-gap-default\">\n\t\t\t\t\t<div class=\"elementor-column elementor-col-16 elementor-top-column elementor-element elementor-element-9c03fed\" data-id=\"9c03fed\" data-element_type=\"column\">\n\t\t\t<div class=\"elementor-widget-wrap\">\n\t\t\t\t\t\t\t<\/div>\n\t\t<\/div>\n\t\t\t\t<div class=\"elementor-column elementor-col-66 elementor-top-column elementor-element elementor-element-d565af2\" data-id=\"d565af2\" data-element_type=\"column\">\n\t\t\t<div class=\"elementor-widget-wrap elementor-element-populated\">\n\t\t\t\t\t\t<div class=\"elementor-element elementor-element-e603b75 elementor-widget elementor-widget-text-editor\" data-id=\"e603b75\" data-element_type=\"widget\" data-widget_type=\"text-editor.default\">\n\t\t\t\t<div class=\"elementor-widget-container\">\n\t\t\t\t\t\t\t<ul><li><strong>Contato<\/strong><ul><li>Dados de contato de unidades como a coordena\u00e7\u00e3o e a secretaria, bem como outros que possam ser de utilidade para a comunidade.<\/li><\/ul><\/li><li><strong><a href=\"https:\/\/www.ufsm.br\/orgaos-suplementares\/cpd\/sitios\/2018\/11\/15\/editais\/\">Editais<\/a><\/strong><ul><li>\u00a0Link para a Busca ou p\u00e1gina personalizada que contenha informa\u00e7\u00f5es sobre editais relacionados ao projeto.<\/li><\/ul><\/li><li><strong>Links \u00dateis<\/strong><ul><li>P\u00e1gina contendo links relevantes \u00e0 comunidade alvo do laborat\u00f3rio.<\/li><\/ul><\/li><li><strong>Link de destaque<\/strong><ul><li>Uma forma de acesso r\u00e1pido para t\u00f3picos de interesse como: evento, conselhos, sindicato.<\/li><\/ul><\/li><li><strong>Gestores do S\u00edtio<\/strong><ul><li>Apresenta os atuais respons\u00e1veis pelo conte\u00fado do s\u00edtio ao listar todos os usu\u00e1rios administradores. Tamb\u00e9m informa a lista de coordenadores, coordenadores substitutos e secret\u00e1rios dos cursos vinculados ao s\u00edtio.<br \/><em>Este menu \u00e9 inclu\u00eddo de forma autom\u00e1tica e n\u00e3o pode ser removido.<\/em><\/li><\/ul><\/li><\/ul>\t\t\t\t\t\t<\/div>\n\t\t\t\t<\/div>\n\t\t\t\t\t<\/div>\n\t\t<\/div>\n\t\t\t\t<div class=\"elementor-column elementor-col-16 elementor-top-column elementor-element elementor-element-613aa8a\" data-id=\"613aa8a\" data-element_type=\"column\">\n\t\t\t<div class=\"elementor-widget-wrap\">\n\t\t\t\t\t\t\t<\/div>\n\t\t<\/div>\n\t\t\t\t\t<\/div>\n\t\t<\/section>\n\t\t\t\t<section class=\"elementor-section elementor-top-section elementor-element elementor-element-b4035b5 elementor-section-boxed elementor-section-height-default elementor-section-height-default\" data-id=\"b4035b5\" data-element_type=\"section\">\n\t\t\t\t\t\t<div class=\"elementor-container elementor-column-gap-default\">\n\t\t\t\t\t<div class=\"elementor-column elementor-col-100 elementor-top-column elementor-element elementor-element-7aff0d6\" data-id=\"7aff0d6\" data-element_type=\"column\">\n\t\t\t<div class=\"elementor-widget-wrap elementor-element-populated\">\n\t\t\t\t\t\t<div class=\"elementor-element elementor-element-3fae309 elementor-widget elementor-widget-heading\" data-id=\"3fae309\" data-element_type=\"widget\" data-widget_type=\"heading.default\">\n\t\t\t\t<div class=\"elementor-widget-container\">\n\t\t\t<h2 class=\"elementor-heading-title elementor-size-default\">Menu Principal<\/h2>\t\t<\/div>\n\t\t\t\t<\/div>\n\t\t\t\t\t<\/div>\n\t\t<\/div>\n\t\t\t\t\t<\/div>\n\t\t<\/section>\n\t\t\t\t<section class=\"elementor-section elementor-top-section elementor-element elementor-element-a7fc8c8 elementor-section-boxed elementor-section-height-default elementor-section-height-default\" data-id=\"a7fc8c8\" data-element_type=\"section\">\n\t\t\t\t\t\t<div class=\"elementor-container elementor-column-gap-default\">\n\t\t\t\t\t<div class=\"elementor-column elementor-col-16 elementor-top-column elementor-element elementor-element-eb7ba92\" data-id=\"eb7ba92\" data-element_type=\"column\">\n\t\t\t<div class=\"elementor-widget-wrap\">\n\t\t\t\t\t\t\t<\/div>\n\t\t<\/div>\n\t\t\t\t<div class=\"elementor-column elementor-col-66 elementor-top-column elementor-element elementor-element-ed5c174\" data-id=\"ed5c174\" data-element_type=\"column\">\n\t\t\t<div class=\"elementor-widget-wrap elementor-element-populated\">\n\t\t\t\t\t\t<div class=\"elementor-element elementor-element-0dd3b21 elementor-widget elementor-widget-text-editor\" data-id=\"0dd3b21\" data-element_type=\"widget\" data-widget_type=\"text-editor.default\">\n\t\t\t\t<div class=\"elementor-widget-container\">\n\t\t\t\t\t\t\t<h3>Estrutura<\/h3><p><em>Este \u00e9 um menu que agrupa alguns itens exibidos de forma autom\u00e1tica, n\u00e3o \u00e9 poss\u00edvel remov\u00ea-lo.<\/em><\/p><p>Para adicionar novos itens a este menu basta que crie um menu raiz (que n\u00e3o seja filho de outro) com o nome &#8220;<code>Estrutura<\/code>&#8220;, e ap\u00f3s adicionar os novos itens como filhos deste. Esses itens ser\u00e3o exibidos\u00a0<em>ap\u00f3s<\/em> os itens listados abaixo.<\/p><ul><li><strong>Sobre<\/strong><ul><li>Destina-se a exibi\u00e7\u00e3o de informa\u00e7\u00f5es b\u00e1sicas \u00e0 respeito do Laborat\u00f3rio.<\/li><li><em>A p\u00e1gina deve ser criada com o <\/em>slug<em> (final do link) &#8220;<code>informacoes-gerais<\/code>&#8220;<\/em>.<\/li><li>Esta p\u00e1gina \u00e9 usualmente criada pelo CPD durante a cria\u00e7\u00e3o do S\u00edtio.<\/li><\/ul><\/li><li><strong>Equipe<\/strong><ul><li>Destina-se a exibi\u00e7\u00e3o de informa\u00e7\u00f5es relacionadas \u00e0 equipe do laborat\u00f3rio, sejam servidores, alunos ou outros indiv\u00edduos relacionados.<\/li><li><em>A p\u00e1gina deve ser criado com o <\/em>slug<em> (final do link) &#8220;<code>equipe<\/code>&#8220;<\/em>.<\/li><li>Esta p\u00e1gina \u00e9 usualmente criada pelo CPD durante a cria\u00e7\u00e3o do S\u00edtio.<\/li><\/ul><\/li><\/ul>\t\t\t\t\t\t<\/div>\n\t\t\t\t<\/div>\n\t\t\t\t\t<\/div>\n\t\t<\/div>\n\t\t\t\t<div class=\"elementor-column elementor-col-16 elementor-top-column elementor-element elementor-element-b40e3ca\" data-id=\"b40e3ca\" data-element_type=\"column\">\n\t\t\t<div class=\"elementor-widget-wrap\">\n\t\t\t\t\t\t\t<\/div>\n\t\t<\/div>\n\t\t\t\t\t<\/div>\n\t\t<\/section>\n\t\t\t\t<section class=\"elementor-section elementor-top-section elementor-element elementor-element-6198689 elementor-section-boxed elementor-section-height-default elementor-section-height-default\" data-id=\"6198689\" data-element_type=\"section\">\n\t\t\t\t\t\t<div class=\"elementor-container elementor-column-gap-default\">\n\t\t\t\t\t<div class=\"elementor-column elementor-col-16 elementor-top-column elementor-element elementor-element-a8c440a\" data-id=\"a8c440a\" data-element_type=\"column\">\n\t\t\t<div class=\"elementor-widget-wrap\">\n\t\t\t\t\t\t\t<\/div>\n\t\t<\/div>\n\t\t\t\t<div class=\"elementor-column elementor-col-66 elementor-top-column elementor-element elementor-element-578c7d3\" data-id=\"578c7d3\" data-element_type=\"column\">\n\t\t\t<div class=\"elementor-widget-wrap elementor-element-populated\">\n\t\t\t\t\t\t<div class=\"elementor-element elementor-element-77978f1 elementor-widget elementor-widget-text-editor\" data-id=\"77978f1\" data-element_type=\"widget\" data-widget_type=\"text-editor.default\">\n\t\t\t\t<div class=\"elementor-widget-container\">\n\t\t\t\t\t\t\t<h3>Ensino, Pesquisa e Extens\u00e3o<\/h3>\n<p><em>Este \u00e9 um menu que agrupa alguns itens exibidos de forma autom\u00e1tica, ele s\u00f3 ser\u00e1 exibido quando houver no m\u00ednimo um item filho sendo exibido.<\/em><\/p>\n<p>Para adicionar novos itens a este menu basta que crie um menu raiz (que n\u00e3o seja filho de outro) com o nome &#8220;<code>Ensino, Pesquisa e Extens\u00e3o<\/code>&#8220;, e ap\u00f3s adicionar os novos itens como filhos deste. Esses itens ser\u00e3o exibidos&nbsp;<em>ap\u00f3s<\/em> os itens listados abaixo.<\/p>\n<ul>\n<li><strong>Projetos<\/strong>\n<ul>\n<li>Destina-se a exibi\u00e7\u00e3o de informa\u00e7\u00f5es \u00e0 respeito dos projetos executados por ou relacionados ao Laborat\u00f3rio.<\/li>\n<li><em>A p\u00e1gina deve ser criada com o <\/em>slug<em> (final do link) &#8220;<code>projetos<\/code>&#8220;<\/em>.<\/li>\n<li><em>Esta p\u00e1gina pode ser ocultada ao acessar as&nbsp; <code>Op\u00e7\u00f5es do Tema<\/code> (Painel Administrativo &gt;&nbsp; Apar\u00eancia &gt; Op\u00e7\u00f5es do Tema) e marcar a op\u00e7\u00e3o &#8220;<code>Ocultar Projetos<\/code>&#8220;<\/em>.<\/li>\n<li>Esta p\u00e1gina \u00e9 usualmente criada pelo CPD durante a cria\u00e7\u00e3o do S\u00edtio.<\/li>\n<\/ul>\n<\/li>\n<li><strong>Produ\u00e7\u00e3o Cient\u00edfica<\/strong>\n<ul>\n<li>Destina-se a exibi\u00e7\u00e3o de informa\u00e7\u00f5es relacionadas \u00e0s publica\u00e7\u00f5es de membros do Laborat\u00f3rio.<\/li>\n<li><em>A p\u00e1gina deve ser criada com o <\/em>slug<em> (final do link) &#8220;<code>producao-cientifica<\/code>&#8220;<\/em>.<\/li>\n<li><em>Esta p\u00e1gina pode ser ocultada ao acessar as&nbsp; <code>Op\u00e7\u00f5es do Tema<\/code> (Painel Administrativo &gt;&nbsp; Apar\u00eancia &gt; Op\u00e7\u00f5es do Tema) e marcar a op\u00e7\u00e3o &#8220;<code>Ocultar Produ\u00e7\u00e3o Cient\u00edfica<\/code>&#8220;<\/em>.<\/li>\n<li>Esta p\u00e1gina \u00e9 usualmente criada pelo CPD durante a cria\u00e7\u00e3o do S\u00edtio.<\/li>\n<\/ul>\n<\/li>\n<\/ul>\t\t\t\t\t\t<\/div>\n\t\t\t\t<\/div>\n\t\t\t\t\t<\/div>\n\t\t<\/div>\n\t\t\t\t<div class=\"elementor-column elementor-col-16 elementor-top-column elementor-element elementor-element-14f1606\" data-id=\"14f1606\" data-element_type=\"column\">\n\t\t\t<div class=\"elementor-widget-wrap\">\n\t\t\t\t\t\t\t<\/div>\n\t\t<\/div>\n\t\t\t\t\t<\/div>\n\t\t<\/section>\n\t\t\t\t<\/div>\n\t\t","protected":false},"excerpt":{"rendered":"<p>Esta p\u00e1gina apresenta uma lista de Menus indicados para s\u00edtios de laborat\u00f3rios, de forma a servir de refer\u00eancia para uma organiza\u00e7\u00e3o base que garanta um n\u00edvel m\u00ednimo de familiaridade aos usu\u00e1rios da institui\u00e7\u00e3o. Adicionalmente tamb\u00e9m s\u00e3o apresentadas informa\u00e7\u00f5es sobre menus inclu\u00eddos de forma autom\u00e1tica, seus objetivos, a origem da informa\u00e7\u00e3o e a possibilidade de sobrescrever [&hellip;]<\/p>\n","protected":false},"author":30,"featured_media":0,"parent":0,"menu_order":0,"comment_status":"closed","ping_status":"closed","template":"","meta":{"footnotes":""},"categories":[],"tags":[],"class_list":["post-791","page","type-page","status-publish","hentry"],"acf":[],"_links":{"self":[{"href":"https:\/\/www.ufsm.br\/orgaos-suplementares\/cpd\/sitios\/wp-json\/wp\/v2\/pages\/791","targetHints":{"allow":["GET"]}}],"collection":[{"href":"https:\/\/www.ufsm.br\/orgaos-suplementares\/cpd\/sitios\/wp-json\/wp\/v2\/pages"}],"about":[{"href":"https:\/\/www.ufsm.br\/orgaos-suplementares\/cpd\/sitios\/wp-json\/wp\/v2\/types\/page"}],"author":[{"embeddable":true,"href":"https:\/\/www.ufsm.br\/orgaos-suplementares\/cpd\/sitios\/wp-json\/wp\/v2\/users\/30"}],"replies":[{"embeddable":true,"href":"https:\/\/www.ufsm.br\/orgaos-suplementares\/cpd\/sitios\/wp-json\/wp\/v2\/comments?post=791"}],"version-history":[{"count":0,"href":"https:\/\/www.ufsm.br\/orgaos-suplementares\/cpd\/sitios\/wp-json\/wp\/v2\/pages\/791\/revisions"}],"wp:attachment":[{"href":"https:\/\/www.ufsm.br\/orgaos-suplementares\/cpd\/sitios\/wp-json\/wp\/v2\/media?parent=791"}],"wp:term":[{"taxonomy":"category","embeddable":true,"href":"https:\/\/www.ufsm.br\/orgaos-suplementares\/cpd\/sitios\/wp-json\/wp\/v2\/categories?post=791"},{"taxonomy":"post_tag","embeddable":true,"href":"https:\/\/www.ufsm.br\/orgaos-suplementares\/cpd\/sitios\/wp-json\/wp\/v2\/tags?post=791"}],"curies":[{"name":"wp","href":"https:\/\/api.w.org\/{rel}","templated":true}]}}