{"id":831,"date":"2021-03-16T15:47:45","date_gmt":"2021-03-16T18:47:45","guid":{"rendered":"https:\/\/www.ufsm.br\/orgaos-suplementares\/cpd\/sitios\/?page_id=831"},"modified":"2021-03-29T14:43:35","modified_gmt":"2021-03-29T17:43:35","slug":"calendario-de-defesas","status":"publish","type":"page","link":"https:\/\/www.ufsm.br\/orgaos-suplementares\/cpd\/sitios\/calendario-de-defesas","title":{"rendered":"Calend\u00e1rio de Defesas"},"content":{"rendered":"\t\t<div data-elementor-type=\"wp-page\" data-elementor-id=\"831\" class=\"elementor elementor-831\">\n\t\t\t\t\t\t<section class=\"elementor-section elementor-top-section elementor-element elementor-element-6b0af888 elementor-section-boxed elementor-section-height-default elementor-section-height-default\" data-id=\"6b0af888\" data-element_type=\"section\">\n\t\t\t\t\t\t<div class=\"elementor-container elementor-column-gap-default\">\n\t\t\t\t\t<div class=\"elementor-column elementor-col-100 elementor-top-column elementor-element elementor-element-1488ba76\" data-id=\"1488ba76\" data-element_type=\"column\">\n\t\t\t<div class=\"elementor-widget-wrap elementor-element-populated\">\n\t\t\t\t\t\t<div class=\"elementor-element elementor-element-5ebfdd2e elementor-widget elementor-widget-text-editor\" data-id=\"5ebfdd2e\" data-element_type=\"widget\" data-widget_type=\"text-editor.default\">\n\t\t\t\t<div class=\"elementor-widget-container\">\n\t\t\t\t\t\t\t<!-- wp:tadv\/classic-paragraph \/-->\t\t\t\t\t\t<\/div>\n\t\t\t\t<\/div>\n\t\t\t\t\t<\/div>\n\t\t<\/div>\n\t\t\t\t\t<\/div>\n\t\t<\/section>\n\t\t\t\t<section class=\"elementor-section elementor-top-section elementor-element elementor-element-c912e46 elementor-section-boxed elementor-section-height-default elementor-section-height-default\" data-id=\"c912e46\" data-element_type=\"section\">\n\t\t\t\t\t\t<div class=\"elementor-container elementor-column-gap-default\">\n\t\t\t\t\t<div class=\"elementor-column elementor-col-100 elementor-top-column elementor-element elementor-element-9843919\" data-id=\"9843919\" data-element_type=\"column\">\n\t\t\t<div class=\"elementor-widget-wrap elementor-element-populated\">\n\t\t\t\t\t\t<div class=\"elementor-element elementor-element-62401a6 elementor-widget elementor-widget-text-editor\" data-id=\"62401a6\" data-element_type=\"widget\" data-widget_type=\"text-editor.default\">\n\t\t\t\t<div class=\"elementor-widget-container\">\n\t\t\t\t\t\t\t<p>Neste tutorial, vamos explicar passo a passo a funcionalidade da ferramenta <b>Calend\u00e1rio de Defesas<\/b>.\u00a0 Lembramos que para utiliz\u00e1-la, voc\u00ea deve estar cadastrado como <b>Gestor do S\u00edtio<\/b>.<\/p>\n<p>O Calend\u00e1rio de Defesas foi criado para organizar as datas de avalia\u00e7\u00f5es finais dos cursos da UFSM, como por exemplo, trabalhos de conclus\u00e3o de curso, teses de mestrado e qualifica\u00e7\u00f5es de doutorado.<\/p>\n<p>Para a unifica\u00e7\u00e3o da informa\u00e7\u00e3o, todos os eventos cadastrados no Calend\u00e1rio de Defesas estar\u00e3o dispon\u00edveis para o p\u00fablico em uma \u00fanica p\u00e1gina:\u00a0<a href=\"https:\/\/www.ufsm.br\/calendario-de-defesas\">ufsm.br\/calendario-de-defesas<\/a>.<\/p>\t\t\t\t\t\t<\/div>\n\t\t\t\t<\/div>\n\t\t\t\t\t<\/div>\n\t\t<\/div>\n\t\t\t\t\t<\/div>\n\t\t<\/section>\n\t\t\t\t<section class=\"elementor-section elementor-top-section elementor-element elementor-element-10d3e4c elementor-section-boxed elementor-section-height-default elementor-section-height-default\" data-id=\"10d3e4c\" data-element_type=\"section\">\n\t\t\t\t\t\t<div class=\"elementor-container elementor-column-gap-default\">\n\t\t\t\t\t<div class=\"elementor-column elementor-col-100 elementor-top-column elementor-element elementor-element-00ea246\" data-id=\"00ea246\" data-element_type=\"column\">\n\t\t\t<div class=\"elementor-widget-wrap elementor-element-populated\">\n\t\t\t\t\t\t<div class=\"elementor-element elementor-element-1207520 elementor-widget-divider--view-line elementor-widget elementor-widget-divider\" data-id=\"1207520\" data-element_type=\"widget\" data-widget_type=\"divider.default\">\n\t\t\t\t<div class=\"elementor-widget-container\">\n\t\t\t\t\t<div class=\"elementor-divider\">\n\t\t\t<span class=\"elementor-divider-separator\">\n\t\t\t\t\t\t<\/span>\n\t\t<\/div>\n\t\t\t\t<\/div>\n\t\t\t\t<\/div>\n\t\t\t\t\t<\/div>\n\t\t<\/div>\n\t\t\t\t\t<\/div>\n\t\t<\/section>\n\t\t\t\t<section class=\"elementor-section elementor-top-section elementor-element elementor-element-aacbd50 elementor-section-boxed elementor-section-height-default elementor-section-height-default\" data-id=\"aacbd50\" data-element_type=\"section\">\n\t\t\t\t\t\t<div class=\"elementor-container elementor-column-gap-default\">\n\t\t\t\t\t<div class=\"elementor-column elementor-col-100 elementor-top-column elementor-element elementor-element-c5de031\" data-id=\"c5de031\" data-element_type=\"column\">\n\t\t\t<div class=\"elementor-widget-wrap elementor-element-populated\">\n\t\t\t\t\t\t<div class=\"elementor-element elementor-element-f3b9b93 elementor-widget elementor-widget-heading\" data-id=\"f3b9b93\" data-element_type=\"widget\" data-widget_type=\"heading.default\">\n\t\t\t\t<div class=\"elementor-widget-container\">\n\t\t\t<h6 class=\"elementor-heading-title elementor-size-default\">Passo a passo<\/h6>\t\t<\/div>\n\t\t\t\t<\/div>\n\t\t\t\t\t<\/div>\n\t\t<\/div>\n\t\t\t\t\t<\/div>\n\t\t<\/section>\n\t\t\t\t<section class=\"elementor-section elementor-top-section elementor-element elementor-element-689908b elementor-section-boxed elementor-section-height-default elementor-section-height-default\" data-id=\"689908b\" data-element_type=\"section\">\n\t\t\t\t\t\t<div class=\"elementor-container elementor-column-gap-default\">\n\t\t\t\t\t<div class=\"elementor-column elementor-col-100 elementor-top-column elementor-element elementor-element-dae4b77\" data-id=\"dae4b77\" data-element_type=\"column\">\n\t\t\t<div class=\"elementor-widget-wrap elementor-element-populated\">\n\t\t\t\t\t\t<div class=\"elementor-element elementor-element-2342dda elementor-widget elementor-widget-text-editor\" data-id=\"2342dda\" data-element_type=\"widget\" data-widget_type=\"text-editor.default\">\n\t\t\t\t<div class=\"elementor-widget-container\">\n\t\t\t\t\t\t\t<ol>\n<li>Primeiramente, localize a ferramenta <strong>Calend\u00e1rio de Defesas <\/strong>no painel administrativo. \u00a0<\/li>\n<\/ol>\t\t\t\t\t\t<\/div>\n\t\t\t\t<\/div>\n\t\t\t\t<div class=\"elementor-element elementor-element-1b07f21 elementor-widget elementor-widget-image\" data-id=\"1b07f21\" data-element_type=\"widget\" data-widget_type=\"image.default\">\n\t\t\t\t<div class=\"elementor-widget-container\">\n\t\t\t\t\t\t\t\t\t\t<figure class=\"wp-caption\">\n\t\t\t\t\t\t\t\t\t\t\t<a href=\"https:\/\/www.ufsm.br\/app\/uploads\/sites\/415\/2021\/03\/1.png\" data-elementor-open-lightbox=\"yes\" data-elementor-lightbox-title=\"Calend\u00e1rio de Defesas e op\u00e7\u00f5es conforme exibidos no menu  do painel administrativo\" data-e-action-hash=\"#elementor-action%3Aaction%3Dlightbox%26settings%3DeyJpZCI6IjgzMiIsInVybCI6Imh0dHBzOlwvXC93d3cudWZzbS5iclwvYXBwXC91cGxvYWRzXC9zaXRlc1wvNDE1XC8yMDIxXC8wM1wvMS5wbmcifQ%3D%3D\">\n\t\t\t\t\t\t\t<img fetchpriority=\"high\" decoding=\"async\" width=\"203\" height=\"463\" src=\"https:\/\/www.ufsm.br\/app\/uploads\/sites\/415\/2021\/03\/1.png\" class=\"attachment-medium_large size-medium_large wp-image-832\" alt=\"\" srcset=\"https:\/\/www.ufsm.br\/app\/uploads\/sites\/415\/2021\/03\/1.png 203w, https:\/\/www.ufsm.br\/app\/uploads\/sites\/415\/2021\/03\/1-132x300.png 132w\" sizes=\"(max-width: 203px) 100vw, 203px\" \/>\t\t\t\t\t\t\t\t<\/a>\n\t\t\t\t\t\t\t\t\t\t\t<figcaption class=\"widget-image-caption wp-caption-text\"><\/figcaption>\n\t\t\t\t\t\t\t\t\t\t<\/figure>\n\t\t\t\t\t\t\t<\/div>\n\t\t\t\t<\/div>\n\t\t\t\t\t<\/div>\n\t\t<\/div>\n\t\t\t\t\t<\/div>\n\t\t<\/section>\n\t\t\t\t<section class=\"elementor-section elementor-top-section elementor-element elementor-element-8eb2a12 elementor-section-boxed elementor-section-height-default elementor-section-height-default\" data-id=\"8eb2a12\" data-element_type=\"section\">\n\t\t\t\t\t\t<div class=\"elementor-container elementor-column-gap-default\">\n\t\t\t\t\t<div class=\"elementor-column elementor-col-100 elementor-top-column elementor-element elementor-element-b365b04\" data-id=\"b365b04\" data-element_type=\"column\">\n\t\t\t<div class=\"elementor-widget-wrap elementor-element-populated\">\n\t\t\t\t\t\t<div class=\"elementor-element elementor-element-c93d99e elementor-widget elementor-widget-text-editor\" data-id=\"c93d99e\" data-element_type=\"widget\" data-widget_type=\"text-editor.default\">\n\t\t\t\t<div class=\"elementor-widget-container\">\n\t\t\t\t\t\t\t<p>2. Ali, voc\u00ea encontrar\u00e1 duas op\u00e7\u00f5es: <strong>Listar todos<\/strong> e <strong>Novo<\/strong>:<\/p>\n<p style=\"padding-left: 40px\">Em <strong>Listar todos<\/strong> ser\u00e1 exibido todas as defesas, tanto as passadas, quanto as futuras. Por\u00e9m, lembre-se que na p\u00e1gina do curso ser\u00e1 exibida apenas as defesas futuras.<\/p>\n<p style=\"padding-left: 40px\">Em <strong>Novo<\/strong>, podemos adicionar novas defesas, basta inserir as informa\u00e7\u00f5es no formul\u00e1rio a seguir e ir em<strong> Publicar<\/strong>:&nbsp;<\/p>\n<p style=\"padding-left: 40px\">Atentando que todos os s\u00e3o informa\u00e7\u00f5es <strong>obrigat\u00f3rias <\/strong>para o cadastramento do evento no calend\u00e1rio de defesas.<\/p>\t\t\t\t\t\t<\/div>\n\t\t\t\t<\/div>\n\t\t\t\t\t<\/div>\n\t\t<\/div>\n\t\t\t\t\t<\/div>\n\t\t<\/section>\n\t\t\t\t<section class=\"elementor-section elementor-top-section elementor-element elementor-element-ec403b7 elementor-section-boxed elementor-section-height-default elementor-section-height-default\" data-id=\"ec403b7\" data-element_type=\"section\">\n\t\t\t\t\t\t<div class=\"elementor-container elementor-column-gap-default\">\n\t\t\t\t\t<div class=\"elementor-column elementor-col-100 elementor-top-column elementor-element elementor-element-999306c\" data-id=\"999306c\" data-element_type=\"column\">\n\t\t\t<div class=\"elementor-widget-wrap elementor-element-populated\">\n\t\t\t\t\t\t<div class=\"elementor-element elementor-element-db72055 elementor-widget elementor-widget-image\" data-id=\"db72055\" data-element_type=\"widget\" data-widget_type=\"image.default\">\n\t\t\t\t<div class=\"elementor-widget-container\">\n\t\t\t\t\t\t\t\t\t\t<figure class=\"wp-caption\">\n\t\t\t\t\t\t\t\t\t\t\t<a href=\"https:\/\/www.ufsm.br\/app\/uploads\/sites\/415\/2021\/03\/2.png\" data-elementor-open-lightbox=\"yes\" data-elementor-lightbox-title=\"2\" data-e-action-hash=\"#elementor-action%3Aaction%3Dlightbox%26settings%3DeyJpZCI6IjgzMyIsInVybCI6Imh0dHBzOlwvXC93d3cudWZzbS5iclwvYXBwXC91cGxvYWRzXC9zaXRlc1wvNDE1XC8yMDIxXC8wM1wvMi5wbmcifQ%3D%3D\">\n\t\t\t\t\t\t\t<img decoding=\"async\" width=\"768\" height=\"268\" src=\"https:\/\/www.ufsm.br\/app\/uploads\/sites\/415\/2021\/03\/2-768x268.png\" class=\"attachment-medium_large size-medium_large wp-image-833\" alt=\"\" srcset=\"https:\/\/www.ufsm.br\/app\/uploads\/sites\/415\/2021\/03\/2-768x268.png 768w, https:\/\/www.ufsm.br\/app\/uploads\/sites\/415\/2021\/03\/2-300x105.png 300w, https:\/\/www.ufsm.br\/app\/uploads\/sites\/415\/2021\/03\/2-1024x357.png 1024w, https:\/\/www.ufsm.br\/app\/uploads\/sites\/415\/2021\/03\/2.png 1176w\" sizes=\"(max-width: 768px) 100vw, 768px\" \/>\t\t\t\t\t\t\t\t<\/a>\n\t\t\t\t\t\t\t\t\t\t\t<figcaption class=\"widget-image-caption wp-caption-text\"><\/figcaption>\n\t\t\t\t\t\t\t\t\t\t<\/figure>\n\t\t\t\t\t\t\t<\/div>\n\t\t\t\t<\/div>\n\t\t\t\t\t<\/div>\n\t\t<\/div>\n\t\t\t\t\t<\/div>\n\t\t<\/section>\n\t\t\t\t<section class=\"elementor-section elementor-top-section elementor-element elementor-element-ca3ffac elementor-section-boxed elementor-section-height-default elementor-section-height-default\" data-id=\"ca3ffac\" data-element_type=\"section\">\n\t\t\t\t\t\t<div class=\"elementor-container elementor-column-gap-default\">\n\t\t\t\t\t<div class=\"elementor-column elementor-col-100 elementor-top-column elementor-element elementor-element-5582333\" data-id=\"5582333\" data-element_type=\"column\">\n\t\t\t<div class=\"elementor-widget-wrap elementor-element-populated\">\n\t\t\t\t\t\t<div class=\"elementor-element elementor-element-ae94f86 elementor-widget elementor-widget-text-editor\" data-id=\"ae94f86\" data-element_type=\"widget\" data-widget_type=\"text-editor.default\">\n\t\t\t\t<div class=\"elementor-widget-container\">\n\t\t\t\t\t\t\t<p>\u00a0 \u00a0 3. Caso o formul\u00e1rio n\u00e3o seja exibido ao ir em <strong>nova defesa, <\/strong>basta ir na seta demostrada pela imagem e o formul\u00e1rio ser\u00e1 exibido automaticamente.<\/p>\t\t\t\t\t\t<\/div>\n\t\t\t\t<\/div>\n\t\t\t\t\t<\/div>\n\t\t<\/div>\n\t\t\t\t\t<\/div>\n\t\t<\/section>\n\t\t\t\t<section class=\"elementor-section elementor-top-section elementor-element elementor-element-e568514 elementor-section-boxed elementor-section-height-default elementor-section-height-default\" data-id=\"e568514\" data-element_type=\"section\">\n\t\t\t\t\t\t<div class=\"elementor-container elementor-column-gap-default\">\n\t\t\t\t\t<div class=\"elementor-column elementor-col-100 elementor-top-column elementor-element elementor-element-93a1484\" data-id=\"93a1484\" data-element_type=\"column\">\n\t\t\t<div class=\"elementor-widget-wrap elementor-element-populated\">\n\t\t\t\t\t\t<div class=\"elementor-element elementor-element-29bed6b elementor-widget elementor-widget-image\" data-id=\"29bed6b\" data-element_type=\"widget\" data-widget_type=\"image.default\">\n\t\t\t\t<div class=\"elementor-widget-container\">\n\t\t\t\t\t\t\t\t\t\t<figure class=\"wp-caption\">\n\t\t\t\t\t\t\t\t\t\t\t<a href=\"https:\/\/www.ufsm.br\/app\/uploads\/sites\/415\/2021\/03\/4.png\" data-elementor-open-lightbox=\"yes\" data-elementor-lightbox-title=\"4\" data-e-action-hash=\"#elementor-action%3Aaction%3Dlightbox%26settings%3DeyJpZCI6IjgzNiIsInVybCI6Imh0dHBzOlwvXC93d3cudWZzbS5iclwvYXBwXC91cGxvYWRzXC9zaXRlc1wvNDE1XC8yMDIxXC8wM1wvNC5wbmcifQ%3D%3D\">\n\t\t\t\t\t\t\t<img decoding=\"async\" width=\"768\" height=\"214\" src=\"https:\/\/www.ufsm.br\/app\/uploads\/sites\/415\/2021\/03\/4-768x214.png\" class=\"attachment-medium_large size-medium_large wp-image-836\" alt=\"\" srcset=\"https:\/\/www.ufsm.br\/app\/uploads\/sites\/415\/2021\/03\/4-768x214.png 768w, https:\/\/www.ufsm.br\/app\/uploads\/sites\/415\/2021\/03\/4-300x83.png 300w, https:\/\/www.ufsm.br\/app\/uploads\/sites\/415\/2021\/03\/4-1024x285.png 1024w, https:\/\/www.ufsm.br\/app\/uploads\/sites\/415\/2021\/03\/4.png 1161w\" sizes=\"(max-width: 768px) 100vw, 768px\" \/>\t\t\t\t\t\t\t\t<\/a>\n\t\t\t\t\t\t\t\t\t\t\t<figcaption class=\"widget-image-caption wp-caption-text\"><\/figcaption>\n\t\t\t\t\t\t\t\t\t\t<\/figure>\n\t\t\t\t\t\t\t<\/div>\n\t\t\t\t<\/div>\n\t\t\t\t\t<\/div>\n\t\t<\/div>\n\t\t\t\t\t<\/div>\n\t\t<\/section>\n\t\t\t\t<section class=\"elementor-section elementor-top-section elementor-element elementor-element-2a58e6d elementor-section-boxed elementor-section-height-default elementor-section-height-default\" data-id=\"2a58e6d\" data-element_type=\"section\">\n\t\t\t\t\t\t<div class=\"elementor-container elementor-column-gap-default\">\n\t\t\t\t\t<div class=\"elementor-column elementor-col-100 elementor-top-column elementor-element elementor-element-bb13455\" data-id=\"bb13455\" data-element_type=\"column\">\n\t\t\t<div class=\"elementor-widget-wrap elementor-element-populated\">\n\t\t\t\t\t\t<div class=\"elementor-element elementor-element-9531480 elementor-widget elementor-widget-text-editor\" data-id=\"9531480\" data-element_type=\"widget\" data-widget_type=\"text-editor.default\">\n\t\t\t\t<div class=\"elementor-widget-container\">\n\t\t\t\t\t\t\t<p>4. Logo ap\u00f3s a publica\u00e7\u00e3o, a defesa ser\u00e1 exibida no site principal em: <a href=\"https:\/\/www.ufsm.br\/calendario-de-defesas\">ufsm.br\/calendario-de-defesas<\/a>\u00a0<\/p>\n<p>Lembramos que o calend\u00e1rio de defesas tamb\u00e9m pode ser apresentado nas utilidades da p\u00e1gina inicial dos cursos.<\/p>\t\t\t\t\t\t<\/div>\n\t\t\t\t<\/div>\n\t\t\t\t\t<\/div>\n\t\t<\/div>\n\t\t\t\t\t<\/div>\n\t\t<\/section>\n\t\t\t\t<section class=\"elementor-section elementor-top-section elementor-element elementor-element-5cfcc6e elementor-section-boxed elementor-section-height-default elementor-section-height-default\" data-id=\"5cfcc6e\" data-element_type=\"section\">\n\t\t\t\t\t\t<div class=\"elementor-container elementor-column-gap-default\">\n\t\t\t\t\t<div class=\"elementor-column elementor-col-100 elementor-top-column elementor-element elementor-element-ab3b392\" data-id=\"ab3b392\" data-element_type=\"column\">\n\t\t\t<div class=\"elementor-widget-wrap elementor-element-populated\">\n\t\t\t\t\t\t<div class=\"elementor-element elementor-element-45e8596 elementor-widget elementor-widget-image\" data-id=\"45e8596\" data-element_type=\"widget\" data-widget_type=\"image.default\">\n\t\t\t\t<div class=\"elementor-widget-container\">\n\t\t\t\t\t\t\t\t\t\t<figure class=\"wp-caption\">\n\t\t\t\t\t\t\t\t\t\t\t<a href=\"https:\/\/www.ufsm.br\/app\/uploads\/sites\/415\/2021\/03\/5.png\" data-elementor-open-lightbox=\"yes\" data-elementor-lightbox-title=\"5\" data-e-action-hash=\"#elementor-action%3Aaction%3Dlightbox%26settings%3DeyJpZCI6IjgzNSIsInVybCI6Imh0dHBzOlwvXC93d3cudWZzbS5iclwvYXBwXC91cGxvYWRzXC9zaXRlc1wvNDE1XC8yMDIxXC8wM1wvNS5wbmcifQ%3D%3D\">\n\t\t\t\t\t\t\t<img loading=\"lazy\" decoding=\"async\" width=\"768\" height=\"234\" src=\"https:\/\/www.ufsm.br\/app\/uploads\/sites\/415\/2021\/03\/5-768x234.png\" class=\"attachment-medium_large size-medium_large wp-image-835\" alt=\"\" srcset=\"https:\/\/www.ufsm.br\/app\/uploads\/sites\/415\/2021\/03\/5-768x234.png 768w, https:\/\/www.ufsm.br\/app\/uploads\/sites\/415\/2021\/03\/5-300x91.png 300w, https:\/\/www.ufsm.br\/app\/uploads\/sites\/415\/2021\/03\/5-1024x311.png 1024w, https:\/\/www.ufsm.br\/app\/uploads\/sites\/415\/2021\/03\/5.png 1161w\" sizes=\"(max-width: 768px) 100vw, 768px\" \/>\t\t\t\t\t\t\t\t<\/a>\n\t\t\t\t\t\t\t\t\t\t\t<figcaption class=\"widget-image-caption wp-caption-text\"><\/figcaption>\n\t\t\t\t\t\t\t\t\t\t<\/figure>\n\t\t\t\t\t\t\t<\/div>\n\t\t\t\t<\/div>\n\t\t\t\t\t<\/div>\n\t\t<\/div>\n\t\t\t\t\t<\/div>\n\t\t<\/section>\n\t\t\t\t<section class=\"elementor-section elementor-top-section elementor-element elementor-element-9802539 elementor-section-boxed elementor-section-height-default elementor-section-height-default\" data-id=\"9802539\" data-element_type=\"section\">\n\t\t\t\t\t\t<div class=\"elementor-container elementor-column-gap-default\">\n\t\t\t\t\t<div class=\"elementor-column elementor-col-100 elementor-top-column elementor-element elementor-element-3a1ffdf\" data-id=\"3a1ffdf\" data-element_type=\"column\">\n\t\t\t<div class=\"elementor-widget-wrap elementor-element-populated\">\n\t\t\t\t\t\t<div class=\"elementor-element elementor-element-25fb2bc elementor-widget elementor-widget-text-editor\" data-id=\"25fb2bc\" data-element_type=\"widget\" data-widget_type=\"text-editor.default\">\n\t\t\t\t<div class=\"elementor-widget-container\">\n\t\t\t\t\t\t\t<p><span style=\"font-weight: 400\">Ao final da p\u00e1gina, \u00e9 exibido a op\u00e7\u00e3o de listar todas as defesas (incluindo as antigas), basta ir em <\/span><b>VER TODAS AS DEFESAS.<\/b><\/p>\t\t\t\t\t\t<\/div>\n\t\t\t\t<\/div>\n\t\t\t\t\t<\/div>\n\t\t<\/div>\n\t\t\t\t\t<\/div>\n\t\t<\/section>\n\t\t\t\t<section class=\"elementor-section elementor-top-section elementor-element elementor-element-6fd13fa elementor-section-boxed elementor-section-height-default elementor-section-height-default\" data-id=\"6fd13fa\" data-element_type=\"section\">\n\t\t\t\t\t\t<div class=\"elementor-container elementor-column-gap-default\">\n\t\t\t\t\t<div class=\"elementor-column elementor-col-100 elementor-top-column elementor-element elementor-element-40c91c3\" data-id=\"40c91c3\" data-element_type=\"column\">\n\t\t\t<div class=\"elementor-widget-wrap elementor-element-populated\">\n\t\t\t\t\t\t<div class=\"elementor-element elementor-element-5e148ce elementor-widget elementor-widget-image\" data-id=\"5e148ce\" data-element_type=\"widget\" data-widget_type=\"image.default\">\n\t\t\t\t<div class=\"elementor-widget-container\">\n\t\t\t\t\t\t\t\t\t\t<figure class=\"wp-caption\">\n\t\t\t\t\t\t\t\t\t\t\t<a href=\"https:\/\/www.ufsm.br\/app\/uploads\/sites\/415\/2021\/03\/6-1.png\" data-elementor-open-lightbox=\"yes\" data-elementor-lightbox-title=\"6\" data-e-action-hash=\"#elementor-action%3Aaction%3Dlightbox%26settings%3DeyJpZCI6IjgzNyIsInVybCI6Imh0dHBzOlwvXC93d3cudWZzbS5iclwvYXBwXC91cGxvYWRzXC9zaXRlc1wvNDE1XC8yMDIxXC8wM1wvNi0xLWUxNjE2MDcyNzUwNzMyLnBuZyJ9\">\n\t\t\t\t\t\t\t<img loading=\"lazy\" decoding=\"async\" width=\"595\" height=\"246\" src=\"https:\/\/www.ufsm.br\/app\/uploads\/sites\/415\/2021\/03\/6-1-e1616072750732.png\" class=\"attachment-medium_large size-medium_large wp-image-837\" alt=\"\" srcset=\"https:\/\/www.ufsm.br\/app\/uploads\/sites\/415\/2021\/03\/6-1-e1616072750732.png 595w, https:\/\/www.ufsm.br\/app\/uploads\/sites\/415\/2021\/03\/6-1-e1616072750732-300x124.png 300w\" sizes=\"(max-width: 595px) 100vw, 595px\" \/>\t\t\t\t\t\t\t\t<\/a>\n\t\t\t\t\t\t\t\t\t\t\t<figcaption class=\"widget-image-caption wp-caption-text\"><\/figcaption>\n\t\t\t\t\t\t\t\t\t\t<\/figure>\n\t\t\t\t\t\t\t<\/div>\n\t\t\t\t<\/div>\n\t\t\t\t\t<\/div>\n\t\t<\/div>\n\t\t\t\t\t<\/div>\n\t\t<\/section>\n\t\t\t\t<section class=\"elementor-section elementor-top-section elementor-element elementor-element-396c926 elementor-section-boxed elementor-section-height-default elementor-section-height-default\" data-id=\"396c926\" data-element_type=\"section\">\n\t\t\t\t\t\t<div class=\"elementor-container elementor-column-gap-default\">\n\t\t\t\t\t<div class=\"elementor-column elementor-col-100 elementor-top-column elementor-element elementor-element-5f4dc4d\" data-id=\"5f4dc4d\" data-element_type=\"column\">\n\t\t\t<div class=\"elementor-widget-wrap elementor-element-populated\">\n\t\t\t\t\t\t<div class=\"elementor-element elementor-element-52ccec6 elementor-widget elementor-widget-text-editor\" data-id=\"52ccec6\" data-element_type=\"widget\" data-widget_type=\"text-editor.default\">\n\t\t\t\t<div class=\"elementor-widget-container\">\n\t\t\t\t\t\t\t<p>Voc\u00ea ser\u00e1 redirecionado para a nossa\u00a0<a href=\"https:\/\/www.ufsm.br\/orgaos-suplementares\/cpd\/sitios\/busca-nos-sitios\/\" target=\"_blank\" rel=\"noopener\">Busca<\/a>, onde poder\u00e1 verificar os itens do calend\u00e1rio e inclusive filtrar por quais cursos deseja exibir.<\/p>\t\t\t\t\t\t<\/div>\n\t\t\t\t<\/div>\n\t\t\t\t\t<\/div>\n\t\t<\/div>\n\t\t\t\t\t<\/div>\n\t\t<\/section>\n\t\t\t\t<section class=\"elementor-section elementor-top-section elementor-element elementor-element-70cb7ef elementor-section-boxed elementor-section-height-default elementor-section-height-default\" data-id=\"70cb7ef\" data-element_type=\"section\">\n\t\t\t\t\t\t<div class=\"elementor-container elementor-column-gap-default\">\n\t\t\t\t\t<div class=\"elementor-column elementor-col-100 elementor-top-column elementor-element elementor-element-3f67163\" data-id=\"3f67163\" data-element_type=\"column\">\n\t\t\t<div class=\"elementor-widget-wrap elementor-element-populated\">\n\t\t\t\t\t\t<div class=\"elementor-element elementor-element-04ed6e9 elementor-widget elementor-widget-image\" data-id=\"04ed6e9\" data-element_type=\"widget\" data-widget_type=\"image.default\">\n\t\t\t\t<div class=\"elementor-widget-container\">\n\t\t\t\t\t\t\t\t\t\t<figure class=\"wp-caption\">\n\t\t\t\t\t\t\t\t\t\t\t<a href=\"https:\/\/www.ufsm.br\/app\/uploads\/sites\/415\/2021\/03\/defesas-listadas-na-busca.png\" data-elementor-open-lightbox=\"yes\" data-elementor-lightbox-title=\"Defesas listadas na Busca Geral\" data-e-action-hash=\"#elementor-action%3Aaction%3Dlightbox%26settings%3DeyJpZCI6IjgzOCIsInVybCI6Imh0dHBzOlwvXC93d3cudWZzbS5iclwvYXBwXC91cGxvYWRzXC9zaXRlc1wvNDE1XC8yMDIxXC8wM1wvZGVmZXNhcy1saXN0YWRhcy1uYS1idXNjYS5wbmcifQ%3D%3D\">\n\t\t\t\t\t\t\t<img loading=\"lazy\" decoding=\"async\" width=\"1024\" height=\"820\" src=\"https:\/\/www.ufsm.br\/app\/uploads\/sites\/415\/2021\/03\/defesas-listadas-na-busca-1024x820.png\" class=\"attachment-large size-large wp-image-838\" alt=\"\" srcset=\"https:\/\/www.ufsm.br\/app\/uploads\/sites\/415\/2021\/03\/defesas-listadas-na-busca-1024x820.png 1024w, https:\/\/www.ufsm.br\/app\/uploads\/sites\/415\/2021\/03\/defesas-listadas-na-busca-300x240.png 300w, https:\/\/www.ufsm.br\/app\/uploads\/sites\/415\/2021\/03\/defesas-listadas-na-busca-768x615.png 768w, https:\/\/www.ufsm.br\/app\/uploads\/sites\/415\/2021\/03\/defesas-listadas-na-busca.png 1187w\" sizes=\"(max-width: 1024px) 100vw, 1024px\" \/>\t\t\t\t\t\t\t\t<\/a>\n\t\t\t\t\t\t\t\t\t\t\t<figcaption class=\"widget-image-caption wp-caption-text\">Defesas listadas na Busca Geral<\/figcaption>\n\t\t\t\t\t\t\t\t\t\t<\/figure>\n\t\t\t\t\t\t\t<\/div>\n\t\t\t\t<\/div>\n\t\t\t\t\t<\/div>\n\t\t<\/div>\n\t\t\t\t\t<\/div>\n\t\t<\/section>\n\t\t\t\t<\/div>\n\t\t","protected":false},"excerpt":{"rendered":"<p>Neste tutorial, vamos explicar passo a passo a funcionalidade da ferramenta Calend\u00e1rio de Defesas.\u00a0 Lembramos que para utiliz\u00e1-la, voc\u00ea deve estar cadastrado como Gestor do S\u00edtio. O Calend\u00e1rio de Defesas foi criado para organizar as datas de avalia\u00e7\u00f5es finais dos cursos da UFSM, como por exemplo, trabalhos de conclus\u00e3o de curso, teses de mestrado e [&hellip;]<\/p>\n","protected":false},"author":2223,"featured_media":0,"parent":0,"menu_order":0,"comment_status":"closed","ping_status":"closed","template":"","meta":{"footnotes":""},"categories":[17],"tags":[28,27,29],"class_list":["post-831","page","type-page","status-publish","hentry","category-tutoriais","tag-calendario","tag-calendario-de-defesas","tag-defesas"],"acf":[],"_links":{"self":[{"href":"https:\/\/www.ufsm.br\/orgaos-suplementares\/cpd\/sitios\/wp-json\/wp\/v2\/pages\/831","targetHints":{"allow":["GET"]}}],"collection":[{"href":"https:\/\/www.ufsm.br\/orgaos-suplementares\/cpd\/sitios\/wp-json\/wp\/v2\/pages"}],"about":[{"href":"https:\/\/www.ufsm.br\/orgaos-suplementares\/cpd\/sitios\/wp-json\/wp\/v2\/types\/page"}],"author":[{"embeddable":true,"href":"https:\/\/www.ufsm.br\/orgaos-suplementares\/cpd\/sitios\/wp-json\/wp\/v2\/users\/2223"}],"replies":[{"embeddable":true,"href":"https:\/\/www.ufsm.br\/orgaos-suplementares\/cpd\/sitios\/wp-json\/wp\/v2\/comments?post=831"}],"version-history":[{"count":0,"href":"https:\/\/www.ufsm.br\/orgaos-suplementares\/cpd\/sitios\/wp-json\/wp\/v2\/pages\/831\/revisions"}],"wp:attachment":[{"href":"https:\/\/www.ufsm.br\/orgaos-suplementares\/cpd\/sitios\/wp-json\/wp\/v2\/media?parent=831"}],"wp:term":[{"taxonomy":"category","embeddable":true,"href":"https:\/\/www.ufsm.br\/orgaos-suplementares\/cpd\/sitios\/wp-json\/wp\/v2\/categories?post=831"},{"taxonomy":"post_tag","embeddable":true,"href":"https:\/\/www.ufsm.br\/orgaos-suplementares\/cpd\/sitios\/wp-json\/wp\/v2\/tags?post=831"}],"curies":[{"name":"wp","href":"https:\/\/api.w.org\/{rel}","templated":true}]}}