{"id":974,"date":"2021-11-23T15:35:08","date_gmt":"2021-11-23T18:35:08","guid":{"rendered":"https:\/\/www.ufsm.br\/orgaos-suplementares\/cpd\/sitios\/?page_id=974"},"modified":"2021-11-25T11:34:10","modified_gmt":"2021-11-25T14:34:10","slug":"sobrescrevendo-paginas-automaticas","status":"publish","type":"page","link":"https:\/\/www.ufsm.br\/orgaos-suplementares\/cpd\/sitios\/sobrescrevendo-paginas-automaticas","title":{"rendered":"Sobrescrevendo p\u00e1ginas autom\u00e1ticas"},"content":{"rendered":"\n<p>Alguns s\u00edtios institucionais da UFSM apresentam p\u00e1ginas geradas automaticamente, com conte\u00fados que variam de relat\u00f3rios com informa\u00e7\u00f5es obtidas diretamente do <a href=\"https:\/\/www.ufsm.br\/orgaos-suplementares\/cpd\/servicos\/sie\/\" target=\"_blank\" rel=\"noopener\">SIE (Sistemas de Informa\u00e7\u00f5es para o Ensino)<\/a>, e por vezes de outros sistemas da institui\u00e7\u00e3o, at\u00e9 p\u00e1ginas cujo prop\u00f3sito e chamar aten\u00e7\u00e3o para algum recurso n\u00e3o configurado.&nbsp;<\/p>\n<p><br>Quando for poss\u00edvel sobrescrever o conte\u00fado destas p\u00e1ginas, uma se\u00e7\u00e3o notificando o usu\u00e1rio desta possibilidade ser\u00e1 apresentada logo acima do conte\u00fado gerado, como pode ser visto na imagem a seguir.<\/p>\n\n\n\n<div class=\"wp-block-image\"><figure class=\"aligncenter size-full\"><img fetchpriority=\"high\" decoding=\"async\" width=\"1197\" height=\"92\" src=\"https:\/\/www.ufsm.br\/app\/uploads\/sites\/415\/2021\/11\/ufsm-override-section.png\" alt=\"\" class=\"wp-image-975\" srcset=\"https:\/\/www.ufsm.br\/app\/uploads\/sites\/415\/2021\/11\/ufsm-override-section.png 1197w, https:\/\/www.ufsm.br\/app\/uploads\/sites\/415\/2021\/11\/ufsm-override-section-300x23.png 300w, https:\/\/www.ufsm.br\/app\/uploads\/sites\/415\/2021\/11\/ufsm-override-section-1024x79.png 1024w, https:\/\/www.ufsm.br\/app\/uploads\/sites\/415\/2021\/11\/ufsm-override-section-768x59.png 768w\" sizes=\"(max-width: 1197px) 100vw, 1197px\" \/><figcaption>Se\u00e7\u00e3o que informa da possibilidade de sobrescrever o conte\u00fado.<\/figcaption><\/figure><\/div>\n\n\n\n<p>Para sobrescrever o conte\u00fado, bastar\u00e1 clicar no bot\u00e3o &#8220;<strong>Sobrescrever conte\u00fado<\/strong>&#8220;, e um aviso ser\u00e1 exibido para confirmar a opera\u00e7\u00e3o. Na imagem a seguir o exemplo do aviso que \u00e9 exibido ao sobrescrever o conte\u00fado gerado a partir de dados do SIE.<\/p>\n\n\n\n<div class=\"wp-block-image is-style-default\"><figure class=\"aligncenter size-full\"><img decoding=\"async\" width=\"507\" height=\"382\" src=\"https:\/\/www.ufsm.br\/app\/uploads\/sites\/415\/2021\/11\/ufsm-override-section-dialog.png\" alt=\"\" class=\"wp-image-976\" srcset=\"https:\/\/www.ufsm.br\/app\/uploads\/sites\/415\/2021\/11\/ufsm-override-section-dialog.png 507w, https:\/\/www.ufsm.br\/app\/uploads\/sites\/415\/2021\/11\/ufsm-override-section-dialog-300x226.png 300w\" sizes=\"(max-width: 507px) 100vw, 507px\" \/><figcaption>Aviso com observa\u00e7\u00f5es e op\u00e7\u00f5es relacionadas \u00e0 opera\u00e7\u00e3o.<\/figcaption><\/figure><\/div>\n\n\n\n<p>Caso n\u00e3o deseje criar a p\u00e1gina neste momento, basta selecionar a op\u00e7\u00e3o &#8220;<strong>Cancelar<\/strong>&#8220;. J\u00e1 para prosseguir com a opera\u00e7\u00e3o basta selecionar a op\u00e7\u00e3o &#8220;<strong>Sobrescrever conte\u00fado<\/strong>&#8221; e ser redirecionado para a p\u00e1gina de edi\u00e7\u00e3o da nova p\u00e1gina. Abaixo a tela ap\u00f3s selecionar para sobrescrever o conte\u00fado da p\u00e1gina <strong>Sobre<\/strong>, com o t\u00edtulo e&nbsp;<em>slug<\/em> j\u00e1 definidos.<\/p>\n\n\n\n<div class=\"wp-block-image is-style-default\"><figure class=\"aligncenter size-full\"><img decoding=\"async\" width=\"888\" height=\"596\" src=\"https:\/\/www.ufsm.br\/app\/uploads\/sites\/415\/2021\/11\/ufsm-override-edit.png\" alt=\"\" class=\"wp-image-977\" srcset=\"https:\/\/www.ufsm.br\/app\/uploads\/sites\/415\/2021\/11\/ufsm-override-edit.png 888w, https:\/\/www.ufsm.br\/app\/uploads\/sites\/415\/2021\/11\/ufsm-override-edit-300x201.png 300w, https:\/\/www.ufsm.br\/app\/uploads\/sites\/415\/2021\/11\/ufsm-override-edit-768x515.png 768w, https:\/\/www.ufsm.br\/app\/uploads\/sites\/415\/2021\/11\/ufsm-override-edit-272x182.png 272w\" sizes=\"(max-width: 888px) 100vw, 888px\" \/><figcaption>Edi\u00e7\u00e3o da p\u00e1gina <strong>Sobre<\/strong> com t\u00edtulo e Slug do URL preenchidos.<\/figcaption><\/figure><\/div>\n\n\n\n<p>Quando desejar exibir a p\u00e1gina autom\u00e1tica novamente, basta excluir a p\u00e1gina gerada ao clicar no bot\u00e3o\u00a0<strong>Mover para a lixeira<\/strong>.<\/p>\n","protected":false},"excerpt":{"rendered":"<p>Alguns s\u00edtios institucionais da UFSM apresentam p\u00e1ginas geradas automaticamente, com conte\u00fados que variam de relat\u00f3rios com informa\u00e7\u00f5es obtidas diretamente do SIE (Sistemas de Informa\u00e7\u00f5es para o Ensino), e por vezes de outros sistemas da institui\u00e7\u00e3o, at\u00e9 p\u00e1ginas cujo prop\u00f3sito e chamar aten\u00e7\u00e3o para algum recurso n\u00e3o configurado.&nbsp; Quando for poss\u00edvel sobrescrever o conte\u00fado destas p\u00e1ginas, [&hellip;]<\/p>\n","protected":false},"author":30,"featured_media":0,"parent":0,"menu_order":0,"comment_status":"closed","ping_status":"closed","template":"","meta":{"footnotes":""},"categories":[],"tags":[72,44,83],"class_list":["post-974","page","type-page","status-publish","hentry","tag-cursos","tag-paginas","tag-sie"],"acf":[],"_links":{"self":[{"href":"https:\/\/www.ufsm.br\/orgaos-suplementares\/cpd\/sitios\/wp-json\/wp\/v2\/pages\/974","targetHints":{"allow":["GET"]}}],"collection":[{"href":"https:\/\/www.ufsm.br\/orgaos-suplementares\/cpd\/sitios\/wp-json\/wp\/v2\/pages"}],"about":[{"href":"https:\/\/www.ufsm.br\/orgaos-suplementares\/cpd\/sitios\/wp-json\/wp\/v2\/types\/page"}],"author":[{"embeddable":true,"href":"https:\/\/www.ufsm.br\/orgaos-suplementares\/cpd\/sitios\/wp-json\/wp\/v2\/users\/30"}],"replies":[{"embeddable":true,"href":"https:\/\/www.ufsm.br\/orgaos-suplementares\/cpd\/sitios\/wp-json\/wp\/v2\/comments?post=974"}],"version-history":[{"count":0,"href":"https:\/\/www.ufsm.br\/orgaos-suplementares\/cpd\/sitios\/wp-json\/wp\/v2\/pages\/974\/revisions"}],"wp:attachment":[{"href":"https:\/\/www.ufsm.br\/orgaos-suplementares\/cpd\/sitios\/wp-json\/wp\/v2\/media?parent=974"}],"wp:term":[{"taxonomy":"category","embeddable":true,"href":"https:\/\/www.ufsm.br\/orgaos-suplementares\/cpd\/sitios\/wp-json\/wp\/v2\/categories?post=974"},{"taxonomy":"post_tag","embeddable":true,"href":"https:\/\/www.ufsm.br\/orgaos-suplementares\/cpd\/sitios\/wp-json\/wp\/v2\/tags?post=974"}],"curies":[{"name":"wp","href":"https:\/\/api.w.org\/{rel}","templated":true}]}}